{"id":7105,"date":"2023-03-06T14:22:01","date_gmt":"2023-03-06T13:22:01","guid":{"rendered":"https:\/\/solar-motors.com\/product\/junction-box-j-box-set-2-1309-jboxset2-tc\/"},"modified":"2023-04-19T11:58:07","modified_gmt":"2023-04-19T09:58:07","slug":"junction-box-j-box-set-2-1309-jboxset2-tc","status":"publish","type":"product","link":"https:\/\/solar-motors.com\/de\/produkt\/junction-box-j-box-set-2-1309-jboxset2-tc\/","title":{"rendered":"Junction Box (J-box) Set 2 \/ 1309 \/ JBOXSET2-TC"},"content":{"rendered":"<p><strong>Netzteil und Platine sind in der Preis von der Junction Box nicht inbegriffen. Wenn Sie sie bestellen, erhalten Sie die angeschlossen und getestet! <\/strong> <strong>Junction Box (j-box) Set 2 &#8211; Smarte L\u00f6sung f\u00fcr Solartracker-Anbindung mit Webzugriff <\/strong> Sat Control\u2019s Junction Box (j-box) Set 2 ist so konzipiert, dass es kompakt und vielseitig ist, ohne Kompromisse bei seinen Sicherheits- und Zuverl\u00e4ssigkeitsstandards einzugehen. Material vom Wandeinbaudosen: aus ABS-Technopolymer mit hoher UV-Best\u00e4ndigkeit und breitem Temperaturbereich erm\u00f6glichen den Einsatz auch unter extremen klimatischen Bedingungen. Spezielle untere F\u00fchrungen f\u00fcr DIN-Schiene, Klemmenblock und Platten erm\u00f6glichen eine einfache Installation und machen die Einstellungen des Stellungsreglers absolut narrensicher. Diese Junction Box wird f\u00fcr Sigma Server verwendet, der bis zu 64 zweiachsige Tracker mit Webzugriff verbinden kann. <strong>Benutzerfreundlich<\/strong> Einfache Statusberichte und Visualisierung \u00fcber transparenten Deckel koennen in bestehende und neue Solartracker\/PV-Anlagen integriert werden <strong>Einfach<\/strong> Leicht zug\u00e4nglicher Anschlussbereich, bequeme Installation und Inbetriebnahme Freie Wahl des Montageortes <strong>Dauerhaft<\/strong> Hohe Schutzklasse IP55 Erf\u00fcllt den Einsatz im Freien unter rauen Umgebungsbedingungen<\/p>\n<table border=\"1\" width=\"100%\" cellspacing=\"0\" cellpadding=\"0\">\n<tbody>\n<tr>\n<td bgcolor=\"#ed1c24\"><strong> Junction Box (j-box) Set 2 JBOXSET2-TC \/ 1309 \/ JBOXSET2-TC<\/strong><\/td>\n<td>\n<p align=\"center\"><img decoding=\"async\" src=\"\/wp-content\/uploads\/files-old\/%24%24H_4BF90B6D_PDF_icon.gif\" alt=\"\" border=\"0\" hspace=\"0\"><\/p>\n<\/td>\n<\/tr>\n<tr>\n<td><\/td>\n<td>\n<p align=\"center\">\n<\/td>\n<\/tr>\n<tr>\n<td> <strong>Flugbl\u00e4tter<\/strong><\/td>\n<td>\n<p align=\"center\">\n<\/td>\n<\/tr>\n<tr>\n<td> &#8211; Englische Flugbl\u00e4tter in PDF format mittlere Aufl\u00f6sung<\/td>\n<td>\n<p align=\"center\"><a href=\"\/wp-content\/uploads\/files-old\/Junction_Box_Set2_MR.pdf\" target=\"_blank\" rel=\"noopener\">Herunterladen<\/a><\/p>\n<\/td>\n<\/tr>\n<tr>\n<td> &#8211; Englische Flugbl\u00e4tter in PDF format niedrige Aufl\u00f6sung<\/td>\n<td>\n<p align=\"center\"><a href=\"\/wp-content\/uploads\/files-old\/Junction_Box_Set2_LR.pdf\" target=\"_blank\" rel=\"noopener\">Herunterladen<\/a><\/p>\n<\/td>\n<\/tr>\n<tr>\n<td> <strong>Neuste Firmware<\/strong><\/td>\n<td>\n<p align=\"center\">\n<\/td>\n<\/tr>\n<tr>\n<td> <u>Bitte durchsuchen Sie die Support-Seite<\/u><\/td>\n<td>\n<p align=\"center\">\n<\/td>\n<\/tr>\n<tr>\n<td> <strong>Zertifikate<\/strong><\/td>\n<td>\n<p align=\"center\">\n<\/td>\n<\/tr>\n<tr>\n<td> &#8211; Konformit\u00e4tserkl\u00e4rung im PDF-Format<\/td>\n<td>\n<p align=\"center\">Herunterladen<\/p>\n<\/td>\n<\/tr>\n<\/tbody>\n<\/table>\n","protected":false},"excerpt":{"rendered":"<p>Junction Box (J-box) Set 2<\/p>\n","protected":false},"featured_media":5717,"comment_status":"open","ping_status":"closed","template":"","meta":{"inline_featured_image":false},"product_brand":[],"product_cat":[884],"product_tag":[],"class_list":{"0":"post-7105","1":"product","2":"type-product","3":"status-publish","4":"has-post-thumbnail","6":"product_cat-zubehor-fur-solartracker","8":"first","9":"outofstock","10":"taxable","11":"shipping-taxable","12":"purchasable","13":"product-type-simple"},"yoast_head":"<!-- This site is optimized with the Yoast SEO plugin v26.5 - https:\/\/yoast.com\/wordpress\/plugins\/seo\/ -->\n<title>Junction Box (J-box) Set 2 \/ 1309 \/ JBOXSET2-TC - Solar Motors<\/title>\n<meta name=\"robots\" content=\"index, follow, max-snippet:-1, max-image-preview:large, max-video-preview:-1\" \/>\n<link rel=\"canonical\" href=\"https:\/\/solar-motors.com\/de\/produkt\/junction-box-j-box-set-2-1309-jboxset2-tc\/\" \/>\n<meta property=\"og:locale\" content=\"de_DE\" \/>\n<meta property=\"og:type\" content=\"article\" \/>\n<meta property=\"og:title\" content=\"Junction Box (J-box) Set 2 \/ 1309 \/ JBOXSET2-TC - Solar Motors\" \/>\n<meta property=\"og:description\" content=\"Junction Box (J-box) Set 2\" \/>\n<meta property=\"og:url\" content=\"https:\/\/solar-motors.com\/de\/produkt\/junction-box-j-box-set-2-1309-jboxset2-tc\/\" \/>\n<meta property=\"og:site_name\" content=\"Solar Motors\" \/>\n<meta property=\"article:modified_time\" content=\"2023-04-19T09:58:07+00:00\" \/>\n<meta property=\"og:image\" content=\"https:\/\/solar-motors.com\/wp-content\/uploads\/2023\/03\/A_EEA6DAED_1_b.jpg\" \/>\n\t<meta property=\"og:image:width\" content=\"800\" \/>\n\t<meta property=\"og:image:height\" content=\"587\" \/>\n\t<meta property=\"og:image:type\" content=\"image\/jpeg\" \/>\n<meta name=\"twitter:card\" content=\"summary_large_image\" \/>\n<meta name=\"twitter:label1\" content=\"Gesch\u00e4tzte Lesezeit\" \/>\n\t<meta name=\"twitter:data1\" content=\"1\u00a0Minute\" \/>\n<script type=\"application\/ld+json\" class=\"yoast-schema-graph\">{\"@context\":\"https:\/\/schema.org\",\"@graph\":[{\"@type\":\"WebPage\",\"@id\":\"https:\/\/solar-motors.com\/de\/produkt\/junction-box-j-box-set-2-1309-jboxset2-tc\/\",\"url\":\"https:\/\/solar-motors.com\/de\/produkt\/junction-box-j-box-set-2-1309-jboxset2-tc\/\",\"name\":\"Junction Box (J-box) Set 2 \/ 1309 \/ JBOXSET2-TC - Solar Motors\",\"isPartOf\":{\"@id\":\"https:\/\/solar-motors.com\/de\/#website\"},\"primaryImageOfPage\":{\"@id\":\"https:\/\/solar-motors.com\/de\/produkt\/junction-box-j-box-set-2-1309-jboxset2-tc\/#primaryimage\"},\"image\":{\"@id\":\"https:\/\/solar-motors.com\/de\/produkt\/junction-box-j-box-set-2-1309-jboxset2-tc\/#primaryimage\"},\"thumbnailUrl\":\"https:\/\/solar-motors.com\/wp-content\/uploads\/2023\/03\/A_EEA6DAED_1_b.jpg\",\"datePublished\":\"2023-03-06T13:22:01+00:00\",\"dateModified\":\"2023-04-19T09:58:07+00:00\",\"breadcrumb\":{\"@id\":\"https:\/\/solar-motors.com\/de\/produkt\/junction-box-j-box-set-2-1309-jboxset2-tc\/#breadcrumb\"},\"inLanguage\":\"de\",\"potentialAction\":[{\"@type\":\"ReadAction\",\"target\":[\"https:\/\/solar-motors.com\/de\/produkt\/junction-box-j-box-set-2-1309-jboxset2-tc\/\"]}]},{\"@type\":\"ImageObject\",\"inLanguage\":\"de\",\"@id\":\"https:\/\/solar-motors.com\/de\/produkt\/junction-box-j-box-set-2-1309-jboxset2-tc\/#primaryimage\",\"url\":\"https:\/\/solar-motors.com\/wp-content\/uploads\/2023\/03\/A_EEA6DAED_1_b.jpg\",\"contentUrl\":\"https:\/\/solar-motors.com\/wp-content\/uploads\/2023\/03\/A_EEA6DAED_1_b.jpg\",\"width\":800,\"height\":587},{\"@type\":\"BreadcrumbList\",\"@id\":\"https:\/\/solar-motors.com\/de\/produkt\/junction-box-j-box-set-2-1309-jboxset2-tc\/#breadcrumb\",\"itemListElement\":[{\"@type\":\"ListItem\",\"position\":1,\"name\":\"Home\",\"item\":\"https:\/\/solar-motors.com\/de\/\"},{\"@type\":\"ListItem\",\"position\":2,\"name\":\"Shop\",\"item\":\"https:\/\/solar-motors.com\/shop\/\"},{\"@type\":\"ListItem\",\"position\":3,\"name\":\"Junction Box (J-box) Set 2 \/ 1309 \/ JBOXSET2-TC\"}]},{\"@type\":\"WebSite\",\"@id\":\"https:\/\/solar-motors.com\/de\/#website\",\"url\":\"https:\/\/solar-motors.com\/de\/\",\"name\":\"Solar Motors\",\"description\":\"Dependable Sun Tracking Systems Since 2005\",\"potentialAction\":[{\"@type\":\"SearchAction\",\"target\":{\"@type\":\"EntryPoint\",\"urlTemplate\":\"https:\/\/solar-motors.com\/de\/?s={search_term_string}\"},\"query-input\":{\"@type\":\"PropertyValueSpecification\",\"valueRequired\":true,\"valueName\":\"search_term_string\"}}],\"inLanguage\":\"de\"}]}<\/script>\n<!-- \/ Yoast SEO plugin. -->","yoast_head_json":{"title":"Junction Box (J-box) Set 2 \/ 1309 \/ JBOXSET2-TC - Solar Motors","robots":{"index":"index","follow":"follow","max-snippet":"max-snippet:-1","max-image-preview":"max-image-preview:large","max-video-preview":"max-video-preview:-1"},"canonical":"https:\/\/solar-motors.com\/de\/produkt\/junction-box-j-box-set-2-1309-jboxset2-tc\/","og_locale":"de_DE","og_type":"article","og_title":"Junction Box (J-box) Set 2 \/ 1309 \/ JBOXSET2-TC - Solar Motors","og_description":"Junction Box (J-box) Set 2","og_url":"https:\/\/solar-motors.com\/de\/produkt\/junction-box-j-box-set-2-1309-jboxset2-tc\/","og_site_name":"Solar Motors","article_modified_time":"2023-04-19T09:58:07+00:00","og_image":[{"width":800,"height":587,"url":"https:\/\/solar-motors.com\/wp-content\/uploads\/2023\/03\/A_EEA6DAED_1_b.jpg","type":"image\/jpeg"}],"twitter_card":"summary_large_image","twitter_misc":{"Gesch\u00e4tzte Lesezeit":"1\u00a0Minute"},"schema":{"@context":"https:\/\/schema.org","@graph":[{"@type":"WebPage","@id":"https:\/\/solar-motors.com\/de\/produkt\/junction-box-j-box-set-2-1309-jboxset2-tc\/","url":"https:\/\/solar-motors.com\/de\/produkt\/junction-box-j-box-set-2-1309-jboxset2-tc\/","name":"Junction Box (J-box) Set 2 \/ 1309 \/ JBOXSET2-TC - Solar Motors","isPartOf":{"@id":"https:\/\/solar-motors.com\/de\/#website"},"primaryImageOfPage":{"@id":"https:\/\/solar-motors.com\/de\/produkt\/junction-box-j-box-set-2-1309-jboxset2-tc\/#primaryimage"},"image":{"@id":"https:\/\/solar-motors.com\/de\/produkt\/junction-box-j-box-set-2-1309-jboxset2-tc\/#primaryimage"},"thumbnailUrl":"https:\/\/solar-motors.com\/wp-content\/uploads\/2023\/03\/A_EEA6DAED_1_b.jpg","datePublished":"2023-03-06T13:22:01+00:00","dateModified":"2023-04-19T09:58:07+00:00","breadcrumb":{"@id":"https:\/\/solar-motors.com\/de\/produkt\/junction-box-j-box-set-2-1309-jboxset2-tc\/#breadcrumb"},"inLanguage":"de","potentialAction":[{"@type":"ReadAction","target":["https:\/\/solar-motors.com\/de\/produkt\/junction-box-j-box-set-2-1309-jboxset2-tc\/"]}]},{"@type":"ImageObject","inLanguage":"de","@id":"https:\/\/solar-motors.com\/de\/produkt\/junction-box-j-box-set-2-1309-jboxset2-tc\/#primaryimage","url":"https:\/\/solar-motors.com\/wp-content\/uploads\/2023\/03\/A_EEA6DAED_1_b.jpg","contentUrl":"https:\/\/solar-motors.com\/wp-content\/uploads\/2023\/03\/A_EEA6DAED_1_b.jpg","width":800,"height":587},{"@type":"BreadcrumbList","@id":"https:\/\/solar-motors.com\/de\/produkt\/junction-box-j-box-set-2-1309-jboxset2-tc\/#breadcrumb","itemListElement":[{"@type":"ListItem","position":1,"name":"Home","item":"https:\/\/solar-motors.com\/de\/"},{"@type":"ListItem","position":2,"name":"Shop","item":"https:\/\/solar-motors.com\/shop\/"},{"@type":"ListItem","position":3,"name":"Junction Box (J-box) Set 2 \/ 1309 \/ JBOXSET2-TC"}]},{"@type":"WebSite","@id":"https:\/\/solar-motors.com\/de\/#website","url":"https:\/\/solar-motors.com\/de\/","name":"Solar Motors","description":"Dependable Sun Tracking Systems Since 2005","potentialAction":[{"@type":"SearchAction","target":{"@type":"EntryPoint","urlTemplate":"https:\/\/solar-motors.com\/de\/?s={search_term_string}"},"query-input":{"@type":"PropertyValueSpecification","valueRequired":true,"valueName":"search_term_string"}}],"inLanguage":"de"}]}},"_links":{"self":[{"href":"https:\/\/solar-motors.com\/de\/wp-json\/wp\/v2\/product\/7105","targetHints":{"allow":["GET"]}}],"collection":[{"href":"https:\/\/solar-motors.com\/de\/wp-json\/wp\/v2\/product"}],"about":[{"href":"https:\/\/solar-motors.com\/de\/wp-json\/wp\/v2\/types\/product"}],"replies":[{"embeddable":true,"href":"https:\/\/solar-motors.com\/de\/wp-json\/wp\/v2\/comments?post=7105"}],"wp:featuredmedia":[{"embeddable":true,"href":"https:\/\/solar-motors.com\/de\/wp-json\/wp\/v2\/media\/5717"}],"wp:attachment":[{"href":"https:\/\/solar-motors.com\/de\/wp-json\/wp\/v2\/media?parent=7105"}],"wp:term":[{"taxonomy":"product_brand","embeddable":true,"href":"https:\/\/solar-motors.com\/de\/wp-json\/wp\/v2\/product_brand?post=7105"},{"taxonomy":"product_cat","embeddable":true,"href":"https:\/\/solar-motors.com\/de\/wp-json\/wp\/v2\/product_cat?post=7105"},{"taxonomy":"product_tag","embeddable":true,"href":"https:\/\/solar-motors.com\/de\/wp-json\/wp\/v2\/product_tag?post=7105"}],"curies":[{"name":"wp","href":"https:\/\/api.w.org\/{rel}","templated":true}]}}