{"id":7107,"date":"2023-03-06T14:19:14","date_gmt":"2023-03-06T13:19:14","guid":{"rendered":"https:\/\/solar-motors.com\/product\/solar-tracker-stl36-einachsig-in-reihe-fuer-36-solarmodule-mit-saeulen\/"},"modified":"2023-04-19T11:58:07","modified_gmt":"2023-04-19T09:58:07","slug":"solar-tracker-stl36-einachsig-in-line-fur-36-solarmodule-mit-saulen","status":"publish","type":"product","link":"https:\/\/solar-motors.com\/de\/produkt\/solar-tracker-stl36-einachsig-in-line-fur-36-solarmodule-mit-saulen\/","title":{"rendered":"Solar Tracker STL36 einachsig in Reihe f\u00fcr 36 Solarmodule mit S\u00e4ulen"},"content":{"rendered":"<p>Solar Tracker STL36 einachsig in Reihe f\u00fcr 36 Solarmodule mit S\u00e4ule<\/p>\n<p><strong>Kontaktieren Sie uns f\u00fcr den Preis!<\/strong><\/p>\n<table width=\"100%\" border=\"1\" cellspacing=\"0\" cellpadding=\"0\">\n<tbody>\n<tr>\n<td bgcolor=\"#ed1c24\">\n<p><strong> Solar Tracker STL36 \/ 0194<\/strong><\/p>\n<\/td>\n<td><\/td>\n<\/tr>\n<tr>\n<td>\n<p><strong> Installations- und Gebrauchsanweisung im PDF-Format<\/strong><\/p>\n<\/td>\n<td><\/td>\n<\/tr>\n<tr>\n<td>&#8211; Vereinfachtes englisches Benutzerhandbuch im PDF-Format<\/td>\n<td>\n<p align=\"center\">Herunterladen<\/p>\n<\/td>\n<\/tr>\n<tr>\n<td>&#8211; Technische Umrisszeichnung<\/td>\n<td>\n<p align=\"center\"><a href=\"\/wp-content\/uploads\/files-old\/stl36.pdf\" target=\"_blank\" rel=\"noopener\">Herunterladen<\/a><\/p>\n<\/td>\n<\/tr>\n<tr>\n<td>\n<p align=\"left\">&#8211; Deutsche Bedienungsanleitung im PDF-Format<\/p>\n<\/td>\n<td>\n<p align=\"center\">Herunterladen<\/p>\n<\/td>\n<\/tr>\n<tr>\n<td>\n<p><strong> Technische Datenbl\u00e4tter<\/strong><\/p>\n<\/td>\n<td>\n<p align=\"center\">\n<\/td>\n<\/tr>\n<tr>\n<td>\n<p>&#8211; Englisches Merkblatt im PDF-Format mittlerer Aufl\u00f6sung<\/p>\n<\/td>\n<td>\n<p align=\"center\"><a href=\"\/wp-content\/uploads\/files-old\/STL36%202020_MR.pdf\" target=\"_blank\" rel=\"noopener\">Herunterladen<\/a><\/p>\n<\/td>\n<\/tr>\n<tr>\n<td>\n<p>&#8211; Englisches Merkblatt im PDF-Format mit niedriger Aufl\u00f6sung<\/p>\n<\/td>\n<td>\n<p align=\"center\"><a href=\"\/wp-content\/uploads\/files-old\/STL36%202020_LR.pdf\" target=\"_blank\" rel=\"noopener\">Herunterladen<\/a><\/p>\n<\/td>\n<\/tr>\n<tr>\n<td>\n<p align=\"center\">\n<\/td>\n<td>\n<p align=\"center\">\n<\/td>\n<\/tr>\n<tr>\n<td>\n<p><strong> Neuste Firmware<\/strong><\/p>\n<\/td>\n<td>\n<p align=\"center\">\n<\/td>\n<\/tr>\n<tr>\n<td>\n<p><u> Bitte durchsuchen Sie die Support-Seite<\/u><\/p>\n<\/td>\n<td>\n<p align=\"center\">\n<\/td>\n<\/tr>\n<tr>\n<td>\n<p align=\"center\">\n<\/td>\n<td>\n<p align=\"center\">\n<\/td>\n<\/tr>\n<tr>\n<td>\n<p> <strong>Zertifikate<\/strong><\/p>\n<\/td>\n<td>\n<p align=\"center\">\n<\/td>\n<\/tr>\n<tr>\n<td>\n<p>&#8211; Konformit\u00e4tserkl\u00e4rung im PDF-Format<\/p>\n<\/td>\n<td>\n<p align=\"center\">Herunterladen<\/p>\n<\/td>\n<\/tr>\n<\/tbody>\n<\/table>\n<p><strong><\/strong> <\/p>\n","protected":false},"excerpt":{"rendered":"<p>Solar Tracker STL36 einachsig in Reihe f\u00fcr 36 Solarmodule mit S\u00e4ulen<\/p>\n","protected":false},"featured_media":6046,"comment_status":"open","ping_status":"closed","template":"","meta":{"inline_featured_image":false},"product_brand":[],"product_cat":[774],"product_tag":[],"class_list":{"0":"post-7107","1":"product","2":"type-product","3":"status-publish","4":"has-post-thumbnail","6":"product_cat-einachsige-suntracker","8":"first","9":"outofstock","10":"taxable","11":"shipping-taxable","12":"purchasable","13":"product-type-simple"},"yoast_head":"<!-- This site is optimized with the Yoast SEO plugin v26.5 - https:\/\/yoast.com\/wordpress\/plugins\/seo\/ -->\n<title>Solar Tracker STL36 einachsig in Reihe f\u00fcr 36 Solarmodule mit S\u00e4ulen - Solar Motors<\/title>\n<meta name=\"robots\" content=\"index, follow, max-snippet:-1, max-image-preview:large, max-video-preview:-1\" \/>\n<link rel=\"canonical\" href=\"https:\/\/solar-motors.com\/de\/produkt\/solar-tracker-stl36-einachsig-in-line-fur-36-solarmodule-mit-saulen\/\" \/>\n<meta property=\"og:locale\" content=\"de_DE\" \/>\n<meta property=\"og:type\" content=\"article\" \/>\n<meta property=\"og:title\" content=\"Solar Tracker STL36 einachsig in Reihe f\u00fcr 36 Solarmodule mit S\u00e4ulen - Solar Motors\" \/>\n<meta property=\"og:description\" content=\"Solar Tracker STL36 einachsig in Reihe f\u00fcr 36 Solarmodule mit S\u00e4ulen\" \/>\n<meta property=\"og:url\" content=\"https:\/\/solar-motors.com\/de\/produkt\/solar-tracker-stl36-einachsig-in-line-fur-36-solarmodule-mit-saulen\/\" \/>\n<meta property=\"og:site_name\" content=\"Solar Motors\" \/>\n<meta property=\"article:modified_time\" content=\"2023-04-19T09:58:07+00:00\" \/>\n<meta property=\"og:image\" content=\"https:\/\/solar-motors.com\/wp-content\/uploads\/2023\/03\/A_0F768078_render_stl36_print20mala.png\" \/>\n\t<meta property=\"og:image:width\" content=\"800\" \/>\n\t<meta property=\"og:image:height\" content=\"450\" \/>\n\t<meta property=\"og:image:type\" content=\"image\/png\" \/>\n<meta name=\"twitter:card\" content=\"summary_large_image\" \/>\n<script type=\"application\/ld+json\" class=\"yoast-schema-graph\">{\"@context\":\"https:\/\/schema.org\",\"@graph\":[{\"@type\":\"WebPage\",\"@id\":\"https:\/\/solar-motors.com\/de\/produkt\/solar-tracker-stl36-einachsig-in-line-fur-36-solarmodule-mit-saulen\/\",\"url\":\"https:\/\/solar-motors.com\/de\/produkt\/solar-tracker-stl36-einachsig-in-line-fur-36-solarmodule-mit-saulen\/\",\"name\":\"Solar Tracker STL36 einachsig in Reihe f\u00fcr 36 Solarmodule mit S\u00e4ulen - Solar Motors\",\"isPartOf\":{\"@id\":\"https:\/\/solar-motors.com\/de\/#website\"},\"primaryImageOfPage\":{\"@id\":\"https:\/\/solar-motors.com\/de\/produkt\/solar-tracker-stl36-einachsig-in-line-fur-36-solarmodule-mit-saulen\/#primaryimage\"},\"image\":{\"@id\":\"https:\/\/solar-motors.com\/de\/produkt\/solar-tracker-stl36-einachsig-in-line-fur-36-solarmodule-mit-saulen\/#primaryimage\"},\"thumbnailUrl\":\"https:\/\/solar-motors.com\/wp-content\/uploads\/2023\/03\/A_0F768078_render_stl36_print20mala.png\",\"datePublished\":\"2023-03-06T13:19:14+00:00\",\"dateModified\":\"2023-04-19T09:58:07+00:00\",\"breadcrumb\":{\"@id\":\"https:\/\/solar-motors.com\/de\/produkt\/solar-tracker-stl36-einachsig-in-line-fur-36-solarmodule-mit-saulen\/#breadcrumb\"},\"inLanguage\":\"de\",\"potentialAction\":[{\"@type\":\"ReadAction\",\"target\":[\"https:\/\/solar-motors.com\/de\/produkt\/solar-tracker-stl36-einachsig-in-line-fur-36-solarmodule-mit-saulen\/\"]}]},{\"@type\":\"ImageObject\",\"inLanguage\":\"de\",\"@id\":\"https:\/\/solar-motors.com\/de\/produkt\/solar-tracker-stl36-einachsig-in-line-fur-36-solarmodule-mit-saulen\/#primaryimage\",\"url\":\"https:\/\/solar-motors.com\/wp-content\/uploads\/2023\/03\/A_0F768078_render_stl36_print20mala.png\",\"contentUrl\":\"https:\/\/solar-motors.com\/wp-content\/uploads\/2023\/03\/A_0F768078_render_stl36_print20mala.png\",\"width\":800,\"height\":450},{\"@type\":\"BreadcrumbList\",\"@id\":\"https:\/\/solar-motors.com\/de\/produkt\/solar-tracker-stl36-einachsig-in-line-fur-36-solarmodule-mit-saulen\/#breadcrumb\",\"itemListElement\":[{\"@type\":\"ListItem\",\"position\":1,\"name\":\"Home\",\"item\":\"https:\/\/solar-motors.com\/de\/\"},{\"@type\":\"ListItem\",\"position\":2,\"name\":\"Shop\",\"item\":\"https:\/\/solar-motors.com\/shop\/\"},{\"@type\":\"ListItem\",\"position\":3,\"name\":\"Solar Tracker STL36 einachsig in Reihe f\u00fcr 36 Solarmodule mit S\u00e4ulen\"}]},{\"@type\":\"WebSite\",\"@id\":\"https:\/\/solar-motors.com\/de\/#website\",\"url\":\"https:\/\/solar-motors.com\/de\/\",\"name\":\"Solar Motors\",\"description\":\"Dependable Sun Tracking Systems Since 2005\",\"potentialAction\":[{\"@type\":\"SearchAction\",\"target\":{\"@type\":\"EntryPoint\",\"urlTemplate\":\"https:\/\/solar-motors.com\/de\/?s={search_term_string}\"},\"query-input\":{\"@type\":\"PropertyValueSpecification\",\"valueRequired\":true,\"valueName\":\"search_term_string\"}}],\"inLanguage\":\"de\"}]}<\/script>\n<!-- \/ Yoast SEO plugin. -->","yoast_head_json":{"title":"Solar Tracker STL36 einachsig in Reihe f\u00fcr 36 Solarmodule mit S\u00e4ulen - Solar Motors","robots":{"index":"index","follow":"follow","max-snippet":"max-snippet:-1","max-image-preview":"max-image-preview:large","max-video-preview":"max-video-preview:-1"},"canonical":"https:\/\/solar-motors.com\/de\/produkt\/solar-tracker-stl36-einachsig-in-line-fur-36-solarmodule-mit-saulen\/","og_locale":"de_DE","og_type":"article","og_title":"Solar Tracker STL36 einachsig in Reihe f\u00fcr 36 Solarmodule mit S\u00e4ulen - Solar Motors","og_description":"Solar Tracker STL36 einachsig in Reihe f\u00fcr 36 Solarmodule mit S\u00e4ulen","og_url":"https:\/\/solar-motors.com\/de\/produkt\/solar-tracker-stl36-einachsig-in-line-fur-36-solarmodule-mit-saulen\/","og_site_name":"Solar Motors","article_modified_time":"2023-04-19T09:58:07+00:00","og_image":[{"width":800,"height":450,"url":"https:\/\/solar-motors.com\/wp-content\/uploads\/2023\/03\/A_0F768078_render_stl36_print20mala.png","type":"image\/png"}],"twitter_card":"summary_large_image","schema":{"@context":"https:\/\/schema.org","@graph":[{"@type":"WebPage","@id":"https:\/\/solar-motors.com\/de\/produkt\/solar-tracker-stl36-einachsig-in-line-fur-36-solarmodule-mit-saulen\/","url":"https:\/\/solar-motors.com\/de\/produkt\/solar-tracker-stl36-einachsig-in-line-fur-36-solarmodule-mit-saulen\/","name":"Solar Tracker STL36 einachsig in Reihe f\u00fcr 36 Solarmodule mit S\u00e4ulen - Solar Motors","isPartOf":{"@id":"https:\/\/solar-motors.com\/de\/#website"},"primaryImageOfPage":{"@id":"https:\/\/solar-motors.com\/de\/produkt\/solar-tracker-stl36-einachsig-in-line-fur-36-solarmodule-mit-saulen\/#primaryimage"},"image":{"@id":"https:\/\/solar-motors.com\/de\/produkt\/solar-tracker-stl36-einachsig-in-line-fur-36-solarmodule-mit-saulen\/#primaryimage"},"thumbnailUrl":"https:\/\/solar-motors.com\/wp-content\/uploads\/2023\/03\/A_0F768078_render_stl36_print20mala.png","datePublished":"2023-03-06T13:19:14+00:00","dateModified":"2023-04-19T09:58:07+00:00","breadcrumb":{"@id":"https:\/\/solar-motors.com\/de\/produkt\/solar-tracker-stl36-einachsig-in-line-fur-36-solarmodule-mit-saulen\/#breadcrumb"},"inLanguage":"de","potentialAction":[{"@type":"ReadAction","target":["https:\/\/solar-motors.com\/de\/produkt\/solar-tracker-stl36-einachsig-in-line-fur-36-solarmodule-mit-saulen\/"]}]},{"@type":"ImageObject","inLanguage":"de","@id":"https:\/\/solar-motors.com\/de\/produkt\/solar-tracker-stl36-einachsig-in-line-fur-36-solarmodule-mit-saulen\/#primaryimage","url":"https:\/\/solar-motors.com\/wp-content\/uploads\/2023\/03\/A_0F768078_render_stl36_print20mala.png","contentUrl":"https:\/\/solar-motors.com\/wp-content\/uploads\/2023\/03\/A_0F768078_render_stl36_print20mala.png","width":800,"height":450},{"@type":"BreadcrumbList","@id":"https:\/\/solar-motors.com\/de\/produkt\/solar-tracker-stl36-einachsig-in-line-fur-36-solarmodule-mit-saulen\/#breadcrumb","itemListElement":[{"@type":"ListItem","position":1,"name":"Home","item":"https:\/\/solar-motors.com\/de\/"},{"@type":"ListItem","position":2,"name":"Shop","item":"https:\/\/solar-motors.com\/shop\/"},{"@type":"ListItem","position":3,"name":"Solar Tracker STL36 einachsig in Reihe f\u00fcr 36 Solarmodule mit S\u00e4ulen"}]},{"@type":"WebSite","@id":"https:\/\/solar-motors.com\/de\/#website","url":"https:\/\/solar-motors.com\/de\/","name":"Solar Motors","description":"Dependable Sun Tracking Systems Since 2005","potentialAction":[{"@type":"SearchAction","target":{"@type":"EntryPoint","urlTemplate":"https:\/\/solar-motors.com\/de\/?s={search_term_string}"},"query-input":{"@type":"PropertyValueSpecification","valueRequired":true,"valueName":"search_term_string"}}],"inLanguage":"de"}]}},"_links":{"self":[{"href":"https:\/\/solar-motors.com\/de\/wp-json\/wp\/v2\/product\/7107","targetHints":{"allow":["GET"]}}],"collection":[{"href":"https:\/\/solar-motors.com\/de\/wp-json\/wp\/v2\/product"}],"about":[{"href":"https:\/\/solar-motors.com\/de\/wp-json\/wp\/v2\/types\/product"}],"replies":[{"embeddable":true,"href":"https:\/\/solar-motors.com\/de\/wp-json\/wp\/v2\/comments?post=7107"}],"wp:featuredmedia":[{"embeddable":true,"href":"https:\/\/solar-motors.com\/de\/wp-json\/wp\/v2\/media\/6046"}],"wp:attachment":[{"href":"https:\/\/solar-motors.com\/de\/wp-json\/wp\/v2\/media?parent=7107"}],"wp:term":[{"taxonomy":"product_brand","embeddable":true,"href":"https:\/\/solar-motors.com\/de\/wp-json\/wp\/v2\/product_brand?post=7107"},{"taxonomy":"product_cat","embeddable":true,"href":"https:\/\/solar-motors.com\/de\/wp-json\/wp\/v2\/product_cat?post=7107"},{"taxonomy":"product_tag","embeddable":true,"href":"https:\/\/solar-motors.com\/de\/wp-json\/wp\/v2\/product_tag?post=7107"}],"curies":[{"name":"wp","href":"https:\/\/api.w.org\/{rel}","templated":true}]}}