{"id":7380,"date":"2023-04-11T10:27:47","date_gmt":"2023-04-11T08:27:47","guid":{"rendered":"https:\/\/solar-motors.com\/product\/pv-panel-bisol-bbo-bifacial-premium-500w\/"},"modified":"2023-04-19T11:58:03","modified_gmt":"2023-04-19T09:58:03","slug":"pv-panel-bisol-bbo-bifacial-premium-500w","status":"publish","type":"product","link":"https:\/\/solar-motors.com\/de\/produkt\/pv-panel-bisol-bbo-bifacial-premium-500w\/","title":{"rendered":"PV panel BISOL BBO Bifacial Premium 500W"},"content":{"rendered":"<h3>BISOL BIFACIAL<\/h3>\n<p><span class=\"color_15\">BISOL Bifacial mit einem standardm\u00e4\u00dfigen Zellensatz mit voller Leistung und<\/span> <span class=\"color_15\">einer transparenten R\u00fcckseite erm\u00f6glicht wichtige bifaziale Verst\u00e4rkungen<\/span> <span class=\"color_15\">und ist eine ideale L\u00f6sung f\u00fcr Projekte, bei denen die Leistung viel<\/span> <span class=\"color_15\">wichtiger ist als der transparente Bereich.<\/span><\/p>\n<p><img decoding=\"async\" class=\"wp-image-7252 alignleft\" src=\"https:\/\/solar-motors.com\/wp-content\/uploads\/2023\/04\/Bifacial.webp\" alt=\"\" width=\"58\" height=\"58\">Bifaziale Verst\u00e4rkung von der R\u00fcckseite des Moduls bis zu 60 % (abh\u00e4ngig von der Oberfl\u00e4che hinter dem Modul)<\/p>\n","protected":false},"excerpt":{"rendered":"<p>BISOL BIFACIAL BISOL Bifacial mit einem standardm\u00e4\u00dfigen Zellensatz mit voller Leistung und einer transparenten R\u00fcckseite erm\u00f6glicht wichtige bifaziale Verst\u00e4rkungen und ist eine ideale L\u00f6sung f\u00fcr Projekte, bei denen die Leistung viel wichtiger ist als der transparente Bereich. Bifaziale Verst\u00e4rkung von der R\u00fcckseite des Moduls bis zu 60 % (abh\u00e4ngig von der Oberfl\u00e4che hinter dem Modul)<\/p>\n","protected":false},"featured_media":7259,"comment_status":"open","ping_status":"closed","template":"","meta":{"inline_featured_image":false},"product_brand":[],"product_cat":[775],"product_tag":[],"class_list":{"0":"post-7380","1":"product","2":"type-product","3":"status-publish","4":"has-post-thumbnail","6":"product_cat-solarpanel","8":"first","9":"outofstock","10":"taxable","11":"shipping-taxable","12":"purchasable","13":"product-type-simple"},"yoast_head":"<!-- This site is optimized with the Yoast SEO plugin v26.5 - https:\/\/yoast.com\/wordpress\/plugins\/seo\/ -->\n<title>PV panel BISOL BBO Bifacial Premium 500W - Solar Motors<\/title>\n<meta name=\"robots\" content=\"index, follow, max-snippet:-1, max-image-preview:large, max-video-preview:-1\" \/>\n<link rel=\"canonical\" href=\"https:\/\/solar-motors.com\/de\/produkt\/pv-panel-bisol-bbo-bifacial-premium-500w\/\" \/>\n<meta property=\"og:locale\" content=\"de_DE\" \/>\n<meta property=\"og:type\" content=\"article\" \/>\n<meta property=\"og:title\" content=\"PV panel BISOL BBO Bifacial Premium 500W - Solar Motors\" \/>\n<meta property=\"og:description\" content=\"BISOL BIFACIAL BISOL Bifacial mit einem standardm\u00e4\u00dfigen Zellensatz mit voller Leistung und einer transparenten R\u00fcckseite erm\u00f6glicht wichtige bifaziale Verst\u00e4rkungen und ist eine ideale L\u00f6sung f\u00fcr Projekte, bei denen die Leistung viel wichtiger ist als der transparente Bereich. Bifaziale Verst\u00e4rkung von der R\u00fcckseite des Moduls bis zu 60 % (abh\u00e4ngig von der Oberfl\u00e4che hinter dem Modul)\" \/>\n<meta property=\"og:url\" content=\"https:\/\/solar-motors.com\/de\/produkt\/pv-panel-bisol-bbo-bifacial-premium-500w\/\" \/>\n<meta property=\"og:site_name\" content=\"Solar Motors\" \/>\n<meta property=\"article:modified_time\" content=\"2023-04-19T09:58:03+00:00\" \/>\n<meta property=\"og:image\" content=\"https:\/\/solar-motors.com\/wp-content\/uploads\/2023\/04\/panneau-solaire-bisol-bifacial-375-wc-transparence-3-130-wc-reverb.png\" \/>\n\t<meta property=\"og:image:width\" content=\"800\" \/>\n\t<meta property=\"og:image:height\" content=\"800\" \/>\n\t<meta property=\"og:image:type\" content=\"image\/png\" \/>\n<meta name=\"twitter:card\" content=\"summary_large_image\" \/>\n<script type=\"application\/ld+json\" class=\"yoast-schema-graph\">{\"@context\":\"https:\/\/schema.org\",\"@graph\":[{\"@type\":\"WebPage\",\"@id\":\"https:\/\/solar-motors.com\/de\/produkt\/pv-panel-bisol-bbo-bifacial-premium-500w\/\",\"url\":\"https:\/\/solar-motors.com\/de\/produkt\/pv-panel-bisol-bbo-bifacial-premium-500w\/\",\"name\":\"PV panel BISOL BBO Bifacial Premium 500W - Solar Motors\",\"isPartOf\":{\"@id\":\"https:\/\/solar-motors.com\/de\/#website\"},\"primaryImageOfPage\":{\"@id\":\"https:\/\/solar-motors.com\/de\/produkt\/pv-panel-bisol-bbo-bifacial-premium-500w\/#primaryimage\"},\"image\":{\"@id\":\"https:\/\/solar-motors.com\/de\/produkt\/pv-panel-bisol-bbo-bifacial-premium-500w\/#primaryimage\"},\"thumbnailUrl\":\"https:\/\/solar-motors.com\/wp-content\/uploads\/2023\/04\/panneau-solaire-bisol-bifacial-375-wc-transparence-3-130-wc-reverb.png\",\"datePublished\":\"2023-04-11T08:27:47+00:00\",\"dateModified\":\"2023-04-19T09:58:03+00:00\",\"breadcrumb\":{\"@id\":\"https:\/\/solar-motors.com\/de\/produkt\/pv-panel-bisol-bbo-bifacial-premium-500w\/#breadcrumb\"},\"inLanguage\":\"de\",\"potentialAction\":[{\"@type\":\"ReadAction\",\"target\":[\"https:\/\/solar-motors.com\/de\/produkt\/pv-panel-bisol-bbo-bifacial-premium-500w\/\"]}]},{\"@type\":\"ImageObject\",\"inLanguage\":\"de\",\"@id\":\"https:\/\/solar-motors.com\/de\/produkt\/pv-panel-bisol-bbo-bifacial-premium-500w\/#primaryimage\",\"url\":\"https:\/\/solar-motors.com\/wp-content\/uploads\/2023\/04\/panneau-solaire-bisol-bifacial-375-wc-transparence-3-130-wc-reverb.png\",\"contentUrl\":\"https:\/\/solar-motors.com\/wp-content\/uploads\/2023\/04\/panneau-solaire-bisol-bifacial-375-wc-transparence-3-130-wc-reverb.png\",\"width\":800,\"height\":800},{\"@type\":\"BreadcrumbList\",\"@id\":\"https:\/\/solar-motors.com\/de\/produkt\/pv-panel-bisol-bbo-bifacial-premium-500w\/#breadcrumb\",\"itemListElement\":[{\"@type\":\"ListItem\",\"position\":1,\"name\":\"Home\",\"item\":\"https:\/\/solar-motors.com\/de\/\"},{\"@type\":\"ListItem\",\"position\":2,\"name\":\"Shop\",\"item\":\"https:\/\/solar-motors.com\/shop\/\"},{\"@type\":\"ListItem\",\"position\":3,\"name\":\"PV panel BISOL BBO Bifacial Premium 500W\"}]},{\"@type\":\"WebSite\",\"@id\":\"https:\/\/solar-motors.com\/de\/#website\",\"url\":\"https:\/\/solar-motors.com\/de\/\",\"name\":\"Solar Motors\",\"description\":\"Dependable Sun Tracking Systems Since 2005\",\"potentialAction\":[{\"@type\":\"SearchAction\",\"target\":{\"@type\":\"EntryPoint\",\"urlTemplate\":\"https:\/\/solar-motors.com\/de\/?s={search_term_string}\"},\"query-input\":{\"@type\":\"PropertyValueSpecification\",\"valueRequired\":true,\"valueName\":\"search_term_string\"}}],\"inLanguage\":\"de\"}]}<\/script>\n<!-- \/ Yoast SEO plugin. -->","yoast_head_json":{"title":"PV panel BISOL BBO Bifacial Premium 500W - Solar Motors","robots":{"index":"index","follow":"follow","max-snippet":"max-snippet:-1","max-image-preview":"max-image-preview:large","max-video-preview":"max-video-preview:-1"},"canonical":"https:\/\/solar-motors.com\/de\/produkt\/pv-panel-bisol-bbo-bifacial-premium-500w\/","og_locale":"de_DE","og_type":"article","og_title":"PV panel BISOL BBO Bifacial Premium 500W - Solar Motors","og_description":"BISOL BIFACIAL BISOL Bifacial mit einem standardm\u00e4\u00dfigen Zellensatz mit voller Leistung und einer transparenten R\u00fcckseite erm\u00f6glicht wichtige bifaziale Verst\u00e4rkungen und ist eine ideale L\u00f6sung f\u00fcr Projekte, bei denen die Leistung viel wichtiger ist als der transparente Bereich. Bifaziale Verst\u00e4rkung von der R\u00fcckseite des Moduls bis zu 60 % (abh\u00e4ngig von der Oberfl\u00e4che hinter dem Modul)","og_url":"https:\/\/solar-motors.com\/de\/produkt\/pv-panel-bisol-bbo-bifacial-premium-500w\/","og_site_name":"Solar Motors","article_modified_time":"2023-04-19T09:58:03+00:00","og_image":[{"width":800,"height":800,"url":"https:\/\/solar-motors.com\/wp-content\/uploads\/2023\/04\/panneau-solaire-bisol-bifacial-375-wc-transparence-3-130-wc-reverb.png","type":"image\/png"}],"twitter_card":"summary_large_image","schema":{"@context":"https:\/\/schema.org","@graph":[{"@type":"WebPage","@id":"https:\/\/solar-motors.com\/de\/produkt\/pv-panel-bisol-bbo-bifacial-premium-500w\/","url":"https:\/\/solar-motors.com\/de\/produkt\/pv-panel-bisol-bbo-bifacial-premium-500w\/","name":"PV panel BISOL BBO Bifacial Premium 500W - Solar Motors","isPartOf":{"@id":"https:\/\/solar-motors.com\/de\/#website"},"primaryImageOfPage":{"@id":"https:\/\/solar-motors.com\/de\/produkt\/pv-panel-bisol-bbo-bifacial-premium-500w\/#primaryimage"},"image":{"@id":"https:\/\/solar-motors.com\/de\/produkt\/pv-panel-bisol-bbo-bifacial-premium-500w\/#primaryimage"},"thumbnailUrl":"https:\/\/solar-motors.com\/wp-content\/uploads\/2023\/04\/panneau-solaire-bisol-bifacial-375-wc-transparence-3-130-wc-reverb.png","datePublished":"2023-04-11T08:27:47+00:00","dateModified":"2023-04-19T09:58:03+00:00","breadcrumb":{"@id":"https:\/\/solar-motors.com\/de\/produkt\/pv-panel-bisol-bbo-bifacial-premium-500w\/#breadcrumb"},"inLanguage":"de","potentialAction":[{"@type":"ReadAction","target":["https:\/\/solar-motors.com\/de\/produkt\/pv-panel-bisol-bbo-bifacial-premium-500w\/"]}]},{"@type":"ImageObject","inLanguage":"de","@id":"https:\/\/solar-motors.com\/de\/produkt\/pv-panel-bisol-bbo-bifacial-premium-500w\/#primaryimage","url":"https:\/\/solar-motors.com\/wp-content\/uploads\/2023\/04\/panneau-solaire-bisol-bifacial-375-wc-transparence-3-130-wc-reverb.png","contentUrl":"https:\/\/solar-motors.com\/wp-content\/uploads\/2023\/04\/panneau-solaire-bisol-bifacial-375-wc-transparence-3-130-wc-reverb.png","width":800,"height":800},{"@type":"BreadcrumbList","@id":"https:\/\/solar-motors.com\/de\/produkt\/pv-panel-bisol-bbo-bifacial-premium-500w\/#breadcrumb","itemListElement":[{"@type":"ListItem","position":1,"name":"Home","item":"https:\/\/solar-motors.com\/de\/"},{"@type":"ListItem","position":2,"name":"Shop","item":"https:\/\/solar-motors.com\/shop\/"},{"@type":"ListItem","position":3,"name":"PV panel BISOL BBO Bifacial Premium 500W"}]},{"@type":"WebSite","@id":"https:\/\/solar-motors.com\/de\/#website","url":"https:\/\/solar-motors.com\/de\/","name":"Solar Motors","description":"Dependable Sun Tracking Systems Since 2005","potentialAction":[{"@type":"SearchAction","target":{"@type":"EntryPoint","urlTemplate":"https:\/\/solar-motors.com\/de\/?s={search_term_string}"},"query-input":{"@type":"PropertyValueSpecification","valueRequired":true,"valueName":"search_term_string"}}],"inLanguage":"de"}]}},"_links":{"self":[{"href":"https:\/\/solar-motors.com\/de\/wp-json\/wp\/v2\/product\/7380","targetHints":{"allow":["GET"]}}],"collection":[{"href":"https:\/\/solar-motors.com\/de\/wp-json\/wp\/v2\/product"}],"about":[{"href":"https:\/\/solar-motors.com\/de\/wp-json\/wp\/v2\/types\/product"}],"replies":[{"embeddable":true,"href":"https:\/\/solar-motors.com\/de\/wp-json\/wp\/v2\/comments?post=7380"}],"wp:featuredmedia":[{"embeddable":true,"href":"https:\/\/solar-motors.com\/de\/wp-json\/wp\/v2\/media\/7259"}],"wp:attachment":[{"href":"https:\/\/solar-motors.com\/de\/wp-json\/wp\/v2\/media?parent=7380"}],"wp:term":[{"taxonomy":"product_brand","embeddable":true,"href":"https:\/\/solar-motors.com\/de\/wp-json\/wp\/v2\/product_brand?post=7380"},{"taxonomy":"product_cat","embeddable":true,"href":"https:\/\/solar-motors.com\/de\/wp-json\/wp\/v2\/product_cat?post=7380"},{"taxonomy":"product_tag","embeddable":true,"href":"https:\/\/solar-motors.com\/de\/wp-json\/wp\/v2\/product_tag?post=7380"}],"curies":[{"name":"wp","href":"https:\/\/api.w.org\/{rel}","templated":true}]}}