{"id":7381,"date":"2023-04-11T09:52:00","date_gmt":"2023-04-11T07:52:00","guid":{"rendered":"https:\/\/solar-motors.com\/product\/pv-panel-bisol-bbo-duplex-premium-510w\/"},"modified":"2023-04-19T11:58:04","modified_gmt":"2023-04-19T09:58:04","slug":"pv-panel-bisol-bbo-duplex-premium-510w","status":"publish","type":"product","link":"https:\/\/solar-motors.com\/de\/produkt\/pv-panel-bisol-bbo-duplex-premium-510w\/","title":{"rendered":"PV panel BISOL BBO Duplex Premium 510W"},"content":{"rendered":"<h3>BISOL DUPLEX PREMIUM Mono crystalline Panele<\/h3>\n<p>BISOL Duplex mit Halbzellen und der fortschrittlichsten Mehrleitertechnologie ist einer der Bestseller der BISOL-Gruppe. <span class=\"color_15\">Es bietet nicht nur das beste Leistungs-\/Gr\u00f6\u00dfenverh\u00e4ltnis, sondern auch eine deutlich h\u00f6here Leistungs- und Umwandlungseffizienz im Vergleich zu anderen Produkten auf dem Markt.<\/span><\/p>\n<p>Optionen:<\/p>\n<ul>\n<li>Silber-wei\u00dfe Ausf\u00fchrung<\/li>\n<li>Schwarz-Wei\u00df-Version<\/li>\n<\/ul>\n<p>Weitere Spezifikationen finden Sie im Anhang.<\/p>\n","protected":false},"excerpt":{"rendered":"<p>BISOL DUPLEX PREMIUM Mono crystalline Panele BISOL Duplex mit Halbzellen und der fortschrittlichsten Mehrleitertechnologie ist einer der Bestseller der BISOL-Gruppe. Es bietet nicht nur das beste Leistungs-\/Gr\u00f6\u00dfenverh\u00e4ltnis, sondern auch eine deutlich h\u00f6here Leistungs- und Umwandlungseffizienz im Vergleich zu anderen Produkten auf dem Markt. Optionen: Silber-wei\u00dfe Ausf\u00fchrung Schwarz-Wei\u00df-Version Weitere Spezifikationen finden Sie im Anhang.<\/p>\n","protected":false},"featured_media":7239,"comment_status":"open","ping_status":"closed","template":"","meta":{"inline_featured_image":false},"product_brand":[],"product_cat":[775],"product_tag":[],"class_list":{"0":"post-7381","1":"product","2":"type-product","3":"status-publish","4":"has-post-thumbnail","6":"product_cat-solarpanel","8":"first","9":"outofstock","10":"taxable","11":"shipping-taxable","12":"purchasable","13":"product-type-simple"},"yoast_head":"<!-- This site is optimized with the Yoast SEO plugin v26.5 - https:\/\/yoast.com\/wordpress\/plugins\/seo\/ -->\n<title>PV panel BISOL BBO Duplex Premium 510W - Solar Motors<\/title>\n<meta name=\"robots\" content=\"index, follow, max-snippet:-1, max-image-preview:large, max-video-preview:-1\" \/>\n<link rel=\"canonical\" href=\"https:\/\/solar-motors.com\/de\/produkt\/pv-panel-bisol-bbo-duplex-premium-510w\/\" \/>\n<meta property=\"og:locale\" content=\"de_DE\" \/>\n<meta property=\"og:type\" content=\"article\" \/>\n<meta property=\"og:title\" content=\"PV panel BISOL BBO Duplex Premium 510W - Solar Motors\" \/>\n<meta property=\"og:description\" content=\"BISOL DUPLEX PREMIUM Mono crystalline Panele BISOL Duplex mit Halbzellen und der fortschrittlichsten Mehrleitertechnologie ist einer der Bestseller der BISOL-Gruppe. Es bietet nicht nur das beste Leistungs-\/Gr\u00f6\u00dfenverh\u00e4ltnis, sondern auch eine deutlich h\u00f6here Leistungs- und Umwandlungseffizienz im Vergleich zu anderen Produkten auf dem Markt. Optionen: Silber-wei\u00dfe Ausf\u00fchrung Schwarz-Wei\u00df-Version Weitere Spezifikationen finden Sie im Anhang.\" \/>\n<meta property=\"og:url\" content=\"https:\/\/solar-motors.com\/de\/produkt\/pv-panel-bisol-bbo-duplex-premium-510w\/\" \/>\n<meta property=\"og:site_name\" content=\"Solar Motors\" \/>\n<meta property=\"article:modified_time\" content=\"2023-04-19T09:58:04+00:00\" \/>\n<meta property=\"og:image\" content=\"https:\/\/solar-motors.com\/wp-content\/uploads\/2023\/04\/ee4034_ca50f94871734e7e962763a6c4aebccd_mv2.webp\" \/>\n\t<meta property=\"og:image:width\" content=\"500\" \/>\n\t<meta property=\"og:image:height\" content=\"500\" \/>\n\t<meta property=\"og:image:type\" content=\"image\/webp\" \/>\n<meta name=\"twitter:card\" content=\"summary_large_image\" \/>\n<script type=\"application\/ld+json\" class=\"yoast-schema-graph\">{\"@context\":\"https:\/\/schema.org\",\"@graph\":[{\"@type\":\"WebPage\",\"@id\":\"https:\/\/solar-motors.com\/de\/produkt\/pv-panel-bisol-bbo-duplex-premium-510w\/\",\"url\":\"https:\/\/solar-motors.com\/de\/produkt\/pv-panel-bisol-bbo-duplex-premium-510w\/\",\"name\":\"PV panel BISOL BBO Duplex Premium 510W - Solar Motors\",\"isPartOf\":{\"@id\":\"https:\/\/solar-motors.com\/de\/#website\"},\"primaryImageOfPage\":{\"@id\":\"https:\/\/solar-motors.com\/de\/produkt\/pv-panel-bisol-bbo-duplex-premium-510w\/#primaryimage\"},\"image\":{\"@id\":\"https:\/\/solar-motors.com\/de\/produkt\/pv-panel-bisol-bbo-duplex-premium-510w\/#primaryimage\"},\"thumbnailUrl\":\"https:\/\/solar-motors.com\/wp-content\/uploads\/2023\/04\/ee4034_ca50f94871734e7e962763a6c4aebccd_mv2.webp\",\"datePublished\":\"2023-04-11T07:52:00+00:00\",\"dateModified\":\"2023-04-19T09:58:04+00:00\",\"breadcrumb\":{\"@id\":\"https:\/\/solar-motors.com\/de\/produkt\/pv-panel-bisol-bbo-duplex-premium-510w\/#breadcrumb\"},\"inLanguage\":\"de\",\"potentialAction\":[{\"@type\":\"ReadAction\",\"target\":[\"https:\/\/solar-motors.com\/de\/produkt\/pv-panel-bisol-bbo-duplex-premium-510w\/\"]}]},{\"@type\":\"ImageObject\",\"inLanguage\":\"de\",\"@id\":\"https:\/\/solar-motors.com\/de\/produkt\/pv-panel-bisol-bbo-duplex-premium-510w\/#primaryimage\",\"url\":\"https:\/\/solar-motors.com\/wp-content\/uploads\/2023\/04\/ee4034_ca50f94871734e7e962763a6c4aebccd_mv2.webp\",\"contentUrl\":\"https:\/\/solar-motors.com\/wp-content\/uploads\/2023\/04\/ee4034_ca50f94871734e7e962763a6c4aebccd_mv2.webp\",\"width\":500,\"height\":500},{\"@type\":\"BreadcrumbList\",\"@id\":\"https:\/\/solar-motors.com\/de\/produkt\/pv-panel-bisol-bbo-duplex-premium-510w\/#breadcrumb\",\"itemListElement\":[{\"@type\":\"ListItem\",\"position\":1,\"name\":\"Home\",\"item\":\"https:\/\/solar-motors.com\/de\/\"},{\"@type\":\"ListItem\",\"position\":2,\"name\":\"Shop\",\"item\":\"https:\/\/solar-motors.com\/shop\/\"},{\"@type\":\"ListItem\",\"position\":3,\"name\":\"PV panel BISOL BBO Duplex Premium 510W\"}]},{\"@type\":\"WebSite\",\"@id\":\"https:\/\/solar-motors.com\/de\/#website\",\"url\":\"https:\/\/solar-motors.com\/de\/\",\"name\":\"Solar Motors\",\"description\":\"Dependable Sun Tracking Systems Since 2005\",\"potentialAction\":[{\"@type\":\"SearchAction\",\"target\":{\"@type\":\"EntryPoint\",\"urlTemplate\":\"https:\/\/solar-motors.com\/de\/?s={search_term_string}\"},\"query-input\":{\"@type\":\"PropertyValueSpecification\",\"valueRequired\":true,\"valueName\":\"search_term_string\"}}],\"inLanguage\":\"de\"}]}<\/script>\n<!-- \/ Yoast SEO plugin. -->","yoast_head_json":{"title":"PV panel BISOL BBO Duplex Premium 510W - Solar Motors","robots":{"index":"index","follow":"follow","max-snippet":"max-snippet:-1","max-image-preview":"max-image-preview:large","max-video-preview":"max-video-preview:-1"},"canonical":"https:\/\/solar-motors.com\/de\/produkt\/pv-panel-bisol-bbo-duplex-premium-510w\/","og_locale":"de_DE","og_type":"article","og_title":"PV panel BISOL BBO Duplex Premium 510W - Solar Motors","og_description":"BISOL DUPLEX PREMIUM Mono crystalline Panele BISOL Duplex mit Halbzellen und der fortschrittlichsten Mehrleitertechnologie ist einer der Bestseller der BISOL-Gruppe. Es bietet nicht nur das beste Leistungs-\/Gr\u00f6\u00dfenverh\u00e4ltnis, sondern auch eine deutlich h\u00f6here Leistungs- und Umwandlungseffizienz im Vergleich zu anderen Produkten auf dem Markt. Optionen: Silber-wei\u00dfe Ausf\u00fchrung Schwarz-Wei\u00df-Version Weitere Spezifikationen finden Sie im Anhang.","og_url":"https:\/\/solar-motors.com\/de\/produkt\/pv-panel-bisol-bbo-duplex-premium-510w\/","og_site_name":"Solar Motors","article_modified_time":"2023-04-19T09:58:04+00:00","og_image":[{"width":500,"height":500,"url":"https:\/\/solar-motors.com\/wp-content\/uploads\/2023\/04\/ee4034_ca50f94871734e7e962763a6c4aebccd_mv2.webp","type":"image\/webp"}],"twitter_card":"summary_large_image","schema":{"@context":"https:\/\/schema.org","@graph":[{"@type":"WebPage","@id":"https:\/\/solar-motors.com\/de\/produkt\/pv-panel-bisol-bbo-duplex-premium-510w\/","url":"https:\/\/solar-motors.com\/de\/produkt\/pv-panel-bisol-bbo-duplex-premium-510w\/","name":"PV panel BISOL BBO Duplex Premium 510W - Solar Motors","isPartOf":{"@id":"https:\/\/solar-motors.com\/de\/#website"},"primaryImageOfPage":{"@id":"https:\/\/solar-motors.com\/de\/produkt\/pv-panel-bisol-bbo-duplex-premium-510w\/#primaryimage"},"image":{"@id":"https:\/\/solar-motors.com\/de\/produkt\/pv-panel-bisol-bbo-duplex-premium-510w\/#primaryimage"},"thumbnailUrl":"https:\/\/solar-motors.com\/wp-content\/uploads\/2023\/04\/ee4034_ca50f94871734e7e962763a6c4aebccd_mv2.webp","datePublished":"2023-04-11T07:52:00+00:00","dateModified":"2023-04-19T09:58:04+00:00","breadcrumb":{"@id":"https:\/\/solar-motors.com\/de\/produkt\/pv-panel-bisol-bbo-duplex-premium-510w\/#breadcrumb"},"inLanguage":"de","potentialAction":[{"@type":"ReadAction","target":["https:\/\/solar-motors.com\/de\/produkt\/pv-panel-bisol-bbo-duplex-premium-510w\/"]}]},{"@type":"ImageObject","inLanguage":"de","@id":"https:\/\/solar-motors.com\/de\/produkt\/pv-panel-bisol-bbo-duplex-premium-510w\/#primaryimage","url":"https:\/\/solar-motors.com\/wp-content\/uploads\/2023\/04\/ee4034_ca50f94871734e7e962763a6c4aebccd_mv2.webp","contentUrl":"https:\/\/solar-motors.com\/wp-content\/uploads\/2023\/04\/ee4034_ca50f94871734e7e962763a6c4aebccd_mv2.webp","width":500,"height":500},{"@type":"BreadcrumbList","@id":"https:\/\/solar-motors.com\/de\/produkt\/pv-panel-bisol-bbo-duplex-premium-510w\/#breadcrumb","itemListElement":[{"@type":"ListItem","position":1,"name":"Home","item":"https:\/\/solar-motors.com\/de\/"},{"@type":"ListItem","position":2,"name":"Shop","item":"https:\/\/solar-motors.com\/shop\/"},{"@type":"ListItem","position":3,"name":"PV panel BISOL BBO Duplex Premium 510W"}]},{"@type":"WebSite","@id":"https:\/\/solar-motors.com\/de\/#website","url":"https:\/\/solar-motors.com\/de\/","name":"Solar Motors","description":"Dependable Sun Tracking Systems Since 2005","potentialAction":[{"@type":"SearchAction","target":{"@type":"EntryPoint","urlTemplate":"https:\/\/solar-motors.com\/de\/?s={search_term_string}"},"query-input":{"@type":"PropertyValueSpecification","valueRequired":true,"valueName":"search_term_string"}}],"inLanguage":"de"}]}},"_links":{"self":[{"href":"https:\/\/solar-motors.com\/de\/wp-json\/wp\/v2\/product\/7381","targetHints":{"allow":["GET"]}}],"collection":[{"href":"https:\/\/solar-motors.com\/de\/wp-json\/wp\/v2\/product"}],"about":[{"href":"https:\/\/solar-motors.com\/de\/wp-json\/wp\/v2\/types\/product"}],"replies":[{"embeddable":true,"href":"https:\/\/solar-motors.com\/de\/wp-json\/wp\/v2\/comments?post=7381"}],"wp:featuredmedia":[{"embeddable":true,"href":"https:\/\/solar-motors.com\/de\/wp-json\/wp\/v2\/media\/7239"}],"wp:attachment":[{"href":"https:\/\/solar-motors.com\/de\/wp-json\/wp\/v2\/media?parent=7381"}],"wp:term":[{"taxonomy":"product_brand","embeddable":true,"href":"https:\/\/solar-motors.com\/de\/wp-json\/wp\/v2\/product_brand?post=7381"},{"taxonomy":"product_cat","embeddable":true,"href":"https:\/\/solar-motors.com\/de\/wp-json\/wp\/v2\/product_cat?post=7381"},{"taxonomy":"product_tag","embeddable":true,"href":"https:\/\/solar-motors.com\/de\/wp-json\/wp\/v2\/product_tag?post=7381"}],"curies":[{"name":"wp","href":"https:\/\/api.w.org\/{rel}","templated":true}]}}