{"id":7382,"date":"2023-03-06T14:18:52","date_gmt":"2023-03-06T13:18:52","guid":{"rendered":"https:\/\/solar-motors.com\/?post_type=product&#038;p=7382"},"modified":"2023-04-19T11:58:09","modified_gmt":"2023-04-19T09:58:09","slug":"solar-connector-mc4","status":"publish","type":"product","link":"https:\/\/solar-motors.com\/de\/produkt\/solar-connector-mc4\/","title":{"rendered":"Solarstecker MC4"},"content":{"rendered":"<p><strong>MC4-Anschlussw<br \/>\n<\/strong> Zuverl\u00e4ssige Steckverbinder f\u00fcr den schnellen und sicheren Anschluss in Photovoltaikanlagen<br \/>\nPhotovoltaikanlagen sind auf zuverl\u00e4ssige Sicherheit und Leistung aller Komponenten angewiesen, einschlie\u00dflich<br \/>\nModule und einzelne Anschl\u00fcsse. Ein passender Stecker zeichnet sich aus<br \/>\ndurch minimale \u00dcbergangswiderst\u00e4nde, hochwertige Verarbeitung und einfache Handhabung.<br \/>\nMC4-Steckverbinder f\u00fcr Photovoltaikanlagen erf\u00fcllen genau diese Anforderungen. Es verf\u00fcgt \u00fcber<br \/>\nQualit\u00e4t und ist kompatibel mit herk\u00f6mmlichen Gegenprofilen.<\/p>\n<p>&nbsp;<\/p>\n<p><strong>MC4-Photovoltaik-Steckverbinder <\/strong><br \/>\n\u2022 Ein Crimpkontakt f\u00fcr 4 mm2 und 6 mm2 Kabel<br \/>\n\u2022 Kompatibel mit marktg\u00e4ngigen verf\u00fcgbaren Gesichtern und somit flexibel<br \/>\n\u2022 T\u00dcV-Zulassung nach neuester Norm DIN EN 50 521<br \/>\n\u2022 Lasten mit einem Nennstrom von bis zu 30 A<br \/>\n\u2022 Multifunktionswerkzeug zur Handhabung des Steckers<\/p>\n<p><strong><img fetchpriority=\"high\" decoding=\"async\" style=\"width: 682px; height: 263px;\" src=\"\/wp-content\/uploads\/files-old\/%24%24H_1758A752_Technical_operating.jpg\" alt=\"\" width=\"716\" height=\"295\" align=\"left\" border=\"0\" hspace=\"0\"><\/strong><\/p>\n<p>&nbsp;<\/p>\n<p>&nbsp;<\/p>\n<p>&nbsp;<\/p>\n<p>&nbsp;<\/p>\n<p>&nbsp;<\/p>\n<p>&nbsp;<\/p>\n<p>&nbsp;<\/p>\n<p>&nbsp;<\/p>\n<p>&nbsp;<\/p>\n<table border=\"1\" width=\"100%\" cellspacing=\"0\" cellpadding=\"0\">\n<tbody>\n<tr>\n<td bgcolor=\"#ed1c24\"><strong> <strong> MC4-Anschluss <\/strong>\/ SM12SLT \/ 383106390114<\/strong><\/td>\n<td>\n<p align=\"center\"><img decoding=\"async\" src=\"\/wp-content\/uploads\/files-old\/%24%24H_4BF90B6D_PDF_icon.gif\" alt=\"\" border=\"0\" hspace=\"0\"><\/p>\n<\/td>\n<\/tr>\n<tr>\n<td> <strong>Installations- und Gebrauchsanweisung im PDF-Format<\/strong><\/td>\n<td><\/td>\n<\/tr>\n<tr>\n<td> &#8211; Englisches Benutzerhandbuch im PDF-Format &#8211; das Neueste<\/td>\n<td>\n<p align=\"center\">Herunterladen<\/p>\n<\/td>\n<\/tr>\n<tr>\n<td> &#8211; Englisches Benutzerhandbuch im PDF-Format &#8211; vorherige<\/td>\n<td>\n<p align=\"center\">Herunterladen<\/p>\n<\/td>\n<\/tr>\n<tr>\n<td> &#8211; Franz\u00f6sisches Benutzerhandbuch im PDF-Format<\/td>\n<td>\n<p align=\"center\">Herunterladen<\/p>\n<\/td>\n<\/tr>\n<tr>\n<td> &#8211; Deutsche Bedienungsanleitung im PDF-Format<\/td>\n<td>\n<p align=\"center\">Herunterladen<\/p>\n<\/td>\n<\/tr>\n<tr>\n<td> &#8211; Italienisches Benutzerhandbuch im PDF-Format<\/td>\n<td>\n<p align=\"center\">Herunterladen<\/p>\n<\/td>\n<\/tr>\n<tr>\n<td> &#8211; Slowenisches Benutzerhandbuch im PDF-Format &#8211; das Neueste!!<\/td>\n<td>\n<p align=\"center\">Herunterladen<\/p>\n<\/td>\n<\/tr>\n<tr>\n<td> &#8211; Spanisches Benutzerhandbuch im PDF-Format<\/td>\n<td>\n<p align=\"center\">Herunterladen<\/p>\n<\/td>\n<\/tr>\n<tr>\n<td> <strong>Flugbl\u00e4tter<\/strong><\/td>\n<td>\n<p align=\"center\">\n<\/td>\n<\/tr>\n<tr>\n<td> &#8211; Englische Flugbl\u00e4tter in PDF format mittlere Aufl\u00f6sung<\/td>\n<td>\n<p align=\"center\"><a href=\"\/wp-content\/uploads\/files-old\/Technical_Data_Sheet_MR_MC4.pdf\" target=\"_blank\" rel=\"noopener\">Herunterladen<\/a><\/p>\n<\/td>\n<\/tr>\n<tr>\n<td> &#8211; Englische Flugbl\u00e4tter in PDF format niedrige Aufl\u00f6sung<\/td>\n<td>\n<p align=\"center\"><a href=\"\/wp-content\/uploads\/files-old\/Technical_Data_Sheet_LR_MC4.pdf\" target=\"_blank\" rel=\"noopener\">Herunterladen<\/a><\/p>\n<\/td>\n<\/tr>\n<\/tbody>\n<\/table>\n<table border=\"1\" width=\"100%\" cellspacing=\"0\" cellpadding=\"0\">\n<tbody>\n<tr>\n<td><strong> Technische Zeichnung <\/strong><\/td>\n<td>\n<p align=\"center\">\n<\/td>\n<\/tr>\n<tr>\n<td> &#8211; Stecker CM4 m\u00e4nnlich<\/td>\n<td>\n<p align=\"center\"><a href=\"\/wp-content\/uploads\/files-old\/Konektor_CM4_mo%c5%a1ki.pdf\" target=\"_blank\" rel=\"noopener\">Herunterladen<\/a><\/p>\n<\/td>\n<\/tr>\n<tr>\n<td> &#8211; Stecker CM4 weiblich<\/td>\n<td>\n<p align=\"center\"><a href=\"\/wp-content\/uploads\/files-old\/Konektor_CM4_zenski.pdf\" target=\"_blank\" rel=\"noopener\">Herunterladen<\/a><\/p>\n<\/td>\n<\/tr>\n<\/tbody>\n<\/table>\n","protected":false},"excerpt":{"rendered":"<p>MC4-Anschlussw Zuverl\u00e4ssige Steckverbinder f\u00fcr den schnellen und sicheren Anschluss in Photovoltaikanlagen Photovoltaikanlagen sind auf zuverl\u00e4ssige Sicherheit und Leistung aller Komponenten angewiesen, einschlie\u00dflich Module und einzelne Anschl\u00fcsse. Ein passender Stecker zeichnet sich aus durch minimale \u00dcbergangswiderst\u00e4nde, hochwertige Verarbeitung und einfache Handhabung. MC4-Steckverbinder f\u00fcr Photovoltaikanlagen erf\u00fcllen genau diese Anforderungen. Es verf\u00fcgt \u00fcber Qualit\u00e4t und ist kompatibel mit [&hellip;]<\/p>\n","protected":false},"featured_media":5581,"comment_status":"open","ping_status":"closed","template":"","meta":{"inline_featured_image":false},"product_brand":[],"product_cat":[778],"product_tag":[],"class_list":{"0":"post-7382","1":"product","2":"type-product","3":"status-publish","4":"has-post-thumbnail","6":"product_cat-zubehor","8":"first","9":"instock","10":"taxable","11":"shipping-taxable","12":"product-type-simple"},"yoast_head":"<!-- This site is optimized with the Yoast SEO plugin v26.5 - https:\/\/yoast.com\/wordpress\/plugins\/seo\/ -->\n<title>Solarstecker MC4 - Solar Motors<\/title>\n<meta name=\"robots\" content=\"index, follow, max-snippet:-1, max-image-preview:large, max-video-preview:-1\" \/>\n<link rel=\"canonical\" href=\"https:\/\/solar-motors.com\/de\/produkt\/solar-connector-mc4\/\" \/>\n<meta property=\"og:locale\" content=\"de_DE\" \/>\n<meta property=\"og:type\" content=\"article\" \/>\n<meta property=\"og:title\" content=\"Solarstecker MC4 - Solar Motors\" \/>\n<meta property=\"og:description\" content=\"MC4-Anschlussw Zuverl\u00e4ssige Steckverbinder f\u00fcr den schnellen und sicheren Anschluss in Photovoltaikanlagen Photovoltaikanlagen sind auf zuverl\u00e4ssige Sicherheit und Leistung aller Komponenten angewiesen, einschlie\u00dflich Module und einzelne Anschl\u00fcsse. Ein passender Stecker zeichnet sich aus durch minimale \u00dcbergangswiderst\u00e4nde, hochwertige Verarbeitung und einfache Handhabung. MC4-Steckverbinder f\u00fcr Photovoltaikanlagen erf\u00fcllen genau diese Anforderungen. Es verf\u00fcgt \u00fcber Qualit\u00e4t und ist kompatibel mit [&hellip;]\" \/>\n<meta property=\"og:url\" content=\"https:\/\/solar-motors.com\/de\/produkt\/solar-connector-mc4\/\" \/>\n<meta property=\"og:site_name\" content=\"Solar Motors\" \/>\n<meta property=\"article:modified_time\" content=\"2023-04-19T09:58:09+00:00\" \/>\n<meta property=\"og:image\" content=\"https:\/\/solar-motors.com\/wp-content\/uploads\/2023\/03\/A_5C236509_6.jpg\" \/>\n\t<meta property=\"og:image:width\" content=\"1181\" \/>\n\t<meta property=\"og:image:height\" content=\"772\" \/>\n\t<meta property=\"og:image:type\" content=\"image\/jpeg\" \/>\n<meta name=\"twitter:card\" content=\"summary_large_image\" \/>\n<meta name=\"twitter:label1\" content=\"Gesch\u00e4tzte Lesezeit\" \/>\n\t<meta name=\"twitter:data1\" content=\"1\u00a0Minute\" \/>\n<script type=\"application\/ld+json\" class=\"yoast-schema-graph\">{\"@context\":\"https:\/\/schema.org\",\"@graph\":[{\"@type\":\"WebPage\",\"@id\":\"https:\/\/solar-motors.com\/de\/produkt\/solar-connector-mc4\/\",\"url\":\"https:\/\/solar-motors.com\/de\/produkt\/solar-connector-mc4\/\",\"name\":\"Solarstecker MC4 - Solar Motors\",\"isPartOf\":{\"@id\":\"https:\/\/solar-motors.com\/de\/#website\"},\"primaryImageOfPage\":{\"@id\":\"https:\/\/solar-motors.com\/de\/produkt\/solar-connector-mc4\/#primaryimage\"},\"image\":{\"@id\":\"https:\/\/solar-motors.com\/de\/produkt\/solar-connector-mc4\/#primaryimage\"},\"thumbnailUrl\":\"https:\/\/solar-motors.com\/wp-content\/uploads\/2023\/03\/A_5C236509_6.jpg\",\"datePublished\":\"2023-03-06T13:18:52+00:00\",\"dateModified\":\"2023-04-19T09:58:09+00:00\",\"breadcrumb\":{\"@id\":\"https:\/\/solar-motors.com\/de\/produkt\/solar-connector-mc4\/#breadcrumb\"},\"inLanguage\":\"de\",\"potentialAction\":[{\"@type\":\"ReadAction\",\"target\":[\"https:\/\/solar-motors.com\/de\/produkt\/solar-connector-mc4\/\"]}]},{\"@type\":\"ImageObject\",\"inLanguage\":\"de\",\"@id\":\"https:\/\/solar-motors.com\/de\/produkt\/solar-connector-mc4\/#primaryimage\",\"url\":\"https:\/\/solar-motors.com\/wp-content\/uploads\/2023\/03\/A_5C236509_6.jpg\",\"contentUrl\":\"https:\/\/solar-motors.com\/wp-content\/uploads\/2023\/03\/A_5C236509_6.jpg\",\"width\":1181,\"height\":772},{\"@type\":\"BreadcrumbList\",\"@id\":\"https:\/\/solar-motors.com\/de\/produkt\/solar-connector-mc4\/#breadcrumb\",\"itemListElement\":[{\"@type\":\"ListItem\",\"position\":1,\"name\":\"Home\",\"item\":\"https:\/\/solar-motors.com\/de\/\"},{\"@type\":\"ListItem\",\"position\":2,\"name\":\"Shop\",\"item\":\"https:\/\/solar-motors.com\/shop\/\"},{\"@type\":\"ListItem\",\"position\":3,\"name\":\"Solarstecker MC4\"}]},{\"@type\":\"WebSite\",\"@id\":\"https:\/\/solar-motors.com\/de\/#website\",\"url\":\"https:\/\/solar-motors.com\/de\/\",\"name\":\"Solar Motors\",\"description\":\"Dependable Sun Tracking Systems Since 2005\",\"potentialAction\":[{\"@type\":\"SearchAction\",\"target\":{\"@type\":\"EntryPoint\",\"urlTemplate\":\"https:\/\/solar-motors.com\/de\/?s={search_term_string}\"},\"query-input\":{\"@type\":\"PropertyValueSpecification\",\"valueRequired\":true,\"valueName\":\"search_term_string\"}}],\"inLanguage\":\"de\"}]}<\/script>\n<!-- \/ Yoast SEO plugin. -->","yoast_head_json":{"title":"Solarstecker MC4 - Solar Motors","robots":{"index":"index","follow":"follow","max-snippet":"max-snippet:-1","max-image-preview":"max-image-preview:large","max-video-preview":"max-video-preview:-1"},"canonical":"https:\/\/solar-motors.com\/de\/produkt\/solar-connector-mc4\/","og_locale":"de_DE","og_type":"article","og_title":"Solarstecker MC4 - Solar Motors","og_description":"MC4-Anschlussw Zuverl\u00e4ssige Steckverbinder f\u00fcr den schnellen und sicheren Anschluss in Photovoltaikanlagen Photovoltaikanlagen sind auf zuverl\u00e4ssige Sicherheit und Leistung aller Komponenten angewiesen, einschlie\u00dflich Module und einzelne Anschl\u00fcsse. Ein passender Stecker zeichnet sich aus durch minimale \u00dcbergangswiderst\u00e4nde, hochwertige Verarbeitung und einfache Handhabung. MC4-Steckverbinder f\u00fcr Photovoltaikanlagen erf\u00fcllen genau diese Anforderungen. Es verf\u00fcgt \u00fcber Qualit\u00e4t und ist kompatibel mit [&hellip;]","og_url":"https:\/\/solar-motors.com\/de\/produkt\/solar-connector-mc4\/","og_site_name":"Solar Motors","article_modified_time":"2023-04-19T09:58:09+00:00","og_image":[{"width":1181,"height":772,"url":"https:\/\/solar-motors.com\/wp-content\/uploads\/2023\/03\/A_5C236509_6.jpg","type":"image\/jpeg"}],"twitter_card":"summary_large_image","twitter_misc":{"Gesch\u00e4tzte Lesezeit":"1\u00a0Minute"},"schema":{"@context":"https:\/\/schema.org","@graph":[{"@type":"WebPage","@id":"https:\/\/solar-motors.com\/de\/produkt\/solar-connector-mc4\/","url":"https:\/\/solar-motors.com\/de\/produkt\/solar-connector-mc4\/","name":"Solarstecker MC4 - Solar Motors","isPartOf":{"@id":"https:\/\/solar-motors.com\/de\/#website"},"primaryImageOfPage":{"@id":"https:\/\/solar-motors.com\/de\/produkt\/solar-connector-mc4\/#primaryimage"},"image":{"@id":"https:\/\/solar-motors.com\/de\/produkt\/solar-connector-mc4\/#primaryimage"},"thumbnailUrl":"https:\/\/solar-motors.com\/wp-content\/uploads\/2023\/03\/A_5C236509_6.jpg","datePublished":"2023-03-06T13:18:52+00:00","dateModified":"2023-04-19T09:58:09+00:00","breadcrumb":{"@id":"https:\/\/solar-motors.com\/de\/produkt\/solar-connector-mc4\/#breadcrumb"},"inLanguage":"de","potentialAction":[{"@type":"ReadAction","target":["https:\/\/solar-motors.com\/de\/produkt\/solar-connector-mc4\/"]}]},{"@type":"ImageObject","inLanguage":"de","@id":"https:\/\/solar-motors.com\/de\/produkt\/solar-connector-mc4\/#primaryimage","url":"https:\/\/solar-motors.com\/wp-content\/uploads\/2023\/03\/A_5C236509_6.jpg","contentUrl":"https:\/\/solar-motors.com\/wp-content\/uploads\/2023\/03\/A_5C236509_6.jpg","width":1181,"height":772},{"@type":"BreadcrumbList","@id":"https:\/\/solar-motors.com\/de\/produkt\/solar-connector-mc4\/#breadcrumb","itemListElement":[{"@type":"ListItem","position":1,"name":"Home","item":"https:\/\/solar-motors.com\/de\/"},{"@type":"ListItem","position":2,"name":"Shop","item":"https:\/\/solar-motors.com\/shop\/"},{"@type":"ListItem","position":3,"name":"Solarstecker MC4"}]},{"@type":"WebSite","@id":"https:\/\/solar-motors.com\/de\/#website","url":"https:\/\/solar-motors.com\/de\/","name":"Solar Motors","description":"Dependable Sun Tracking Systems Since 2005","potentialAction":[{"@type":"SearchAction","target":{"@type":"EntryPoint","urlTemplate":"https:\/\/solar-motors.com\/de\/?s={search_term_string}"},"query-input":{"@type":"PropertyValueSpecification","valueRequired":true,"valueName":"search_term_string"}}],"inLanguage":"de"}]}},"_links":{"self":[{"href":"https:\/\/solar-motors.com\/de\/wp-json\/wp\/v2\/product\/7382","targetHints":{"allow":["GET"]}}],"collection":[{"href":"https:\/\/solar-motors.com\/de\/wp-json\/wp\/v2\/product"}],"about":[{"href":"https:\/\/solar-motors.com\/de\/wp-json\/wp\/v2\/types\/product"}],"replies":[{"embeddable":true,"href":"https:\/\/solar-motors.com\/de\/wp-json\/wp\/v2\/comments?post=7382"}],"wp:featuredmedia":[{"embeddable":true,"href":"https:\/\/solar-motors.com\/de\/wp-json\/wp\/v2\/media\/5581"}],"wp:attachment":[{"href":"https:\/\/solar-motors.com\/de\/wp-json\/wp\/v2\/media?parent=7382"}],"wp:term":[{"taxonomy":"product_brand","embeddable":true,"href":"https:\/\/solar-motors.com\/de\/wp-json\/wp\/v2\/product_brand?post=7382"},{"taxonomy":"product_cat","embeddable":true,"href":"https:\/\/solar-motors.com\/de\/wp-json\/wp\/v2\/product_cat?post=7382"},{"taxonomy":"product_tag","embeddable":true,"href":"https:\/\/solar-motors.com\/de\/wp-json\/wp\/v2\/product_tag?post=7382"}],"curies":[{"name":"wp","href":"https:\/\/api.w.org\/{rel}","templated":true}]}}