{"id":7392,"date":"2023-04-03T14:07:08","date_gmt":"2023-04-03T12:07:08","guid":{"rendered":"https:\/\/solar-motors.com\/product\/pv-wechselrichter-delta-m15a_220\/"},"modified":"2023-04-19T11:58:06","modified_gmt":"2023-04-19T09:58:06","slug":"pv-wechselrichter-delta-m15a_220","status":"publish","type":"product","link":"https:\/\/solar-motors.com\/de\/produkt\/pv-wechselrichter-delta-m15a_220\/","title":{"rendered":"PV-Wechselrichter Delta M15A_220"},"content":{"rendered":"<h3>PV-WECHSELRICHTER<br \/>\nDreiphasenmodell: M15A_220<\/h3>\n<h5>Delta M15A_220 kann einen Spitzenwirkungsgrad von 98,3 % und einen Euro-Wirkungsgrad von 97,9 % erreichen<br \/>\n\u00dcber Umwandlung von PV-Energie. 2 MPP-S\u00e4tze erm\u00f6glichen mehr Flexibilit\u00e4t bei PV-Arrays<br \/>\nsind in unterschiedliche Richtungen ausgerichtet, w\u00e4hrend Energieverluste minimiert und maximiert werden<br \/>\nh\u00f6here Ertr\u00e4ge.<\/h5>\n<p><strong>DC-Eingang<\/strong><br \/>\nMax. Eingangsspannung: 1100V<br \/>\nBetriebsspannungsbereich: 200~1000V<br \/>\nMPP-Bereich mit max. Leistung: 380 ~ 900 V<br \/>\nAnlaufspannung: &gt;250V<br \/>\nNennspannung: 600 V<br \/>\nMax. Eingangsstrom: Jeder MPPT: 25 A, Gesamt: 45 A<br \/>\nMPP-Tracker: 2<br \/>\nAnschlusstyp: 4 Strings (2 Paare \/ MPPT), Amphenol H4 DC Connector<\/p>\n<p><strong>AC-Ausgang<\/strong><br \/>\nMax. Ausgangsleistung: 16,5 kVa<br \/>\nMax. Ausgangsstrom: 25 A<br \/>\nSpannungsbereich: 80 % bis 130 % der AC-Nennspannung<br \/>\nFrequenzbereich: 50 \/ 60 Hz \u00b1 5 Hz<br \/>\nTHD: &lt; 3%<br \/>\nStromverbrauch bei Nacht :&lt; 2W<\/p>\n<p>Spitzenwirkungsgrad: 98,4 %<br \/>\nEuro-Wirkungsgrad: 97,9 %<\/p>\n<p>Kommunikation: RS-485 \/ Wi-Fi (optional: SUB_1G)<br \/>\nAnzeige: LED<\/p>\n<p>Betriebstemperatur. Bereich: -25 bis +60\u00b0C, volle Leistung bis 40\u00b0C<br \/>\nSchutzstufe: IP66<br \/>\nGer\u00e4uschemission, typisch: 31,6 dBA bei 1 m, Umgebungstemperatur 25 \u00b0C<br \/>\nBetriebsh\u00f6he: &lt; 4000m<\/p>\n","protected":false},"excerpt":{"rendered":"<p>PV-WECHSELRICHTER Dreiphasenmodell: M15A_220 Delta M15A_220 kann einen Spitzenwirkungsgrad von 98,3 % und einen Euro-Wirkungsgrad von 97,9 % erreichen \u00dcber Umwandlung von PV-Energie. 2 MPP-S\u00e4tze erm\u00f6glichen mehr Flexibilit\u00e4t bei PV-Arrays sind in unterschiedliche Richtungen ausgerichtet, w\u00e4hrend Energieverluste minimiert und maximiert werden h\u00f6here Ertr\u00e4ge. DC-Eingang Max. Eingangsspannung: 1100V Betriebsspannungsbereich: 200~1000V MPP-Bereich mit max. Leistung: 380 ~ 900 [&hellip;]<\/p>\n","protected":false},"featured_media":7185,"comment_status":"open","ping_status":"closed","template":"","meta":{"inline_featured_image":false},"product_brand":[],"product_cat":[779],"product_tag":[],"class_list":{"0":"post-7392","1":"product","2":"type-product","3":"status-publish","4":"has-post-thumbnail","6":"product_cat-solar-wechselrichter","8":"first","9":"outofstock","10":"taxable","11":"shipping-taxable","12":"purchasable","13":"product-type-simple"},"yoast_head":"<!-- This site is optimized with the Yoast SEO plugin v26.5 - https:\/\/yoast.com\/wordpress\/plugins\/seo\/ -->\n<title>PV-Wechselrichter Delta M15A_220 - Solar Motors<\/title>\n<meta name=\"robots\" content=\"index, follow, max-snippet:-1, max-image-preview:large, max-video-preview:-1\" \/>\n<link rel=\"canonical\" href=\"https:\/\/solar-motors.com\/de\/produkt\/pv-wechselrichter-delta-m15a_220\/\" \/>\n<meta property=\"og:locale\" content=\"de_DE\" \/>\n<meta property=\"og:type\" content=\"article\" \/>\n<meta property=\"og:title\" content=\"PV-Wechselrichter Delta M15A_220 - Solar Motors\" \/>\n<meta property=\"og:description\" content=\"PV-WECHSELRICHTER Dreiphasenmodell: M15A_220 Delta M15A_220 kann einen Spitzenwirkungsgrad von 98,3 % und einen Euro-Wirkungsgrad von 97,9 % erreichen \u00dcber Umwandlung von PV-Energie. 2 MPP-S\u00e4tze erm\u00f6glichen mehr Flexibilit\u00e4t bei PV-Arrays sind in unterschiedliche Richtungen ausgerichtet, w\u00e4hrend Energieverluste minimiert und maximiert werden h\u00f6here Ertr\u00e4ge. DC-Eingang Max. Eingangsspannung: 1100V Betriebsspannungsbereich: 200~1000V MPP-Bereich mit max. Leistung: 380 ~ 900 [&hellip;]\" \/>\n<meta property=\"og:url\" content=\"https:\/\/solar-motors.com\/de\/produkt\/pv-wechselrichter-delta-m15a_220\/\" \/>\n<meta property=\"og:site_name\" content=\"Solar Motors\" \/>\n<meta property=\"article:modified_time\" content=\"2023-04-19T09:58:06+00:00\" \/>\n<meta property=\"og:image\" content=\"https:\/\/solar-motors.com\/wp-content\/uploads\/2023\/04\/a-7-1-0-a7104f94b3ac00a497f6103547b4495b4660cfca_det_iv_de_m15a_flex-jpg_600x600.jpg\" \/>\n\t<meta property=\"og:image:width\" content=\"600\" \/>\n\t<meta property=\"og:image:height\" content=\"541\" \/>\n\t<meta property=\"og:image:type\" content=\"image\/jpeg\" \/>\n<meta name=\"twitter:card\" content=\"summary_large_image\" \/>\n<meta name=\"twitter:label1\" content=\"Gesch\u00e4tzte Lesezeit\" \/>\n\t<meta name=\"twitter:data1\" content=\"1\u00a0Minute\" \/>\n<script type=\"application\/ld+json\" class=\"yoast-schema-graph\">{\"@context\":\"https:\/\/schema.org\",\"@graph\":[{\"@type\":\"WebPage\",\"@id\":\"https:\/\/solar-motors.com\/de\/produkt\/pv-wechselrichter-delta-m15a_220\/\",\"url\":\"https:\/\/solar-motors.com\/de\/produkt\/pv-wechselrichter-delta-m15a_220\/\",\"name\":\"PV-Wechselrichter Delta M15A_220 - Solar Motors\",\"isPartOf\":{\"@id\":\"https:\/\/solar-motors.com\/de\/#website\"},\"primaryImageOfPage\":{\"@id\":\"https:\/\/solar-motors.com\/de\/produkt\/pv-wechselrichter-delta-m15a_220\/#primaryimage\"},\"image\":{\"@id\":\"https:\/\/solar-motors.com\/de\/produkt\/pv-wechselrichter-delta-m15a_220\/#primaryimage\"},\"thumbnailUrl\":\"https:\/\/solar-motors.com\/wp-content\/uploads\/2023\/04\/a-7-1-0-a7104f94b3ac00a497f6103547b4495b4660cfca_det_iv_de_m15a_flex-jpg_600x600.jpg\",\"datePublished\":\"2023-04-03T12:07:08+00:00\",\"dateModified\":\"2023-04-19T09:58:06+00:00\",\"breadcrumb\":{\"@id\":\"https:\/\/solar-motors.com\/de\/produkt\/pv-wechselrichter-delta-m15a_220\/#breadcrumb\"},\"inLanguage\":\"de\",\"potentialAction\":[{\"@type\":\"ReadAction\",\"target\":[\"https:\/\/solar-motors.com\/de\/produkt\/pv-wechselrichter-delta-m15a_220\/\"]}]},{\"@type\":\"ImageObject\",\"inLanguage\":\"de\",\"@id\":\"https:\/\/solar-motors.com\/de\/produkt\/pv-wechselrichter-delta-m15a_220\/#primaryimage\",\"url\":\"https:\/\/solar-motors.com\/wp-content\/uploads\/2023\/04\/a-7-1-0-a7104f94b3ac00a497f6103547b4495b4660cfca_det_iv_de_m15a_flex-jpg_600x600.jpg\",\"contentUrl\":\"https:\/\/solar-motors.com\/wp-content\/uploads\/2023\/04\/a-7-1-0-a7104f94b3ac00a497f6103547b4495b4660cfca_det_iv_de_m15a_flex-jpg_600x600.jpg\",\"width\":600,\"height\":541},{\"@type\":\"BreadcrumbList\",\"@id\":\"https:\/\/solar-motors.com\/de\/produkt\/pv-wechselrichter-delta-m15a_220\/#breadcrumb\",\"itemListElement\":[{\"@type\":\"ListItem\",\"position\":1,\"name\":\"Home\",\"item\":\"https:\/\/solar-motors.com\/de\/\"},{\"@type\":\"ListItem\",\"position\":2,\"name\":\"Shop\",\"item\":\"https:\/\/solar-motors.com\/shop\/\"},{\"@type\":\"ListItem\",\"position\":3,\"name\":\"PV-Wechselrichter Delta M15A_220\"}]},{\"@type\":\"WebSite\",\"@id\":\"https:\/\/solar-motors.com\/de\/#website\",\"url\":\"https:\/\/solar-motors.com\/de\/\",\"name\":\"Solar Motors\",\"description\":\"Dependable Sun Tracking Systems Since 2005\",\"potentialAction\":[{\"@type\":\"SearchAction\",\"target\":{\"@type\":\"EntryPoint\",\"urlTemplate\":\"https:\/\/solar-motors.com\/de\/?s={search_term_string}\"},\"query-input\":{\"@type\":\"PropertyValueSpecification\",\"valueRequired\":true,\"valueName\":\"search_term_string\"}}],\"inLanguage\":\"de\"}]}<\/script>\n<!-- \/ Yoast SEO plugin. -->","yoast_head_json":{"title":"PV-Wechselrichter Delta M15A_220 - Solar Motors","robots":{"index":"index","follow":"follow","max-snippet":"max-snippet:-1","max-image-preview":"max-image-preview:large","max-video-preview":"max-video-preview:-1"},"canonical":"https:\/\/solar-motors.com\/de\/produkt\/pv-wechselrichter-delta-m15a_220\/","og_locale":"de_DE","og_type":"article","og_title":"PV-Wechselrichter Delta M15A_220 - Solar Motors","og_description":"PV-WECHSELRICHTER Dreiphasenmodell: M15A_220 Delta M15A_220 kann einen Spitzenwirkungsgrad von 98,3 % und einen Euro-Wirkungsgrad von 97,9 % erreichen \u00dcber Umwandlung von PV-Energie. 2 MPP-S\u00e4tze erm\u00f6glichen mehr Flexibilit\u00e4t bei PV-Arrays sind in unterschiedliche Richtungen ausgerichtet, w\u00e4hrend Energieverluste minimiert und maximiert werden h\u00f6here Ertr\u00e4ge. DC-Eingang Max. Eingangsspannung: 1100V Betriebsspannungsbereich: 200~1000V MPP-Bereich mit max. Leistung: 380 ~ 900 [&hellip;]","og_url":"https:\/\/solar-motors.com\/de\/produkt\/pv-wechselrichter-delta-m15a_220\/","og_site_name":"Solar Motors","article_modified_time":"2023-04-19T09:58:06+00:00","og_image":[{"width":600,"height":541,"url":"https:\/\/solar-motors.com\/wp-content\/uploads\/2023\/04\/a-7-1-0-a7104f94b3ac00a497f6103547b4495b4660cfca_det_iv_de_m15a_flex-jpg_600x600.jpg","type":"image\/jpeg"}],"twitter_card":"summary_large_image","twitter_misc":{"Gesch\u00e4tzte Lesezeit":"1\u00a0Minute"},"schema":{"@context":"https:\/\/schema.org","@graph":[{"@type":"WebPage","@id":"https:\/\/solar-motors.com\/de\/produkt\/pv-wechselrichter-delta-m15a_220\/","url":"https:\/\/solar-motors.com\/de\/produkt\/pv-wechselrichter-delta-m15a_220\/","name":"PV-Wechselrichter Delta M15A_220 - Solar Motors","isPartOf":{"@id":"https:\/\/solar-motors.com\/de\/#website"},"primaryImageOfPage":{"@id":"https:\/\/solar-motors.com\/de\/produkt\/pv-wechselrichter-delta-m15a_220\/#primaryimage"},"image":{"@id":"https:\/\/solar-motors.com\/de\/produkt\/pv-wechselrichter-delta-m15a_220\/#primaryimage"},"thumbnailUrl":"https:\/\/solar-motors.com\/wp-content\/uploads\/2023\/04\/a-7-1-0-a7104f94b3ac00a497f6103547b4495b4660cfca_det_iv_de_m15a_flex-jpg_600x600.jpg","datePublished":"2023-04-03T12:07:08+00:00","dateModified":"2023-04-19T09:58:06+00:00","breadcrumb":{"@id":"https:\/\/solar-motors.com\/de\/produkt\/pv-wechselrichter-delta-m15a_220\/#breadcrumb"},"inLanguage":"de","potentialAction":[{"@type":"ReadAction","target":["https:\/\/solar-motors.com\/de\/produkt\/pv-wechselrichter-delta-m15a_220\/"]}]},{"@type":"ImageObject","inLanguage":"de","@id":"https:\/\/solar-motors.com\/de\/produkt\/pv-wechselrichter-delta-m15a_220\/#primaryimage","url":"https:\/\/solar-motors.com\/wp-content\/uploads\/2023\/04\/a-7-1-0-a7104f94b3ac00a497f6103547b4495b4660cfca_det_iv_de_m15a_flex-jpg_600x600.jpg","contentUrl":"https:\/\/solar-motors.com\/wp-content\/uploads\/2023\/04\/a-7-1-0-a7104f94b3ac00a497f6103547b4495b4660cfca_det_iv_de_m15a_flex-jpg_600x600.jpg","width":600,"height":541},{"@type":"BreadcrumbList","@id":"https:\/\/solar-motors.com\/de\/produkt\/pv-wechselrichter-delta-m15a_220\/#breadcrumb","itemListElement":[{"@type":"ListItem","position":1,"name":"Home","item":"https:\/\/solar-motors.com\/de\/"},{"@type":"ListItem","position":2,"name":"Shop","item":"https:\/\/solar-motors.com\/shop\/"},{"@type":"ListItem","position":3,"name":"PV-Wechselrichter Delta M15A_220"}]},{"@type":"WebSite","@id":"https:\/\/solar-motors.com\/de\/#website","url":"https:\/\/solar-motors.com\/de\/","name":"Solar Motors","description":"Dependable Sun Tracking Systems Since 2005","potentialAction":[{"@type":"SearchAction","target":{"@type":"EntryPoint","urlTemplate":"https:\/\/solar-motors.com\/de\/?s={search_term_string}"},"query-input":{"@type":"PropertyValueSpecification","valueRequired":true,"valueName":"search_term_string"}}],"inLanguage":"de"}]}},"_links":{"self":[{"href":"https:\/\/solar-motors.com\/de\/wp-json\/wp\/v2\/product\/7392","targetHints":{"allow":["GET"]}}],"collection":[{"href":"https:\/\/solar-motors.com\/de\/wp-json\/wp\/v2\/product"}],"about":[{"href":"https:\/\/solar-motors.com\/de\/wp-json\/wp\/v2\/types\/product"}],"replies":[{"embeddable":true,"href":"https:\/\/solar-motors.com\/de\/wp-json\/wp\/v2\/comments?post=7392"}],"wp:featuredmedia":[{"embeddable":true,"href":"https:\/\/solar-motors.com\/de\/wp-json\/wp\/v2\/media\/7185"}],"wp:attachment":[{"href":"https:\/\/solar-motors.com\/de\/wp-json\/wp\/v2\/media?parent=7392"}],"wp:term":[{"taxonomy":"product_brand","embeddable":true,"href":"https:\/\/solar-motors.com\/de\/wp-json\/wp\/v2\/product_brand?post=7392"},{"taxonomy":"product_cat","embeddable":true,"href":"https:\/\/solar-motors.com\/de\/wp-json\/wp\/v2\/product_cat?post=7392"},{"taxonomy":"product_tag","embeddable":true,"href":"https:\/\/solar-motors.com\/de\/wp-json\/wp\/v2\/product_tag?post=7392"}],"curies":[{"name":"wp","href":"https:\/\/api.w.org\/{rel}","templated":true}]}}