{"id":7394,"date":"2023-03-06T14:13:22","date_gmt":"2023-03-06T13:13:22","guid":{"rendered":"https:\/\/solar-motors.com\/product\/solar-positionierer-2-achse-mod-micro-f-usb-rs485-schnittstelle-fuer-lora-hutschiene\/"},"modified":"2023-04-19T11:58:10","modified_gmt":"2023-04-19T09:58:10","slug":"solar-positioner-2-axis-mod-micro-f-usb-rs485-interface-for-lora-din-rail","status":"publish","type":"product","link":"https:\/\/solar-motors.com\/de\/produkt\/solar-positioner-2-axis-mod-micro-f-usb-rs485-interface-for-lora-din-rail\/","title":{"rendered":"Solar Positionierer 2-achse mod. MICRO-F, USB-RS485, Schnittstelle f\u00fcr LoRa, Hutschiene"},"content":{"rendered":"<div dir=\"ltr\" style=\"margin-right: 0px;\">\n<p><strong>Eigenst\u00e4ndiger Solar Tracker Controller MICRO-D-Positionierer f\u00fcr PMDC-Motoren<\/strong><\/p>\n<p dir=\"ltr\" style=\"margin-right: 0px;\">Der MICRO-D Solar Tracker Controller ist f\u00fcr den Betrieb von einachsigen oder zwei einachsigen Solartrackern mit PMDC-Motoren ausgelegt. Es eignet sich ideal f\u00fcr Standorte mit einem einzelnen oder einer begrenzten Anzahl von Solartrackern. Das MICRO-D verf\u00fcgt \u00fcber eine USB-Konnektivit\u00e4t zur direkten Verwaltung \u00fcber einen PC und eine RS485-Kommunikation f\u00fcr die kabelgebundene Distanz\u00fcberwachung \u00fcber einen RS485-zu-USB-Konverter, aber mit Hilfe von Kabel-zu-Wireless-Konvertern k\u00f6nnen Sie auch aus der Ferne \u00fcberwachen und verwalten. Mit zus\u00e4tzlicher Anbindung an den SIGMA-Solarserver ist auch die Fern\u00fcberwachung und -verwaltung \u00fcber das Internet m\u00f6glich. Einfache und schnelle Installation, hohe Zuverl\u00e4ssigkeit.<\/p>\n<p dir=\"ltr\" style=\"margin-right: 0px;\"><strong>Merkmale<\/strong><\/p>\n<div style=\"margin-right: 0px;\">\n<div style=\"margin-right: 0px;\">Unterst\u00fctzt zweiachsige, bis zu zwei einachsige Roll- und Neige-Tracker mit PMDC-Motoren.<\/div>\n<div style=\"margin-right: 0px;\">Berechnete Sonnenposition mit astronomischen Algorithmen.<\/div>\n<div style=\"margin-right: 0px;\">Automatische Sturmerkennung mit parametrierbarer Spitzenwindgeschwindigkeitsschwelle mit Windsensor.<\/div>\n<div style=\"margin-right: 0px;\">Parametrierte feste Positionen f\u00fcr Schnee-, Sturm- oder Sauber-Positionen.<\/div>\n<div style=\"margin-right: 0px;\">Alarmierung bei elektromechanischem Ausfall.<\/div>\n<div style=\"margin-right: 0px;\">Manuelle Kontrolle von Motoren.<\/div>\n<div style=\"margin-right: 0px;\">Stromausfallerkennung.<\/div>\n<div style=\"margin-right: 0px;\">Tracker-Positionsr\u00fcckmeldung durch Quadratur-Encoder ohne externen Sensor oder mit externem Neigungsmesser.<\/div>\n<div style=\"margin-right: 0px;\">Optionale Feinabstimmung \u00fcber optischen Sensor.<\/div>\n<div style=\"margin-right: 0px;\">Optionales Bewegen aus der Sonne f\u00fcr einen bestimmten Winkel, wenn thermische Kollektoren \u00fcberhitzt sind.<\/div>\n<div style=\"margin-right: 0px;\">Optionale \u00dcberwachung der Sonneneinstrahlung und\/oder Temperaturf\u00fchler.<\/div>\n<div style=\"margin-right: 0px;\">Tracker-Modus zum Verfolgen der Sonne oder Heliostat-Modus mit unterst\u00fctzten drei verschiedenen Zielpositionen durch die drei verschiedenen Zeitr\u00e4ume pro Tag.<\/div>\n<div style=\"margin-right: 0px;\">Parametrisierter geografischer Standort, Trackergeometrien (viele), Heliostaten, unterst\u00fctzte Drehantriebe und Linearantriebe.<\/div>\n<div style=\"margin-right: 0px;\">\u00dcberwachung und Verwaltung des Solartrackers \u00fcber das kostenlose Programm Helios Analytics.<\/div>\n<div style=\"margin-right: 0px;\">Integrierte Unterst\u00fctzung f\u00fcr Android-App \u00fcber USB.<\/div>\n<p><strong>Beschreibung<\/strong><br \/>\n<strong>Ein Controller \u2013 viele Anwendungen<\/strong> \u2013 Der eigenst\u00e4ndige MICRO-D-Solartracker-Controller kann durch einen umfangreichen Parametersatz in einer Vielzahl von Solartracker-Anwendungen eingesetzt werden. Es wird in neuen Anwendungen eingesetzt, kann aber auch im Nachr\u00fcstmarkt eingesetzt werden.<br \/>\n<strong>Zweiachsige Tracker<\/strong> \u2013 Ein MICRO-D Positioniercontroller ist in der Lage, einen einzelnen zweiachsigen Tracker \u00fcber die beiden Motorkan\u00e4le mit PMDC-Motoren zu verwalten. Der Tracker kann entweder vom traditionellen Azimut-\/Elevationstyp (kartesisches Koordinatensystem), Roll- (von Ost nach West) und Elevationstyp (Polarkoordinatensystem) sein.<br \/>\n<strong>Einachsige Tracker<\/strong> \u2013 Ein MICRO-D Positioniercontroller kann bis zu zwei einachsige Solartracker \u00fcber die beiden integrierten Motorkan\u00e4le verwalten. Der\/die Tracker k\u00f6nnen sich entweder um die Nord\/S\u00fcd-, Ost\/West- oder Polarachse drehen.<br \/>\n<strong>Kommunikation<\/strong> \u2013 \u00dcber den USB-Anschluss oder RS485 erm\u00f6glicht die MICRO-D-Positioniersteuerung \u00fcber die Android- oder PC-App Helios Analytics die vollst\u00e4ndige Steuerung, Einrichtung, \u00dcberwachung und Software-Updates.<br \/>\n<strong>Lokale Kontrolle<\/strong> \u2013 Die grundlegende lokale Tracker-Steuerung kann \u00fcber integrierte Drucktasten oder umfassender \u00fcber die Android-App Helios Analytics erfolgen, die zur Definition von Controller-Parametern und\/oder \u00dcberwachung verwendet wird.<\/p>\n<div dir=\"ltr\" style=\"margin-right: 0px;\">\n<p dir=\"ltr\" style=\"margin-right: 0px;\">\n<\/div>\n<\/div>\n<p dir=\"ltr\" style=\"margin-right: 0px;\"><strong>SolarPositioner MICRO-D \/ 0441 \/<\/strong><br \/>\n<strong>Micropower-Verkabelungstrong<br \/>\n<\/strong>\u2022 Micro-D-Schaltplan <a href=\"\/wp-content\/uploads\/files-old\/jbox1_w_pos36d_r1.pdf\" target=\"_blank\" rel=\"noopener\">Herunterladen<\/a><\/p>\n<p dir=\"ltr\" style=\"margin-right: 0px;\"><strong>Technische Datenbl\u00e4tter<\/strong><\/p>\n<p dir=\"ltr\" style=\"margin-right: 0px;\">\u2022 Englisches Merkblatt im PDF-Format mittlerer Aufl\u00f6sung <a href=\"\/wp-content\/uploads\/files-old\/Solar%20positioner%20MICRO-D_MR.pdf\" target=\"_blank\" rel=\"noopener\">Herunterladen<\/a><\/p>\n<p>\u2022 Englisches Merkblatt im PDF-Format mit niedriger Aufl\u00f6sung <a href=\"\/wp-content\/uploads\/files-old\/Solar%20positioner%20MICRO-D_LR.pdf\" target=\"_blank\" rel=\"noopener\">Herunterladen<\/a><\/p>\n<p><strong>Zertifikate<br \/>\n<\/strong>\u2022 Konformit\u00e4tserkl\u00e4rung im PDF-Format <a href=\"\/wp-content\/uploads\/files-old\/Declaration%20of%20Conformity%20for%20Solar%20positioner%20MICRO.pdf\" target=\"_blank\" rel=\"noopener\">Herunterladen<\/a><\/p>\n<p><strong>Betrieb<\/strong><br \/>\nGeometrischer Betrieb Einzel- oder Doppelachsen-Positionierer<br \/>\nModell Standalone-Positionierer<br \/>\n<strong><br \/>\nKommunikation<\/strong><br \/>\nStellungsregler-Kommunikation Prim\u00e4r &#8211; USB-B2.0, sekund\u00e4r &#8211; RS485 MODBUS<br \/>\n<strong><br \/>\nMotor<\/strong><br \/>\nMax. Anzahl gesteuerter Ger\u00e4te f\u00fcr max. 2 Linearmotoren oder Drehantriebe<br \/>\n<strong><br \/>\nMax. Kommunikationsreichweite<\/strong><br \/>\nRS485 750 m verdrehte Paar @ 0,5mm Paar Kabel<br \/>\n<strong><br \/>\nStromversorgung<\/strong><br \/>\nStromversorgung Externer SMPS-Typ<br \/>\nEingangsspannung 24 VDC +5 % \/ \u201315 %<br \/>\nStromverbrauch im Leerlauf 1,5 W<br \/>\n<strong><br \/>\nUmgebungsbedingungen im Betrieb<\/strong><br \/>\nUmgebungstemperatur -25 \u00b0C &#8230; +70 \u00b0C<br \/>\nRelative Luftfeuchtigkeit 0 % &#8230; 85 %, nicht kondensierend<br \/>\n<strong><br \/>\nAllgemeine Daten<\/strong><br \/>\nAbmessungen (B \/ H \/ T) in mm 116 \/ 30 \/ 80<br \/>\nGewicht 81 gr<br \/>\nMontageort Innen<br \/>\nMontagem\u00f6glichkeiten DIN-Schienenmontage<br \/>\nStatusanzeige-LEDs f\u00fcr Power 4, com. (2), ES (4), HS (4), Aus (4), ERR (2)<br \/>\nHallsignale 2 Hallsignale pro Achse; 90\u00b0 verschoben (Quadratur-Encoder)<br \/>\nEndschalter 2 Schalter pro Achse (einer erforderlich, einer optional)<br \/>\nManuelle Tasten 2 (Ost-West, Referenz)<br \/>\nEing\u00e4nge f\u00fcr Sensoren Wind, Sonne, 2x optische Einstrahlung<br \/>\nManuelle Tasten 2 (Ost-West, Referenz)<br \/>\nUpgrade vor Ort \u00fcber USB<br \/>\n<strong><br \/>\nSprachen<\/strong><br \/>\nSoftwaresprache Englisch<br \/>\nSprachversionen \u2013 Handbuch Englisch<br \/>\n<strong><br \/>\nMerkmale<\/strong><br \/>\nGarantie 2 Jahre*<br \/>\nZertifikate und Zulassungen <a href=\"\/wp-content\/uploads\/files-old\/www.solar-motors.com\">www.solar-motors.com<\/a><br \/>\nLebensdauer min. 10 Jahre; typisch 20 Jahre; Int. Batterie 3 Jahre<\/p>\n<\/div>\n","protected":false},"excerpt":{"rendered":"<p>Solar Positionierer 2-achse mod. MICRO-F, USB-RS485, Schnittstelle f\u00fcr LoRa, Hutschiene<\/p>\n","protected":false},"featured_media":7539,"comment_status":"open","ping_status":"closed","template":"","meta":{"inline_featured_image":false},"product_brand":[],"product_cat":[804,805],"product_tag":[],"class_list":{"0":"post-7394","1":"product","2":"type-product","3":"status-publish","4":"has-post-thumbnail","6":"product_cat-solar-plc-regler","7":"product_cat-solar-plc-regler-de","9":"first","10":"instock","11":"taxable","12":"shipping-taxable","13":"purchasable","14":"product-type-simple"},"yoast_head":"<!-- This site is optimized with the Yoast SEO plugin v26.5 - https:\/\/yoast.com\/wordpress\/plugins\/seo\/ -->\n<title>Solar Positionierer 2-achse mod. MICRO-F, USB-RS485, Schnittstelle f\u00fcr LoRa, Hutschiene - Solar Motors<\/title>\n<meta name=\"robots\" content=\"index, follow, max-snippet:-1, max-image-preview:large, max-video-preview:-1\" \/>\n<link rel=\"canonical\" href=\"https:\/\/solar-motors.com\/de\/produkt\/solar-positioner-2-axis-mod-micro-f-usb-rs485-interface-for-lora-din-rail\/\" \/>\n<meta property=\"og:locale\" content=\"de_DE\" \/>\n<meta property=\"og:type\" content=\"article\" \/>\n<meta property=\"og:title\" content=\"Solar Positionierer 2-achse mod. MICRO-F, USB-RS485, Schnittstelle f\u00fcr LoRa, Hutschiene - Solar Motors\" \/>\n<meta property=\"og:description\" content=\"Solar Positionierer 2-achse mod. MICRO-F, USB-RS485, Schnittstelle f\u00fcr LoRa, Hutschiene\" \/>\n<meta property=\"og:url\" content=\"https:\/\/solar-motors.com\/de\/produkt\/solar-positioner-2-axis-mod-micro-f-usb-rs485-interface-for-lora-din-rail\/\" \/>\n<meta property=\"og:site_name\" content=\"Solar Motors\" \/>\n<meta property=\"article:modified_time\" content=\"2023-04-19T09:58:10+00:00\" \/>\n<meta property=\"og:image\" content=\"https:\/\/solar-motors.com\/wp-content\/uploads\/2023\/03\/Micro-F-17.8.-2023-Nova-slika-za-WEB.png\" \/>\n\t<meta property=\"og:image:width\" content=\"1024\" \/>\n\t<meta property=\"og:image:height\" content=\"1022\" \/>\n\t<meta property=\"og:image:type\" content=\"image\/png\" \/>\n<meta name=\"twitter:card\" content=\"summary_large_image\" \/>\n<meta name=\"twitter:label1\" content=\"Gesch\u00e4tzte Lesezeit\" \/>\n\t<meta name=\"twitter:data1\" content=\"3\u00a0Minuten\" \/>\n<script type=\"application\/ld+json\" class=\"yoast-schema-graph\">{\"@context\":\"https:\/\/schema.org\",\"@graph\":[{\"@type\":\"WebPage\",\"@id\":\"https:\/\/solar-motors.com\/de\/produkt\/solar-positioner-2-axis-mod-micro-f-usb-rs485-interface-for-lora-din-rail\/\",\"url\":\"https:\/\/solar-motors.com\/de\/produkt\/solar-positioner-2-axis-mod-micro-f-usb-rs485-interface-for-lora-din-rail\/\",\"name\":\"Solar Positionierer 2-achse mod. MICRO-F, USB-RS485, Schnittstelle f\u00fcr LoRa, Hutschiene - Solar Motors\",\"isPartOf\":{\"@id\":\"https:\/\/solar-motors.com\/de\/#website\"},\"primaryImageOfPage\":{\"@id\":\"https:\/\/solar-motors.com\/de\/produkt\/solar-positioner-2-axis-mod-micro-f-usb-rs485-interface-for-lora-din-rail\/#primaryimage\"},\"image\":{\"@id\":\"https:\/\/solar-motors.com\/de\/produkt\/solar-positioner-2-axis-mod-micro-f-usb-rs485-interface-for-lora-din-rail\/#primaryimage\"},\"thumbnailUrl\":\"https:\/\/solar-motors.com\/wp-content\/uploads\/2023\/03\/Micro-F-17.8.-2023-Nova-slika-za-WEB.png\",\"datePublished\":\"2023-03-06T13:13:22+00:00\",\"dateModified\":\"2023-04-19T09:58:10+00:00\",\"breadcrumb\":{\"@id\":\"https:\/\/solar-motors.com\/de\/produkt\/solar-positioner-2-axis-mod-micro-f-usb-rs485-interface-for-lora-din-rail\/#breadcrumb\"},\"inLanguage\":\"de\",\"potentialAction\":[{\"@type\":\"ReadAction\",\"target\":[\"https:\/\/solar-motors.com\/de\/produkt\/solar-positioner-2-axis-mod-micro-f-usb-rs485-interface-for-lora-din-rail\/\"]}]},{\"@type\":\"ImageObject\",\"inLanguage\":\"de\",\"@id\":\"https:\/\/solar-motors.com\/de\/produkt\/solar-positioner-2-axis-mod-micro-f-usb-rs485-interface-for-lora-din-rail\/#primaryimage\",\"url\":\"https:\/\/solar-motors.com\/wp-content\/uploads\/2023\/03\/Micro-F-17.8.-2023-Nova-slika-za-WEB.png\",\"contentUrl\":\"https:\/\/solar-motors.com\/wp-content\/uploads\/2023\/03\/Micro-F-17.8.-2023-Nova-slika-za-WEB.png\",\"width\":1403,\"height\":1400},{\"@type\":\"BreadcrumbList\",\"@id\":\"https:\/\/solar-motors.com\/de\/produkt\/solar-positioner-2-axis-mod-micro-f-usb-rs485-interface-for-lora-din-rail\/#breadcrumb\",\"itemListElement\":[{\"@type\":\"ListItem\",\"position\":1,\"name\":\"Home\",\"item\":\"https:\/\/solar-motors.com\/de\/\"},{\"@type\":\"ListItem\",\"position\":2,\"name\":\"Shop\",\"item\":\"https:\/\/solar-motors.com\/shop\/\"},{\"@type\":\"ListItem\",\"position\":3,\"name\":\"Solar Positionierer 2-achse mod. MICRO-F, USB-RS485, Schnittstelle f\u00fcr LoRa, Hutschiene\"}]},{\"@type\":\"WebSite\",\"@id\":\"https:\/\/solar-motors.com\/de\/#website\",\"url\":\"https:\/\/solar-motors.com\/de\/\",\"name\":\"Solar Motors\",\"description\":\"Dependable Sun Tracking Systems Since 2005\",\"potentialAction\":[{\"@type\":\"SearchAction\",\"target\":{\"@type\":\"EntryPoint\",\"urlTemplate\":\"https:\/\/solar-motors.com\/de\/?s={search_term_string}\"},\"query-input\":{\"@type\":\"PropertyValueSpecification\",\"valueRequired\":true,\"valueName\":\"search_term_string\"}}],\"inLanguage\":\"de\"}]}<\/script>\n<!-- \/ Yoast SEO plugin. -->","yoast_head_json":{"title":"Solar Positionierer 2-achse mod. MICRO-F, USB-RS485, Schnittstelle f\u00fcr LoRa, Hutschiene - Solar Motors","robots":{"index":"index","follow":"follow","max-snippet":"max-snippet:-1","max-image-preview":"max-image-preview:large","max-video-preview":"max-video-preview:-1"},"canonical":"https:\/\/solar-motors.com\/de\/produkt\/solar-positioner-2-axis-mod-micro-f-usb-rs485-interface-for-lora-din-rail\/","og_locale":"de_DE","og_type":"article","og_title":"Solar Positionierer 2-achse mod. MICRO-F, USB-RS485, Schnittstelle f\u00fcr LoRa, Hutschiene - Solar Motors","og_description":"Solar Positionierer 2-achse mod. MICRO-F, USB-RS485, Schnittstelle f\u00fcr LoRa, Hutschiene","og_url":"https:\/\/solar-motors.com\/de\/produkt\/solar-positioner-2-axis-mod-micro-f-usb-rs485-interface-for-lora-din-rail\/","og_site_name":"Solar Motors","article_modified_time":"2023-04-19T09:58:10+00:00","og_image":[{"url":"https:\/\/solar-motors.com\/wp-content\/uploads\/2023\/03\/Micro-F-17.8.-2023-Nova-slika-za-WEB.png","width":1024,"height":1022,"type":"image\/png"}],"twitter_card":"summary_large_image","twitter_misc":{"Gesch\u00e4tzte Lesezeit":"3\u00a0Minuten"},"schema":{"@context":"https:\/\/schema.org","@graph":[{"@type":"WebPage","@id":"https:\/\/solar-motors.com\/de\/produkt\/solar-positioner-2-axis-mod-micro-f-usb-rs485-interface-for-lora-din-rail\/","url":"https:\/\/solar-motors.com\/de\/produkt\/solar-positioner-2-axis-mod-micro-f-usb-rs485-interface-for-lora-din-rail\/","name":"Solar Positionierer 2-achse mod. MICRO-F, USB-RS485, Schnittstelle f\u00fcr LoRa, Hutschiene - Solar Motors","isPartOf":{"@id":"https:\/\/solar-motors.com\/de\/#website"},"primaryImageOfPage":{"@id":"https:\/\/solar-motors.com\/de\/produkt\/solar-positioner-2-axis-mod-micro-f-usb-rs485-interface-for-lora-din-rail\/#primaryimage"},"image":{"@id":"https:\/\/solar-motors.com\/de\/produkt\/solar-positioner-2-axis-mod-micro-f-usb-rs485-interface-for-lora-din-rail\/#primaryimage"},"thumbnailUrl":"https:\/\/solar-motors.com\/wp-content\/uploads\/2023\/03\/Micro-F-17.8.-2023-Nova-slika-za-WEB.png","datePublished":"2023-03-06T13:13:22+00:00","dateModified":"2023-04-19T09:58:10+00:00","breadcrumb":{"@id":"https:\/\/solar-motors.com\/de\/produkt\/solar-positioner-2-axis-mod-micro-f-usb-rs485-interface-for-lora-din-rail\/#breadcrumb"},"inLanguage":"de","potentialAction":[{"@type":"ReadAction","target":["https:\/\/solar-motors.com\/de\/produkt\/solar-positioner-2-axis-mod-micro-f-usb-rs485-interface-for-lora-din-rail\/"]}]},{"@type":"ImageObject","inLanguage":"de","@id":"https:\/\/solar-motors.com\/de\/produkt\/solar-positioner-2-axis-mod-micro-f-usb-rs485-interface-for-lora-din-rail\/#primaryimage","url":"https:\/\/solar-motors.com\/wp-content\/uploads\/2023\/03\/Micro-F-17.8.-2023-Nova-slika-za-WEB.png","contentUrl":"https:\/\/solar-motors.com\/wp-content\/uploads\/2023\/03\/Micro-F-17.8.-2023-Nova-slika-za-WEB.png","width":1403,"height":1400},{"@type":"BreadcrumbList","@id":"https:\/\/solar-motors.com\/de\/produkt\/solar-positioner-2-axis-mod-micro-f-usb-rs485-interface-for-lora-din-rail\/#breadcrumb","itemListElement":[{"@type":"ListItem","position":1,"name":"Home","item":"https:\/\/solar-motors.com\/de\/"},{"@type":"ListItem","position":2,"name":"Shop","item":"https:\/\/solar-motors.com\/shop\/"},{"@type":"ListItem","position":3,"name":"Solar Positionierer 2-achse mod. MICRO-F, USB-RS485, Schnittstelle f\u00fcr LoRa, Hutschiene"}]},{"@type":"WebSite","@id":"https:\/\/solar-motors.com\/de\/#website","url":"https:\/\/solar-motors.com\/de\/","name":"Solar Motors","description":"Dependable Sun Tracking Systems Since 2005","potentialAction":[{"@type":"SearchAction","target":{"@type":"EntryPoint","urlTemplate":"https:\/\/solar-motors.com\/de\/?s={search_term_string}"},"query-input":{"@type":"PropertyValueSpecification","valueRequired":true,"valueName":"search_term_string"}}],"inLanguage":"de"}]}},"_links":{"self":[{"href":"https:\/\/solar-motors.com\/de\/wp-json\/wp\/v2\/product\/7394","targetHints":{"allow":["GET"]}}],"collection":[{"href":"https:\/\/solar-motors.com\/de\/wp-json\/wp\/v2\/product"}],"about":[{"href":"https:\/\/solar-motors.com\/de\/wp-json\/wp\/v2\/types\/product"}],"replies":[{"embeddable":true,"href":"https:\/\/solar-motors.com\/de\/wp-json\/wp\/v2\/comments?post=7394"}],"wp:featuredmedia":[{"embeddable":true,"href":"https:\/\/solar-motors.com\/de\/wp-json\/wp\/v2\/media\/7539"}],"wp:attachment":[{"href":"https:\/\/solar-motors.com\/de\/wp-json\/wp\/v2\/media?parent=7394"}],"wp:term":[{"taxonomy":"product_brand","embeddable":true,"href":"https:\/\/solar-motors.com\/de\/wp-json\/wp\/v2\/product_brand?post=7394"},{"taxonomy":"product_cat","embeddable":true,"href":"https:\/\/solar-motors.com\/de\/wp-json\/wp\/v2\/product_cat?post=7394"},{"taxonomy":"product_tag","embeddable":true,"href":"https:\/\/solar-motors.com\/de\/wp-json\/wp\/v2\/product_tag?post=7394"}],"curies":[{"name":"wp","href":"https:\/\/api.w.org\/{rel}","templated":true}]}}