{"id":7398,"date":"2023-04-03T10:46:49","date_gmt":"2023-04-03T08:46:49","guid":{"rendered":"https:\/\/solar-motors.com\/product\/pv-wechselrichter-delta-h3a_220\/"},"modified":"2023-04-19T11:58:06","modified_gmt":"2023-04-19T09:58:06","slug":"pv-wechelrichter-delta-h3a_220","status":"publish","type":"product","link":"https:\/\/solar-motors.com\/de\/produkt\/pv-wechelrichter-delta-h3a_220\/","title":{"rendered":"PV WECHSELRICHTER Delta H3A_220"},"content":{"rendered":"<h3><span style=\"color: #000000;\"> Dieser neue einphasige Solarwechselrichter wurde f\u00fcr PV-Anwendungen in Privathaushalten entwickelt, bei denen es auf maximale Vielseitigkeit und Rentabilit\u00e4t ankommt. Mit einem hohen Maximalwirkungsgrad von bis zu 98,3 % wird ein optimaler Ertrag der PV-Anlage vom Ger\u00e4t sichergestellt.<\/span><\/h3>\n<h3><span style=\"color: #000000;\">Modell: H3A_220<\/span><\/h3>\n<p><strong>DC-Eingang<\/strong><br \/>\nMax. Eingangsspannung: 600V<br \/>\nBetriebsspannungsbereich: 30~550V<br \/>\nMPP-Bereich mit max. Leistung: 180 ~ 500 V<br \/>\nAnlaufspannung: &gt;35V<br \/>\nNennspannung: 350V<br \/>\nMax. Eingangsstrom: 11Adc f\u00fcr jeden<br \/>\nMPP-Tracker: 2<br \/>\nVerbindungstyp: 2 Paar MC4<br \/>\nDC-Trennvorrichtung: Schalter<\/p>\n<p><strong>AC-Ausgang<\/strong><br \/>\nMax. Ausgangsleistung: 3000 W\/ 3000 VA<br \/>\nMax. Ausgangsstrom: 14,3 A<br \/>\nNennspannung: 220\/230 V<br \/>\nWechselspannungsbereich: 180-280 V<br \/>\nFrequenzbereich: 50 \/ 60 Hz (\u00b1 5 Hz)<br \/>\nTHD: &lt; 3%<br \/>\nBlindleistung: 0,8 Ind ~ 0,8 Kap<br \/>\nStromverbrauch bei Nacht :&lt; 2W<\/p>\n<p>Spitzenwirkungsgrad: 97,5 %<br \/>\nEuro-Wirkungsgrad: 96,8 %<\/p>\n<p>Kommunikation: Wi-Fi<br \/>\nAnzeige: LED<br \/>\nAnzeige: MyDeltaSolar APP ( iOS \/ Android )<\/p>\n<p>Betriebstemperatur. Bereich: -25 bis +60\u00b0C, volle Leistung bis 40\u00b0C<br \/>\nSchutzstufe: IP65<br \/>\nGer\u00e4uschemission, typisch: 20 dB (A)<br \/>\nBetriebsh\u00f6he: &lt; 2000m<\/p>\n","protected":false},"excerpt":{"rendered":"<p>Dieser neue einphasige Solarwechselrichter wurde f\u00fcr PV-Anwendungen in Privathaushalten entwickelt, bei denen es auf maximale Vielseitigkeit und Rentabilit\u00e4t ankommt. Mit einem hohen Maximalwirkungsgrad von bis zu 98,3 % wird ein optimaler Ertrag der PV-Anlage vom Ger\u00e4t sichergestellt. Modell: H3A_220 DC-Eingang Max. Eingangsspannung: 600V Betriebsspannungsbereich: 30~550V MPP-Bereich mit max. Leistung: 180 ~ 500 V Anlaufspannung: &gt;35V [&hellip;]<\/p>\n","protected":false},"featured_media":7162,"comment_status":"open","ping_status":"closed","template":"","meta":{"inline_featured_image":false},"product_brand":[],"product_cat":[779],"product_tag":[],"class_list":{"0":"post-7398","1":"product","2":"type-product","3":"status-publish","4":"has-post-thumbnail","6":"product_cat-solar-wechselrichter","8":"first","9":"outofstock","10":"taxable","11":"shipping-taxable","12":"purchasable","13":"product-type-simple"},"yoast_head":"<!-- This site is optimized with the Yoast SEO plugin v26.5 - https:\/\/yoast.com\/wordpress\/plugins\/seo\/ -->\n<title>PV WECHSELRICHTER Delta H3A_220 - Solar Motors<\/title>\n<meta name=\"robots\" content=\"index, follow, max-snippet:-1, max-image-preview:large, max-video-preview:-1\" \/>\n<link rel=\"canonical\" href=\"https:\/\/solar-motors.com\/de\/produkt\/pv-wechelrichter-delta-h3a_220\/\" \/>\n<meta property=\"og:locale\" content=\"de_DE\" \/>\n<meta property=\"og:type\" content=\"article\" \/>\n<meta property=\"og:title\" content=\"PV WECHSELRICHTER Delta H3A_220 - Solar Motors\" \/>\n<meta property=\"og:description\" content=\"Dieser neue einphasige Solarwechselrichter wurde f\u00fcr PV-Anwendungen in Privathaushalten entwickelt, bei denen es auf maximale Vielseitigkeit und Rentabilit\u00e4t ankommt. Mit einem hohen Maximalwirkungsgrad von bis zu 98,3 % wird ein optimaler Ertrag der PV-Anlage vom Ger\u00e4t sichergestellt. Modell: H3A_220 DC-Eingang Max. Eingangsspannung: 600V Betriebsspannungsbereich: 30~550V MPP-Bereich mit max. Leistung: 180 ~ 500 V Anlaufspannung: &gt;35V [&hellip;]\" \/>\n<meta property=\"og:url\" content=\"https:\/\/solar-motors.com\/de\/produkt\/pv-wechelrichter-delta-h3a_220\/\" \/>\n<meta property=\"og:site_name\" content=\"Solar Motors\" \/>\n<meta property=\"article:modified_time\" content=\"2023-04-19T09:58:06+00:00\" \/>\n<meta property=\"og:image\" content=\"https:\/\/solar-motors.com\/wp-content\/uploads\/2023\/04\/3-252Ff-252F1-252F6-252F3f16303bafab695179eaca00bcc1d028300b7475_det_iv_de_h4a_h5a.jpg\" \/>\n\t<meta property=\"og:image:width\" content=\"600\" \/>\n\t<meta property=\"og:image:height\" content=\"540\" \/>\n\t<meta property=\"og:image:type\" content=\"image\/jpeg\" \/>\n<meta name=\"twitter:card\" content=\"summary_large_image\" \/>\n<meta name=\"twitter:label1\" content=\"Gesch\u00e4tzte Lesezeit\" \/>\n\t<meta name=\"twitter:data1\" content=\"1\u00a0Minute\" \/>\n<script type=\"application\/ld+json\" class=\"yoast-schema-graph\">{\"@context\":\"https:\/\/schema.org\",\"@graph\":[{\"@type\":\"WebPage\",\"@id\":\"https:\/\/solar-motors.com\/de\/produkt\/pv-wechelrichter-delta-h3a_220\/\",\"url\":\"https:\/\/solar-motors.com\/de\/produkt\/pv-wechelrichter-delta-h3a_220\/\",\"name\":\"PV WECHSELRICHTER Delta H3A_220 - Solar Motors\",\"isPartOf\":{\"@id\":\"https:\/\/solar-motors.com\/de\/#website\"},\"primaryImageOfPage\":{\"@id\":\"https:\/\/solar-motors.com\/de\/produkt\/pv-wechelrichter-delta-h3a_220\/#primaryimage\"},\"image\":{\"@id\":\"https:\/\/solar-motors.com\/de\/produkt\/pv-wechelrichter-delta-h3a_220\/#primaryimage\"},\"thumbnailUrl\":\"https:\/\/solar-motors.com\/wp-content\/uploads\/2023\/04\/3-252Ff-252F1-252F6-252F3f16303bafab695179eaca00bcc1d028300b7475_det_iv_de_h4a_h5a.jpg\",\"datePublished\":\"2023-04-03T08:46:49+00:00\",\"dateModified\":\"2023-04-19T09:58:06+00:00\",\"breadcrumb\":{\"@id\":\"https:\/\/solar-motors.com\/de\/produkt\/pv-wechelrichter-delta-h3a_220\/#breadcrumb\"},\"inLanguage\":\"de\",\"potentialAction\":[{\"@type\":\"ReadAction\",\"target\":[\"https:\/\/solar-motors.com\/de\/produkt\/pv-wechelrichter-delta-h3a_220\/\"]}]},{\"@type\":\"ImageObject\",\"inLanguage\":\"de\",\"@id\":\"https:\/\/solar-motors.com\/de\/produkt\/pv-wechelrichter-delta-h3a_220\/#primaryimage\",\"url\":\"https:\/\/solar-motors.com\/wp-content\/uploads\/2023\/04\/3-252Ff-252F1-252F6-252F3f16303bafab695179eaca00bcc1d028300b7475_det_iv_de_h4a_h5a.jpg\",\"contentUrl\":\"https:\/\/solar-motors.com\/wp-content\/uploads\/2023\/04\/3-252Ff-252F1-252F6-252F3f16303bafab695179eaca00bcc1d028300b7475_det_iv_de_h4a_h5a.jpg\",\"width\":600,\"height\":540},{\"@type\":\"BreadcrumbList\",\"@id\":\"https:\/\/solar-motors.com\/de\/produkt\/pv-wechelrichter-delta-h3a_220\/#breadcrumb\",\"itemListElement\":[{\"@type\":\"ListItem\",\"position\":1,\"name\":\"Home\",\"item\":\"https:\/\/solar-motors.com\/de\/\"},{\"@type\":\"ListItem\",\"position\":2,\"name\":\"Shop\",\"item\":\"https:\/\/solar-motors.com\/shop\/\"},{\"@type\":\"ListItem\",\"position\":3,\"name\":\"PV WECHSELRICHTER Delta H3A_220\"}]},{\"@type\":\"WebSite\",\"@id\":\"https:\/\/solar-motors.com\/de\/#website\",\"url\":\"https:\/\/solar-motors.com\/de\/\",\"name\":\"Solar Motors\",\"description\":\"Dependable Sun Tracking Systems Since 2005\",\"potentialAction\":[{\"@type\":\"SearchAction\",\"target\":{\"@type\":\"EntryPoint\",\"urlTemplate\":\"https:\/\/solar-motors.com\/de\/?s={search_term_string}\"},\"query-input\":{\"@type\":\"PropertyValueSpecification\",\"valueRequired\":true,\"valueName\":\"search_term_string\"}}],\"inLanguage\":\"de\"}]}<\/script>\n<!-- \/ Yoast SEO plugin. -->","yoast_head_json":{"title":"PV WECHSELRICHTER Delta H3A_220 - Solar Motors","robots":{"index":"index","follow":"follow","max-snippet":"max-snippet:-1","max-image-preview":"max-image-preview:large","max-video-preview":"max-video-preview:-1"},"canonical":"https:\/\/solar-motors.com\/de\/produkt\/pv-wechelrichter-delta-h3a_220\/","og_locale":"de_DE","og_type":"article","og_title":"PV WECHSELRICHTER Delta H3A_220 - Solar Motors","og_description":"Dieser neue einphasige Solarwechselrichter wurde f\u00fcr PV-Anwendungen in Privathaushalten entwickelt, bei denen es auf maximale Vielseitigkeit und Rentabilit\u00e4t ankommt. Mit einem hohen Maximalwirkungsgrad von bis zu 98,3 % wird ein optimaler Ertrag der PV-Anlage vom Ger\u00e4t sichergestellt. Modell: H3A_220 DC-Eingang Max. Eingangsspannung: 600V Betriebsspannungsbereich: 30~550V MPP-Bereich mit max. Leistung: 180 ~ 500 V Anlaufspannung: &gt;35V [&hellip;]","og_url":"https:\/\/solar-motors.com\/de\/produkt\/pv-wechelrichter-delta-h3a_220\/","og_site_name":"Solar Motors","article_modified_time":"2023-04-19T09:58:06+00:00","og_image":[{"width":600,"height":540,"url":"https:\/\/solar-motors.com\/wp-content\/uploads\/2023\/04\/3-252Ff-252F1-252F6-252F3f16303bafab695179eaca00bcc1d028300b7475_det_iv_de_h4a_h5a.jpg","type":"image\/jpeg"}],"twitter_card":"summary_large_image","twitter_misc":{"Gesch\u00e4tzte Lesezeit":"1\u00a0Minute"},"schema":{"@context":"https:\/\/schema.org","@graph":[{"@type":"WebPage","@id":"https:\/\/solar-motors.com\/de\/produkt\/pv-wechelrichter-delta-h3a_220\/","url":"https:\/\/solar-motors.com\/de\/produkt\/pv-wechelrichter-delta-h3a_220\/","name":"PV WECHSELRICHTER Delta H3A_220 - Solar Motors","isPartOf":{"@id":"https:\/\/solar-motors.com\/de\/#website"},"primaryImageOfPage":{"@id":"https:\/\/solar-motors.com\/de\/produkt\/pv-wechelrichter-delta-h3a_220\/#primaryimage"},"image":{"@id":"https:\/\/solar-motors.com\/de\/produkt\/pv-wechelrichter-delta-h3a_220\/#primaryimage"},"thumbnailUrl":"https:\/\/solar-motors.com\/wp-content\/uploads\/2023\/04\/3-252Ff-252F1-252F6-252F3f16303bafab695179eaca00bcc1d028300b7475_det_iv_de_h4a_h5a.jpg","datePublished":"2023-04-03T08:46:49+00:00","dateModified":"2023-04-19T09:58:06+00:00","breadcrumb":{"@id":"https:\/\/solar-motors.com\/de\/produkt\/pv-wechelrichter-delta-h3a_220\/#breadcrumb"},"inLanguage":"de","potentialAction":[{"@type":"ReadAction","target":["https:\/\/solar-motors.com\/de\/produkt\/pv-wechelrichter-delta-h3a_220\/"]}]},{"@type":"ImageObject","inLanguage":"de","@id":"https:\/\/solar-motors.com\/de\/produkt\/pv-wechelrichter-delta-h3a_220\/#primaryimage","url":"https:\/\/solar-motors.com\/wp-content\/uploads\/2023\/04\/3-252Ff-252F1-252F6-252F3f16303bafab695179eaca00bcc1d028300b7475_det_iv_de_h4a_h5a.jpg","contentUrl":"https:\/\/solar-motors.com\/wp-content\/uploads\/2023\/04\/3-252Ff-252F1-252F6-252F3f16303bafab695179eaca00bcc1d028300b7475_det_iv_de_h4a_h5a.jpg","width":600,"height":540},{"@type":"BreadcrumbList","@id":"https:\/\/solar-motors.com\/de\/produkt\/pv-wechelrichter-delta-h3a_220\/#breadcrumb","itemListElement":[{"@type":"ListItem","position":1,"name":"Home","item":"https:\/\/solar-motors.com\/de\/"},{"@type":"ListItem","position":2,"name":"Shop","item":"https:\/\/solar-motors.com\/shop\/"},{"@type":"ListItem","position":3,"name":"PV WECHSELRICHTER Delta H3A_220"}]},{"@type":"WebSite","@id":"https:\/\/solar-motors.com\/de\/#website","url":"https:\/\/solar-motors.com\/de\/","name":"Solar Motors","description":"Dependable Sun Tracking Systems Since 2005","potentialAction":[{"@type":"SearchAction","target":{"@type":"EntryPoint","urlTemplate":"https:\/\/solar-motors.com\/de\/?s={search_term_string}"},"query-input":{"@type":"PropertyValueSpecification","valueRequired":true,"valueName":"search_term_string"}}],"inLanguage":"de"}]}},"_links":{"self":[{"href":"https:\/\/solar-motors.com\/de\/wp-json\/wp\/v2\/product\/7398","targetHints":{"allow":["GET"]}}],"collection":[{"href":"https:\/\/solar-motors.com\/de\/wp-json\/wp\/v2\/product"}],"about":[{"href":"https:\/\/solar-motors.com\/de\/wp-json\/wp\/v2\/types\/product"}],"replies":[{"embeddable":true,"href":"https:\/\/solar-motors.com\/de\/wp-json\/wp\/v2\/comments?post=7398"}],"wp:featuredmedia":[{"embeddable":true,"href":"https:\/\/solar-motors.com\/de\/wp-json\/wp\/v2\/media\/7162"}],"wp:attachment":[{"href":"https:\/\/solar-motors.com\/de\/wp-json\/wp\/v2\/media?parent=7398"}],"wp:term":[{"taxonomy":"product_brand","embeddable":true,"href":"https:\/\/solar-motors.com\/de\/wp-json\/wp\/v2\/product_brand?post=7398"},{"taxonomy":"product_cat","embeddable":true,"href":"https:\/\/solar-motors.com\/de\/wp-json\/wp\/v2\/product_cat?post=7398"},{"taxonomy":"product_tag","embeddable":true,"href":"https:\/\/solar-motors.com\/de\/wp-json\/wp\/v2\/product_tag?post=7398"}],"curies":[{"name":"wp","href":"https:\/\/api.w.org\/{rel}","templated":true}]}}