{"id":7402,"date":"2023-03-06T14:18:58","date_gmt":"2023-03-06T13:18:58","guid":{"rendered":"https:\/\/solar-motors.com\/product\/solar-tracker-stl24-einachsig-in-reihe-fuer-24-solarmodule-mit-saeule\/"},"modified":"2023-04-19T11:58:09","modified_gmt":"2023-04-19T09:58:09","slug":"solar-tracker-stl24-single-axis-in-line-for-24-solar-panels-with-pillar","status":"publish","type":"product","link":"https:\/\/solar-motors.com\/de\/produkt\/solar-tracker-stl24-single-axis-in-line-for-24-solar-panels-with-pillar\/","title":{"rendered":"Solar Tracker STL24 einachsig in Reihe f\u00fcr 24 Solarmodule mit S\u00e4ule"},"content":{"rendered":"<p>Solar Tracker STL24 einachsig in Reihe f\u00fcr 24 Solarmodule mit S\u00e4ule<\/p>\n<p><strong>Kontaktieren Sie uns f\u00fcr den Preis!<\/strong><\/p>\n<\/p>\n<table width=\"100%\" border=\"1\" cellspacing=\"0\" cellpadding=\"0\">\n<tbody>\n<tr>\n<td bgcolor=\"#ed1c24\">\n<p><strong> Solar Tracker STL24 \/ 0135<\/strong><\/p>\n<\/td>\n<td>\n<p align=\"center\"><img decoding=\"async\" alt=\"\" src=\"\/wp-content\/uploads\/files-old\/%24%24H_4BF90B6D_PDF_icon.gif\" border=\"0\" hspace=\"0\"><\/p>\n<\/td>\n<\/tr>\n<tr>\n<td>\n<p><strong> Installations- und Gebrauchsanweisung im PDF-Format<\/strong><\/p>\n<\/td>\n<td>\n<p align=\"center\">\n<\/td>\n<\/tr>\n<tr>\n<td>&#8211; Vereinfachtes englisches Benutzerhandbuch im PDF-Format<\/td>\n<td>\n<p align=\"center\">Herunterladen<\/p>\n<\/td>\n<\/tr>\n<tr>\n<td>&#8211; Technische Umrisszeichnung<\/td>\n<td>\n<p align=\"center\"><a href=\"\/wp-content\/uploads\/files-old\/stl24.pdf\" target=\"_blank\" rel=\"noopener\">Herunterladen<\/a><\/p>\n<\/td>\n<\/tr>\n<tr>\n<td>\n<p align=\"left\">&#8211; Deutsche Bedienungsanleitung im PDF-Format<\/p>\n<\/td>\n<td>\n<p align=\"center\">Herunterladen<\/p>\n<\/td>\n<\/tr>\n<tr>\n<td>\n<p><strong> Technische Datenbl\u00e4tter<\/strong><\/p>\n<\/td>\n<td>\n<p align=\"center\">\n<\/td>\n<\/tr>\n<tr>\n<td>\n<p>&#8211; Englisches Merkblatt im PDF-Format mittlerer Aufl\u00f6sung<\/p>\n<\/td>\n<td>\n<p align=\"center\"><a href=\"\/wp-content\/uploads\/files-old\/STL24_MR.pdf\" target=\"_blank\" rel=\"noopener\">Herunterladen<\/a><\/p>\n<\/td>\n<\/tr>\n<tr>\n<td>\n<p>&#8211; Englisches Merkblatt im PDF-Format mit niedriger Aufl\u00f6sung<\/p>\n<\/td>\n<td>\n<p align=\"center\"><a href=\"\/wp-content\/uploads\/files-old\/STL24_LR.pdf\" target=\"_blank\" rel=\"noopener\">Herunterladen<\/a><\/p>\n<\/td>\n<\/tr>\n<tr>\n<td>\n<p align=\"center\">\n<\/td>\n<td>\n<p align=\"center\">\n<\/td>\n<\/tr>\n<tr>\n<td>\n<p><strong> Neuste Firmware<\/strong><\/p>\n<\/td>\n<td>\n<p align=\"center\">\n<\/td>\n<\/tr>\n<tr>\n<td>\n<p><u> Bitte durchsuchen Sie die Support-Seite<\/u><\/p>\n<\/td>\n<td>\n<p align=\"center\">\n<\/td>\n<\/tr>\n<tr>\n<td>\n<p align=\"center\">\n<\/td>\n<td>\n<p align=\"center\">\n<\/td>\n<\/tr>\n<tr>\n<td>\n<p> <strong>Zertifikate<\/strong><\/p>\n<\/td>\n<td>\n<p align=\"center\">\n<\/td>\n<\/tr>\n<tr>\n<td>\n<p>&#8211; Konformit\u00e4tserkl\u00e4rung im PDF-Format<\/p>\n<\/td>\n<td>\n<p align=\"center\">Herunterladen<\/p>\n<\/td>\n<\/tr>\n<\/tbody>\n<\/table>\n<p><strong><\/strong> <\/p>\n","protected":false},"excerpt":{"rendered":"<p>Solar Tracker STT24 einachsig in Reihe f\u00fcr 24 Solarmodule mit S\u00e4ule<\/p>\n","protected":false},"featured_media":6037,"comment_status":"open","ping_status":"closed","template":"","meta":{"inline_featured_image":false},"product_brand":[],"product_cat":[774],"product_tag":[],"class_list":{"0":"post-7402","1":"product","2":"type-product","3":"status-publish","4":"has-post-thumbnail","6":"product_cat-einachsige-suntracker","8":"first","9":"outofstock","10":"taxable","11":"shipping-taxable","12":"product-type-simple"},"yoast_head":"<!-- This site is optimized with the Yoast SEO plugin v26.5 - https:\/\/yoast.com\/wordpress\/plugins\/seo\/ -->\n<title>Solar Tracker STL24 einachsig in Reihe f\u00fcr 24 Solarmodule mit S\u00e4ule - Solar Motors<\/title>\n<meta name=\"robots\" content=\"index, follow, max-snippet:-1, max-image-preview:large, max-video-preview:-1\" \/>\n<link rel=\"canonical\" href=\"https:\/\/solar-motors.com\/de\/produkt\/solar-tracker-stl24-single-axis-in-line-for-24-solar-panels-with-pillar\/\" \/>\n<meta property=\"og:locale\" content=\"de_DE\" \/>\n<meta property=\"og:type\" content=\"article\" \/>\n<meta property=\"og:title\" content=\"Solar Tracker STL24 einachsig in Reihe f\u00fcr 24 Solarmodule mit S\u00e4ule - Solar Motors\" \/>\n<meta property=\"og:description\" content=\"Solar Tracker STT24 einachsig in Reihe f\u00fcr 24 Solarmodule mit S\u00e4ule\" \/>\n<meta property=\"og:url\" content=\"https:\/\/solar-motors.com\/de\/produkt\/solar-tracker-stl24-single-axis-in-line-for-24-solar-panels-with-pillar\/\" \/>\n<meta property=\"og:site_name\" content=\"Solar Motors\" \/>\n<meta property=\"article:modified_time\" content=\"2023-04-19T09:58:09+00:00\" \/>\n<meta property=\"og:image\" content=\"https:\/\/solar-motors.com\/wp-content\/uploads\/2023\/03\/A_02A8F10E_stl24204.jpg\" \/>\n\t<meta property=\"og:image:width\" content=\"600\" \/>\n\t<meta property=\"og:image:height\" content=\"246\" \/>\n\t<meta property=\"og:image:type\" content=\"image\/jpeg\" \/>\n<meta name=\"twitter:card\" content=\"summary_large_image\" \/>\n<script type=\"application\/ld+json\" class=\"yoast-schema-graph\">{\"@context\":\"https:\/\/schema.org\",\"@graph\":[{\"@type\":\"WebPage\",\"@id\":\"https:\/\/solar-motors.com\/de\/produkt\/solar-tracker-stl24-single-axis-in-line-for-24-solar-panels-with-pillar\/\",\"url\":\"https:\/\/solar-motors.com\/de\/produkt\/solar-tracker-stl24-single-axis-in-line-for-24-solar-panels-with-pillar\/\",\"name\":\"Solar Tracker STL24 einachsig in Reihe f\u00fcr 24 Solarmodule mit S\u00e4ule - Solar Motors\",\"isPartOf\":{\"@id\":\"https:\/\/solar-motors.com\/de\/#website\"},\"primaryImageOfPage\":{\"@id\":\"https:\/\/solar-motors.com\/de\/produkt\/solar-tracker-stl24-single-axis-in-line-for-24-solar-panels-with-pillar\/#primaryimage\"},\"image\":{\"@id\":\"https:\/\/solar-motors.com\/de\/produkt\/solar-tracker-stl24-single-axis-in-line-for-24-solar-panels-with-pillar\/#primaryimage\"},\"thumbnailUrl\":\"https:\/\/solar-motors.com\/wp-content\/uploads\/2023\/03\/A_02A8F10E_stl24204.jpg\",\"datePublished\":\"2023-03-06T13:18:58+00:00\",\"dateModified\":\"2023-04-19T09:58:09+00:00\",\"breadcrumb\":{\"@id\":\"https:\/\/solar-motors.com\/de\/produkt\/solar-tracker-stl24-single-axis-in-line-for-24-solar-panels-with-pillar\/#breadcrumb\"},\"inLanguage\":\"de\",\"potentialAction\":[{\"@type\":\"ReadAction\",\"target\":[\"https:\/\/solar-motors.com\/de\/produkt\/solar-tracker-stl24-single-axis-in-line-for-24-solar-panels-with-pillar\/\"]}]},{\"@type\":\"ImageObject\",\"inLanguage\":\"de\",\"@id\":\"https:\/\/solar-motors.com\/de\/produkt\/solar-tracker-stl24-single-axis-in-line-for-24-solar-panels-with-pillar\/#primaryimage\",\"url\":\"https:\/\/solar-motors.com\/wp-content\/uploads\/2023\/03\/A_02A8F10E_stl24204.jpg\",\"contentUrl\":\"https:\/\/solar-motors.com\/wp-content\/uploads\/2023\/03\/A_02A8F10E_stl24204.jpg\",\"width\":600,\"height\":246},{\"@type\":\"BreadcrumbList\",\"@id\":\"https:\/\/solar-motors.com\/de\/produkt\/solar-tracker-stl24-single-axis-in-line-for-24-solar-panels-with-pillar\/#breadcrumb\",\"itemListElement\":[{\"@type\":\"ListItem\",\"position\":1,\"name\":\"Home\",\"item\":\"https:\/\/solar-motors.com\/de\/\"},{\"@type\":\"ListItem\",\"position\":2,\"name\":\"Shop\",\"item\":\"https:\/\/solar-motors.com\/shop\/\"},{\"@type\":\"ListItem\",\"position\":3,\"name\":\"Solar Tracker STL24 einachsig in Reihe f\u00fcr 24 Solarmodule mit S\u00e4ule\"}]},{\"@type\":\"WebSite\",\"@id\":\"https:\/\/solar-motors.com\/de\/#website\",\"url\":\"https:\/\/solar-motors.com\/de\/\",\"name\":\"Solar Motors\",\"description\":\"Dependable Sun Tracking Systems Since 2005\",\"potentialAction\":[{\"@type\":\"SearchAction\",\"target\":{\"@type\":\"EntryPoint\",\"urlTemplate\":\"https:\/\/solar-motors.com\/de\/?s={search_term_string}\"},\"query-input\":{\"@type\":\"PropertyValueSpecification\",\"valueRequired\":true,\"valueName\":\"search_term_string\"}}],\"inLanguage\":\"de\"}]}<\/script>\n<!-- \/ Yoast SEO plugin. -->","yoast_head_json":{"title":"Solar Tracker STL24 einachsig in Reihe f\u00fcr 24 Solarmodule mit S\u00e4ule - Solar Motors","robots":{"index":"index","follow":"follow","max-snippet":"max-snippet:-1","max-image-preview":"max-image-preview:large","max-video-preview":"max-video-preview:-1"},"canonical":"https:\/\/solar-motors.com\/de\/produkt\/solar-tracker-stl24-single-axis-in-line-for-24-solar-panels-with-pillar\/","og_locale":"de_DE","og_type":"article","og_title":"Solar Tracker STL24 einachsig in Reihe f\u00fcr 24 Solarmodule mit S\u00e4ule - Solar Motors","og_description":"Solar Tracker STT24 einachsig in Reihe f\u00fcr 24 Solarmodule mit S\u00e4ule","og_url":"https:\/\/solar-motors.com\/de\/produkt\/solar-tracker-stl24-single-axis-in-line-for-24-solar-panels-with-pillar\/","og_site_name":"Solar Motors","article_modified_time":"2023-04-19T09:58:09+00:00","og_image":[{"width":600,"height":246,"url":"https:\/\/solar-motors.com\/wp-content\/uploads\/2023\/03\/A_02A8F10E_stl24204.jpg","type":"image\/jpeg"}],"twitter_card":"summary_large_image","schema":{"@context":"https:\/\/schema.org","@graph":[{"@type":"WebPage","@id":"https:\/\/solar-motors.com\/de\/produkt\/solar-tracker-stl24-single-axis-in-line-for-24-solar-panels-with-pillar\/","url":"https:\/\/solar-motors.com\/de\/produkt\/solar-tracker-stl24-single-axis-in-line-for-24-solar-panels-with-pillar\/","name":"Solar Tracker STL24 einachsig in Reihe f\u00fcr 24 Solarmodule mit S\u00e4ule - Solar Motors","isPartOf":{"@id":"https:\/\/solar-motors.com\/de\/#website"},"primaryImageOfPage":{"@id":"https:\/\/solar-motors.com\/de\/produkt\/solar-tracker-stl24-single-axis-in-line-for-24-solar-panels-with-pillar\/#primaryimage"},"image":{"@id":"https:\/\/solar-motors.com\/de\/produkt\/solar-tracker-stl24-single-axis-in-line-for-24-solar-panels-with-pillar\/#primaryimage"},"thumbnailUrl":"https:\/\/solar-motors.com\/wp-content\/uploads\/2023\/03\/A_02A8F10E_stl24204.jpg","datePublished":"2023-03-06T13:18:58+00:00","dateModified":"2023-04-19T09:58:09+00:00","breadcrumb":{"@id":"https:\/\/solar-motors.com\/de\/produkt\/solar-tracker-stl24-single-axis-in-line-for-24-solar-panels-with-pillar\/#breadcrumb"},"inLanguage":"de","potentialAction":[{"@type":"ReadAction","target":["https:\/\/solar-motors.com\/de\/produkt\/solar-tracker-stl24-single-axis-in-line-for-24-solar-panels-with-pillar\/"]}]},{"@type":"ImageObject","inLanguage":"de","@id":"https:\/\/solar-motors.com\/de\/produkt\/solar-tracker-stl24-single-axis-in-line-for-24-solar-panels-with-pillar\/#primaryimage","url":"https:\/\/solar-motors.com\/wp-content\/uploads\/2023\/03\/A_02A8F10E_stl24204.jpg","contentUrl":"https:\/\/solar-motors.com\/wp-content\/uploads\/2023\/03\/A_02A8F10E_stl24204.jpg","width":600,"height":246},{"@type":"BreadcrumbList","@id":"https:\/\/solar-motors.com\/de\/produkt\/solar-tracker-stl24-single-axis-in-line-for-24-solar-panels-with-pillar\/#breadcrumb","itemListElement":[{"@type":"ListItem","position":1,"name":"Home","item":"https:\/\/solar-motors.com\/de\/"},{"@type":"ListItem","position":2,"name":"Shop","item":"https:\/\/solar-motors.com\/shop\/"},{"@type":"ListItem","position":3,"name":"Solar Tracker STL24 einachsig in Reihe f\u00fcr 24 Solarmodule mit S\u00e4ule"}]},{"@type":"WebSite","@id":"https:\/\/solar-motors.com\/de\/#website","url":"https:\/\/solar-motors.com\/de\/","name":"Solar Motors","description":"Dependable Sun Tracking Systems Since 2005","potentialAction":[{"@type":"SearchAction","target":{"@type":"EntryPoint","urlTemplate":"https:\/\/solar-motors.com\/de\/?s={search_term_string}"},"query-input":{"@type":"PropertyValueSpecification","valueRequired":true,"valueName":"search_term_string"}}],"inLanguage":"de"}]}},"_links":{"self":[{"href":"https:\/\/solar-motors.com\/de\/wp-json\/wp\/v2\/product\/7402","targetHints":{"allow":["GET"]}}],"collection":[{"href":"https:\/\/solar-motors.com\/de\/wp-json\/wp\/v2\/product"}],"about":[{"href":"https:\/\/solar-motors.com\/de\/wp-json\/wp\/v2\/types\/product"}],"replies":[{"embeddable":true,"href":"https:\/\/solar-motors.com\/de\/wp-json\/wp\/v2\/comments?post=7402"}],"wp:featuredmedia":[{"embeddable":true,"href":"https:\/\/solar-motors.com\/de\/wp-json\/wp\/v2\/media\/6037"}],"wp:attachment":[{"href":"https:\/\/solar-motors.com\/de\/wp-json\/wp\/v2\/media?parent=7402"}],"wp:term":[{"taxonomy":"product_brand","embeddable":true,"href":"https:\/\/solar-motors.com\/de\/wp-json\/wp\/v2\/product_brand?post=7402"},{"taxonomy":"product_cat","embeddable":true,"href":"https:\/\/solar-motors.com\/de\/wp-json\/wp\/v2\/product_cat?post=7402"},{"taxonomy":"product_tag","embeddable":true,"href":"https:\/\/solar-motors.com\/de\/wp-json\/wp\/v2\/product_tag?post=7402"}],"curies":[{"name":"wp","href":"https:\/\/api.w.org\/{rel}","templated":true}]}}