{"id":7403,"date":"2023-03-06T14:19:01","date_gmt":"2023-03-06T13:19:01","guid":{"rendered":"https:\/\/solar-motors.com\/product\/solar-tracker-2-achs-st54m3s30-mit-drehantrieb-fuer-30-m2-0099-st54m3s30-ohne-betonstein\/"},"modified":"2023-04-19T11:58:08","modified_gmt":"2023-04-19T09:58:08","slug":"solar-tracker-2-axis-st54m3s30-w-slewing-drive-for-30-m2-0099-st54m3s30-ohne-betonblock","status":"publish","type":"product","link":"https:\/\/solar-motors.com\/de\/produkt\/solar-tracker-2-axis-st54m3s30-w-slewing-drive-for-30-m2-0099-st54m3s30-ohne-betonblock\/","title":{"rendered":"Solar Tracker 2-Achs ST54M3S30 mit Drehantrieb f\u00fcr 30 m2 \/ 0099 \/ ST54M3S30, ohne Betonstein."},"content":{"rendered":"<p align=\"justify\">2-achsiger oder dual-achsiger Solar Tracker mit Drehantriebsgenauigkeit bis zu 0,1 Grad und R\u00fcckenstruktur f\u00fcr 15 St\u00fcck Solarmodule mit den Abmessungen 0,99 m x 1,95 m und einem Gewicht von jeweils max. 25 kg. Also zusammen f\u00fcr 35 m2 Solarpanelfl\u00e4che. Geeignet f\u00fcr PV-Module, Konzentratoren &#8211; CPV, Heliostaten. Verwendung in Haushalten: netzgekoppelt auf Hausd\u00e4chern, Verkehrssignalisierung, Stra\u00dfenlaterne, H\u00fctten, kleine und gro\u00dfe Kraftwerke, bei denen Solarmodule in Reihe geschaltet sind und der Ausgang direkt an den Wechselrichter oder ein externes Ladeger\u00e4t angeschlossen ist. Max. Windgeschwindigkeit im Betrieb in jeder Arbeitslage 20 m\/s, \u00dcberleben max. Windb\u00f6engeschwindigkeit nicht in Betrieb (Tisch ist nicht in sicherer Windposition ist 30 m\/s. Auf Jahresbasis k\u00f6nnen Sie mit einem 2-Achsen-Motor 7 % mehr Energieeinnahmen erzielen als mit einem Ein-Achsen-Motor. Betonblock mit Bewehrungsstahlkorb sind nicht Bestandteil dieses Solartrackers. Sie k\u00f6nnen es separat kaufen.<\/p>\n<p align=\"justify\">Anti-Schatten-Softwarefunktion f\u00fcr Solartracker enthalten.<\/p>\n<p align=\"justify\"><img decoding=\"async\" style=\"width: 96px; height: 49px;\" src=\"\/wp-content\/uploads\/files-old\/%24%24H_E3E77E1E_USB_20logo.jpg\" alt=\"USB_logo\" width=\"110\" height=\"49\" border=\"0\" hspace=\"0\"><\/p>\n<table border=\"1\" width=\"100%\" cellspacing=\"0\" cellpadding=\"0\">\n<tbody>\n<tr>\n<td bgcolor=\"#ed1c24\"><strong> Solar Tracker ST44M3V15P \/ 0153<\/strong><\/td>\n<td>\n<p align=\"center\"><img decoding=\"async\" src=\"\/wp-content\/uploads\/files-old\/%24%24H_4BF90B6D_PDF_icon.gif\" alt=\"\" border=\"0\" hspace=\"0\"><\/p>\n<\/td>\n<\/tr>\n<tr>\n<td><strong> Installations- und Gebrauchsanweisung im PDF-Format<\/strong><\/td>\n<td>\n<p align=\"center\">\n<\/td>\n<\/tr>\n<tr>\n<td>&#8211; Vereinfachtes englisches Benutzerhandbuch im PDF-Format<\/td>\n<td>\n<p align=\"center\">Herunterladen<\/p>\n<\/td>\n<\/tr>\n<tr>\n<td>&#8211; Technische Umrisszeichnung<\/td>\n<td>\n<p align=\"center\">Herunterladen<\/p>\n<\/td>\n<\/tr>\n<tr>\n<td>\n<p align=\"left\">&#8211; Deutsche Bedienungsanleitung im PDF-Format<\/p>\n<\/td>\n<td>\n<p align=\"center\">Herunterladen<\/p>\n<\/td>\n<\/tr>\n<tr>\n<td><strong> Technische Datenbl\u00e4tter<\/strong><\/td>\n<td>\n<p align=\"center\">\n<\/td>\n<\/tr>\n<tr>\n<td>&#8211; Englisches Merkblatt im PDF-Format mittlerer Aufl\u00f6sung<\/td>\n<td>\n<p align=\"center\"><a href=\"\/wp-content\/uploads\/files-old\/ST54M3S30_MR.pdf\" target=\"_blank\" rel=\"noopener\">Herunterladen<\/a><\/p>\n<\/td>\n<\/tr>\n<tr>\n<td>&#8211; Englisches Merkblatt im PDF-Format mit niedriger Aufl\u00f6sung<\/td>\n<td>\n<p align=\"center\"><a href=\"\/wp-content\/uploads\/files-old\/ST54M3S30_LR.pdf\" target=\"_blank\" rel=\"noopener\">Herunterladen<\/a><\/p>\n<\/td>\n<\/tr>\n<tr>\n<td>\n<p align=\"center\">\n<\/td>\n<td>\n<p align=\"center\">\n<\/td>\n<\/tr>\n<tr>\n<td> <strong>Wartung<\/strong><\/td>\n<td><\/td>\n<\/tr>\n<tr>\n<td>&#8211; Wartung des Solar Tracker ST44M3V15P mit Linearmotoren<\/td>\n<td>\n<p align=\"center\"><a href=\"\/wp-content\/uploads\/files-old\/replacment%20of%20position%20encoder%20board%20ang_MR.pdf\" target=\"_blank\" rel=\"noopener\">Herunterladen<\/a><\/p>\n<\/td>\n<\/tr>\n<tr>\n<td><\/td>\n<td><\/td>\n<\/tr>\n<tr>\n<td><strong> Neuste Firmware<\/strong><\/td>\n<td>\n<p align=\"center\">\n<\/td>\n<\/tr>\n<tr>\n<td><u> Bitte durchsuchen Sie die Support-Seite<\/u><\/td>\n<td>\n<p align=\"center\">\n<\/td>\n<\/tr>\n<tr>\n<td>\n<p align=\"center\">\n<\/td>\n<td>\n<p align=\"center\">\n<\/td>\n<\/tr>\n<tr>\n<td> <strong>Zertifikate<\/strong><\/td>\n<td>\n<p align=\"center\">\n<\/td>\n<\/tr>\n<tr>\n<td>&#8211; Konformit\u00e4tserkl\u00e4rung im PDF-Format<\/td>\n<td>\n<p align=\"center\">Herunterladen<\/p>\n<\/td>\n<\/tr>\n<\/tbody>\n<\/table>\n<p>&nbsp;<\/p>\n","protected":false},"excerpt":{"rendered":"<p>2-Achs-Solartracker mit Schwenkantrieb f\u00fcr 30 m2 \/ 15 Panels, ohne Betonstein.<\/p>\n","protected":false},"featured_media":6041,"comment_status":"open","ping_status":"closed","template":"","meta":{"inline_featured_image":false},"product_brand":[],"product_cat":[851],"product_tag":[],"class_list":{"0":"post-7403","1":"product","2":"type-product","3":"status-publish","4":"has-post-thumbnail","6":"product_cat-doppelachsige-suntracker","8":"first","9":"outofstock","10":"taxable","11":"shipping-taxable","12":"product-type-simple"},"yoast_head":"<!-- This site is optimized with the Yoast SEO plugin v26.5 - https:\/\/yoast.com\/wordpress\/plugins\/seo\/ -->\n<title>Solar Tracker 2-Achs ST54M3S30 mit Drehantrieb f\u00fcr 30 m2 \/ 0099 \/ ST54M3S30, ohne Betonstein. - Solar Motors<\/title>\n<meta name=\"robots\" content=\"index, follow, max-snippet:-1, max-image-preview:large, max-video-preview:-1\" \/>\n<link rel=\"canonical\" href=\"https:\/\/solar-motors.com\/de\/produkt\/solar-tracker-2-axis-st54m3s30-w-slewing-drive-for-30-m2-0099-st54m3s30-ohne-betonblock\/\" \/>\n<meta property=\"og:locale\" content=\"de_DE\" \/>\n<meta property=\"og:type\" content=\"article\" \/>\n<meta property=\"og:title\" content=\"Solar Tracker 2-Achs ST54M3S30 mit Drehantrieb f\u00fcr 30 m2 \/ 0099 \/ ST54M3S30, ohne Betonstein. - Solar Motors\" \/>\n<meta property=\"og:description\" content=\"2-Achs-Solartracker mit Schwenkantrieb f\u00fcr 30 m2 \/ 15 Panels, ohne Betonstein.\" \/>\n<meta property=\"og:url\" content=\"https:\/\/solar-motors.com\/de\/produkt\/solar-tracker-2-axis-st54m3s30-w-slewing-drive-for-30-m2-0099-st54m3s30-ohne-betonblock\/\" \/>\n<meta property=\"og:site_name\" content=\"Solar Motors\" \/>\n<meta property=\"article:modified_time\" content=\"2023-04-19T09:58:08+00:00\" \/>\n<meta property=\"og:image\" content=\"https:\/\/solar-motors.com\/wp-content\/uploads\/2023\/03\/A_B67EB101_ST54M3S30201.jpg\" \/>\n\t<meta property=\"og:image:width\" content=\"510\" \/>\n\t<meta property=\"og:image:height\" content=\"600\" \/>\n\t<meta property=\"og:image:type\" content=\"image\/jpeg\" \/>\n<meta name=\"twitter:card\" content=\"summary_large_image\" \/>\n<meta name=\"twitter:label1\" content=\"Gesch\u00e4tzte Lesezeit\" \/>\n\t<meta name=\"twitter:data1\" content=\"1\u00a0Minute\" \/>\n<script type=\"application\/ld+json\" class=\"yoast-schema-graph\">{\"@context\":\"https:\/\/schema.org\",\"@graph\":[{\"@type\":\"WebPage\",\"@id\":\"https:\/\/solar-motors.com\/de\/produkt\/solar-tracker-2-axis-st54m3s30-w-slewing-drive-for-30-m2-0099-st54m3s30-ohne-betonblock\/\",\"url\":\"https:\/\/solar-motors.com\/de\/produkt\/solar-tracker-2-axis-st54m3s30-w-slewing-drive-for-30-m2-0099-st54m3s30-ohne-betonblock\/\",\"name\":\"Solar Tracker 2-Achs ST54M3S30 mit Drehantrieb f\u00fcr 30 m2 \/ 0099 \/ ST54M3S30, ohne Betonstein. - Solar Motors\",\"isPartOf\":{\"@id\":\"https:\/\/solar-motors.com\/de\/#website\"},\"primaryImageOfPage\":{\"@id\":\"https:\/\/solar-motors.com\/de\/produkt\/solar-tracker-2-axis-st54m3s30-w-slewing-drive-for-30-m2-0099-st54m3s30-ohne-betonblock\/#primaryimage\"},\"image\":{\"@id\":\"https:\/\/solar-motors.com\/de\/produkt\/solar-tracker-2-axis-st54m3s30-w-slewing-drive-for-30-m2-0099-st54m3s30-ohne-betonblock\/#primaryimage\"},\"thumbnailUrl\":\"https:\/\/solar-motors.com\/wp-content\/uploads\/2023\/03\/A_B67EB101_ST54M3S30201.jpg\",\"datePublished\":\"2023-03-06T13:19:01+00:00\",\"dateModified\":\"2023-04-19T09:58:08+00:00\",\"breadcrumb\":{\"@id\":\"https:\/\/solar-motors.com\/de\/produkt\/solar-tracker-2-axis-st54m3s30-w-slewing-drive-for-30-m2-0099-st54m3s30-ohne-betonblock\/#breadcrumb\"},\"inLanguage\":\"de\",\"potentialAction\":[{\"@type\":\"ReadAction\",\"target\":[\"https:\/\/solar-motors.com\/de\/produkt\/solar-tracker-2-axis-st54m3s30-w-slewing-drive-for-30-m2-0099-st54m3s30-ohne-betonblock\/\"]}]},{\"@type\":\"ImageObject\",\"inLanguage\":\"de\",\"@id\":\"https:\/\/solar-motors.com\/de\/produkt\/solar-tracker-2-axis-st54m3s30-w-slewing-drive-for-30-m2-0099-st54m3s30-ohne-betonblock\/#primaryimage\",\"url\":\"https:\/\/solar-motors.com\/wp-content\/uploads\/2023\/03\/A_B67EB101_ST54M3S30201.jpg\",\"contentUrl\":\"https:\/\/solar-motors.com\/wp-content\/uploads\/2023\/03\/A_B67EB101_ST54M3S30201.jpg\",\"width\":510,\"height\":600},{\"@type\":\"BreadcrumbList\",\"@id\":\"https:\/\/solar-motors.com\/de\/produkt\/solar-tracker-2-axis-st54m3s30-w-slewing-drive-for-30-m2-0099-st54m3s30-ohne-betonblock\/#breadcrumb\",\"itemListElement\":[{\"@type\":\"ListItem\",\"position\":1,\"name\":\"Home\",\"item\":\"https:\/\/solar-motors.com\/de\/\"},{\"@type\":\"ListItem\",\"position\":2,\"name\":\"Shop\",\"item\":\"https:\/\/solar-motors.com\/shop\/\"},{\"@type\":\"ListItem\",\"position\":3,\"name\":\"Solar Tracker 2-Achs ST54M3S30 mit Drehantrieb f\u00fcr 30 m2 \/ 0099 \/ ST54M3S30, ohne Betonstein.\"}]},{\"@type\":\"WebSite\",\"@id\":\"https:\/\/solar-motors.com\/de\/#website\",\"url\":\"https:\/\/solar-motors.com\/de\/\",\"name\":\"Solar Motors\",\"description\":\"Dependable Sun Tracking Systems Since 2005\",\"potentialAction\":[{\"@type\":\"SearchAction\",\"target\":{\"@type\":\"EntryPoint\",\"urlTemplate\":\"https:\/\/solar-motors.com\/de\/?s={search_term_string}\"},\"query-input\":{\"@type\":\"PropertyValueSpecification\",\"valueRequired\":true,\"valueName\":\"search_term_string\"}}],\"inLanguage\":\"de\"}]}<\/script>\n<!-- \/ Yoast SEO plugin. -->","yoast_head_json":{"title":"Solar Tracker 2-Achs ST54M3S30 mit Drehantrieb f\u00fcr 30 m2 \/ 0099 \/ ST54M3S30, ohne Betonstein. - Solar Motors","robots":{"index":"index","follow":"follow","max-snippet":"max-snippet:-1","max-image-preview":"max-image-preview:large","max-video-preview":"max-video-preview:-1"},"canonical":"https:\/\/solar-motors.com\/de\/produkt\/solar-tracker-2-axis-st54m3s30-w-slewing-drive-for-30-m2-0099-st54m3s30-ohne-betonblock\/","og_locale":"de_DE","og_type":"article","og_title":"Solar Tracker 2-Achs ST54M3S30 mit Drehantrieb f\u00fcr 30 m2 \/ 0099 \/ ST54M3S30, ohne Betonstein. - Solar Motors","og_description":"2-Achs-Solartracker mit Schwenkantrieb f\u00fcr 30 m2 \/ 15 Panels, ohne Betonstein.","og_url":"https:\/\/solar-motors.com\/de\/produkt\/solar-tracker-2-axis-st54m3s30-w-slewing-drive-for-30-m2-0099-st54m3s30-ohne-betonblock\/","og_site_name":"Solar Motors","article_modified_time":"2023-04-19T09:58:08+00:00","og_image":[{"width":510,"height":600,"url":"https:\/\/solar-motors.com\/wp-content\/uploads\/2023\/03\/A_B67EB101_ST54M3S30201.jpg","type":"image\/jpeg"}],"twitter_card":"summary_large_image","twitter_misc":{"Gesch\u00e4tzte Lesezeit":"1\u00a0Minute"},"schema":{"@context":"https:\/\/schema.org","@graph":[{"@type":"WebPage","@id":"https:\/\/solar-motors.com\/de\/produkt\/solar-tracker-2-axis-st54m3s30-w-slewing-drive-for-30-m2-0099-st54m3s30-ohne-betonblock\/","url":"https:\/\/solar-motors.com\/de\/produkt\/solar-tracker-2-axis-st54m3s30-w-slewing-drive-for-30-m2-0099-st54m3s30-ohne-betonblock\/","name":"Solar Tracker 2-Achs ST54M3S30 mit Drehantrieb f\u00fcr 30 m2 \/ 0099 \/ ST54M3S30, ohne Betonstein. - Solar Motors","isPartOf":{"@id":"https:\/\/solar-motors.com\/de\/#website"},"primaryImageOfPage":{"@id":"https:\/\/solar-motors.com\/de\/produkt\/solar-tracker-2-axis-st54m3s30-w-slewing-drive-for-30-m2-0099-st54m3s30-ohne-betonblock\/#primaryimage"},"image":{"@id":"https:\/\/solar-motors.com\/de\/produkt\/solar-tracker-2-axis-st54m3s30-w-slewing-drive-for-30-m2-0099-st54m3s30-ohne-betonblock\/#primaryimage"},"thumbnailUrl":"https:\/\/solar-motors.com\/wp-content\/uploads\/2023\/03\/A_B67EB101_ST54M3S30201.jpg","datePublished":"2023-03-06T13:19:01+00:00","dateModified":"2023-04-19T09:58:08+00:00","breadcrumb":{"@id":"https:\/\/solar-motors.com\/de\/produkt\/solar-tracker-2-axis-st54m3s30-w-slewing-drive-for-30-m2-0099-st54m3s30-ohne-betonblock\/#breadcrumb"},"inLanguage":"de","potentialAction":[{"@type":"ReadAction","target":["https:\/\/solar-motors.com\/de\/produkt\/solar-tracker-2-axis-st54m3s30-w-slewing-drive-for-30-m2-0099-st54m3s30-ohne-betonblock\/"]}]},{"@type":"ImageObject","inLanguage":"de","@id":"https:\/\/solar-motors.com\/de\/produkt\/solar-tracker-2-axis-st54m3s30-w-slewing-drive-for-30-m2-0099-st54m3s30-ohne-betonblock\/#primaryimage","url":"https:\/\/solar-motors.com\/wp-content\/uploads\/2023\/03\/A_B67EB101_ST54M3S30201.jpg","contentUrl":"https:\/\/solar-motors.com\/wp-content\/uploads\/2023\/03\/A_B67EB101_ST54M3S30201.jpg","width":510,"height":600},{"@type":"BreadcrumbList","@id":"https:\/\/solar-motors.com\/de\/produkt\/solar-tracker-2-axis-st54m3s30-w-slewing-drive-for-30-m2-0099-st54m3s30-ohne-betonblock\/#breadcrumb","itemListElement":[{"@type":"ListItem","position":1,"name":"Home","item":"https:\/\/solar-motors.com\/de\/"},{"@type":"ListItem","position":2,"name":"Shop","item":"https:\/\/solar-motors.com\/shop\/"},{"@type":"ListItem","position":3,"name":"Solar Tracker 2-Achs ST54M3S30 mit Drehantrieb f\u00fcr 30 m2 \/ 0099 \/ ST54M3S30, ohne Betonstein."}]},{"@type":"WebSite","@id":"https:\/\/solar-motors.com\/de\/#website","url":"https:\/\/solar-motors.com\/de\/","name":"Solar Motors","description":"Dependable Sun Tracking Systems Since 2005","potentialAction":[{"@type":"SearchAction","target":{"@type":"EntryPoint","urlTemplate":"https:\/\/solar-motors.com\/de\/?s={search_term_string}"},"query-input":{"@type":"PropertyValueSpecification","valueRequired":true,"valueName":"search_term_string"}}],"inLanguage":"de"}]}},"_links":{"self":[{"href":"https:\/\/solar-motors.com\/de\/wp-json\/wp\/v2\/product\/7403","targetHints":{"allow":["GET"]}}],"collection":[{"href":"https:\/\/solar-motors.com\/de\/wp-json\/wp\/v2\/product"}],"about":[{"href":"https:\/\/solar-motors.com\/de\/wp-json\/wp\/v2\/types\/product"}],"replies":[{"embeddable":true,"href":"https:\/\/solar-motors.com\/de\/wp-json\/wp\/v2\/comments?post=7403"}],"wp:featuredmedia":[{"embeddable":true,"href":"https:\/\/solar-motors.com\/de\/wp-json\/wp\/v2\/media\/6041"}],"wp:attachment":[{"href":"https:\/\/solar-motors.com\/de\/wp-json\/wp\/v2\/media?parent=7403"}],"wp:term":[{"taxonomy":"product_brand","embeddable":true,"href":"https:\/\/solar-motors.com\/de\/wp-json\/wp\/v2\/product_brand?post=7403"},{"taxonomy":"product_cat","embeddable":true,"href":"https:\/\/solar-motors.com\/de\/wp-json\/wp\/v2\/product_cat?post=7403"},{"taxonomy":"product_tag","embeddable":true,"href":"https:\/\/solar-motors.com\/de\/wp-json\/wp\/v2\/product_tag?post=7403"}],"curies":[{"name":"wp","href":"https:\/\/api.w.org\/{rel}","templated":true}]}}