{"id":7415,"date":"2023-03-06T14:12:53","date_gmt":"2023-03-06T13:12:53","guid":{"rendered":"https:\/\/solar-motors.com\/product\/helios-analytics-4107-prghelana1\/"},"modified":"2023-08-25T10:05:04","modified_gmt":"2023-08-25T08:05:04","slug":"helios-analytics-4107-prghelana1","status":"publish","type":"product","link":"https:\/\/solar-motors.com\/de\/produkt\/helios-analytics-4107-prghelana1\/","title":{"rendered":"Helios Analytics \/ 4107 \/ PRGHELANA1"},"content":{"rendered":"<p dir=\"ltr\" style=\"margin-right: 0px;\"><strong>Helios Analytics<br \/>\n<\/strong><br \/>\n<strong>Professionelle Verwaltung, \u00dcberwachung und Pr\u00e4sentation von Solartrackern<br \/>\n<\/strong><br \/>\nSystemmanagement, \u00dcberwachung, Ferndiagnose, Datenabgleich und Visualisierung: Helios Analytics ist die leistungsstarke Kommunikationszentrale f\u00fcr einzelne bis kleine Solartracker. Es zeigt anlagenseitig kontinuierlich alle Daten der Solartracker an und h\u00e4lt Sie so jederzeit \u00fcber den Zustand der Anlage auf dem Laufenden. Das Helios Analytics ist ein multifunktionales, energieeffizientes Datensystem, das den Import und Export von Einstellungsdaten f\u00fcr Solartracker bietet.<\/p>\n<p><strong>\u00dcberblick<br \/>\n<\/strong><br \/>\n<strong>Sicher<br \/>\n<\/strong>\u2022 Fern\u00fcberwachung, Diagnose und Konfiguration der Solartracker<br \/>\n\u2022 Schnelle Erkennung von St\u00f6rungen und Benachrichtigung im Fehlerfall<br \/>\n\u2022 Leistungsstarkes Datensystem zum Importieren und Exportieren aller Tracker-Einstellungsdaten<\/p>\n<p><strong>Benutzerfreundlich<br \/>\n<\/strong>\u2022 Zentrale Verwaltung aller Kunden- und Trackerdaten<br \/>\n\u2022 Einfacher Fernzugriff \u00fcber PC<br \/>\n\u2022 Leicht verst\u00e4ndliche Berichterstattung<\/p>\n<table border=\"1\" width=\"100%\" cellspacing=\"0\" cellpadding=\"0\">\n<tbody>\n<tr>\n<td bgcolor=\"#ed1c24\"><strong> Helios Analytics PRGSIGHELANA1 \/ 4107 \/ PRGSIGHELANA1<\/strong><\/td>\n<td>\n<p align=\"center\"><img decoding=\"async\" src=\"\/wp-content\/uploads\/files-old\/%24%24H_4BF90B6D_PDF_icon.gif\" alt=\"\" border=\"0\" hspace=\"0\"><img decoding=\"async\" src=\"\/wp-content\/uploads\/files-old\/%24%24H_018FC0A8_exe_2.jpg\" alt=\"\" border=\"0\" hspace=\"0\"><\/p>\n<\/td>\n<\/tr>\n<tr>\n<td> <strong>PC Software<\/strong><\/td>\n<td><\/td>\n<\/tr>\n<tr>\n<td> &#8211; Helios Analytics 2.0.3<\/td>\n<td>\n<p align=\"center\"><a href=\"\/wp-content\/uploads\/files-old\/HeliosAnalytics2.zip\" target=\"_blank\" rel=\"noopener\">Herunterladen<\/a><\/p>\n<\/td>\n<\/tr>\n<tr>\n<td> <strong>Installations- und Gebrauchsanweisung im PDF-Format<\/strong><\/td>\n<td><\/td>\n<\/tr>\n<tr>\n<td> &#8211; Deutsche Bedienungsanleitung<\/td>\n<td>\n<p align=\"center\">\n<\/td>\n<\/tr>\n<tr>\n<td> &#8211; Englisches Benutzerhandbuch 2.0.3 Revision 11 vom 20.10.2014<\/td>\n<td>\n<p align=\"center\"><a href=\"http:\/\/www.solar-motors.com\/files\/Helios\/Helios_analytics_user_manual_rev-2.0.3.pdf\" target=\"_blank\" rel=\"noopener\">Herunterladen<\/a><\/p>\n<\/td>\n<\/tr>\n<tr>\n<td> <strong>Flugbl\u00e4tter<\/strong><\/td>\n<td>\n<p align=\"center\">\n<\/td>\n<\/tr>\n<tr>\n<td> &#8211; Englische Flugbl\u00e4tter in PDF format mittlere Aufl\u00f6sung<\/td>\n<td>\n<p align=\"center\"><a href=\"\/wp-content\/uploads\/files-old\/Helios_Analytics_MR.pdf\" target=\"_blank\" rel=\"noopener\">Herunterladen<\/a><\/p>\n<\/td>\n<\/tr>\n<tr>\n<td> &#8211; Englische Flugbl\u00e4tter in PDF format niedrige Aufl\u00f6sung<\/td>\n<td>\n<p align=\"center\"><a href=\"\/wp-content\/uploads\/files-old\/Helios_Analytics_LR.pdf\" target=\"_blank\" rel=\"noopener\">Herunterladen<\/a><\/p>\n<\/td>\n<\/tr>\n<tr>\n<td> <strong>Die neueste Firmware<\/strong><\/td>\n<td>\n<p align=\"center\">\n<\/td>\n<\/tr>\n<tr>\n<td> <u>Bitte durchsuchen Sie die Support-Seite<\/u><\/td>\n<td>\n<p align=\"center\">\n<\/td>\n<\/tr>\n<tr>\n<td> <strong>Zertifikate<\/strong><\/td>\n<td>\n<p align=\"center\">\n<\/td>\n<\/tr>\n<tr>\n<td> &#8211; Konformit\u00e4tserkl\u00e4rung im PDF-Format<\/td>\n<td>\n<p align=\"center\">Herunterladen<\/p>\n<\/td>\n<\/tr>\n<\/tbody>\n<\/table>\n","protected":false},"excerpt":{"rendered":"<p>Professionelle Verwaltung, \u00dcberwachung und Pr\u00e4sentation von Solartrackern<\/p>\n","protected":false},"featured_media":7101,"comment_status":"open","ping_status":"closed","template":"","meta":{"inline_featured_image":false},"product_brand":[],"product_cat":[804,805],"product_tag":[],"class_list":{"0":"post-7415","1":"product","2":"type-product","3":"status-publish","4":"has-post-thumbnail","6":"product_cat-solar-plc-regler","7":"product_cat-solar-plc-regler-de","9":"first","10":"outofstock","11":"taxable","12":"shipping-taxable","13":"purchasable","14":"product-type-simple"},"yoast_head":"<!-- This site is optimized with the Yoast SEO plugin v26.5 - https:\/\/yoast.com\/wordpress\/plugins\/seo\/ -->\n<title>Helios Analytics \/ 4107 \/ PRGHELANA1 - Solar Motors<\/title>\n<meta name=\"robots\" content=\"index, follow, max-snippet:-1, max-image-preview:large, max-video-preview:-1\" \/>\n<link rel=\"canonical\" href=\"https:\/\/solar-motors.com\/de\/produkt\/helios-analytics-4107-prghelana1\/\" \/>\n<meta property=\"og:locale\" content=\"de_DE\" \/>\n<meta property=\"og:type\" content=\"article\" \/>\n<meta property=\"og:title\" content=\"Helios Analytics \/ 4107 \/ PRGHELANA1 - Solar Motors\" \/>\n<meta property=\"og:description\" content=\"Professionelle Verwaltung, \u00dcberwachung und Pr\u00e4sentation von Solartrackern\" \/>\n<meta property=\"og:url\" content=\"https:\/\/solar-motors.com\/de\/produkt\/helios-analytics-4107-prghelana1\/\" \/>\n<meta property=\"og:site_name\" content=\"Solar Motors\" \/>\n<meta property=\"article:modified_time\" content=\"2023-08-25T08:05:04+00:00\" \/>\n<meta property=\"og:image\" content=\"https:\/\/solar-motors.com\/wp-content\/uploads\/2023\/03\/Helios-1.png\" \/>\n\t<meta property=\"og:image:width\" content=\"996\" \/>\n\t<meta property=\"og:image:height\" content=\"721\" \/>\n\t<meta property=\"og:image:type\" content=\"image\/png\" \/>\n<meta name=\"twitter:card\" content=\"summary_large_image\" \/>\n<meta name=\"twitter:label1\" content=\"Gesch\u00e4tzte Lesezeit\" \/>\n\t<meta name=\"twitter:data1\" content=\"1\u00a0Minute\" \/>\n<script type=\"application\/ld+json\" class=\"yoast-schema-graph\">{\"@context\":\"https:\/\/schema.org\",\"@graph\":[{\"@type\":\"WebPage\",\"@id\":\"https:\/\/solar-motors.com\/de\/produkt\/helios-analytics-4107-prghelana1\/\",\"url\":\"https:\/\/solar-motors.com\/de\/produkt\/helios-analytics-4107-prghelana1\/\",\"name\":\"Helios Analytics \/ 4107 \/ PRGHELANA1 - Solar Motors\",\"isPartOf\":{\"@id\":\"https:\/\/solar-motors.com\/de\/#website\"},\"primaryImageOfPage\":{\"@id\":\"https:\/\/solar-motors.com\/de\/produkt\/helios-analytics-4107-prghelana1\/#primaryimage\"},\"image\":{\"@id\":\"https:\/\/solar-motors.com\/de\/produkt\/helios-analytics-4107-prghelana1\/#primaryimage\"},\"thumbnailUrl\":\"https:\/\/solar-motors.com\/wp-content\/uploads\/2023\/03\/Helios-1.png\",\"datePublished\":\"2023-03-06T13:12:53+00:00\",\"dateModified\":\"2023-08-25T08:05:04+00:00\",\"breadcrumb\":{\"@id\":\"https:\/\/solar-motors.com\/de\/produkt\/helios-analytics-4107-prghelana1\/#breadcrumb\"},\"inLanguage\":\"de\",\"potentialAction\":[{\"@type\":\"ReadAction\",\"target\":[\"https:\/\/solar-motors.com\/de\/produkt\/helios-analytics-4107-prghelana1\/\"]}]},{\"@type\":\"ImageObject\",\"inLanguage\":\"de\",\"@id\":\"https:\/\/solar-motors.com\/de\/produkt\/helios-analytics-4107-prghelana1\/#primaryimage\",\"url\":\"https:\/\/solar-motors.com\/wp-content\/uploads\/2023\/03\/Helios-1.png\",\"contentUrl\":\"https:\/\/solar-motors.com\/wp-content\/uploads\/2023\/03\/Helios-1.png\",\"width\":996,\"height\":721},{\"@type\":\"BreadcrumbList\",\"@id\":\"https:\/\/solar-motors.com\/de\/produkt\/helios-analytics-4107-prghelana1\/#breadcrumb\",\"itemListElement\":[{\"@type\":\"ListItem\",\"position\":1,\"name\":\"Home\",\"item\":\"https:\/\/solar-motors.com\/de\/\"},{\"@type\":\"ListItem\",\"position\":2,\"name\":\"Shop\",\"item\":\"https:\/\/solar-motors.com\/shop\/\"},{\"@type\":\"ListItem\",\"position\":3,\"name\":\"Helios Analytics \/ 4107 \/ PRGHELANA1\"}]},{\"@type\":\"WebSite\",\"@id\":\"https:\/\/solar-motors.com\/de\/#website\",\"url\":\"https:\/\/solar-motors.com\/de\/\",\"name\":\"Solar Motors\",\"description\":\"Dependable Sun Tracking Systems Since 2005\",\"potentialAction\":[{\"@type\":\"SearchAction\",\"target\":{\"@type\":\"EntryPoint\",\"urlTemplate\":\"https:\/\/solar-motors.com\/de\/?s={search_term_string}\"},\"query-input\":{\"@type\":\"PropertyValueSpecification\",\"valueRequired\":true,\"valueName\":\"search_term_string\"}}],\"inLanguage\":\"de\"}]}<\/script>\n<!-- \/ Yoast SEO plugin. -->","yoast_head_json":{"title":"Helios Analytics \/ 4107 \/ PRGHELANA1 - Solar Motors","robots":{"index":"index","follow":"follow","max-snippet":"max-snippet:-1","max-image-preview":"max-image-preview:large","max-video-preview":"max-video-preview:-1"},"canonical":"https:\/\/solar-motors.com\/de\/produkt\/helios-analytics-4107-prghelana1\/","og_locale":"de_DE","og_type":"article","og_title":"Helios Analytics \/ 4107 \/ PRGHELANA1 - Solar Motors","og_description":"Professionelle Verwaltung, \u00dcberwachung und Pr\u00e4sentation von Solartrackern","og_url":"https:\/\/solar-motors.com\/de\/produkt\/helios-analytics-4107-prghelana1\/","og_site_name":"Solar Motors","article_modified_time":"2023-08-25T08:05:04+00:00","og_image":[{"width":996,"height":721,"url":"https:\/\/solar-motors.com\/wp-content\/uploads\/2023\/03\/Helios-1.png","type":"image\/png"}],"twitter_card":"summary_large_image","twitter_misc":{"Gesch\u00e4tzte Lesezeit":"1\u00a0Minute"},"schema":{"@context":"https:\/\/schema.org","@graph":[{"@type":"WebPage","@id":"https:\/\/solar-motors.com\/de\/produkt\/helios-analytics-4107-prghelana1\/","url":"https:\/\/solar-motors.com\/de\/produkt\/helios-analytics-4107-prghelana1\/","name":"Helios Analytics \/ 4107 \/ PRGHELANA1 - Solar Motors","isPartOf":{"@id":"https:\/\/solar-motors.com\/de\/#website"},"primaryImageOfPage":{"@id":"https:\/\/solar-motors.com\/de\/produkt\/helios-analytics-4107-prghelana1\/#primaryimage"},"image":{"@id":"https:\/\/solar-motors.com\/de\/produkt\/helios-analytics-4107-prghelana1\/#primaryimage"},"thumbnailUrl":"https:\/\/solar-motors.com\/wp-content\/uploads\/2023\/03\/Helios-1.png","datePublished":"2023-03-06T13:12:53+00:00","dateModified":"2023-08-25T08:05:04+00:00","breadcrumb":{"@id":"https:\/\/solar-motors.com\/de\/produkt\/helios-analytics-4107-prghelana1\/#breadcrumb"},"inLanguage":"de","potentialAction":[{"@type":"ReadAction","target":["https:\/\/solar-motors.com\/de\/produkt\/helios-analytics-4107-prghelana1\/"]}]},{"@type":"ImageObject","inLanguage":"de","@id":"https:\/\/solar-motors.com\/de\/produkt\/helios-analytics-4107-prghelana1\/#primaryimage","url":"https:\/\/solar-motors.com\/wp-content\/uploads\/2023\/03\/Helios-1.png","contentUrl":"https:\/\/solar-motors.com\/wp-content\/uploads\/2023\/03\/Helios-1.png","width":996,"height":721},{"@type":"BreadcrumbList","@id":"https:\/\/solar-motors.com\/de\/produkt\/helios-analytics-4107-prghelana1\/#breadcrumb","itemListElement":[{"@type":"ListItem","position":1,"name":"Home","item":"https:\/\/solar-motors.com\/de\/"},{"@type":"ListItem","position":2,"name":"Shop","item":"https:\/\/solar-motors.com\/shop\/"},{"@type":"ListItem","position":3,"name":"Helios Analytics \/ 4107 \/ PRGHELANA1"}]},{"@type":"WebSite","@id":"https:\/\/solar-motors.com\/de\/#website","url":"https:\/\/solar-motors.com\/de\/","name":"Solar Motors","description":"Dependable Sun Tracking Systems Since 2005","potentialAction":[{"@type":"SearchAction","target":{"@type":"EntryPoint","urlTemplate":"https:\/\/solar-motors.com\/de\/?s={search_term_string}"},"query-input":{"@type":"PropertyValueSpecification","valueRequired":true,"valueName":"search_term_string"}}],"inLanguage":"de"}]}},"_links":{"self":[{"href":"https:\/\/solar-motors.com\/de\/wp-json\/wp\/v2\/product\/7415","targetHints":{"allow":["GET"]}}],"collection":[{"href":"https:\/\/solar-motors.com\/de\/wp-json\/wp\/v2\/product"}],"about":[{"href":"https:\/\/solar-motors.com\/de\/wp-json\/wp\/v2\/types\/product"}],"replies":[{"embeddable":true,"href":"https:\/\/solar-motors.com\/de\/wp-json\/wp\/v2\/comments?post=7415"}],"wp:featuredmedia":[{"embeddable":true,"href":"https:\/\/solar-motors.com\/de\/wp-json\/wp\/v2\/media\/7101"}],"wp:attachment":[{"href":"https:\/\/solar-motors.com\/de\/wp-json\/wp\/v2\/media?parent=7415"}],"wp:term":[{"taxonomy":"product_brand","embeddable":true,"href":"https:\/\/solar-motors.com\/de\/wp-json\/wp\/v2\/product_brand?post=7415"},{"taxonomy":"product_cat","embeddable":true,"href":"https:\/\/solar-motors.com\/de\/wp-json\/wp\/v2\/product_cat?post=7415"},{"taxonomy":"product_tag","embeddable":true,"href":"https:\/\/solar-motors.com\/de\/wp-json\/wp\/v2\/product_tag?post=7415"}],"curies":[{"name":"wp","href":"https:\/\/api.w.org\/{rel}","templated":true}]}}