{"id":7416,"date":"2023-03-06T14:01:39","date_gmt":"2023-03-06T13:01:39","guid":{"rendered":"https:\/\/solar-motors.com\/product\/solar-tracker-2-achsig-st44m3v15p-mit-rueckenstruktur-fuer-15-pan-0153-st44m3v15p-ohne-betonstein\/"},"modified":"2023-08-25T10:05:06","modified_gmt":"2023-08-25T08:05:06","slug":"solar-tracker-2-axis-st44m3v15p-w-backstr-for-15-pan-0153-st44m3v15p-without-concrete-block","status":"publish","type":"product","link":"https:\/\/solar-motors.com\/de\/produkt\/solar-tracker-2-axis-st44m3v15p-w-backstr-for-15-pan-0153-st44m3v15p-without-concrete-block\/","title":{"rendered":"Solar Tracker 2-achsig ST44M3V15P mit R\u00fcckenstruktur fuer 15 Pan. \/ 0153 \/ ST44M3V15P, ohne Betonstein"},"content":{"rendered":"<p align=\"justify\">2-achsiger oder dual-achsiger Solar Tracker mit einer Genauigkeit von besser als 0,5 Grad und R\u00fcckenstruktur f\u00fcr 15 St\u00fcck Solarmodule mit den Abmessungen 0,99 m x 1,67 m und einem Gewicht von jeweils max. 23 kg. Also zusammen f\u00fcr 25 m2 Solarpanelfl\u00e4che. Geeignet f\u00fcr PV-Module, Konzentratoren &#8211; CPV, Heliostaten. Verwendung in Haushalten: netzgekoppelt auf Hausd\u00e4chern, Verkehrssignalisierung, Stra\u00dfenlaterne, H\u00fctten, kleine und gro\u00dfe Kraftwerke, bei denen Solarmodule in Reihe geschaltet sind und der Ausgang direkt an den Wechselrichter oder ein externes Ladeger\u00e4t angeschlossen ist. Windwiderstand ist max. 144 km\/h, 10min durchschnittliche Windgeschwindigkeit 72 km\/h. Auf Jahresbasis k\u00f6nnen Sie mit einem 2-Achsen-Motor 7 % mehr Energieeinnahmen erzielen als mit einem Ein-Achsen-Motor. Betonblock mit Bewehrungsstahlkorb sind nicht Bestandteil dieses Solartrackers. Sie k\u00f6nnen es separat kaufen.<\/p>\n<p align=\"justify\">Sonnenkollektoren sind nicht im Preis inbegriffen; Sie k\u00f6nnen sie separat erwerben.<\/p>\n<p align=\"justify\">Anti-Schatten-Softwarefunktion f\u00fcr Solartracker enthalten.<\/p>\n<p><img decoding=\"async\" style=\"width: 96px; height: 49px;\" src=\"\/wp-content\/uploads\/files-old\/%24%24H_E3E77E1E_USB_20logo.jpg\" alt=\"USB_logo\" width=\"110\" height=\"49\" border=\"0\" hspace=\"0\"><\/p>\n<table border=\"1\" width=\"100%\" cellspacing=\"0\" cellpadding=\"0\">\n<tbody>\n<tr>\n<td bgcolor=\"#ed1c24\"><strong> Solar Tracker ST44M3V15P \/ 0153<\/strong><\/td>\n<td>\n<p align=\"center\"><img decoding=\"async\" src=\"\/wp-content\/uploads\/files-old\/%24%24H_4BF90B6D_PDF_icon.gif\" alt=\"\" border=\"0\" hspace=\"0\"><\/p>\n<\/td>\n<\/tr>\n<tr>\n<td><strong> Installations- und Gebrauchsanweisung im PDF-Format<\/strong><\/td>\n<td>\n<p align=\"center\">\n<\/td>\n<\/tr>\n<tr>\n<td>&#8211; Vereinfachtes englisches Benutzerhandbuch im PDF-Format<\/td>\n<td>\n<p align=\"center\"><a href=\"\/wp-content\/uploads\/files-old\/Manual%20for%20instalation_ST44M3V15P_LR.pdf\" target=\"_blank\" rel=\"noopener\">Herunterladen<\/a><\/p>\n<\/td>\n<\/tr>\n<tr>\n<td>&#8211; Technische Umrisszeichnung<\/td>\n<td>\n<p align=\"center\"><a href=\"\/wp-content\/uploads\/files-old\/SOL_TRA_ST44M3V15P.pdf\" target=\"_blank\" rel=\"noopener\">Herunterladen<\/a><\/p>\n<\/td>\n<\/tr>\n<tr>\n<td>\n<p align=\"left\">&#8211; Deutsche Bedienungsanleitung im PDF-Format<\/p>\n<\/td>\n<td>\n<p align=\"center\">Herunterladen<\/p>\n<\/td>\n<\/tr>\n<tr>\n<td><strong> Technische Datenbl\u00e4tter<\/strong><\/td>\n<td>\n<p align=\"center\">\n<\/td>\n<\/tr>\n<tr>\n<td>&#8211; Englisches Merkblatt im PDF-Format mittlerer Aufl\u00f6sung<\/td>\n<td>\n<p align=\"center\"><a href=\"\/wp-content\/uploads\/files-old\/ST44M3V15P_MR.pdf\" target=\"_blank\" rel=\"noopener\">Herunterladen<\/a><\/p>\n<\/td>\n<\/tr>\n<tr>\n<td>&#8211; Englisches Merkblatt im PDF-Format mit niedriger Aufl\u00f6sung<\/td>\n<td>\n<p align=\"center\"><a href=\"\/wp-content\/uploads\/files-old\/ST44M3V15P_LR.pdf\" target=\"_blank\" rel=\"noopener\">Herunterladen<\/a><\/p>\n<\/td>\n<\/tr>\n<tr>\n<td>\n<p align=\"center\">\n<\/td>\n<td>\n<p align=\"center\">\n<\/td>\n<\/tr>\n<tr>\n<td><strong> Energie Produktion<\/strong><\/td>\n<td><\/td>\n<\/tr>\n<tr>\n<td>&#8211; Produktion von Solarenergie f\u00fcr Solartracker ST44M2V15P Sat Control (Muster &#8211; f\u00fcr Standort Japan)<\/td>\n<td>\n<p align=\"center\"><a href=\"\/wp-content\/uploads\/files-old\/YIELD%20ASSESSMENT%20JAPAN%20FOR%20ST44M3V15P.pdf\" target=\"_blank\" rel=\"noopener\">Herunterladen<\/a><\/p>\n<\/td>\n<\/tr>\n<tr>\n<td>&#8211; Produktion von Solarenergie f\u00fcr Solartracker ST44M2V15P Sat Control (Muster &#8211; f\u00fcr Standort Chile)<\/td>\n<td>\n<p align=\"center\"><a href=\"\/wp-content\/uploads\/files-old\/YIELD%20ASSESSMENT%20CHILE%20FOR%20ST44M3V15P.pdf\" target=\"_blank\" rel=\"noopener\">Herunterladen<\/a><\/p>\n<\/td>\n<\/tr>\n<tr>\n<td>&#8211; Produktion von Solarenergie f\u00fcr Solartracker ST44M2V15P Sat Control (Muster &#8211; f\u00fcr Standort S\u00fcdafrika)<\/td>\n<td>\n<p align=\"center\"><a href=\"\/wp-content\/uploads\/files-old\/YIELD%20ASSESSMENT%20SOUTH%20AFRICA%20STELLENBOSCH%20FOR%20ST44M3V15P.pdf\" target=\"_blank\" rel=\"noopener\">Herunterladen<\/a><\/p>\n<\/td>\n<\/tr>\n<tr>\n<td><\/td>\n<td><\/td>\n<\/tr>\n<tr>\n<td> <strong>Wartung<\/strong><\/td>\n<td><\/td>\n<\/tr>\n<tr>\n<td>&#8211; Wartung des Solar Tracker ST44M3V15P mit Linearmotoren SM4S900M3CX<\/td>\n<td>\n<p align=\"center\"><a href=\"\/wp-content\/uploads\/files-old\/Maintenance%20of%20Solar%20Tracker%20ST44M3V15P%20with%20Linear%20motors%20SM4S900M3CX.pdf\" target=\"_blank\" rel=\"noopener\">Herunterladen<\/a><\/p>\n<\/td>\n<\/tr>\n<tr>\n<td><\/td>\n<td><\/td>\n<\/tr>\n<tr>\n<td><strong> Neuste Firmware<\/strong><\/td>\n<td>\n<p align=\"center\">\n<\/td>\n<\/tr>\n<tr>\n<td><u> Bitte durchsuchen Sie die Support-Seite<\/u><\/td>\n<td>\n<p align=\"center\">\n<\/td>\n<\/tr>\n<tr>\n<td>\n<p align=\"center\">\n<\/td>\n<td>\n<p align=\"center\">\n<\/td>\n<\/tr>\n<tr>\n<td> <strong>Zertifikate<\/strong><\/td>\n<td>\n<p align=\"center\">\n<\/td>\n<\/tr>\n<tr>\n<td>&#8211; Konformit\u00e4tserkl\u00e4rung im PDF-Format<\/td>\n<td>\n<p align=\"center\"><a href=\"\/wp-content\/uploads\/files-old\/Declaration%20of%20Conformity%20for%20Solar%20Tracker%20-%20ST44M3V15P%20dated%2001-08-2011.pdf\" target=\"_blank\" rel=\"noopener\">Herunterladen<\/a><\/p>\n<\/td>\n<\/tr>\n<\/tbody>\n<\/table>\n<p>&nbsp;<\/p>\n","protected":false},"excerpt":{"rendered":"<p>2-Achsen-Solartracker f\u00fcr 15 Panels, ohne Betonstein.<\/p>\n","protected":false},"featured_media":5949,"comment_status":"open","ping_status":"closed","template":"","meta":{"inline_featured_image":false},"product_brand":[],"product_cat":[851,1203],"product_tag":[],"class_list":{"0":"post-7416","1":"product","2":"type-product","3":"status-publish","4":"has-post-thumbnail","6":"product_cat-doppelachsige-suntracker","7":"product_cat-verkauf","9":"first","10":"outofstock","11":"sale","12":"featured","13":"taxable","14":"shipping-taxable","15":"purchasable","16":"product-type-simple"},"yoast_head":"<!-- This site is optimized with the Yoast SEO plugin v26.5 - https:\/\/yoast.com\/wordpress\/plugins\/seo\/ -->\n<title>Solar Tracker 2-achsig ST44M3V15P mit R\u00fcckenstruktur fuer 15 Pan. \/ 0153 \/ ST44M3V15P, ohne Betonstein - Solar Motors<\/title>\n<meta name=\"robots\" content=\"index, follow, max-snippet:-1, max-image-preview:large, max-video-preview:-1\" \/>\n<link rel=\"canonical\" href=\"https:\/\/solar-motors.com\/de\/produkt\/solar-tracker-2-axis-st44m3v15p-w-backstr-for-15-pan-0153-st44m3v15p-without-concrete-block\/\" \/>\n<meta property=\"og:locale\" content=\"de_DE\" \/>\n<meta property=\"og:type\" content=\"article\" \/>\n<meta property=\"og:title\" content=\"Solar Tracker 2-achsig ST44M3V15P mit R\u00fcckenstruktur fuer 15 Pan. \/ 0153 \/ ST44M3V15P, ohne Betonstein - Solar Motors\" \/>\n<meta property=\"og:description\" content=\"2-Achsen-Solartracker f\u00fcr 15 Panels, ohne Betonstein.\" \/>\n<meta property=\"og:url\" content=\"https:\/\/solar-motors.com\/de\/produkt\/solar-tracker-2-axis-st44m3v15p-w-backstr-for-15-pan-0153-st44m3v15p-without-concrete-block\/\" \/>\n<meta property=\"og:site_name\" content=\"Solar Motors\" \/>\n<meta property=\"article:modified_time\" content=\"2023-08-25T08:05:06+00:00\" \/>\n<meta property=\"og:image\" content=\"https:\/\/solar-motors.com\/wp-content\/uploads\/2023\/03\/A_33411ADF_new_front-scaled.jpg\" \/>\n\t<meta property=\"og:image:width\" content=\"2029\" \/>\n\t<meta property=\"og:image:height\" content=\"2560\" \/>\n\t<meta property=\"og:image:type\" content=\"image\/jpeg\" \/>\n<meta name=\"twitter:card\" content=\"summary_large_image\" \/>\n<meta name=\"twitter:label1\" content=\"Gesch\u00e4tzte Lesezeit\" \/>\n\t<meta name=\"twitter:data1\" content=\"1\u00a0Minute\" \/>\n<script type=\"application\/ld+json\" class=\"yoast-schema-graph\">{\"@context\":\"https:\/\/schema.org\",\"@graph\":[{\"@type\":\"WebPage\",\"@id\":\"https:\/\/solar-motors.com\/de\/produkt\/solar-tracker-2-axis-st44m3v15p-w-backstr-for-15-pan-0153-st44m3v15p-without-concrete-block\/\",\"url\":\"https:\/\/solar-motors.com\/de\/produkt\/solar-tracker-2-axis-st44m3v15p-w-backstr-for-15-pan-0153-st44m3v15p-without-concrete-block\/\",\"name\":\"Solar Tracker 2-achsig ST44M3V15P mit R\u00fcckenstruktur fuer 15 Pan. \/ 0153 \/ ST44M3V15P, ohne Betonstein - Solar Motors\",\"isPartOf\":{\"@id\":\"https:\/\/solar-motors.com\/de\/#website\"},\"primaryImageOfPage\":{\"@id\":\"https:\/\/solar-motors.com\/de\/produkt\/solar-tracker-2-axis-st44m3v15p-w-backstr-for-15-pan-0153-st44m3v15p-without-concrete-block\/#primaryimage\"},\"image\":{\"@id\":\"https:\/\/solar-motors.com\/de\/produkt\/solar-tracker-2-axis-st44m3v15p-w-backstr-for-15-pan-0153-st44m3v15p-without-concrete-block\/#primaryimage\"},\"thumbnailUrl\":\"https:\/\/solar-motors.com\/wp-content\/uploads\/2023\/03\/A_33411ADF_new_front-scaled.jpg\",\"datePublished\":\"2023-03-06T13:01:39+00:00\",\"dateModified\":\"2023-08-25T08:05:06+00:00\",\"breadcrumb\":{\"@id\":\"https:\/\/solar-motors.com\/de\/produkt\/solar-tracker-2-axis-st44m3v15p-w-backstr-for-15-pan-0153-st44m3v15p-without-concrete-block\/#breadcrumb\"},\"inLanguage\":\"de\",\"potentialAction\":[{\"@type\":\"ReadAction\",\"target\":[\"https:\/\/solar-motors.com\/de\/produkt\/solar-tracker-2-axis-st44m3v15p-w-backstr-for-15-pan-0153-st44m3v15p-without-concrete-block\/\"]}]},{\"@type\":\"ImageObject\",\"inLanguage\":\"de\",\"@id\":\"https:\/\/solar-motors.com\/de\/produkt\/solar-tracker-2-axis-st44m3v15p-w-backstr-for-15-pan-0153-st44m3v15p-without-concrete-block\/#primaryimage\",\"url\":\"https:\/\/solar-motors.com\/wp-content\/uploads\/2023\/03\/A_33411ADF_new_front-scaled.jpg\",\"contentUrl\":\"https:\/\/solar-motors.com\/wp-content\/uploads\/2023\/03\/A_33411ADF_new_front-scaled.jpg\",\"width\":2029,\"height\":2560},{\"@type\":\"BreadcrumbList\",\"@id\":\"https:\/\/solar-motors.com\/de\/produkt\/solar-tracker-2-axis-st44m3v15p-w-backstr-for-15-pan-0153-st44m3v15p-without-concrete-block\/#breadcrumb\",\"itemListElement\":[{\"@type\":\"ListItem\",\"position\":1,\"name\":\"Home\",\"item\":\"https:\/\/solar-motors.com\/de\/\"},{\"@type\":\"ListItem\",\"position\":2,\"name\":\"Shop\",\"item\":\"https:\/\/solar-motors.com\/shop\/\"},{\"@type\":\"ListItem\",\"position\":3,\"name\":\"Solar Tracker 2-achsig ST44M3V15P mit R\u00fcckenstruktur fuer 15 Pan. \/ 0153 \/ ST44M3V15P, ohne Betonstein\"}]},{\"@type\":\"WebSite\",\"@id\":\"https:\/\/solar-motors.com\/de\/#website\",\"url\":\"https:\/\/solar-motors.com\/de\/\",\"name\":\"Solar Motors\",\"description\":\"Dependable Sun Tracking Systems Since 2005\",\"potentialAction\":[{\"@type\":\"SearchAction\",\"target\":{\"@type\":\"EntryPoint\",\"urlTemplate\":\"https:\/\/solar-motors.com\/de\/?s={search_term_string}\"},\"query-input\":{\"@type\":\"PropertyValueSpecification\",\"valueRequired\":true,\"valueName\":\"search_term_string\"}}],\"inLanguage\":\"de\"}]}<\/script>\n<!-- \/ Yoast SEO plugin. -->","yoast_head_json":{"title":"Solar Tracker 2-achsig ST44M3V15P mit R\u00fcckenstruktur fuer 15 Pan. \/ 0153 \/ ST44M3V15P, ohne Betonstein - Solar Motors","robots":{"index":"index","follow":"follow","max-snippet":"max-snippet:-1","max-image-preview":"max-image-preview:large","max-video-preview":"max-video-preview:-1"},"canonical":"https:\/\/solar-motors.com\/de\/produkt\/solar-tracker-2-axis-st44m3v15p-w-backstr-for-15-pan-0153-st44m3v15p-without-concrete-block\/","og_locale":"de_DE","og_type":"article","og_title":"Solar Tracker 2-achsig ST44M3V15P mit R\u00fcckenstruktur fuer 15 Pan. \/ 0153 \/ ST44M3V15P, ohne Betonstein - Solar Motors","og_description":"2-Achsen-Solartracker f\u00fcr 15 Panels, ohne Betonstein.","og_url":"https:\/\/solar-motors.com\/de\/produkt\/solar-tracker-2-axis-st44m3v15p-w-backstr-for-15-pan-0153-st44m3v15p-without-concrete-block\/","og_site_name":"Solar Motors","article_modified_time":"2023-08-25T08:05:06+00:00","og_image":[{"width":2029,"height":2560,"url":"https:\/\/solar-motors.com\/wp-content\/uploads\/2023\/03\/A_33411ADF_new_front-scaled.jpg","type":"image\/jpeg"}],"twitter_card":"summary_large_image","twitter_misc":{"Gesch\u00e4tzte Lesezeit":"1\u00a0Minute"},"schema":{"@context":"https:\/\/schema.org","@graph":[{"@type":"WebPage","@id":"https:\/\/solar-motors.com\/de\/produkt\/solar-tracker-2-axis-st44m3v15p-w-backstr-for-15-pan-0153-st44m3v15p-without-concrete-block\/","url":"https:\/\/solar-motors.com\/de\/produkt\/solar-tracker-2-axis-st44m3v15p-w-backstr-for-15-pan-0153-st44m3v15p-without-concrete-block\/","name":"Solar Tracker 2-achsig ST44M3V15P mit R\u00fcckenstruktur fuer 15 Pan. \/ 0153 \/ ST44M3V15P, ohne Betonstein - Solar Motors","isPartOf":{"@id":"https:\/\/solar-motors.com\/de\/#website"},"primaryImageOfPage":{"@id":"https:\/\/solar-motors.com\/de\/produkt\/solar-tracker-2-axis-st44m3v15p-w-backstr-for-15-pan-0153-st44m3v15p-without-concrete-block\/#primaryimage"},"image":{"@id":"https:\/\/solar-motors.com\/de\/produkt\/solar-tracker-2-axis-st44m3v15p-w-backstr-for-15-pan-0153-st44m3v15p-without-concrete-block\/#primaryimage"},"thumbnailUrl":"https:\/\/solar-motors.com\/wp-content\/uploads\/2023\/03\/A_33411ADF_new_front-scaled.jpg","datePublished":"2023-03-06T13:01:39+00:00","dateModified":"2023-08-25T08:05:06+00:00","breadcrumb":{"@id":"https:\/\/solar-motors.com\/de\/produkt\/solar-tracker-2-axis-st44m3v15p-w-backstr-for-15-pan-0153-st44m3v15p-without-concrete-block\/#breadcrumb"},"inLanguage":"de","potentialAction":[{"@type":"ReadAction","target":["https:\/\/solar-motors.com\/de\/produkt\/solar-tracker-2-axis-st44m3v15p-w-backstr-for-15-pan-0153-st44m3v15p-without-concrete-block\/"]}]},{"@type":"ImageObject","inLanguage":"de","@id":"https:\/\/solar-motors.com\/de\/produkt\/solar-tracker-2-axis-st44m3v15p-w-backstr-for-15-pan-0153-st44m3v15p-without-concrete-block\/#primaryimage","url":"https:\/\/solar-motors.com\/wp-content\/uploads\/2023\/03\/A_33411ADF_new_front-scaled.jpg","contentUrl":"https:\/\/solar-motors.com\/wp-content\/uploads\/2023\/03\/A_33411ADF_new_front-scaled.jpg","width":2029,"height":2560},{"@type":"BreadcrumbList","@id":"https:\/\/solar-motors.com\/de\/produkt\/solar-tracker-2-axis-st44m3v15p-w-backstr-for-15-pan-0153-st44m3v15p-without-concrete-block\/#breadcrumb","itemListElement":[{"@type":"ListItem","position":1,"name":"Home","item":"https:\/\/solar-motors.com\/de\/"},{"@type":"ListItem","position":2,"name":"Shop","item":"https:\/\/solar-motors.com\/shop\/"},{"@type":"ListItem","position":3,"name":"Solar Tracker 2-achsig ST44M3V15P mit R\u00fcckenstruktur fuer 15 Pan. \/ 0153 \/ ST44M3V15P, ohne Betonstein"}]},{"@type":"WebSite","@id":"https:\/\/solar-motors.com\/de\/#website","url":"https:\/\/solar-motors.com\/de\/","name":"Solar Motors","description":"Dependable Sun Tracking Systems Since 2005","potentialAction":[{"@type":"SearchAction","target":{"@type":"EntryPoint","urlTemplate":"https:\/\/solar-motors.com\/de\/?s={search_term_string}"},"query-input":{"@type":"PropertyValueSpecification","valueRequired":true,"valueName":"search_term_string"}}],"inLanguage":"de"}]}},"_links":{"self":[{"href":"https:\/\/solar-motors.com\/de\/wp-json\/wp\/v2\/product\/7416","targetHints":{"allow":["GET"]}}],"collection":[{"href":"https:\/\/solar-motors.com\/de\/wp-json\/wp\/v2\/product"}],"about":[{"href":"https:\/\/solar-motors.com\/de\/wp-json\/wp\/v2\/types\/product"}],"replies":[{"embeddable":true,"href":"https:\/\/solar-motors.com\/de\/wp-json\/wp\/v2\/comments?post=7416"}],"wp:featuredmedia":[{"embeddable":true,"href":"https:\/\/solar-motors.com\/de\/wp-json\/wp\/v2\/media\/5949"}],"wp:attachment":[{"href":"https:\/\/solar-motors.com\/de\/wp-json\/wp\/v2\/media?parent=7416"}],"wp:term":[{"taxonomy":"product_brand","embeddable":true,"href":"https:\/\/solar-motors.com\/de\/wp-json\/wp\/v2\/product_brand?post=7416"},{"taxonomy":"product_cat","embeddable":true,"href":"https:\/\/solar-motors.com\/de\/wp-json\/wp\/v2\/product_cat?post=7416"},{"taxonomy":"product_tag","embeddable":true,"href":"https:\/\/solar-motors.com\/de\/wp-json\/wp\/v2\/product_tag?post=7416"}],"curies":[{"name":"wp","href":"https:\/\/api.w.org\/{rel}","templated":true}]}}