{"id":7417,"date":"2023-03-06T14:01:21","date_gmt":"2023-03-06T13:01:21","guid":{"rendered":"https:\/\/solar-motors.com\/product\/solar-tracker-2-axis-st44m2v4p-mit-rueckenstruktur-fuer-4-pan-0103-st44m2v4p-ohne-hauptmast-und-erdungsschrauben\/"},"modified":"2023-08-25T10:04:59","modified_gmt":"2023-08-25T08:04:59","slug":"solar-tracker-2-axis-st44m2v4p-w-backstr-for-4-pan-0103-st44m2v4p-without-main-pole-and-ground-screws","status":"publish","type":"product","link":"https:\/\/solar-motors.com\/de\/produkt\/solar-tracker-2-axis-st44m2v4p-w-backstr-for-4-pan-0103-st44m2v4p-without-main-pole-and-ground-screws\/","title":{"rendered":"Solar Tracker 2-axis ST44M2V4P mit R\u00fcckenstruktur fuer 4 Pan. \/ 0103 \/ ST44M2V4P, ohne Hauptmast und Erdungsschrauben"},"content":{"rendered":"<p align=\"justify\">2-achsiger oder dual-achsiger Solar Tracker mit einer Genauigkeit von besser als 0,5 Grad und einer R\u00fcckwand f\u00fcr 4 St\u00fcck Solarmodule mit den Abmessungen 0,99 m x 1,65 m und einem Gewicht von jeweils max. 20 kg. Also zusammen f\u00fcr 6,5 m2 Solarpanelfl\u00e4che. Geeignet f\u00fcr PV-Module, Konzentratoren &#8211; CPV, Heliostaten. Verwendung in Haushalten: netzgekoppelt auf Hausd\u00e4chern, Verkehrssignalisierungen, Stra\u00dfenlaternen, H\u00fctten, kleinen und gro\u00dfen Kraftwerken, bei denen Solarmodule in Reihe geschaltet sind und der Ausgang direkt an den Wechselrichter oder ein externes Ladeger\u00e4t angeschlossen ist.<\/p>\n<p align=\"justify\">Max. zul\u00e4ssige Windgeschwindigkeit in Arbeitsstellung betr\u00e4gt 50 km\/h. Max. Die zul\u00e4ssige Windgeschwindigkeit in sicherer (horizontaler) Position betr\u00e4gt 120 km\/h. Auf Jahresbasis k\u00f6nnen Sie mit einem zweiachsigen System 7 % mehr Energieeinnahmen im Vergleich zu einem einachsigen System und bis zu 33 % mehr Energieeinnahmen im Vergleich zu einem festen Solarsystem erzielen. Erdungsschraube und Hauptmast sind nicht Bestandteil dieses Solartracker-Pakets. Sie k\u00f6nnen es separat kaufen. <\/p>\n<p align=\"justify\">Anti-Schatten-Softwarefunktion f\u00fcr Solartracker enthalten.<\/p>\n<p><img decoding=\"async\" width=\"110\" height=\"49\" style=\"width: 96px; height: 49px;\" alt=\"USB_logo\" src=\"\/wp-content\/uploads\/files-old\/%24%24H_E3E77E1E_USB_20logo.jpg\" border=\"0\" hspace=\"0\"><\/p>\n<\/p>\n<table width=\"822\" style=\"width: 822px; height: 228px;\" border=\"1\" cellspacing=\"0\" cellpadding=\"0\">\n<tbody>\n<tr>\n<td bgcolor=\"#ed1c24\">\n<p><strong> Solar Tracker ST44M2V4P \/ 0103<\/strong><\/p>\n<\/td>\n<td>\n<p align=\"center\">\n<\/td>\n<\/tr>\n<tr>\n<td><strong> Installations- und Gebrauchsanweisung im PDF-Format<\/strong><\/td>\n<td>\n<p align=\"center\">\n<\/td>\n<\/tr>\n<tr>\n<td>&#8211; Englisches Benutzerhandbuch im PDF-Format<\/td>\n<td>\n<p align=\"center\"><a href=\"\/wp-content\/uploads\/files-old\/ST44M2V4P_Instructions_for_installation_ang_LR_new_2106.pdf\" target=\"_blank\" rel=\"noopener\">Herunterladen<\/a><\/p>\n<\/td>\n<\/tr>\n<tr>\n<td>&#8211; Deutsche Bedienungsanleitung im PDF-Format<\/td>\n<td>\n<p align=\"center\"><a href=\"\/wp-content\/uploads\/files-old\/ST44M2V4P_Instructions_for_installation_nem_LR_U.pdf\" target=\"_blank\" rel=\"noopener\">Herunterladen<\/a><\/p>\n<\/td>\n<\/tr>\n<tr>\n<td>\n<p align=\"left\">&#8211; Upgrade des einachsigen Solar Tracker ST40MxVxP auf den zweiachsigen ST44MxVxP<\/p>\n<\/td>\n<td>\n<p align=\"center\"><a href=\"\/wp-content\/uploads\/files-old\/Upgrade%20of%20single%20axis%20to%20dual%20axis%20Solar%20Tracker.pdf\" target=\"_blank\" rel=\"noopener\">Herunterladen<\/a><\/p>\n<\/td>\n<\/tr>\n<tr>\n<td> <\/td>\n<td> <\/td>\n<\/tr>\n<tr>\n<td><strong> Technische Datenbl\u00e4tter<\/strong><\/td>\n<td>\n<p align=\"center\">\n<\/td>\n<\/tr>\n<tr>\n<td>&#8211; Englisches Merkblatt im PDF-Format mittlerer Aufl\u00f6sung<\/td>\n<td>\n<p align=\"center\"><a href=\"\/wp-content\/uploads\/files-old\/ST44M2V4P_MR.pdf\" target=\"_blank\" rel=\"noopener\">Herunterladen<\/a><\/p>\n<\/td>\n<\/tr>\n<tr>\n<td>&#8211; Englisches Merkblatt im PDF-Format mit niedriger Aufl\u00f6sung<\/td>\n<td>\n<p align=\"center\"><a href=\"\/wp-content\/uploads\/files-old\/ST44M2V4P_LR.pdf\" target=\"_blank\" rel=\"noopener\">Herunterladen<\/a><\/p>\n<\/td>\n<\/tr>\n<tr>\n<td>\n<p align=\"center\">\n<\/td>\n<td>\n<p align=\"center\">\n<\/td>\n<\/tr>\n<tr>\n<td><strong> Technische Zeichnungen<\/strong><\/td>\n<td>\n<p align=\"center\">\n<\/td>\n<\/tr>\n<tr>\n<td>&#8211; Part list<\/td>\n<td>\n<p align=\"center\"><a href=\"\/wp-content\/uploads\/files-old\/ST44M2V4P_PART_LIST.pdf\" target=\"_blank\" rel=\"noopener\">Herunterladen<\/a><\/p>\n<\/td>\n<\/tr>\n<tr>\n<td>&#8211; Technische Zeichnung<\/td>\n<td>\n<p align=\"center\">Herunterladen<\/p>\n<\/td>\n<\/tr>\n<tr>\n<td>\n<p align=\"center\">\n<\/td>\n<td>\n<p align=\"center\">\n<\/td>\n<\/tr>\n<tr>\n<td> <strong>Energie Produktion<\/strong><\/td>\n<td>\n<p align=\"center\">\n<\/td>\n<\/tr>\n<tr>\n<td>&#8211; Produktion von Solarenergie f\u00fcr Solartracker ST44M2V4P Sat Control (Muster &#8211; f\u00fcr Standort Indien)<\/td>\n<td>\n<p align=\"center\"><a href=\"\/wp-content\/uploads\/files-old\/ST44M2V4P_energy_production.pdf\" target=\"_blank\" rel=\"noopener\">Herunterladen<\/a><\/p>\n<\/td>\n<\/tr>\n<tr>\n<td>\n<p>&#8211; Produktion von Solarenergie f\u00fcr Festsystem &#8211; 1KW (Beispiel &#8211; f\u00fcr Standort Slowenien)<\/p>\n<\/td>\n<td>\n<p align=\"center\"><a href=\"\/wp-content\/uploads\/files-old\/Production%20%20Fix_1%20KW_Slovinsko.pdf\" target=\"_blank\" rel=\"noopener\">Herunterladen<\/a><\/p>\n<\/td>\n<\/tr>\n<tr>\n<td>&#8211; Produktion von Solarenergie f\u00fcr Solartracker ST44M2V4P Sat Control (Muster &#8211; f\u00fcr Standort Slowenien)<\/td>\n<td>\n<p align=\"center\"><a href=\"\/wp-content\/uploads\/files-old\/Production_track%202%20axis_1%20KW_Slovinsko.pdf\" target=\"_blank\" rel=\"noopener\">Herunterladen<\/a><\/p>\n<\/td>\n<\/tr>\n<tr>\n<td>\n<p>&#8211; Produktion von Solarenergie f\u00fcr Festsystem &#8211; 1KW (Beispiel &#8211; f\u00fcr Standort Zypern)<\/p>\n<\/td>\n<td>\n<p align=\"center\"><a href=\"\/wp-content\/uploads\/files-old\/Production_fix_1%20KW_Cyprus.pdf\" target=\"_blank\" rel=\"noopener\">Herunterladen<\/a><\/p>\n<\/td>\n<\/tr>\n<tr>\n<td>&#8211; Produktion von Solarenergie f\u00fcr Solartracker ST44M2V4P Sat Control (Muster &#8211; f\u00fcr Standort Zypern)<\/td>\n<td>\n<p align=\"center\"><a href=\"\/wp-content\/uploads\/files-old\/Production_track%202%20axis_1%20KW_Cyprus.pdf\" target=\"_blank\" rel=\"noopener\">Herunterladen<\/a><\/p>\n<\/td>\n<\/tr>\n<tr>\n<td>&#8211; Produktion von Solarenergie f\u00fcr Festsystem &#8211; 1KW (Beispiel &#8211; f\u00fcr Standort Sardinien)<\/td>\n<td>\n<p align=\"center\"><a href=\"\/wp-content\/uploads\/files-old\/Production_fix_1%20KW_Sardinia.pdf\" target=\"_blank\" rel=\"noopener\">Herunterladen<\/a><\/p>\n<\/td>\n<\/tr>\n<tr>\n<td>&#8211; Produktion von Solarenergie f\u00fcr Solartracker ST44M2V4P Sat Control (Muster &#8211; f\u00fcr Standort Sardinien)<\/td>\n<td>\n<p align=\"center\"><a href=\"\/wp-content\/uploads\/files-old\/Production_track%202%20axis_1%20KW_Sardinia.pdf\" target=\"_blank\" rel=\"noopener\">Herunterladen<\/a><\/p>\n<\/td>\n<\/tr>\n<tr>\n<td>\n<p>&#8211; Produktion von Solarenergie f\u00fcr Solartracker ST44M2V4P Sat Control (Muster &#8211; f\u00fcr Standort Japan)<\/p>\n<\/td>\n<td>\n<p align=\"center\"><a href=\"\/wp-content\/uploads\/files-old\/YIELD%20ASSESSMENT%20JAPAN%20FOR%20ST44M2V4P.pdf\" target=\"_blank\" rel=\"noopener\">Herunterladen<\/a><\/p>\n<\/td>\n<\/tr>\n<tr>\n<td>\n<p>&#8211; Produktion von Solarenergie f\u00fcr Solartracker ST44M2V4P Sat Control (Muster &#8211; f\u00fcr Standort Chile)<\/p>\n<\/td>\n<td>\n<p align=\"center\"><a href=\"\/wp-content\/uploads\/files-old\/YIELD%20ASSESSMENT%20CHILE%20FOR%20ST44M2V4P.pdf\" target=\"_blank\" rel=\"noopener\">Herunterladen<\/a><\/p>\n<\/td>\n<\/tr>\n<tr>\n<td>\n<p>&#8211; Produktion von Solarenergie f\u00fcr Solartracker ST44M2V4P Sat Control (Muster &#8211; f\u00fcr Standort S\u00fcdafrika)<\/p>\n<\/td>\n<td>\n<p align=\"center\"><a href=\"\/wp-content\/uploads\/files-old\/YIELD%20ASSESSMENT%20SOUTH%20AFRICA%20STELLENBOSCH%20FOR%20ST44M2V4P.pdf\" target=\"_blank\" rel=\"noopener\">Herunterladen<\/a><\/p>\n<\/td>\n<\/tr>\n<tr>\n<td><\/td>\n<td><\/td>\n<\/tr>\n<tr>\n<td> <strong>Wartung<\/strong><\/td>\n<td><\/td>\n<\/tr>\n<tr>\n<td>&#8211; Wartung des Solartrackers ST44M3VXP mit Linearmotoren SM4S520M2U8<\/td>\n<td>\n<p align=\"center\"><a href=\"\/wp-content\/uploads\/files-old\/Maintenance%20of%20Solar%20Tracker%20ST44M2VXP%20with%20Linear%20motors%20SM4S520M2U8.pdf\" target=\"_blank\" rel=\"noopener\">Herunterladen<\/a><\/p>\n<\/td>\n<\/tr>\n<tr>\n<td><\/td>\n<td><\/td>\n<\/tr>\n<tr>\n<td><strong> Neuste Firmware<\/strong>   <\/td>\n<td>\n<p align=\"center\">\n<\/td>\n<\/tr>\n<tr>\n<td><u>Bitte durchsuchen Sie die Support-Seite<\/u><\/td>\n<td>\n<p align=\"center\">\n<\/td>\n<\/tr>\n<tr>\n<td>\n<p align=\"center\">\n<\/td>\n<td>\n<p align=\"center\">\n<\/td>\n<\/tr>\n<tr>\n<td>\n<p><strong> Zertifikate<\/strong><\/p>\n<\/td>\n<td>\n<p align=\"center\">\n<\/td>\n<\/tr>\n<tr>\n<td>\n<p>&#8211; Konformit\u00e4tserkl\u00e4rung im PDF-Format<\/p>\n<\/td>\n<td>\n<p align=\"center\"><a href=\"\/wp-content\/uploads\/files-old\/Declaration%20of%20Conformity%20for%20Solar%20Tracker%20-%20SunTracer%20ST44M2V4P%20and%20derivates%20dated%2001-06-2010.pdf\" target=\"_blank\" rel=\"noopener\">Herunterladen<\/a><\/p>\n<\/td>\n<\/tr>\n<tr>\n<td>\n<p align=\"center\">\n<\/td>\n<td>\n<p align=\"center\">\n<\/td>\n<\/tr>\n<\/tbody>\n<\/table>\n<\/p>\n<p><img decoding=\"async\" alt=\"\" src=\"\/wp-content\/uploads\/files-old\/%24%24H_5F68C5B4_SM44M1V3P_grafi_novi.jpg\" border=\"0\" hspace=\"0\"><\/p>\n<p align=\"justify\"><strong> Wirkleistungsmessung zweier gleicher Solarmodule (fest und motorisiert)<\/strong><\/p>\n<p> Drei gleiche Solarmodule wurden der realen Sonne ausgesetzt und die umgewandelte elektrische Leistung gemessen. Testbedingungen: Solarmodule (beide): 1,0 kWp (Herstellerangabe bei AM 1,5) Datum: Juli 2010 Zeit: 4:00 bis 20:00 (Sonnenzeit) Geo. Breitengrad: 46\u00b0 N Wetterbedingungen: sonnig, aber nicht ganz klar Ergebnisse: Durchschnittliche Energie fest: 3762,0 Wh Durchschnittliche Energie motorisiert: 6093,0 Wh Hinweis: Die Summe des Energieverbrauchs des Motors \u00fcber den ganzen Tag betr\u00e4gt 17,52 Wh oder 0,29 % von allem gesammelte Energie.<\/p>\n","protected":false},"excerpt":{"rendered":"<p>2-achsig solar tracker fuer 4 Panele Hauptmast und Erdungsschrauben sind nicht im Lieferumfang enthalten.<\/p>\n","protected":false},"featured_media":5659,"comment_status":"open","ping_status":"closed","template":"","meta":{"inline_featured_image":false},"product_brand":[],"product_cat":[851,1203],"product_tag":[],"class_list":{"0":"post-7417","1":"product","2":"type-product","3":"status-publish","4":"has-post-thumbnail","6":"product_cat-doppelachsige-suntracker","7":"product_cat-verkauf","9":"first","10":"outofstock","11":"featured","12":"taxable","13":"shipping-taxable","14":"purchasable","15":"product-type-simple"},"yoast_head":"<!-- This site is optimized with the Yoast SEO plugin v26.5 - https:\/\/yoast.com\/wordpress\/plugins\/seo\/ -->\n<title>Solar Tracker 2-axis ST44M2V4P mit R\u00fcckenstruktur fuer 4 Pan. \/ 0103 \/ ST44M2V4P, ohne Hauptmast und Erdungsschrauben - Solar Motors<\/title>\n<meta name=\"robots\" content=\"index, follow, max-snippet:-1, max-image-preview:large, max-video-preview:-1\" \/>\n<link rel=\"canonical\" href=\"https:\/\/solar-motors.com\/de\/produkt\/solar-tracker-2-axis-st44m2v4p-w-backstr-for-4-pan-0103-st44m2v4p-without-main-pole-and-ground-screws\/\" \/>\n<meta property=\"og:locale\" content=\"de_DE\" \/>\n<meta property=\"og:type\" content=\"article\" \/>\n<meta property=\"og:title\" content=\"Solar Tracker 2-axis ST44M2V4P mit R\u00fcckenstruktur fuer 4 Pan. \/ 0103 \/ ST44M2V4P, ohne Hauptmast und Erdungsschrauben - Solar Motors\" \/>\n<meta property=\"og:description\" content=\"2-achsig solar tracker fuer 4 Panele Hauptmast und Erdungsschrauben sind nicht im Lieferumfang enthalten.\" \/>\n<meta property=\"og:url\" content=\"https:\/\/solar-motors.com\/de\/produkt\/solar-tracker-2-axis-st44m2v4p-w-backstr-for-4-pan-0103-st44m2v4p-without-main-pole-and-ground-screws\/\" \/>\n<meta property=\"og:site_name\" content=\"Solar Motors\" \/>\n<meta property=\"article:modified_time\" content=\"2023-08-25T08:04:59+00:00\" \/>\n<meta property=\"og:image\" content=\"https:\/\/solar-motors.com\/wp-content\/uploads\/2023\/03\/A_C6085A6E_SM44M1V4P_new_31_08_2011_d.jpg\" \/>\n\t<meta property=\"og:image:width\" content=\"2217\" \/>\n\t<meta property=\"og:image:height\" content=\"2132\" \/>\n\t<meta property=\"og:image:type\" content=\"image\/jpeg\" \/>\n<meta name=\"twitter:card\" content=\"summary_large_image\" \/>\n<meta name=\"twitter:label1\" content=\"Gesch\u00e4tzte Lesezeit\" \/>\n\t<meta name=\"twitter:data1\" content=\"3\u00a0Minuten\" \/>\n<script type=\"application\/ld+json\" class=\"yoast-schema-graph\">{\"@context\":\"https:\/\/schema.org\",\"@graph\":[{\"@type\":\"WebPage\",\"@id\":\"https:\/\/solar-motors.com\/de\/produkt\/solar-tracker-2-axis-st44m2v4p-w-backstr-for-4-pan-0103-st44m2v4p-without-main-pole-and-ground-screws\/\",\"url\":\"https:\/\/solar-motors.com\/de\/produkt\/solar-tracker-2-axis-st44m2v4p-w-backstr-for-4-pan-0103-st44m2v4p-without-main-pole-and-ground-screws\/\",\"name\":\"Solar Tracker 2-axis ST44M2V4P mit R\u00fcckenstruktur fuer 4 Pan. \/ 0103 \/ ST44M2V4P, ohne Hauptmast und Erdungsschrauben - Solar Motors\",\"isPartOf\":{\"@id\":\"https:\/\/solar-motors.com\/de\/#website\"},\"primaryImageOfPage\":{\"@id\":\"https:\/\/solar-motors.com\/de\/produkt\/solar-tracker-2-axis-st44m2v4p-w-backstr-for-4-pan-0103-st44m2v4p-without-main-pole-and-ground-screws\/#primaryimage\"},\"image\":{\"@id\":\"https:\/\/solar-motors.com\/de\/produkt\/solar-tracker-2-axis-st44m2v4p-w-backstr-for-4-pan-0103-st44m2v4p-without-main-pole-and-ground-screws\/#primaryimage\"},\"thumbnailUrl\":\"https:\/\/solar-motors.com\/wp-content\/uploads\/2023\/03\/A_C6085A6E_SM44M1V4P_new_31_08_2011_d.jpg\",\"datePublished\":\"2023-03-06T13:01:21+00:00\",\"dateModified\":\"2023-08-25T08:04:59+00:00\",\"breadcrumb\":{\"@id\":\"https:\/\/solar-motors.com\/de\/produkt\/solar-tracker-2-axis-st44m2v4p-w-backstr-for-4-pan-0103-st44m2v4p-without-main-pole-and-ground-screws\/#breadcrumb\"},\"inLanguage\":\"de\",\"potentialAction\":[{\"@type\":\"ReadAction\",\"target\":[\"https:\/\/solar-motors.com\/de\/produkt\/solar-tracker-2-axis-st44m2v4p-w-backstr-for-4-pan-0103-st44m2v4p-without-main-pole-and-ground-screws\/\"]}]},{\"@type\":\"ImageObject\",\"inLanguage\":\"de\",\"@id\":\"https:\/\/solar-motors.com\/de\/produkt\/solar-tracker-2-axis-st44m2v4p-w-backstr-for-4-pan-0103-st44m2v4p-without-main-pole-and-ground-screws\/#primaryimage\",\"url\":\"https:\/\/solar-motors.com\/wp-content\/uploads\/2023\/03\/A_C6085A6E_SM44M1V4P_new_31_08_2011_d.jpg\",\"contentUrl\":\"https:\/\/solar-motors.com\/wp-content\/uploads\/2023\/03\/A_C6085A6E_SM44M1V4P_new_31_08_2011_d.jpg\",\"width\":2217,\"height\":2132},{\"@type\":\"BreadcrumbList\",\"@id\":\"https:\/\/solar-motors.com\/de\/produkt\/solar-tracker-2-axis-st44m2v4p-w-backstr-for-4-pan-0103-st44m2v4p-without-main-pole-and-ground-screws\/#breadcrumb\",\"itemListElement\":[{\"@type\":\"ListItem\",\"position\":1,\"name\":\"Home\",\"item\":\"https:\/\/solar-motors.com\/de\/\"},{\"@type\":\"ListItem\",\"position\":2,\"name\":\"Shop\",\"item\":\"https:\/\/solar-motors.com\/shop\/\"},{\"@type\":\"ListItem\",\"position\":3,\"name\":\"Solar Tracker 2-axis ST44M2V4P mit R\u00fcckenstruktur fuer 4 Pan. \/ 0103 \/ ST44M2V4P, ohne Hauptmast und Erdungsschrauben\"}]},{\"@type\":\"WebSite\",\"@id\":\"https:\/\/solar-motors.com\/de\/#website\",\"url\":\"https:\/\/solar-motors.com\/de\/\",\"name\":\"Solar Motors\",\"description\":\"Dependable Sun Tracking Systems Since 2005\",\"potentialAction\":[{\"@type\":\"SearchAction\",\"target\":{\"@type\":\"EntryPoint\",\"urlTemplate\":\"https:\/\/solar-motors.com\/de\/?s={search_term_string}\"},\"query-input\":{\"@type\":\"PropertyValueSpecification\",\"valueRequired\":true,\"valueName\":\"search_term_string\"}}],\"inLanguage\":\"de\"}]}<\/script>\n<!-- \/ Yoast SEO plugin. -->","yoast_head_json":{"title":"Solar Tracker 2-axis ST44M2V4P mit R\u00fcckenstruktur fuer 4 Pan. \/ 0103 \/ ST44M2V4P, ohne Hauptmast und Erdungsschrauben - Solar Motors","robots":{"index":"index","follow":"follow","max-snippet":"max-snippet:-1","max-image-preview":"max-image-preview:large","max-video-preview":"max-video-preview:-1"},"canonical":"https:\/\/solar-motors.com\/de\/produkt\/solar-tracker-2-axis-st44m2v4p-w-backstr-for-4-pan-0103-st44m2v4p-without-main-pole-and-ground-screws\/","og_locale":"de_DE","og_type":"article","og_title":"Solar Tracker 2-axis ST44M2V4P mit R\u00fcckenstruktur fuer 4 Pan. \/ 0103 \/ ST44M2V4P, ohne Hauptmast und Erdungsschrauben - Solar Motors","og_description":"2-achsig solar tracker fuer 4 Panele Hauptmast und Erdungsschrauben sind nicht im Lieferumfang enthalten.","og_url":"https:\/\/solar-motors.com\/de\/produkt\/solar-tracker-2-axis-st44m2v4p-w-backstr-for-4-pan-0103-st44m2v4p-without-main-pole-and-ground-screws\/","og_site_name":"Solar Motors","article_modified_time":"2023-08-25T08:04:59+00:00","og_image":[{"width":2217,"height":2132,"url":"https:\/\/solar-motors.com\/wp-content\/uploads\/2023\/03\/A_C6085A6E_SM44M1V4P_new_31_08_2011_d.jpg","type":"image\/jpeg"}],"twitter_card":"summary_large_image","twitter_misc":{"Gesch\u00e4tzte Lesezeit":"3\u00a0Minuten"},"schema":{"@context":"https:\/\/schema.org","@graph":[{"@type":"WebPage","@id":"https:\/\/solar-motors.com\/de\/produkt\/solar-tracker-2-axis-st44m2v4p-w-backstr-for-4-pan-0103-st44m2v4p-without-main-pole-and-ground-screws\/","url":"https:\/\/solar-motors.com\/de\/produkt\/solar-tracker-2-axis-st44m2v4p-w-backstr-for-4-pan-0103-st44m2v4p-without-main-pole-and-ground-screws\/","name":"Solar Tracker 2-axis ST44M2V4P mit R\u00fcckenstruktur fuer 4 Pan. \/ 0103 \/ ST44M2V4P, ohne Hauptmast und Erdungsschrauben - Solar Motors","isPartOf":{"@id":"https:\/\/solar-motors.com\/de\/#website"},"primaryImageOfPage":{"@id":"https:\/\/solar-motors.com\/de\/produkt\/solar-tracker-2-axis-st44m2v4p-w-backstr-for-4-pan-0103-st44m2v4p-without-main-pole-and-ground-screws\/#primaryimage"},"image":{"@id":"https:\/\/solar-motors.com\/de\/produkt\/solar-tracker-2-axis-st44m2v4p-w-backstr-for-4-pan-0103-st44m2v4p-without-main-pole-and-ground-screws\/#primaryimage"},"thumbnailUrl":"https:\/\/solar-motors.com\/wp-content\/uploads\/2023\/03\/A_C6085A6E_SM44M1V4P_new_31_08_2011_d.jpg","datePublished":"2023-03-06T13:01:21+00:00","dateModified":"2023-08-25T08:04:59+00:00","breadcrumb":{"@id":"https:\/\/solar-motors.com\/de\/produkt\/solar-tracker-2-axis-st44m2v4p-w-backstr-for-4-pan-0103-st44m2v4p-without-main-pole-and-ground-screws\/#breadcrumb"},"inLanguage":"de","potentialAction":[{"@type":"ReadAction","target":["https:\/\/solar-motors.com\/de\/produkt\/solar-tracker-2-axis-st44m2v4p-w-backstr-for-4-pan-0103-st44m2v4p-without-main-pole-and-ground-screws\/"]}]},{"@type":"ImageObject","inLanguage":"de","@id":"https:\/\/solar-motors.com\/de\/produkt\/solar-tracker-2-axis-st44m2v4p-w-backstr-for-4-pan-0103-st44m2v4p-without-main-pole-and-ground-screws\/#primaryimage","url":"https:\/\/solar-motors.com\/wp-content\/uploads\/2023\/03\/A_C6085A6E_SM44M1V4P_new_31_08_2011_d.jpg","contentUrl":"https:\/\/solar-motors.com\/wp-content\/uploads\/2023\/03\/A_C6085A6E_SM44M1V4P_new_31_08_2011_d.jpg","width":2217,"height":2132},{"@type":"BreadcrumbList","@id":"https:\/\/solar-motors.com\/de\/produkt\/solar-tracker-2-axis-st44m2v4p-w-backstr-for-4-pan-0103-st44m2v4p-without-main-pole-and-ground-screws\/#breadcrumb","itemListElement":[{"@type":"ListItem","position":1,"name":"Home","item":"https:\/\/solar-motors.com\/de\/"},{"@type":"ListItem","position":2,"name":"Shop","item":"https:\/\/solar-motors.com\/shop\/"},{"@type":"ListItem","position":3,"name":"Solar Tracker 2-axis ST44M2V4P mit R\u00fcckenstruktur fuer 4 Pan. \/ 0103 \/ ST44M2V4P, ohne Hauptmast und Erdungsschrauben"}]},{"@type":"WebSite","@id":"https:\/\/solar-motors.com\/de\/#website","url":"https:\/\/solar-motors.com\/de\/","name":"Solar Motors","description":"Dependable Sun Tracking Systems Since 2005","potentialAction":[{"@type":"SearchAction","target":{"@type":"EntryPoint","urlTemplate":"https:\/\/solar-motors.com\/de\/?s={search_term_string}"},"query-input":{"@type":"PropertyValueSpecification","valueRequired":true,"valueName":"search_term_string"}}],"inLanguage":"de"}]}},"_links":{"self":[{"href":"https:\/\/solar-motors.com\/de\/wp-json\/wp\/v2\/product\/7417","targetHints":{"allow":["GET"]}}],"collection":[{"href":"https:\/\/solar-motors.com\/de\/wp-json\/wp\/v2\/product"}],"about":[{"href":"https:\/\/solar-motors.com\/de\/wp-json\/wp\/v2\/types\/product"}],"replies":[{"embeddable":true,"href":"https:\/\/solar-motors.com\/de\/wp-json\/wp\/v2\/comments?post=7417"}],"wp:featuredmedia":[{"embeddable":true,"href":"https:\/\/solar-motors.com\/de\/wp-json\/wp\/v2\/media\/5659"}],"wp:attachment":[{"href":"https:\/\/solar-motors.com\/de\/wp-json\/wp\/v2\/media?parent=7417"}],"wp:term":[{"taxonomy":"product_brand","embeddable":true,"href":"https:\/\/solar-motors.com\/de\/wp-json\/wp\/v2\/product_brand?post=7417"},{"taxonomy":"product_cat","embeddable":true,"href":"https:\/\/solar-motors.com\/de\/wp-json\/wp\/v2\/product_cat?post=7417"},{"taxonomy":"product_tag","embeddable":true,"href":"https:\/\/solar-motors.com\/de\/wp-json\/wp\/v2\/product_tag?post=7417"}],"curies":[{"name":"wp","href":"https:\/\/api.w.org\/{rel}","templated":true}]}}