{"id":7418,"date":"2023-03-06T14:01:20","date_gmt":"2023-03-06T13:01:20","guid":{"rendered":"https:\/\/solar-motors.com\/product\/heliostat-ohne-spiegel-25m2-model-st44m3hel25m-0105-st44m3hel25m\/"},"modified":"2023-03-06T14:01:20","modified_gmt":"2023-03-06T13:01:20","slug":"heliostat-without-mirror-25m2-model-st44m3hel25m-0105-st44m3hel25m","status":"publish","type":"product","link":"https:\/\/solar-motors.com\/de\/produkt\/heliostat-without-mirror-25m2-model-st44m3hel25m-0105-st44m3hel25m\/","title":{"rendered":"Heliostat ohne Spiegel 25m2 Model ST44M3HEL25M \/ 0105 \/ ST44M3HEL25M"},"content":{"rendered":"<\/p>\n<\/p>\n<table width=\"1238\" style=\"width: 1238px; height: 204px;\" border=\"1\" cellspacing=\"0\" cellpadding=\"0\">\n<tbody>\n<tr>\n<td bgcolor=\"#ed1c24\">\n<p><strong> Solar Heliostat ST44M3HEL25M \/ 0105 \/ ST44M3HEL25M<\/strong><\/p>\n<\/td>\n<td>\n<p align=\"center\"><img decoding=\"async\" alt=\"\" src=\"\/wp-content\/uploads\/files-old\/%24%24H_4BF90B6D_PDF_icon.gif\" border=\"0\" hspace=\"0\"><\/p>\n<\/td>\n<\/tr>\n<tr>\n<td>\n<p> <strong>Technische Datenbl\u00e4tter<\/strong><\/p>\n<\/td>\n<td>\n<p align=\"center\">\n<\/td>\n<\/tr>\n<tr>\n<td>\n<p>&#8211; Englisches Merkblatt im PDF-Format mittlerer Aufl\u00f6sung<\/p>\n<\/td>\n<td>\n<p align=\"center\"><a href=\"\/wp-content\/uploads\/files-old\/ST44M3HEL25M_MR.pdf\" target=\"_blank\" rel=\"noopener\">Herunterladen<\/a><\/p>\n<\/td>\n<\/tr>\n<tr>\n<td>\n<p>&#8211; Englisches Merkblatt im PDF-Format mit niedriger Aufl\u00f6sung<\/p>\n<\/td>\n<td>\n<p align=\"center\"><a href=\"\/wp-content\/uploads\/files-old\/ST44M3HEL25M_LR.pdf\" target=\"_blank\" rel=\"noopener\">Herunterladen<\/a><\/p>\n<\/td>\n<\/tr>\n<tr>\n<td> <\/td>\n<td><\/td>\n<\/tr>\n<tr>\n<td>\n<p> <strong>Neuste Firmware<\/strong><\/p>\n<\/td>\n<td>\n<p align=\"center\">\n<\/td>\n<\/tr>\n<tr>\n<td>\n<p><u>Bitte durchsuchen Sie die Support-Seite<\/u><\/p>\n<\/td>\n<td>\n<p align=\"center\">\n<\/td>\n<\/tr>\n<tr>\n<td>\n<p><strong><\/strong> <\/p>\n<\/td>\n<td>\n<p><strong><\/strong> <\/p>\n<\/td>\n<\/tr>\n<tr>\n<td>\n<p> <strong>Zertifikate<\/strong><\/p>\n<\/td>\n<td>\n<p align=\"center\">\n<\/td>\n<\/tr>\n<tr>\n<td>\n<p>&#8211; Konformit\u00e4tserkl\u00e4rung im PDF-Format<\/p>\n<\/td>\n<td>\n<p align=\"center\">Herunterladen<\/p>\n<\/td>\n<\/tr>\n<\/tbody>\n<\/table>\n","protected":false},"excerpt":{"rendered":"<p>Der zweiachsige Solar-Heliostat ST44M3HEL25M ohne Spiegel 25m2 erm\u00f6glicht eine kosteng\u00fcnstige gro\u00dffl\u00e4chige Sonnennachf\u00fchrung im Laufe des Tages mit beispielloser Genauigkeit.<\/p>\n","protected":false},"featured_media":5696,"comment_status":"open","ping_status":"closed","template":"","meta":{"inline_featured_image":false},"product_brand":[],"product_cat":[990],"product_tag":[],"class_list":{"0":"post-7418","1":"product","2":"type-product","3":"status-publish","4":"has-post-thumbnail","6":"product_cat-heliostats","8":"first","9":"outofstock","10":"taxable","11":"shipping-taxable","12":"purchasable","13":"product-type-simple"},"yoast_head":"<!-- This site is optimized with the Yoast SEO plugin v26.5 - https:\/\/yoast.com\/wordpress\/plugins\/seo\/ -->\n<title>Heliostat ohne Spiegel 25m2 Model ST44M3HEL25M \/ 0105 \/ ST44M3HEL25M - Solar Motors<\/title>\n<meta name=\"robots\" content=\"index, follow, max-snippet:-1, max-image-preview:large, max-video-preview:-1\" \/>\n<link rel=\"canonical\" href=\"https:\/\/solar-motors.com\/de\/produkt\/heliostat-without-mirror-25m2-model-st44m3hel25m-0105-st44m3hel25m\/\" \/>\n<meta property=\"og:locale\" content=\"de_DE\" \/>\n<meta property=\"og:type\" content=\"article\" \/>\n<meta property=\"og:title\" content=\"Heliostat ohne Spiegel 25m2 Model ST44M3HEL25M \/ 0105 \/ ST44M3HEL25M - Solar Motors\" \/>\n<meta property=\"og:description\" content=\"Der zweiachsige Solar-Heliostat ST44M3HEL25M ohne Spiegel 25m2 erm\u00f6glicht eine kosteng\u00fcnstige gro\u00dffl\u00e4chige Sonnennachf\u00fchrung im Laufe des Tages mit beispielloser Genauigkeit.\" \/>\n<meta property=\"og:url\" content=\"https:\/\/solar-motors.com\/de\/produkt\/heliostat-without-mirror-25m2-model-st44m3hel25m-0105-st44m3hel25m\/\" \/>\n<meta property=\"og:site_name\" content=\"Solar Motors\" \/>\n<meta property=\"og:image\" content=\"https:\/\/solar-motors.com\/wp-content\/uploads\/2023\/03\/A_A353FE00_back.jpg\" \/>\n\t<meta property=\"og:image:width\" content=\"1237\" \/>\n\t<meta property=\"og:image:height\" content=\"1644\" \/>\n\t<meta property=\"og:image:type\" content=\"image\/jpeg\" \/>\n<meta name=\"twitter:card\" content=\"summary_large_image\" \/>\n<script type=\"application\/ld+json\" class=\"yoast-schema-graph\">{\"@context\":\"https:\/\/schema.org\",\"@graph\":[{\"@type\":\"WebPage\",\"@id\":\"https:\/\/solar-motors.com\/de\/produkt\/heliostat-without-mirror-25m2-model-st44m3hel25m-0105-st44m3hel25m\/\",\"url\":\"https:\/\/solar-motors.com\/de\/produkt\/heliostat-without-mirror-25m2-model-st44m3hel25m-0105-st44m3hel25m\/\",\"name\":\"Heliostat ohne Spiegel 25m2 Model ST44M3HEL25M \/ 0105 \/ ST44M3HEL25M - Solar Motors\",\"isPartOf\":{\"@id\":\"https:\/\/solar-motors.com\/de\/#website\"},\"primaryImageOfPage\":{\"@id\":\"https:\/\/solar-motors.com\/de\/produkt\/heliostat-without-mirror-25m2-model-st44m3hel25m-0105-st44m3hel25m\/#primaryimage\"},\"image\":{\"@id\":\"https:\/\/solar-motors.com\/de\/produkt\/heliostat-without-mirror-25m2-model-st44m3hel25m-0105-st44m3hel25m\/#primaryimage\"},\"thumbnailUrl\":\"https:\/\/solar-motors.com\/wp-content\/uploads\/2023\/03\/A_A353FE00_back.jpg\",\"datePublished\":\"2023-03-06T13:01:20+00:00\",\"breadcrumb\":{\"@id\":\"https:\/\/solar-motors.com\/de\/produkt\/heliostat-without-mirror-25m2-model-st44m3hel25m-0105-st44m3hel25m\/#breadcrumb\"},\"inLanguage\":\"de\",\"potentialAction\":[{\"@type\":\"ReadAction\",\"target\":[\"https:\/\/solar-motors.com\/de\/produkt\/heliostat-without-mirror-25m2-model-st44m3hel25m-0105-st44m3hel25m\/\"]}]},{\"@type\":\"ImageObject\",\"inLanguage\":\"de\",\"@id\":\"https:\/\/solar-motors.com\/de\/produkt\/heliostat-without-mirror-25m2-model-st44m3hel25m-0105-st44m3hel25m\/#primaryimage\",\"url\":\"https:\/\/solar-motors.com\/wp-content\/uploads\/2023\/03\/A_A353FE00_back.jpg\",\"contentUrl\":\"https:\/\/solar-motors.com\/wp-content\/uploads\/2023\/03\/A_A353FE00_back.jpg\",\"width\":1237,\"height\":1644},{\"@type\":\"BreadcrumbList\",\"@id\":\"https:\/\/solar-motors.com\/de\/produkt\/heliostat-without-mirror-25m2-model-st44m3hel25m-0105-st44m3hel25m\/#breadcrumb\",\"itemListElement\":[{\"@type\":\"ListItem\",\"position\":1,\"name\":\"Home\",\"item\":\"https:\/\/solar-motors.com\/de\/\"},{\"@type\":\"ListItem\",\"position\":2,\"name\":\"Shop\",\"item\":\"https:\/\/solar-motors.com\/shop\/\"},{\"@type\":\"ListItem\",\"position\":3,\"name\":\"Heliostat ohne Spiegel 25m2 Model ST44M3HEL25M \/ 0105 \/ ST44M3HEL25M\"}]},{\"@type\":\"WebSite\",\"@id\":\"https:\/\/solar-motors.com\/de\/#website\",\"url\":\"https:\/\/solar-motors.com\/de\/\",\"name\":\"Solar Motors\",\"description\":\"Dependable Sun Tracking Systems Since 2005\",\"potentialAction\":[{\"@type\":\"SearchAction\",\"target\":{\"@type\":\"EntryPoint\",\"urlTemplate\":\"https:\/\/solar-motors.com\/de\/?s={search_term_string}\"},\"query-input\":{\"@type\":\"PropertyValueSpecification\",\"valueRequired\":true,\"valueName\":\"search_term_string\"}}],\"inLanguage\":\"de\"}]}<\/script>\n<!-- \/ Yoast SEO plugin. -->","yoast_head_json":{"title":"Heliostat ohne Spiegel 25m2 Model ST44M3HEL25M \/ 0105 \/ ST44M3HEL25M - Solar Motors","robots":{"index":"index","follow":"follow","max-snippet":"max-snippet:-1","max-image-preview":"max-image-preview:large","max-video-preview":"max-video-preview:-1"},"canonical":"https:\/\/solar-motors.com\/de\/produkt\/heliostat-without-mirror-25m2-model-st44m3hel25m-0105-st44m3hel25m\/","og_locale":"de_DE","og_type":"article","og_title":"Heliostat ohne Spiegel 25m2 Model ST44M3HEL25M \/ 0105 \/ ST44M3HEL25M - Solar Motors","og_description":"Der zweiachsige Solar-Heliostat ST44M3HEL25M ohne Spiegel 25m2 erm\u00f6glicht eine kosteng\u00fcnstige gro\u00dffl\u00e4chige Sonnennachf\u00fchrung im Laufe des Tages mit beispielloser Genauigkeit.","og_url":"https:\/\/solar-motors.com\/de\/produkt\/heliostat-without-mirror-25m2-model-st44m3hel25m-0105-st44m3hel25m\/","og_site_name":"Solar Motors","og_image":[{"width":1237,"height":1644,"url":"https:\/\/solar-motors.com\/wp-content\/uploads\/2023\/03\/A_A353FE00_back.jpg","type":"image\/jpeg"}],"twitter_card":"summary_large_image","schema":{"@context":"https:\/\/schema.org","@graph":[{"@type":"WebPage","@id":"https:\/\/solar-motors.com\/de\/produkt\/heliostat-without-mirror-25m2-model-st44m3hel25m-0105-st44m3hel25m\/","url":"https:\/\/solar-motors.com\/de\/produkt\/heliostat-without-mirror-25m2-model-st44m3hel25m-0105-st44m3hel25m\/","name":"Heliostat ohne Spiegel 25m2 Model ST44M3HEL25M \/ 0105 \/ ST44M3HEL25M - Solar Motors","isPartOf":{"@id":"https:\/\/solar-motors.com\/de\/#website"},"primaryImageOfPage":{"@id":"https:\/\/solar-motors.com\/de\/produkt\/heliostat-without-mirror-25m2-model-st44m3hel25m-0105-st44m3hel25m\/#primaryimage"},"image":{"@id":"https:\/\/solar-motors.com\/de\/produkt\/heliostat-without-mirror-25m2-model-st44m3hel25m-0105-st44m3hel25m\/#primaryimage"},"thumbnailUrl":"https:\/\/solar-motors.com\/wp-content\/uploads\/2023\/03\/A_A353FE00_back.jpg","datePublished":"2023-03-06T13:01:20+00:00","breadcrumb":{"@id":"https:\/\/solar-motors.com\/de\/produkt\/heliostat-without-mirror-25m2-model-st44m3hel25m-0105-st44m3hel25m\/#breadcrumb"},"inLanguage":"de","potentialAction":[{"@type":"ReadAction","target":["https:\/\/solar-motors.com\/de\/produkt\/heliostat-without-mirror-25m2-model-st44m3hel25m-0105-st44m3hel25m\/"]}]},{"@type":"ImageObject","inLanguage":"de","@id":"https:\/\/solar-motors.com\/de\/produkt\/heliostat-without-mirror-25m2-model-st44m3hel25m-0105-st44m3hel25m\/#primaryimage","url":"https:\/\/solar-motors.com\/wp-content\/uploads\/2023\/03\/A_A353FE00_back.jpg","contentUrl":"https:\/\/solar-motors.com\/wp-content\/uploads\/2023\/03\/A_A353FE00_back.jpg","width":1237,"height":1644},{"@type":"BreadcrumbList","@id":"https:\/\/solar-motors.com\/de\/produkt\/heliostat-without-mirror-25m2-model-st44m3hel25m-0105-st44m3hel25m\/#breadcrumb","itemListElement":[{"@type":"ListItem","position":1,"name":"Home","item":"https:\/\/solar-motors.com\/de\/"},{"@type":"ListItem","position":2,"name":"Shop","item":"https:\/\/solar-motors.com\/shop\/"},{"@type":"ListItem","position":3,"name":"Heliostat ohne Spiegel 25m2 Model ST44M3HEL25M \/ 0105 \/ ST44M3HEL25M"}]},{"@type":"WebSite","@id":"https:\/\/solar-motors.com\/de\/#website","url":"https:\/\/solar-motors.com\/de\/","name":"Solar Motors","description":"Dependable Sun Tracking Systems Since 2005","potentialAction":[{"@type":"SearchAction","target":{"@type":"EntryPoint","urlTemplate":"https:\/\/solar-motors.com\/de\/?s={search_term_string}"},"query-input":{"@type":"PropertyValueSpecification","valueRequired":true,"valueName":"search_term_string"}}],"inLanguage":"de"}]}},"_links":{"self":[{"href":"https:\/\/solar-motors.com\/de\/wp-json\/wp\/v2\/product\/7418","targetHints":{"allow":["GET"]}}],"collection":[{"href":"https:\/\/solar-motors.com\/de\/wp-json\/wp\/v2\/product"}],"about":[{"href":"https:\/\/solar-motors.com\/de\/wp-json\/wp\/v2\/types\/product"}],"replies":[{"embeddable":true,"href":"https:\/\/solar-motors.com\/de\/wp-json\/wp\/v2\/comments?post=7418"}],"wp:featuredmedia":[{"embeddable":true,"href":"https:\/\/solar-motors.com\/de\/wp-json\/wp\/v2\/media\/5696"}],"wp:attachment":[{"href":"https:\/\/solar-motors.com\/de\/wp-json\/wp\/v2\/media?parent=7418"}],"wp:term":[{"taxonomy":"product_brand","embeddable":true,"href":"https:\/\/solar-motors.com\/de\/wp-json\/wp\/v2\/product_brand?post=7418"},{"taxonomy":"product_cat","embeddable":true,"href":"https:\/\/solar-motors.com\/de\/wp-json\/wp\/v2\/product_cat?post=7418"},{"taxonomy":"product_tag","embeddable":true,"href":"https:\/\/solar-motors.com\/de\/wp-json\/wp\/v2\/product_tag?post=7418"}],"curies":[{"name":"wp","href":"https:\/\/api.w.org\/{rel}","templated":true}]}}