{"id":7421,"date":"2023-03-06T14:01:15","date_gmt":"2023-03-06T13:01:15","guid":{"rendered":"https:\/\/solar-motors.com\/product\/solar-tracker-1-achsig-st40m2v3p-mit-rueckenstr-fuer-3-pan-0115-st40m2v3p-ohne-hauptmast-und-erdungsschrauben\/"},"modified":"2023-08-25T10:05:04","modified_gmt":"2023-08-25T08:05:04","slug":"solar-tracker-1-axis-st40m2v3p-w-backstr-for-3-pan-0115-st40m2v3p-without-main-pole-and-ground-screws","status":"publish","type":"product","link":"https:\/\/solar-motors.com\/de\/produkt\/solar-tracker-1-axis-st40m2v3p-w-backstr-for-3-pan-0115-st40m2v3p-without-main-pole-and-ground-screws\/","title":{"rendered":"Solar Tracker 1-Achsig ST40M2V3P mit R\u00fcckenstr. fuer 3 Pan. \/ 0115 \/ ST40M2V3P, ohne Hauptmast und Erdungsschrauben."},"content":{"rendered":"<p align=\"justify\">1-achsiger oder single-achsiger Solar Tracker mit einer Genauigkeit von besser als 0,5 Grad und einer R\u00fcckenstruktur f\u00fcr 3 St\u00fcck Solarmodule mit den Abmessungen 0,99 m x 1,65 m und einem Gewicht von jeweils max. 20 kg. Also zusammen f\u00fcr 4,9 m2 Solarpanelfl\u00e4che. Geeignet f\u00fcr PV-Module. Verwendung in Haushalten: netzgekoppelt auf Hausd\u00e4chern, Verkehrssignalisierungen, Stra\u00dfenlaternen, H\u00fctten, kleinen und gro\u00dfen Kraftwerken, bei denen Solarmodule in Reihe geschaltet sind und der Ausgang direkt an den Wechselrichter oder ein externes Ladeger\u00e4t angeschlossen ist. Windwiderstand ist max. 144 km\/h, 10 min. durchschnittliche Windgeschwindigkeit 40 km\/h. Auf Jahresbasis mit einem einachsigen Motor k\u00f6nnen Sie im Vergleich zu einem festen System 25 % mehr Energieeinnahmen erzielen. Erdungsschraube und Hauptmast sind nicht Bestandteil dieses Solartracker-Pakets. Sie k\u00f6nnen sie separat kaufen.<\/p>\n<p align=\"justify\">Anti-Schatten-Softwarefunktion f\u00fcr Solartracker enthalten.<\/p>\n<p><img decoding=\"async\" width=\"110\" height=\"49\" style=\"width: 96px; height: 49px;\" alt=\"USB_logo\" src=\"\/wp-content\/uploads\/files-old\/%24%24H_E3E77E1E_USB_20logo.jpg\" border=\"0\" hspace=\"0\"><\/p>\n<\/p>\n<table width=\"1135\" style=\"width: 1135px; height: 255px;\" border=\"1\" cellspacing=\"0\" cellpadding=\"0\">\n<tbody>\n<tr>\n<td bgcolor=\"#ed1c24\">\n<p><strong>Einzelachse Solar Tracker ST40M2V3P \/ 0115<\/strong><\/p>\n<\/td>\n<td>\n<p align=\"center\"><img decoding=\"async\" alt=\"\" src=\"\/wp-content\/uploads\/files-old\/%24%24H_4BF90B6D_PDF_icon.gif\" border=\"0\" hspace=\"0\"><\/p>\n<\/td>\n<\/tr>\n<tr>\n<td><strong> Installations- und Gebrauchsanweisung im PDF-Format<\/strong><\/td>\n<td>\n<p align=\"center\">\n<\/td>\n<\/tr>\n<tr>\n<td>\n<p>&#8211; Englisches Benutzerhandbuch im PDF-Format<\/p>\n<\/td>\n<td>\n<p align=\"center\"><a href=\"\/wp-content\/uploads\/files-old\/SM40M2V3P_Instruction_for_instalation_LR_ang_new_2016.pdf\" target=\"_blank\" rel=\"noopener\">Herunterladen<\/a><\/p>\n<\/td>\n<\/tr>\n<tr>\n<td>&#8211; Deutsche Bedienungsanleitung im PDF-Format <\/td>\n<td>\n<p align=\"center\"><a href=\"\/wp-content\/uploads\/files-old\/SM40M2V3P_Instruction_for_instalation_LR_nem.pdf\" target=\"_blank\" rel=\"noopener\">Herunterladen<\/a><\/p>\n<\/td>\n<\/tr>\n<tr>\n<td>\n<p align=\"left\">&#8211; Upgrade des einachsigen Solar Tracker ST40MxVxP auf den zweiachsigen ST44MxVxP<\/p>\n<\/td>\n<td>\n<p align=\"center\"><a href=\"\/wp-content\/uploads\/files-old\/Upgrade%20of%20single%20axis%20to%20dual%20axis%20Solar%20Tracker.pdf\" target=\"_blank\" rel=\"noopener\">Herunterladen<\/a><\/p>\n<\/td>\n<\/tr>\n<tr>\n<td> <\/td>\n<td> <\/td>\n<\/tr>\n<tr>\n<td> <strong>Technische Datenbl\u00e4tter<\/strong><\/td>\n<td>\n<p align=\"center\">\n<\/td>\n<\/tr>\n<tr>\n<td>\n<p>&#8211; Englisches Merkblatt im PDF-Format mittlerer Aufl\u00f6sung<\/p>\n<\/td>\n<td>\n<p align=\"center\"><a href=\"\/wp-content\/uploads\/files-old\/ST40M2V3P_MR.pdf\" target=\"_blank\" rel=\"noopener\">Herunterladen<\/a><\/p>\n<\/td>\n<\/tr>\n<tr>\n<td>\n<p>&#8211; Englisches Merkblatt im PDF-Format mit niedriger Aufl\u00f6sung<\/p>\n<\/td>\n<td>\n<p align=\"center\"><a href=\"\/wp-content\/uploads\/files-old\/ST40M2V3P_LR.pdf\" target=\"_blank\" rel=\"noopener\">Herunterladen<\/a><\/p>\n<\/td>\n<\/tr>\n<tr>\n<td>\n<p align=\"center\">\n<\/td>\n<td>\n<p align=\"center\">\n<\/td>\n<\/tr>\n<tr>\n<td> <strong>Energie Produktion<\/strong><\/td>\n<td><\/td>\n<\/tr>\n<tr>\n<td>\n<p>&#8211; Produktion von Solarenergie f\u00fcr Solartracker ST40M2V3P Sat Control (Muster &#8211; f\u00fcr Standort Japan)<\/p>\n<\/td>\n<td>\n<p align=\"center\"><a href=\"\/wp-content\/uploads\/files-old\/YIELD%20ASSESSMENT%20JAPAN%20FOR%20ST40M2V3P.pdf\" target=\"_blank\" rel=\"noopener\">Herunterladen<\/a><\/p>\n<\/td>\n<\/tr>\n<tr>\n<td>\n<p>&#8211; Produktion von Solarenergie f\u00fcr Solartracker ST40M2V3P Sat Control (Muster &#8211; f\u00fcr Standort Chile)<\/p>\n<\/td>\n<td>\n<p align=\"center\"><a href=\"\/wp-content\/uploads\/files-old\/YIELD%20ASSESSMENT%20CHILE%20FOR%20ST40M2V3P.pdf\" target=\"_blank\" rel=\"noopener\">Herunterladen<\/a><\/p>\n<\/td>\n<\/tr>\n<tr>\n<td>\n<p>&#8211; Produktion von Solarenergie f\u00fcr Solartracker ST40M2V3P Sat Control (Muster &#8211; f\u00fcr Standort S\u00fcdafrika)<\/p>\n<\/td>\n<td>\n<p align=\"center\"><a href=\"\/wp-content\/uploads\/files-old\/YIELD%20ASSESSMENT%20SOUTH%20AFRICA%20STELLENBOSCH%20FOR%20ST40M2V3P.pdf\" target=\"_blank\" rel=\"noopener\">Herunterladen<\/a><\/p>\n<\/td>\n<\/tr>\n<tr>\n<td><\/td>\n<td><\/td>\n<\/tr>\n<tr>\n<td> <strong>Energie Produktion<\/strong><\/td>\n<td><\/td>\n<\/tr>\n<tr>\n<td>&#8211; Wartung des Solar Tracker ST40M2VXP mit Linearmotoren SM4S520M2U8<\/td>\n<td>\n<p align=\"center\"><a href=\"\/wp-content\/uploads\/files-old\/Maintenance%20of%20Solar%20Tracker%20ST40M2VXP%20with%20Linear%20motors%20SM4S520M2U8.pdf\" target=\"_blank\" rel=\"noopener\">Herunterladen<\/a><\/p>\n<\/td>\n<\/tr>\n<tr>\n<td><\/td>\n<td><\/td>\n<\/tr>\n<tr>\n<td>\n<p><strong> Neuste Firmware<\/strong><\/p>\n<\/td>\n<td>\n<p align=\"center\">\n<\/td>\n<\/tr>\n<tr>\n<td>\n<p> Bitte durchsuchen Sie die Support-Seite<\/p>\n<\/td>\n<td>\n<p align=\"center\">\n<\/td>\n<\/tr>\n<tr>\n<td>\n<p align=\"center\"><strong><\/strong> <\/p>\n<\/td>\n<td>\n<p align=\"center\"><strong><\/strong> <\/p>\n<\/td>\n<\/tr>\n<tr>\n<td>\n<p><strong> Zertifikate<\/strong><\/p>\n<\/td>\n<td>\n<p align=\"center\">\n<\/td>\n<\/tr>\n<tr>\n<td>\n<p>&#8211; Konformit\u00e4tserkl\u00e4rung im PDF-Format<\/p>\n<\/td>\n<td>\n<p align=\"center\"><a href=\"\/wp-content\/uploads\/files-old\/Declaration%20of%20Conformity%20for%20Solar%20Tracker%20-%20SunTracer%20ST44M2V4P%20and%20derivates%20dated%2001-06-2010.pdf\" target=\"_blank\" rel=\"noopener\">Herunterladen<\/a><\/p>\n<\/td>\n<\/tr>\n<\/tbody>\n<\/table>\n<\/p>\n<p><img decoding=\"async\" alt=\"\" src=\"\/wp-content\/uploads\/files-old\/%24%24H_12D16161_SM40M1V3P_grafi_g.jpg\" border=\"0\" hspace=\"0\"><\/p>\n<p align=\"justify\"><strong> Wirkleistungsmessung zweier gleicher Solarmodule (fest und motorisiert)<\/strong><\/p>\n<p> Drei gleiche Solarmodule wurden der realen Sonne ausgesetzt und die umgewandelte elektrische Leistung gemessen. Testbedingungen: Solarmodule (beide): 0,75 kWp (Herstellerangabe bei AM 1,5) Datum: Juli 2010 Zeit: 4:00 bis 20:00 (Sonnenzeit) Geo. Breitengrad: 46\u00b0 N Wetterbedingungen: sonnig, aber nicht ganz klar Ergebnisse: Durchschnittliche Energie fest: 3762,0 Wh Durchschnittliche Energie motorisiert: 6093,0 Wh Hinweis: Die Summe des Energieverbrauchs des Motors \u00fcber den ganzen Tag betr\u00e4gt 17,52 Wh oder 0,29 % von allem gesammelte Energie. <\/p><\/p>\n","protected":false},"excerpt":{"rendered":"<p>1-Achsen-Solartracker f\u00fcr 3 Panels. Hauptmast und Erdungsschraube sind nicht im Lieferumfang enthalten!<\/p>\n<p>Achtung: Nicht f\u00fcr Starkwind geeignet<\/p>\n","protected":false},"featured_media":5632,"comment_status":"open","ping_status":"closed","template":"","meta":{"inline_featured_image":false},"product_brand":[],"product_cat":[774],"product_tag":[],"class_list":{"0":"post-7421","1":"product","2":"type-product","3":"status-publish","4":"has-post-thumbnail","6":"product_cat-einachsige-suntracker","8":"first","9":"instock","10":"featured","11":"taxable","12":"shipping-taxable","13":"purchasable","14":"product-type-simple"},"yoast_head":"<!-- This site is optimized with the Yoast SEO plugin v26.5 - https:\/\/yoast.com\/wordpress\/plugins\/seo\/ -->\n<title>Solar Tracker 1-Achsig ST40M2V3P mit R\u00fcckenstr. fuer 3 Pan. \/ 0115 \/ ST40M2V3P, ohne Hauptmast und Erdungsschrauben. - Solar Motors<\/title>\n<meta name=\"robots\" content=\"index, follow, max-snippet:-1, max-image-preview:large, max-video-preview:-1\" \/>\n<link rel=\"canonical\" href=\"https:\/\/solar-motors.com\/de\/produkt\/solar-tracker-1-axis-st40m2v3p-w-backstr-for-3-pan-0115-st40m2v3p-without-main-pole-and-ground-screws\/\" \/>\n<meta property=\"og:locale\" content=\"de_DE\" \/>\n<meta property=\"og:type\" content=\"article\" \/>\n<meta property=\"og:title\" content=\"Solar Tracker 1-Achsig ST40M2V3P mit R\u00fcckenstr. fuer 3 Pan. \/ 0115 \/ ST40M2V3P, ohne Hauptmast und Erdungsschrauben. - Solar Motors\" \/>\n<meta property=\"og:description\" content=\"1-Achsen-Solartracker f\u00fcr 3 Panels. Hauptmast und Erdungsschraube sind nicht im Lieferumfang enthalten!  Achtung: Nicht f\u00fcr Starkwind geeignet\" \/>\n<meta property=\"og:url\" content=\"https:\/\/solar-motors.com\/de\/produkt\/solar-tracker-1-axis-st40m2v3p-w-backstr-for-3-pan-0115-st40m2v3p-without-main-pole-and-ground-screws\/\" \/>\n<meta property=\"og:site_name\" content=\"Solar Motors\" \/>\n<meta property=\"article:modified_time\" content=\"2023-08-25T08:05:04+00:00\" \/>\n<meta property=\"og:image\" content=\"https:\/\/solar-motors.com\/wp-content\/uploads\/2023\/03\/A_37DABB05_403P.jpg\" \/>\n\t<meta property=\"og:image:width\" content=\"1399\" \/>\n\t<meta property=\"og:image:height\" content=\"1312\" \/>\n\t<meta property=\"og:image:type\" content=\"image\/jpeg\" \/>\n<meta name=\"twitter:card\" content=\"summary_large_image\" \/>\n<meta name=\"twitter:label1\" content=\"Gesch\u00e4tzte Lesezeit\" \/>\n\t<meta name=\"twitter:data1\" content=\"2\u00a0Minuten\" \/>\n<script type=\"application\/ld+json\" class=\"yoast-schema-graph\">{\"@context\":\"https:\/\/schema.org\",\"@graph\":[{\"@type\":\"WebPage\",\"@id\":\"https:\/\/solar-motors.com\/de\/produkt\/solar-tracker-1-axis-st40m2v3p-w-backstr-for-3-pan-0115-st40m2v3p-without-main-pole-and-ground-screws\/\",\"url\":\"https:\/\/solar-motors.com\/de\/produkt\/solar-tracker-1-axis-st40m2v3p-w-backstr-for-3-pan-0115-st40m2v3p-without-main-pole-and-ground-screws\/\",\"name\":\"Solar Tracker 1-Achsig ST40M2V3P mit R\u00fcckenstr. fuer 3 Pan. \/ 0115 \/ ST40M2V3P, ohne Hauptmast und Erdungsschrauben. - Solar Motors\",\"isPartOf\":{\"@id\":\"https:\/\/solar-motors.com\/de\/#website\"},\"primaryImageOfPage\":{\"@id\":\"https:\/\/solar-motors.com\/de\/produkt\/solar-tracker-1-axis-st40m2v3p-w-backstr-for-3-pan-0115-st40m2v3p-without-main-pole-and-ground-screws\/#primaryimage\"},\"image\":{\"@id\":\"https:\/\/solar-motors.com\/de\/produkt\/solar-tracker-1-axis-st40m2v3p-w-backstr-for-3-pan-0115-st40m2v3p-without-main-pole-and-ground-screws\/#primaryimage\"},\"thumbnailUrl\":\"https:\/\/solar-motors.com\/wp-content\/uploads\/2023\/03\/A_37DABB05_403P.jpg\",\"datePublished\":\"2023-03-06T13:01:15+00:00\",\"dateModified\":\"2023-08-25T08:05:04+00:00\",\"breadcrumb\":{\"@id\":\"https:\/\/solar-motors.com\/de\/produkt\/solar-tracker-1-axis-st40m2v3p-w-backstr-for-3-pan-0115-st40m2v3p-without-main-pole-and-ground-screws\/#breadcrumb\"},\"inLanguage\":\"de\",\"potentialAction\":[{\"@type\":\"ReadAction\",\"target\":[\"https:\/\/solar-motors.com\/de\/produkt\/solar-tracker-1-axis-st40m2v3p-w-backstr-for-3-pan-0115-st40m2v3p-without-main-pole-and-ground-screws\/\"]}]},{\"@type\":\"ImageObject\",\"inLanguage\":\"de\",\"@id\":\"https:\/\/solar-motors.com\/de\/produkt\/solar-tracker-1-axis-st40m2v3p-w-backstr-for-3-pan-0115-st40m2v3p-without-main-pole-and-ground-screws\/#primaryimage\",\"url\":\"https:\/\/solar-motors.com\/wp-content\/uploads\/2023\/03\/A_37DABB05_403P.jpg\",\"contentUrl\":\"https:\/\/solar-motors.com\/wp-content\/uploads\/2023\/03\/A_37DABB05_403P.jpg\",\"width\":1399,\"height\":1312},{\"@type\":\"BreadcrumbList\",\"@id\":\"https:\/\/solar-motors.com\/de\/produkt\/solar-tracker-1-axis-st40m2v3p-w-backstr-for-3-pan-0115-st40m2v3p-without-main-pole-and-ground-screws\/#breadcrumb\",\"itemListElement\":[{\"@type\":\"ListItem\",\"position\":1,\"name\":\"Home\",\"item\":\"https:\/\/solar-motors.com\/de\/\"},{\"@type\":\"ListItem\",\"position\":2,\"name\":\"Shop\",\"item\":\"https:\/\/solar-motors.com\/shop\/\"},{\"@type\":\"ListItem\",\"position\":3,\"name\":\"Solar Tracker 1-Achsig ST40M2V3P mit R\u00fcckenstr. fuer 3 Pan. \/ 0115 \/ ST40M2V3P, ohne Hauptmast und Erdungsschrauben.\"}]},{\"@type\":\"WebSite\",\"@id\":\"https:\/\/solar-motors.com\/de\/#website\",\"url\":\"https:\/\/solar-motors.com\/de\/\",\"name\":\"Solar Motors\",\"description\":\"Dependable Sun Tracking Systems Since 2005\",\"potentialAction\":[{\"@type\":\"SearchAction\",\"target\":{\"@type\":\"EntryPoint\",\"urlTemplate\":\"https:\/\/solar-motors.com\/de\/?s={search_term_string}\"},\"query-input\":{\"@type\":\"PropertyValueSpecification\",\"valueRequired\":true,\"valueName\":\"search_term_string\"}}],\"inLanguage\":\"de\"}]}<\/script>\n<!-- \/ Yoast SEO plugin. -->","yoast_head_json":{"title":"Solar Tracker 1-Achsig ST40M2V3P mit R\u00fcckenstr. fuer 3 Pan. \/ 0115 \/ ST40M2V3P, ohne Hauptmast und Erdungsschrauben. - Solar Motors","robots":{"index":"index","follow":"follow","max-snippet":"max-snippet:-1","max-image-preview":"max-image-preview:large","max-video-preview":"max-video-preview:-1"},"canonical":"https:\/\/solar-motors.com\/de\/produkt\/solar-tracker-1-axis-st40m2v3p-w-backstr-for-3-pan-0115-st40m2v3p-without-main-pole-and-ground-screws\/","og_locale":"de_DE","og_type":"article","og_title":"Solar Tracker 1-Achsig ST40M2V3P mit R\u00fcckenstr. fuer 3 Pan. \/ 0115 \/ ST40M2V3P, ohne Hauptmast und Erdungsschrauben. - Solar Motors","og_description":"1-Achsen-Solartracker f\u00fcr 3 Panels. Hauptmast und Erdungsschraube sind nicht im Lieferumfang enthalten!  Achtung: Nicht f\u00fcr Starkwind geeignet","og_url":"https:\/\/solar-motors.com\/de\/produkt\/solar-tracker-1-axis-st40m2v3p-w-backstr-for-3-pan-0115-st40m2v3p-without-main-pole-and-ground-screws\/","og_site_name":"Solar Motors","article_modified_time":"2023-08-25T08:05:04+00:00","og_image":[{"width":1399,"height":1312,"url":"https:\/\/solar-motors.com\/wp-content\/uploads\/2023\/03\/A_37DABB05_403P.jpg","type":"image\/jpeg"}],"twitter_card":"summary_large_image","twitter_misc":{"Gesch\u00e4tzte Lesezeit":"2\u00a0Minuten"},"schema":{"@context":"https:\/\/schema.org","@graph":[{"@type":"WebPage","@id":"https:\/\/solar-motors.com\/de\/produkt\/solar-tracker-1-axis-st40m2v3p-w-backstr-for-3-pan-0115-st40m2v3p-without-main-pole-and-ground-screws\/","url":"https:\/\/solar-motors.com\/de\/produkt\/solar-tracker-1-axis-st40m2v3p-w-backstr-for-3-pan-0115-st40m2v3p-without-main-pole-and-ground-screws\/","name":"Solar Tracker 1-Achsig ST40M2V3P mit R\u00fcckenstr. fuer 3 Pan. \/ 0115 \/ ST40M2V3P, ohne Hauptmast und Erdungsschrauben. - Solar Motors","isPartOf":{"@id":"https:\/\/solar-motors.com\/de\/#website"},"primaryImageOfPage":{"@id":"https:\/\/solar-motors.com\/de\/produkt\/solar-tracker-1-axis-st40m2v3p-w-backstr-for-3-pan-0115-st40m2v3p-without-main-pole-and-ground-screws\/#primaryimage"},"image":{"@id":"https:\/\/solar-motors.com\/de\/produkt\/solar-tracker-1-axis-st40m2v3p-w-backstr-for-3-pan-0115-st40m2v3p-without-main-pole-and-ground-screws\/#primaryimage"},"thumbnailUrl":"https:\/\/solar-motors.com\/wp-content\/uploads\/2023\/03\/A_37DABB05_403P.jpg","datePublished":"2023-03-06T13:01:15+00:00","dateModified":"2023-08-25T08:05:04+00:00","breadcrumb":{"@id":"https:\/\/solar-motors.com\/de\/produkt\/solar-tracker-1-axis-st40m2v3p-w-backstr-for-3-pan-0115-st40m2v3p-without-main-pole-and-ground-screws\/#breadcrumb"},"inLanguage":"de","potentialAction":[{"@type":"ReadAction","target":["https:\/\/solar-motors.com\/de\/produkt\/solar-tracker-1-axis-st40m2v3p-w-backstr-for-3-pan-0115-st40m2v3p-without-main-pole-and-ground-screws\/"]}]},{"@type":"ImageObject","inLanguage":"de","@id":"https:\/\/solar-motors.com\/de\/produkt\/solar-tracker-1-axis-st40m2v3p-w-backstr-for-3-pan-0115-st40m2v3p-without-main-pole-and-ground-screws\/#primaryimage","url":"https:\/\/solar-motors.com\/wp-content\/uploads\/2023\/03\/A_37DABB05_403P.jpg","contentUrl":"https:\/\/solar-motors.com\/wp-content\/uploads\/2023\/03\/A_37DABB05_403P.jpg","width":1399,"height":1312},{"@type":"BreadcrumbList","@id":"https:\/\/solar-motors.com\/de\/produkt\/solar-tracker-1-axis-st40m2v3p-w-backstr-for-3-pan-0115-st40m2v3p-without-main-pole-and-ground-screws\/#breadcrumb","itemListElement":[{"@type":"ListItem","position":1,"name":"Home","item":"https:\/\/solar-motors.com\/de\/"},{"@type":"ListItem","position":2,"name":"Shop","item":"https:\/\/solar-motors.com\/shop\/"},{"@type":"ListItem","position":3,"name":"Solar Tracker 1-Achsig ST40M2V3P mit R\u00fcckenstr. fuer 3 Pan. \/ 0115 \/ ST40M2V3P, ohne Hauptmast und Erdungsschrauben."}]},{"@type":"WebSite","@id":"https:\/\/solar-motors.com\/de\/#website","url":"https:\/\/solar-motors.com\/de\/","name":"Solar Motors","description":"Dependable Sun Tracking Systems Since 2005","potentialAction":[{"@type":"SearchAction","target":{"@type":"EntryPoint","urlTemplate":"https:\/\/solar-motors.com\/de\/?s={search_term_string}"},"query-input":{"@type":"PropertyValueSpecification","valueRequired":true,"valueName":"search_term_string"}}],"inLanguage":"de"}]}},"_links":{"self":[{"href":"https:\/\/solar-motors.com\/de\/wp-json\/wp\/v2\/product\/7421","targetHints":{"allow":["GET"]}}],"collection":[{"href":"https:\/\/solar-motors.com\/de\/wp-json\/wp\/v2\/product"}],"about":[{"href":"https:\/\/solar-motors.com\/de\/wp-json\/wp\/v2\/types\/product"}],"replies":[{"embeddable":true,"href":"https:\/\/solar-motors.com\/de\/wp-json\/wp\/v2\/comments?post=7421"}],"wp:featuredmedia":[{"embeddable":true,"href":"https:\/\/solar-motors.com\/de\/wp-json\/wp\/v2\/media\/5632"}],"wp:attachment":[{"href":"https:\/\/solar-motors.com\/de\/wp-json\/wp\/v2\/media?parent=7421"}],"wp:term":[{"taxonomy":"product_brand","embeddable":true,"href":"https:\/\/solar-motors.com\/de\/wp-json\/wp\/v2\/product_brand?post=7421"},{"taxonomy":"product_cat","embeddable":true,"href":"https:\/\/solar-motors.com\/de\/wp-json\/wp\/v2\/product_cat?post=7421"},{"taxonomy":"product_tag","embeddable":true,"href":"https:\/\/solar-motors.com\/de\/wp-json\/wp\/v2\/product_tag?post=7421"}],"curies":[{"name":"wp","href":"https:\/\/api.w.org\/{rel}","templated":true}]}}