{"id":7425,"date":"2023-03-06T13:50:52","date_gmt":"2023-03-06T12:50:52","guid":{"rendered":"https:\/\/solar-motors.com\/product\/neigungsmesser-einachsig-mit-rs485-modbus-com-%c2%b1180-genauigkeit-02-aufloesung-002-24v\/"},"modified":"2025-01-07T13:52:21","modified_gmt":"2025-01-07T12:52:21","slug":"inclinometer-single-axis-w-rs485-modbus-com-180-accuracy-of-0-2-resolution-0-02-24v","status":"publish","type":"product","link":"https:\/\/solar-motors.com\/de\/produkt\/inclinometer-single-axis-w-rs485-modbus-com-180-accuracy-of-0-2-resolution-0-02-24v\/","title":{"rendered":"Neigungsmesser einachsig mit RS485 modbus com. \u00b1180\u00b0, Genauigkeit 0,2\u00b0, Aufl\u00f6sung: 0,02\u00b0, 24V"},"content":{"rendered":"<p><strong>IM-SA-RT02 Einachsiger Neigungsmesser der Serie Modbus<br \/>\n<\/strong><strong>Vorstellung<\/strong><br \/>\nDer von Sat Control entwickelte IM-SA-RT02 ist ein kosteng\u00fcnstiger einachsiger Neigungsmesser mit digitalem Ausgang, der den neuesten MEMS-Beschleunigungsmesser auf Industrieniveau verwendet. Sein Messbereich betr\u00e4gt \u00b1180 \u00b0, die h\u00f6chste Genauigkeit betr\u00e4gt 0,2 \u00b0, die Arbeitstemperatur betr\u00e4gt \u201340 \u00b0 C ~ + 85 \u00b0 C, das Produkt mit geringer Gr\u00f6\u00dfe und geringem Gewicht kann Anwendungsanforderungen mit begrenztem Platz erf\u00fcllen.<br \/>\nDieses Produkt wandelt \u00c4nderungen des statischen Schwerefelds in Winkel\u00e4nderungen um. Es gibt horizontale Winkelwerte direkt digital aus. Dieses Produkt hat die Vorteile niedriger Kosten, geringer Temperaturdrift, einfacher Verwendung und starker Best\u00e4ndigkeit gegen externe St\u00f6rungen. Es ist eine ideale Option f\u00fcr Lagemessungen in der Photovoltaik (PV), PTZ-Steuerung, \u00dcberwachung von Turmturbinen und anderen Branchen.<\/p>\n<p><strong>Merkmale<\/strong><br \/>\n\u2022 Einachsige Neigungsmessung<br \/>\n\u2022 Aufl\u00f6sung: 0.02\u00b0<br \/>\n\u2022 Spannungseingang: 9~35V<br \/>\n\u2022 Produktgr\u00f6\u00dfe: L55mm\u00d7B37mm\u00d7H24mm (anpassbar)<br \/>\n\u2022 Genauigkeit: 0,2\u00b0<br \/>\n\u2022 Messbereich: \u00b1180\u00b0<br \/>\n\u2022 IP67 Schutz<br \/>\n\u2022 Ausgangsschnittstelle: RS232\/485\/TTL optional<\/p>\n<p><strong>Anwendungen<\/strong><br \/>\n\u2022 Industrielle automatische Nivellierung<br \/>\n\u2022 Medizinische Ger\u00e4te<br \/>\n\u2022 Automatisches PV-Tracking<br \/>\n\u2022 Turmneigungs\u00fcberwachung<br \/>\n\u2022 Spezialventile<br \/>\n\u2022 \u00d6lbohrausr\u00fcstung<br \/>\n\u2022 Industrielle Konverter<br \/>\n\u2022 Steuerung des Kranneigungswinkels<\/p>\n<p><strong>Spezifikationen<\/strong><\/p>\n<p><strong>Elektronische Spezifikationen<\/strong><br \/>\nParameter Bedingungen Min. Typisch Max. Einheiten<br \/>\nStromversorgung 9 24 35 V<br \/>\nBetriebsstrom Unbelastet 20 30 40 mA<br \/>\nBetriebstemperatur \u201340 -85 \u00baC<br \/>\nLagertemperatur \u201355 +100 \u00baC<\/p>\n<p><strong>Leistungsbeschreibungen<\/strong><br \/>\nMessbereich (\u00b0) Bedingungen \u00b110 \u00b130 \u00b160 \u00b190 \u00b1180<br \/>\nMessachse X X X X X<br \/>\nGenauigkeit (\u00b0) Innenbereich 0,2 0,2 0,2 0,2 0,2<br \/>\nAufl\u00f6sung (\u00b0) 0,02 0,02 0,02 0,02 0,02<br \/>\nNull Temperatur<br \/>\nDrift(\u00b0\/ \u00baC) \u201340~85\u00baC \u00b10.01 \u00b10.01 \u00b10.01 \u00b10.01 \u00b10.01<br \/>\nEinschaltzeit &lt;3s &lt;3s &lt;3s &lt;3s &lt;3s &lt;3s<br \/>\nFrequenz<br \/>\nAntwort (Hz) 100 100 100 100 100 100<br \/>\nMTBF \u2265 30000 Studen\/Zeit<br \/>\nElektromagnetisch<br \/>\nVertr\u00e4glichkeit gem GBT17626<br \/>\nIsolationswiderstand \u2265100M\u03a9<br \/>\nSto\u00dffestigkeit 2000 g, 0,5 ms, 3 Mal\/Achse<br \/>\nGewicht (g) 210 (ohne Verpackung)<\/p>\n<p><strong>Resolution:<\/strong> Der gemessene minimale \u00c4nderungswert, den der Sensor innerhalb des Messbereichs erkennen und aufl\u00f6sen kann.<br \/>\n<strong>Accuracy:<\/strong> Der Fehler zwischen dem tats\u00e4chlichen Winkel und dem quadratischen Mittelwert (RMS) des gemessenen Winkels des Sensors (\u226516 mal).<\/p>\n<p><strong>Mechanische Eigenschaft<\/strong><br \/>\nStecker Metallstecker (Standardkabel ist 1,5 m lang)<br \/>\nSchutzgrad IP67<br \/>\nSchalenmaterial Magnesiumlegierung Schleifoxidation<br \/>\nInstallation Drei M4-Schrauben<\/p>\n<p><strong>Packungsgr\u00f6sse<\/strong><br \/>\nProduktgr\u00f6\u00dfe: L55*B37*H24 (mm)<\/p>\n<p><strong>Produktgr\u00f6\u00dfe der blo\u00dfen Platte<\/strong><br \/>\nProduktgr\u00f6\u00dfe: L33*B27*H6 (mm)<br \/>\nHinweis: \u00b1 1 mm Fehler bei L\u00e4ngen- und Breitenabmessungen, beziehen Sie sich bitte auf die tats\u00e4chliche Gr\u00f6\u00dfe.<\/p>\n<p><strong>Installationsrichtung<\/strong><br \/>\nDie richtige Installationsmethode kann Messfehler vermeiden. Folgende Punkte sind zu beachten<br \/>\nbeim Einbau des Sensors:<br \/>\nZun\u00e4chst einmal, um sicherzustellen, dass die Sensormontagefl\u00e4che und die gemessene Oberfl\u00e4che vollst\u00e4ndig schlie\u00dfen,<br \/>\nDie gemessene Fl\u00e4che sollte m\u00f6glichst horizontal sein, darf aber nicht den in Bild A gezeigten Winkel haben<br \/>\nund Abbildung C, die korrekte Installation ist in Abbildung B und Abbildung D dargestellt.<\/p>\n<p>Zweitens sollten das untere Kabel des Sensors und die Achse des gemessenen Objekts nicht erzeugen<br \/>\ndem in E gezeigten Winkel. Bei der Installation sollte das untere Kabel des Sensors parallel oder parallel gehalten werden<br \/>\northogonal zur Rotationsachse des Messobjekts. Dieses Produkt kann horizontal installiert werden<br \/>\noder vertikal (vertikale Installation erfordert Anpassung). Die richtige Installationsmethode ist in gezeigt<br \/>\nAbbildung F.<br \/>\nAbschlie\u00dfend muss die Montagefl\u00e4che des Sensors mit der zu messenden Fl\u00e4che dicht und fixiert werden<br \/>\nreibungslos, um Messfehler zu vermeiden, die durch Beschleunigung und Vibration verursacht werden k\u00f6nnen.<\/p>\n<p><strong>Software debuggen<\/strong><br \/>\nBenutzer k\u00f6nnen den seriellen Assistenten direkt von der offiziellen Website herunterladen (Supports-Herunterladen). Sie koennen auch<br \/>\neine bequemere und intuitivere PC-Software verwenden.<br \/>\nIM-SA-RT02 unterst\u00fctzende serielle Debugging-Software kann an den Neigungsmesser angeschlossen werden<br \/>\nComputer zur Winkelanzeige. Die Software-Debugging-Schnittstelle ist wie in der folgenden Abbildung dargestellt. Verwenden<br \/>\ndie Debug-Software kann bequem den aktuellen Neigungswinkel in X-Richtung anzeigen, und Sie k\u00f6nnen dies auch<br \/>\nandere Parameter selbst modifizieren und einstellen.<br \/>\nSoftwarenutzungsschritte:<br \/>\nSchlie\u00dfen Sie die Hardware des seriellen Anschlusses des Neigungsmessers korrekt an und schlie\u00dfen Sie die Stromversorgung an.<br \/>\nW\u00e4hlen Sie den seriellen Anschluss und die Baudrate des Computers aus und klicken Sie auf Seriellen Anschluss verbinden.<br \/>\nKlicken Sie auf Start und der Neigungswinkel des Neigers in X-Richtung wird auf dem Bildschirm angezeigt.<\/p>\n<p>Hinweis: Sie k\u00f6nnen mit der oberen rechten Taste zur chinesischen oder englischen Version wechseln<\/p>\n<p><strong><strong>Dokumentation<\/strong><\/strong><\/p>\n<p>\u2022 Englisches Merkblatt im PDF-Format mittlerer Aufl\u00f6sung <a href=\"\/wp-content\/uploads\/files-old\/Solar%20Inclinometer%20IM-SA-RT02%20series_MR.pdf\" target=\"_blank\" rel=\"noopener\"><strong>Herunterladen<\/strong><\/a><\/p>\n<p>\u2022 Englisches Merkblatt im PDF-Format mit niedriger Aufl\u00f6sung <a href=\"\/wp-content\/uploads\/files-old\/Solar%20Inclinometer%20IM-SA-RT02%20series_LR.pdf\" target=\"_blank\" rel=\"noopener\"><strong>Herunterladen<\/strong><\/a><\/p>\n","protected":false},"excerpt":{"rendered":"<p>IM-SA-RT02 Einachsiger Neigungsmesser der Serie Modbus<br \/>\nDatenblatt und technisches Handbuch<\/p>\n<p>NEUES PRODUKT!!!<\/p>\n","protected":false},"featured_media":5881,"comment_status":"open","ping_status":"closed","template":"","meta":{"inline_featured_image":false},"product_brand":[],"product_cat":[1202,884],"product_tag":[],"class_list":{"0":"post-7425","1":"product","2":"type-product","3":"status-publish","4":"has-post-thumbnail","6":"product_cat-zubehor-fur-solar-sps-steuerungen","7":"product_cat-zubehor-fur-solartracker","9":"first","10":"outofstock","11":"featured","12":"taxable","13":"shipping-taxable","14":"purchasable","15":"product-type-simple"},"yoast_head":"<!-- This site is optimized with the Yoast SEO plugin v26.5 - https:\/\/yoast.com\/wordpress\/plugins\/seo\/ -->\n<title>Neigungsmesser einachsig mit RS485 modbus com. \u00b1180\u00b0, Genauigkeit 0,2\u00b0, Aufl\u00f6sung: 0,02\u00b0, 24V - Solar Motors<\/title>\n<meta name=\"robots\" content=\"index, follow, max-snippet:-1, max-image-preview:large, max-video-preview:-1\" \/>\n<link rel=\"canonical\" href=\"https:\/\/solar-motors.com\/de\/produkt\/inclinometer-single-axis-w-rs485-modbus-com-180-accuracy-of-0-2-resolution-0-02-24v\/\" \/>\n<meta property=\"og:locale\" content=\"de_DE\" \/>\n<meta property=\"og:type\" content=\"article\" \/>\n<meta property=\"og:title\" content=\"Neigungsmesser einachsig mit RS485 modbus com. \u00b1180\u00b0, Genauigkeit 0,2\u00b0, Aufl\u00f6sung: 0,02\u00b0, 24V - Solar Motors\" \/>\n<meta property=\"og:description\" content=\"IM-SA-RT02 Einachsiger Neigungsmesser der Serie Modbus Datenblatt und technisches Handbuch  NEUES PRODUKT!!!\" \/>\n<meta property=\"og:url\" content=\"https:\/\/solar-motors.com\/de\/produkt\/inclinometer-single-axis-w-rs485-modbus-com-180-accuracy-of-0-2-resolution-0-02-24v\/\" \/>\n<meta property=\"og:site_name\" content=\"Solar Motors\" \/>\n<meta property=\"article:modified_time\" content=\"2025-01-07T12:52:21+00:00\" \/>\n<meta property=\"og:image\" content=\"https:\/\/solar-motors.com\/wp-content\/uploads\/2023\/03\/A_AC6F4641_inc201.png\" \/>\n\t<meta property=\"og:image:width\" content=\"780\" \/>\n\t<meta property=\"og:image:height\" content=\"701\" \/>\n\t<meta property=\"og:image:type\" content=\"image\/png\" \/>\n<meta name=\"twitter:card\" content=\"summary_large_image\" \/>\n<meta name=\"twitter:label1\" content=\"Gesch\u00e4tzte Lesezeit\" \/>\n\t<meta name=\"twitter:data1\" content=\"4\u00a0Minuten\" \/>\n<script type=\"application\/ld+json\" class=\"yoast-schema-graph\">{\"@context\":\"https:\/\/schema.org\",\"@graph\":[{\"@type\":\"WebPage\",\"@id\":\"https:\/\/solar-motors.com\/de\/produkt\/inclinometer-single-axis-w-rs485-modbus-com-180-accuracy-of-0-2-resolution-0-02-24v\/\",\"url\":\"https:\/\/solar-motors.com\/de\/produkt\/inclinometer-single-axis-w-rs485-modbus-com-180-accuracy-of-0-2-resolution-0-02-24v\/\",\"name\":\"Neigungsmesser einachsig mit RS485 modbus com. \u00b1180\u00b0, Genauigkeit 0,2\u00b0, Aufl\u00f6sung: 0,02\u00b0, 24V - Solar Motors\",\"isPartOf\":{\"@id\":\"https:\/\/solar-motors.com\/de\/#website\"},\"primaryImageOfPage\":{\"@id\":\"https:\/\/solar-motors.com\/de\/produkt\/inclinometer-single-axis-w-rs485-modbus-com-180-accuracy-of-0-2-resolution-0-02-24v\/#primaryimage\"},\"image\":{\"@id\":\"https:\/\/solar-motors.com\/de\/produkt\/inclinometer-single-axis-w-rs485-modbus-com-180-accuracy-of-0-2-resolution-0-02-24v\/#primaryimage\"},\"thumbnailUrl\":\"https:\/\/solar-motors.com\/wp-content\/uploads\/2023\/03\/A_AC6F4641_inc201.png\",\"datePublished\":\"2023-03-06T12:50:52+00:00\",\"dateModified\":\"2025-01-07T12:52:21+00:00\",\"breadcrumb\":{\"@id\":\"https:\/\/solar-motors.com\/de\/produkt\/inclinometer-single-axis-w-rs485-modbus-com-180-accuracy-of-0-2-resolution-0-02-24v\/#breadcrumb\"},\"inLanguage\":\"de\",\"potentialAction\":[{\"@type\":\"ReadAction\",\"target\":[\"https:\/\/solar-motors.com\/de\/produkt\/inclinometer-single-axis-w-rs485-modbus-com-180-accuracy-of-0-2-resolution-0-02-24v\/\"]}]},{\"@type\":\"ImageObject\",\"inLanguage\":\"de\",\"@id\":\"https:\/\/solar-motors.com\/de\/produkt\/inclinometer-single-axis-w-rs485-modbus-com-180-accuracy-of-0-2-resolution-0-02-24v\/#primaryimage\",\"url\":\"https:\/\/solar-motors.com\/wp-content\/uploads\/2023\/03\/A_AC6F4641_inc201.png\",\"contentUrl\":\"https:\/\/solar-motors.com\/wp-content\/uploads\/2023\/03\/A_AC6F4641_inc201.png\",\"width\":780,\"height\":701},{\"@type\":\"BreadcrumbList\",\"@id\":\"https:\/\/solar-motors.com\/de\/produkt\/inclinometer-single-axis-w-rs485-modbus-com-180-accuracy-of-0-2-resolution-0-02-24v\/#breadcrumb\",\"itemListElement\":[{\"@type\":\"ListItem\",\"position\":1,\"name\":\"Home\",\"item\":\"https:\/\/solar-motors.com\/de\/\"},{\"@type\":\"ListItem\",\"position\":2,\"name\":\"Shop\",\"item\":\"https:\/\/solar-motors.com\/shop\/\"},{\"@type\":\"ListItem\",\"position\":3,\"name\":\"Neigungsmesser einachsig mit RS485 modbus com. \u00b1180\u00b0, Genauigkeit 0,2\u00b0, Aufl\u00f6sung: 0,02\u00b0, 24V\"}]},{\"@type\":\"WebSite\",\"@id\":\"https:\/\/solar-motors.com\/de\/#website\",\"url\":\"https:\/\/solar-motors.com\/de\/\",\"name\":\"Solar Motors\",\"description\":\"Dependable Sun Tracking Systems Since 2005\",\"potentialAction\":[{\"@type\":\"SearchAction\",\"target\":{\"@type\":\"EntryPoint\",\"urlTemplate\":\"https:\/\/solar-motors.com\/de\/?s={search_term_string}\"},\"query-input\":{\"@type\":\"PropertyValueSpecification\",\"valueRequired\":true,\"valueName\":\"search_term_string\"}}],\"inLanguage\":\"de\"}]}<\/script>\n<!-- \/ Yoast SEO plugin. -->","yoast_head_json":{"title":"Neigungsmesser einachsig mit RS485 modbus com. \u00b1180\u00b0, Genauigkeit 0,2\u00b0, Aufl\u00f6sung: 0,02\u00b0, 24V - Solar Motors","robots":{"index":"index","follow":"follow","max-snippet":"max-snippet:-1","max-image-preview":"max-image-preview:large","max-video-preview":"max-video-preview:-1"},"canonical":"https:\/\/solar-motors.com\/de\/produkt\/inclinometer-single-axis-w-rs485-modbus-com-180-accuracy-of-0-2-resolution-0-02-24v\/","og_locale":"de_DE","og_type":"article","og_title":"Neigungsmesser einachsig mit RS485 modbus com. \u00b1180\u00b0, Genauigkeit 0,2\u00b0, Aufl\u00f6sung: 0,02\u00b0, 24V - Solar Motors","og_description":"IM-SA-RT02 Einachsiger Neigungsmesser der Serie Modbus Datenblatt und technisches Handbuch  NEUES PRODUKT!!!","og_url":"https:\/\/solar-motors.com\/de\/produkt\/inclinometer-single-axis-w-rs485-modbus-com-180-accuracy-of-0-2-resolution-0-02-24v\/","og_site_name":"Solar Motors","article_modified_time":"2025-01-07T12:52:21+00:00","og_image":[{"width":780,"height":701,"url":"https:\/\/solar-motors.com\/wp-content\/uploads\/2023\/03\/A_AC6F4641_inc201.png","type":"image\/png"}],"twitter_card":"summary_large_image","twitter_misc":{"Gesch\u00e4tzte Lesezeit":"4\u00a0Minuten"},"schema":{"@context":"https:\/\/schema.org","@graph":[{"@type":"WebPage","@id":"https:\/\/solar-motors.com\/de\/produkt\/inclinometer-single-axis-w-rs485-modbus-com-180-accuracy-of-0-2-resolution-0-02-24v\/","url":"https:\/\/solar-motors.com\/de\/produkt\/inclinometer-single-axis-w-rs485-modbus-com-180-accuracy-of-0-2-resolution-0-02-24v\/","name":"Neigungsmesser einachsig mit RS485 modbus com. \u00b1180\u00b0, Genauigkeit 0,2\u00b0, Aufl\u00f6sung: 0,02\u00b0, 24V - Solar Motors","isPartOf":{"@id":"https:\/\/solar-motors.com\/de\/#website"},"primaryImageOfPage":{"@id":"https:\/\/solar-motors.com\/de\/produkt\/inclinometer-single-axis-w-rs485-modbus-com-180-accuracy-of-0-2-resolution-0-02-24v\/#primaryimage"},"image":{"@id":"https:\/\/solar-motors.com\/de\/produkt\/inclinometer-single-axis-w-rs485-modbus-com-180-accuracy-of-0-2-resolution-0-02-24v\/#primaryimage"},"thumbnailUrl":"https:\/\/solar-motors.com\/wp-content\/uploads\/2023\/03\/A_AC6F4641_inc201.png","datePublished":"2023-03-06T12:50:52+00:00","dateModified":"2025-01-07T12:52:21+00:00","breadcrumb":{"@id":"https:\/\/solar-motors.com\/de\/produkt\/inclinometer-single-axis-w-rs485-modbus-com-180-accuracy-of-0-2-resolution-0-02-24v\/#breadcrumb"},"inLanguage":"de","potentialAction":[{"@type":"ReadAction","target":["https:\/\/solar-motors.com\/de\/produkt\/inclinometer-single-axis-w-rs485-modbus-com-180-accuracy-of-0-2-resolution-0-02-24v\/"]}]},{"@type":"ImageObject","inLanguage":"de","@id":"https:\/\/solar-motors.com\/de\/produkt\/inclinometer-single-axis-w-rs485-modbus-com-180-accuracy-of-0-2-resolution-0-02-24v\/#primaryimage","url":"https:\/\/solar-motors.com\/wp-content\/uploads\/2023\/03\/A_AC6F4641_inc201.png","contentUrl":"https:\/\/solar-motors.com\/wp-content\/uploads\/2023\/03\/A_AC6F4641_inc201.png","width":780,"height":701},{"@type":"BreadcrumbList","@id":"https:\/\/solar-motors.com\/de\/produkt\/inclinometer-single-axis-w-rs485-modbus-com-180-accuracy-of-0-2-resolution-0-02-24v\/#breadcrumb","itemListElement":[{"@type":"ListItem","position":1,"name":"Home","item":"https:\/\/solar-motors.com\/de\/"},{"@type":"ListItem","position":2,"name":"Shop","item":"https:\/\/solar-motors.com\/shop\/"},{"@type":"ListItem","position":3,"name":"Neigungsmesser einachsig mit RS485 modbus com. \u00b1180\u00b0, Genauigkeit 0,2\u00b0, Aufl\u00f6sung: 0,02\u00b0, 24V"}]},{"@type":"WebSite","@id":"https:\/\/solar-motors.com\/de\/#website","url":"https:\/\/solar-motors.com\/de\/","name":"Solar Motors","description":"Dependable Sun Tracking Systems Since 2005","potentialAction":[{"@type":"SearchAction","target":{"@type":"EntryPoint","urlTemplate":"https:\/\/solar-motors.com\/de\/?s={search_term_string}"},"query-input":{"@type":"PropertyValueSpecification","valueRequired":true,"valueName":"search_term_string"}}],"inLanguage":"de"}]}},"_links":{"self":[{"href":"https:\/\/solar-motors.com\/de\/wp-json\/wp\/v2\/product\/7425","targetHints":{"allow":["GET"]}}],"collection":[{"href":"https:\/\/solar-motors.com\/de\/wp-json\/wp\/v2\/product"}],"about":[{"href":"https:\/\/solar-motors.com\/de\/wp-json\/wp\/v2\/types\/product"}],"replies":[{"embeddable":true,"href":"https:\/\/solar-motors.com\/de\/wp-json\/wp\/v2\/comments?post=7425"}],"wp:featuredmedia":[{"embeddable":true,"href":"https:\/\/solar-motors.com\/de\/wp-json\/wp\/v2\/media\/5881"}],"wp:attachment":[{"href":"https:\/\/solar-motors.com\/de\/wp-json\/wp\/v2\/media?parent=7425"}],"wp:term":[{"taxonomy":"product_brand","embeddable":true,"href":"https:\/\/solar-motors.com\/de\/wp-json\/wp\/v2\/product_brand?post=7425"},{"taxonomy":"product_cat","embeddable":true,"href":"https:\/\/solar-motors.com\/de\/wp-json\/wp\/v2\/product_cat?post=7425"},{"taxonomy":"product_tag","embeddable":true,"href":"https:\/\/solar-motors.com\/de\/wp-json\/wp\/v2\/product_tag?post=7425"}],"curies":[{"name":"wp","href":"https:\/\/api.w.org\/{rel}","templated":true}]}}