{"id":7426,"date":"2023-03-06T13:50:49","date_gmt":"2023-03-06T12:50:49","guid":{"rendered":"https:\/\/solar-motors.com\/product\/schwenkantrieb-sd5-m3-tisch-m-kugellager-7400-sd5m3\/"},"modified":"2023-03-06T13:50:49","modified_gmt":"2023-03-06T12:50:49","slug":"slewing-drive-sd5-m3-table-w-ball-bearing-7400-sd5m3","status":"publish","type":"product","link":"https:\/\/solar-motors.com\/de\/produkt\/slewing-drive-sd5-m3-table-w-ball-bearing-7400-sd5m3\/","title":{"rendered":"Schwenkantrieb SD5 M3, Tisch m. Kugellager 7400 \/ SD5M3"},"content":{"rendered":"<p align=\"justify\"><img decoding=\"async\" alt=\"Schwenkantrieb SD5 M3, m. Tisch und Kugellager\" src=\"\/wp-content\/uploads\/files-old\/%24%24H_23C085D1_IMG_20170705_134323%2420montaza.jpg\" border=\"0\" hspace=\"0\"> <img decoding=\"async\" alt=\"Schwenkantrieb SD5 M3, m. Tisch und Kugellager\" src=\"\/wp-content\/uploads\/files-old\/%24%24H_65F7BD5E_sd5%24201.jpg\" border=\"0\" hspace=\"0\"><\/p>\n<p align=\"justify\"><strong>Profi-Schwenkantrieb SD5 M3, m. Tisch und Kugellager<\/strong><\/p>\n<p align=\"justify\">Geeignet f\u00fcr PV-Module, Konzentratoren \u2013 CPV und Heliostaten. Verwendung: kleine und gro\u00dfe Kraftwerke, netzgekoppelt auf D\u00e4chern von H\u00e4usern oder Fabriken, H\u00fctten, Solarturmkraftwerke.<\/p>\n<p align=\"justify\">\n<table border=\"1\" cellspacing=\"0\" cellpadding=\"0\">\n<tbody>\n<tr>\n<td width=\"614\">\n<p><b> Schwenkantrieb SD5 M3, m. Tisch und Kugellager \/ 7400 \/ SD5M3<\/b><\/p>\n<\/td>\n<td width=\"85\">\n<p align=\"center\">\n<\/td>\n<\/tr>\n<tr>\n<td width=\"614\">\n<p>&#8211; Anweisungen f\u00fcr die Installation und Verwendung<\/p>\n<\/td>\n<td width=\"85\">\n<p align=\"center\">\n<\/td>\n<\/tr>\n<tr>\n<td width=\"614\">\n<p>&#8211; Technische Zeichnung <\/p>\n<\/td>\n<td width=\"85\">\n<p align=\"center\"><a href=\"\/wp-content\/uploads\/files-old\/sd5.pdf\" target=\"_blank\" rel=\"noopener\">Herunterladen<\/a><\/p>\n<\/td>\n<\/tr>\n<tr>\n<td width=\"614\">\n<p>&#8211; Englisches Merkblatt im PDF-Format mittlerer Aufl\u00f6sung<\/p>\n<\/td>\n<td width=\"85\">\n<p align=\"center\"><a href=\"\/wp-content\/uploads\/files-old\/slewing%20drive_MR.pdf\" target=\"_blank\" rel=\"noopener\">Herunterladen<\/a><\/p>\n<\/td>\n<\/tr>\n<tr>\n<td width=\"614\">\n<p>&#8211; Englisches Merkblatt im PDF-Format mit niedriger Aufl\u00f6sung<\/p>\n<\/td>\n<td width=\"85\">\n<p align=\"center\"><a href=\"\/wp-content\/uploads\/files-old\/slewing%20drive_LR.pdf\" target=\"_blank\" rel=\"noopener\">Herunterladen<\/a><\/p>\n<\/td>\n<\/tr>\n<tr>\n<td width=\"614\">\n<p>&#8211; Belastbarkeit<\/p>\n<\/td>\n<td width=\"85\">\n<p align=\"center\"><a href=\"\/wp-content\/uploads\/files-old\/8225.30.16.0-A_Capacity.pdf\" target=\"_blank\" rel=\"noopener\">Herunterladen<\/a><\/p>\n<\/td>\n<\/tr>\n<tr>\n<td width=\"614\">\n<p>&#8211; Konformit\u00e4tserkl\u00e4rung im PDF-Format<\/p>\n<\/td>\n<td width=\"85\">\n<p align=\"center\">Herunterladen<\/p>\n<\/td>\n<\/tr>\n<\/tbody>\n<\/table>\n<p align=\"justify\">\n","protected":false},"excerpt":{"rendered":"<p>Schwenkantrieb SD5 M3, Tisch m. Kugellager<\/p>\n","protected":false},"featured_media":5873,"comment_status":"open","ping_status":"closed","template":"","meta":{"inline_featured_image":false},"product_brand":[],"product_cat":[1136],"product_tag":[],"class_list":{"0":"post-7426","1":"product","2":"type-product","3":"status-publish","4":"has-post-thumbnail","6":"product_cat-schwenkantriebe","8":"first","9":"outofstock","10":"taxable","11":"shipping-taxable","12":"product-type-simple"},"yoast_head":"<!-- This site is optimized with the Yoast SEO plugin v26.5 - https:\/\/yoast.com\/wordpress\/plugins\/seo\/ -->\n<title>Schwenkantrieb SD5 M3, Tisch m. Kugellager 7400 \/ SD5M3 - Solar Motors<\/title>\n<meta name=\"robots\" content=\"index, follow, max-snippet:-1, max-image-preview:large, max-video-preview:-1\" \/>\n<link rel=\"canonical\" href=\"https:\/\/solar-motors.com\/de\/produkt\/slewing-drive-sd5-m3-table-w-ball-bearing-7400-sd5m3\/\" \/>\n<meta property=\"og:locale\" content=\"de_DE\" \/>\n<meta property=\"og:type\" content=\"article\" \/>\n<meta property=\"og:title\" content=\"Schwenkantrieb SD5 M3, Tisch m. Kugellager 7400 \/ SD5M3 - Solar Motors\" \/>\n<meta property=\"og:description\" content=\"Schwenkantrieb SD5 M3, Tisch m. Kugellager\" \/>\n<meta property=\"og:url\" content=\"https:\/\/solar-motors.com\/de\/produkt\/slewing-drive-sd5-m3-table-w-ball-bearing-7400-sd5m3\/\" \/>\n<meta property=\"og:site_name\" content=\"Solar Motors\" \/>\n<meta property=\"og:image\" content=\"https:\/\/solar-motors.com\/wp-content\/uploads\/2023\/03\/A_CE605477_IMG_20170705_13432320montaza.jpg\" \/>\n\t<meta property=\"og:image:width\" content=\"800\" \/>\n\t<meta property=\"og:image:height\" content=\"800\" \/>\n\t<meta property=\"og:image:type\" content=\"image\/jpeg\" \/>\n<meta name=\"twitter:card\" content=\"summary_large_image\" \/>\n<script type=\"application\/ld+json\" class=\"yoast-schema-graph\">{\"@context\":\"https:\/\/schema.org\",\"@graph\":[{\"@type\":\"WebPage\",\"@id\":\"https:\/\/solar-motors.com\/de\/produkt\/slewing-drive-sd5-m3-table-w-ball-bearing-7400-sd5m3\/\",\"url\":\"https:\/\/solar-motors.com\/de\/produkt\/slewing-drive-sd5-m3-table-w-ball-bearing-7400-sd5m3\/\",\"name\":\"Schwenkantrieb SD5 M3, Tisch m. Kugellager 7400 \/ SD5M3 - Solar Motors\",\"isPartOf\":{\"@id\":\"https:\/\/solar-motors.com\/de\/#website\"},\"primaryImageOfPage\":{\"@id\":\"https:\/\/solar-motors.com\/de\/produkt\/slewing-drive-sd5-m3-table-w-ball-bearing-7400-sd5m3\/#primaryimage\"},\"image\":{\"@id\":\"https:\/\/solar-motors.com\/de\/produkt\/slewing-drive-sd5-m3-table-w-ball-bearing-7400-sd5m3\/#primaryimage\"},\"thumbnailUrl\":\"https:\/\/solar-motors.com\/wp-content\/uploads\/2023\/03\/A_CE605477_IMG_20170705_13432320montaza.jpg\",\"datePublished\":\"2023-03-06T12:50:49+00:00\",\"breadcrumb\":{\"@id\":\"https:\/\/solar-motors.com\/de\/produkt\/slewing-drive-sd5-m3-table-w-ball-bearing-7400-sd5m3\/#breadcrumb\"},\"inLanguage\":\"de\",\"potentialAction\":[{\"@type\":\"ReadAction\",\"target\":[\"https:\/\/solar-motors.com\/de\/produkt\/slewing-drive-sd5-m3-table-w-ball-bearing-7400-sd5m3\/\"]}]},{\"@type\":\"ImageObject\",\"inLanguage\":\"de\",\"@id\":\"https:\/\/solar-motors.com\/de\/produkt\/slewing-drive-sd5-m3-table-w-ball-bearing-7400-sd5m3\/#primaryimage\",\"url\":\"https:\/\/solar-motors.com\/wp-content\/uploads\/2023\/03\/A_CE605477_IMG_20170705_13432320montaza.jpg\",\"contentUrl\":\"https:\/\/solar-motors.com\/wp-content\/uploads\/2023\/03\/A_CE605477_IMG_20170705_13432320montaza.jpg\",\"width\":800,\"height\":800},{\"@type\":\"BreadcrumbList\",\"@id\":\"https:\/\/solar-motors.com\/de\/produkt\/slewing-drive-sd5-m3-table-w-ball-bearing-7400-sd5m3\/#breadcrumb\",\"itemListElement\":[{\"@type\":\"ListItem\",\"position\":1,\"name\":\"Home\",\"item\":\"https:\/\/solar-motors.com\/de\/\"},{\"@type\":\"ListItem\",\"position\":2,\"name\":\"Shop\",\"item\":\"https:\/\/solar-motors.com\/shop\/\"},{\"@type\":\"ListItem\",\"position\":3,\"name\":\"Schwenkantrieb SD5 M3, Tisch m. Kugellager 7400 \/ SD5M3\"}]},{\"@type\":\"WebSite\",\"@id\":\"https:\/\/solar-motors.com\/de\/#website\",\"url\":\"https:\/\/solar-motors.com\/de\/\",\"name\":\"Solar Motors\",\"description\":\"Dependable Sun Tracking Systems Since 2005\",\"potentialAction\":[{\"@type\":\"SearchAction\",\"target\":{\"@type\":\"EntryPoint\",\"urlTemplate\":\"https:\/\/solar-motors.com\/de\/?s={search_term_string}\"},\"query-input\":{\"@type\":\"PropertyValueSpecification\",\"valueRequired\":true,\"valueName\":\"search_term_string\"}}],\"inLanguage\":\"de\"}]}<\/script>\n<!-- \/ Yoast SEO plugin. -->","yoast_head_json":{"title":"Schwenkantrieb SD5 M3, Tisch m. Kugellager 7400 \/ SD5M3 - Solar Motors","robots":{"index":"index","follow":"follow","max-snippet":"max-snippet:-1","max-image-preview":"max-image-preview:large","max-video-preview":"max-video-preview:-1"},"canonical":"https:\/\/solar-motors.com\/de\/produkt\/slewing-drive-sd5-m3-table-w-ball-bearing-7400-sd5m3\/","og_locale":"de_DE","og_type":"article","og_title":"Schwenkantrieb SD5 M3, Tisch m. Kugellager 7400 \/ SD5M3 - Solar Motors","og_description":"Schwenkantrieb SD5 M3, Tisch m. Kugellager","og_url":"https:\/\/solar-motors.com\/de\/produkt\/slewing-drive-sd5-m3-table-w-ball-bearing-7400-sd5m3\/","og_site_name":"Solar Motors","og_image":[{"width":800,"height":800,"url":"https:\/\/solar-motors.com\/wp-content\/uploads\/2023\/03\/A_CE605477_IMG_20170705_13432320montaza.jpg","type":"image\/jpeg"}],"twitter_card":"summary_large_image","schema":{"@context":"https:\/\/schema.org","@graph":[{"@type":"WebPage","@id":"https:\/\/solar-motors.com\/de\/produkt\/slewing-drive-sd5-m3-table-w-ball-bearing-7400-sd5m3\/","url":"https:\/\/solar-motors.com\/de\/produkt\/slewing-drive-sd5-m3-table-w-ball-bearing-7400-sd5m3\/","name":"Schwenkantrieb SD5 M3, Tisch m. Kugellager 7400 \/ SD5M3 - Solar Motors","isPartOf":{"@id":"https:\/\/solar-motors.com\/de\/#website"},"primaryImageOfPage":{"@id":"https:\/\/solar-motors.com\/de\/produkt\/slewing-drive-sd5-m3-table-w-ball-bearing-7400-sd5m3\/#primaryimage"},"image":{"@id":"https:\/\/solar-motors.com\/de\/produkt\/slewing-drive-sd5-m3-table-w-ball-bearing-7400-sd5m3\/#primaryimage"},"thumbnailUrl":"https:\/\/solar-motors.com\/wp-content\/uploads\/2023\/03\/A_CE605477_IMG_20170705_13432320montaza.jpg","datePublished":"2023-03-06T12:50:49+00:00","breadcrumb":{"@id":"https:\/\/solar-motors.com\/de\/produkt\/slewing-drive-sd5-m3-table-w-ball-bearing-7400-sd5m3\/#breadcrumb"},"inLanguage":"de","potentialAction":[{"@type":"ReadAction","target":["https:\/\/solar-motors.com\/de\/produkt\/slewing-drive-sd5-m3-table-w-ball-bearing-7400-sd5m3\/"]}]},{"@type":"ImageObject","inLanguage":"de","@id":"https:\/\/solar-motors.com\/de\/produkt\/slewing-drive-sd5-m3-table-w-ball-bearing-7400-sd5m3\/#primaryimage","url":"https:\/\/solar-motors.com\/wp-content\/uploads\/2023\/03\/A_CE605477_IMG_20170705_13432320montaza.jpg","contentUrl":"https:\/\/solar-motors.com\/wp-content\/uploads\/2023\/03\/A_CE605477_IMG_20170705_13432320montaza.jpg","width":800,"height":800},{"@type":"BreadcrumbList","@id":"https:\/\/solar-motors.com\/de\/produkt\/slewing-drive-sd5-m3-table-w-ball-bearing-7400-sd5m3\/#breadcrumb","itemListElement":[{"@type":"ListItem","position":1,"name":"Home","item":"https:\/\/solar-motors.com\/de\/"},{"@type":"ListItem","position":2,"name":"Shop","item":"https:\/\/solar-motors.com\/shop\/"},{"@type":"ListItem","position":3,"name":"Schwenkantrieb SD5 M3, Tisch m. Kugellager 7400 \/ SD5M3"}]},{"@type":"WebSite","@id":"https:\/\/solar-motors.com\/de\/#website","url":"https:\/\/solar-motors.com\/de\/","name":"Solar Motors","description":"Dependable Sun Tracking Systems Since 2005","potentialAction":[{"@type":"SearchAction","target":{"@type":"EntryPoint","urlTemplate":"https:\/\/solar-motors.com\/de\/?s={search_term_string}"},"query-input":{"@type":"PropertyValueSpecification","valueRequired":true,"valueName":"search_term_string"}}],"inLanguage":"de"}]}},"_links":{"self":[{"href":"https:\/\/solar-motors.com\/de\/wp-json\/wp\/v2\/product\/7426","targetHints":{"allow":["GET"]}}],"collection":[{"href":"https:\/\/solar-motors.com\/de\/wp-json\/wp\/v2\/product"}],"about":[{"href":"https:\/\/solar-motors.com\/de\/wp-json\/wp\/v2\/types\/product"}],"replies":[{"embeddable":true,"href":"https:\/\/solar-motors.com\/de\/wp-json\/wp\/v2\/comments?post=7426"}],"wp:featuredmedia":[{"embeddable":true,"href":"https:\/\/solar-motors.com\/de\/wp-json\/wp\/v2\/media\/5873"}],"wp:attachment":[{"href":"https:\/\/solar-motors.com\/de\/wp-json\/wp\/v2\/media?parent=7426"}],"wp:term":[{"taxonomy":"product_brand","embeddable":true,"href":"https:\/\/solar-motors.com\/de\/wp-json\/wp\/v2\/product_brand?post=7426"},{"taxonomy":"product_cat","embeddable":true,"href":"https:\/\/solar-motors.com\/de\/wp-json\/wp\/v2\/product_cat?post=7426"},{"taxonomy":"product_tag","embeddable":true,"href":"https:\/\/solar-motors.com\/de\/wp-json\/wp\/v2\/product_tag?post=7426"}],"curies":[{"name":"wp","href":"https:\/\/api.w.org\/{rel}","templated":true}]}}