{"id":7428,"date":"2023-03-06T13:50:45","date_gmt":"2023-03-06T12:50:45","guid":{"rendered":"https:\/\/solar-motors.com\/product\/solar-linearaktuator-motor-sm4s510m2c4-0175-sm4s510m2c4\/"},"modified":"2023-03-06T13:50:45","modified_gmt":"2023-03-06T12:50:45","slug":"solar-linear-actuator-motor-sm4s510m2c4-0175-sm4s510m2c4","status":"publish","type":"product","link":"https:\/\/solar-motors.com\/de\/produkt\/solar-linear-actuator-motor-sm4s510m2c4-0175-sm4s510m2c4\/","title":{"rendered":"Solar-Linearaktuator &#8211; Motor SM4S510M2C4 \/ 0175 \/ SM4S510M2C4"},"content":{"rendered":"<p align=\"justify\"> <img fetchpriority=\"high\" decoding=\"async\" width=\"617\" height=\"208\" alt=\"\" src=\"\/wp-content\/uploads\/files-old\/%24%24H_09071FC3_komplet.jpg\" border=\"0\" hspace=\"0\">       <img decoding=\"async\" width=\"1991\" height=\"1100\" style=\"width: 425px; height: 194px;\" alt=\"\" src=\"\/wp-content\/uploads\/files-old\/%24%24H_1CF567F4_b.jpg\" border=\"0\" hspace=\"0\"><\/p>\n<p align=\"justify\"><strong>Professioneller Solar-Linearantrieb &#8211; Motor SM4S510M2C4<\/strong>      <br \/>Geeignet f\u00fcr PV-Module, Konzentratoren \u2013 CPV und Heliostaten. Verwendung: kleine und gro\u00dfe Kraftwerke, netzgekoppelt auf D\u00e4chern von H\u00e4usern oder Fabriken, H\u00fctten, Solarturmkraftwerke, bei denen Solarmodule in Reihe geschaltet sind und der Ausgang direkt an den Wechselrichter oder ein externes Ladeger\u00e4t angeschlossen ist.<\/p>\n<p align=\"justify\"><u>Technische Dokumentation:<\/u><br \/>Technisches Datenblatt: <a href=\"\/wp-content\/uploads\/files-old\/Solar_linear_actuator-motor_SM4S510M2NC_MR.pdf\" target=\"_blank\" rel=\"noopener\">Solar_linear_actuator-motor_SM4S510M2NC_MR.pdf<\/a><br \/>Link f\u00fcr andere Dokumentation: <a href=\"\/wp-content\/uploads\/files-old\/ALL%20TO%20PUBLISH\">http:\/\/www.solar-motors.com\/files\/PRODUCTS\/SM4_M2_SERIES\/ALL%20TO%20PUBLISH\/<\/a><\/p>\n","protected":false},"excerpt":{"rendered":"<p>Professioneller Solar-Linearantrieb &#8211; Motor SM4S510M2C4<\/p>\n","protected":false},"featured_media":5871,"comment_status":"open","ping_status":"closed","template":"","meta":{"inline_featured_image":false},"product_brand":[],"product_cat":[1150],"product_tag":[],"class_list":{"0":"post-7428","1":"product","2":"type-product","3":"status-publish","4":"has-post-thumbnail","6":"product_cat-linear-motoren","8":"first","9":"outofstock","10":"taxable","11":"shipping-taxable","12":"purchasable","13":"product-type-simple"},"yoast_head":"<!-- This site is optimized with the Yoast SEO plugin v26.5 - https:\/\/yoast.com\/wordpress\/plugins\/seo\/ -->\n<title>Solar-Linearaktuator - Motor SM4S510M2C4 \/ 0175 \/ SM4S510M2C4 - Solar Motors<\/title>\n<meta name=\"robots\" content=\"index, follow, max-snippet:-1, max-image-preview:large, max-video-preview:-1\" \/>\n<link rel=\"canonical\" href=\"https:\/\/solar-motors.com\/de\/produkt\/solar-linear-actuator-motor-sm4s510m2c4-0175-sm4s510m2c4\/\" \/>\n<meta property=\"og:locale\" content=\"de_DE\" \/>\n<meta property=\"og:type\" content=\"article\" \/>\n<meta property=\"og:title\" content=\"Solar-Linearaktuator - Motor SM4S510M2C4 \/ 0175 \/ SM4S510M2C4 - Solar Motors\" \/>\n<meta property=\"og:description\" content=\"Professioneller Solar-Linearantrieb - Motor SM4S510M2C4\" \/>\n<meta property=\"og:url\" content=\"https:\/\/solar-motors.com\/de\/produkt\/solar-linear-actuator-motor-sm4s510m2c4-0175-sm4s510m2c4\/\" \/>\n<meta property=\"og:site_name\" content=\"Solar Motors\" \/>\n<meta property=\"og:image\" content=\"https:\/\/solar-motors.com\/wp-content\/uploads\/2023\/03\/A_CDCE9B29_SM4S510M2_C4.jpg\" \/>\n\t<meta property=\"og:image:width\" content=\"211\" \/>\n\t<meta property=\"og:image:height\" content=\"800\" \/>\n\t<meta property=\"og:image:type\" content=\"image\/jpeg\" \/>\n<meta name=\"twitter:card\" content=\"summary_large_image\" \/>\n<script type=\"application\/ld+json\" class=\"yoast-schema-graph\">{\"@context\":\"https:\/\/schema.org\",\"@graph\":[{\"@type\":\"WebPage\",\"@id\":\"https:\/\/solar-motors.com\/de\/produkt\/solar-linear-actuator-motor-sm4s510m2c4-0175-sm4s510m2c4\/\",\"url\":\"https:\/\/solar-motors.com\/de\/produkt\/solar-linear-actuator-motor-sm4s510m2c4-0175-sm4s510m2c4\/\",\"name\":\"Solar-Linearaktuator - Motor SM4S510M2C4 \/ 0175 \/ SM4S510M2C4 - Solar Motors\",\"isPartOf\":{\"@id\":\"https:\/\/solar-motors.com\/de\/#website\"},\"primaryImageOfPage\":{\"@id\":\"https:\/\/solar-motors.com\/de\/produkt\/solar-linear-actuator-motor-sm4s510m2c4-0175-sm4s510m2c4\/#primaryimage\"},\"image\":{\"@id\":\"https:\/\/solar-motors.com\/de\/produkt\/solar-linear-actuator-motor-sm4s510m2c4-0175-sm4s510m2c4\/#primaryimage\"},\"thumbnailUrl\":\"https:\/\/solar-motors.com\/wp-content\/uploads\/2023\/03\/A_CDCE9B29_SM4S510M2_C4.jpg\",\"datePublished\":\"2023-03-06T12:50:45+00:00\",\"breadcrumb\":{\"@id\":\"https:\/\/solar-motors.com\/de\/produkt\/solar-linear-actuator-motor-sm4s510m2c4-0175-sm4s510m2c4\/#breadcrumb\"},\"inLanguage\":\"de\",\"potentialAction\":[{\"@type\":\"ReadAction\",\"target\":[\"https:\/\/solar-motors.com\/de\/produkt\/solar-linear-actuator-motor-sm4s510m2c4-0175-sm4s510m2c4\/\"]}]},{\"@type\":\"ImageObject\",\"inLanguage\":\"de\",\"@id\":\"https:\/\/solar-motors.com\/de\/produkt\/solar-linear-actuator-motor-sm4s510m2c4-0175-sm4s510m2c4\/#primaryimage\",\"url\":\"https:\/\/solar-motors.com\/wp-content\/uploads\/2023\/03\/A_CDCE9B29_SM4S510M2_C4.jpg\",\"contentUrl\":\"https:\/\/solar-motors.com\/wp-content\/uploads\/2023\/03\/A_CDCE9B29_SM4S510M2_C4.jpg\",\"width\":211,\"height\":800},{\"@type\":\"BreadcrumbList\",\"@id\":\"https:\/\/solar-motors.com\/de\/produkt\/solar-linear-actuator-motor-sm4s510m2c4-0175-sm4s510m2c4\/#breadcrumb\",\"itemListElement\":[{\"@type\":\"ListItem\",\"position\":1,\"name\":\"Home\",\"item\":\"https:\/\/solar-motors.com\/de\/\"},{\"@type\":\"ListItem\",\"position\":2,\"name\":\"Shop\",\"item\":\"https:\/\/solar-motors.com\/shop\/\"},{\"@type\":\"ListItem\",\"position\":3,\"name\":\"Solar-Linearaktuator &#8211; Motor SM4S510M2C4 \/ 0175 \/ SM4S510M2C4\"}]},{\"@type\":\"WebSite\",\"@id\":\"https:\/\/solar-motors.com\/de\/#website\",\"url\":\"https:\/\/solar-motors.com\/de\/\",\"name\":\"Solar Motors\",\"description\":\"Dependable Sun Tracking Systems Since 2005\",\"potentialAction\":[{\"@type\":\"SearchAction\",\"target\":{\"@type\":\"EntryPoint\",\"urlTemplate\":\"https:\/\/solar-motors.com\/de\/?s={search_term_string}\"},\"query-input\":{\"@type\":\"PropertyValueSpecification\",\"valueRequired\":true,\"valueName\":\"search_term_string\"}}],\"inLanguage\":\"de\"}]}<\/script>\n<!-- \/ Yoast SEO plugin. -->","yoast_head_json":{"title":"Solar-Linearaktuator - Motor SM4S510M2C4 \/ 0175 \/ SM4S510M2C4 - Solar Motors","robots":{"index":"index","follow":"follow","max-snippet":"max-snippet:-1","max-image-preview":"max-image-preview:large","max-video-preview":"max-video-preview:-1"},"canonical":"https:\/\/solar-motors.com\/de\/produkt\/solar-linear-actuator-motor-sm4s510m2c4-0175-sm4s510m2c4\/","og_locale":"de_DE","og_type":"article","og_title":"Solar-Linearaktuator - Motor SM4S510M2C4 \/ 0175 \/ SM4S510M2C4 - Solar Motors","og_description":"Professioneller Solar-Linearantrieb - Motor SM4S510M2C4","og_url":"https:\/\/solar-motors.com\/de\/produkt\/solar-linear-actuator-motor-sm4s510m2c4-0175-sm4s510m2c4\/","og_site_name":"Solar Motors","og_image":[{"width":211,"height":800,"url":"https:\/\/solar-motors.com\/wp-content\/uploads\/2023\/03\/A_CDCE9B29_SM4S510M2_C4.jpg","type":"image\/jpeg"}],"twitter_card":"summary_large_image","schema":{"@context":"https:\/\/schema.org","@graph":[{"@type":"WebPage","@id":"https:\/\/solar-motors.com\/de\/produkt\/solar-linear-actuator-motor-sm4s510m2c4-0175-sm4s510m2c4\/","url":"https:\/\/solar-motors.com\/de\/produkt\/solar-linear-actuator-motor-sm4s510m2c4-0175-sm4s510m2c4\/","name":"Solar-Linearaktuator - Motor SM4S510M2C4 \/ 0175 \/ SM4S510M2C4 - Solar Motors","isPartOf":{"@id":"https:\/\/solar-motors.com\/de\/#website"},"primaryImageOfPage":{"@id":"https:\/\/solar-motors.com\/de\/produkt\/solar-linear-actuator-motor-sm4s510m2c4-0175-sm4s510m2c4\/#primaryimage"},"image":{"@id":"https:\/\/solar-motors.com\/de\/produkt\/solar-linear-actuator-motor-sm4s510m2c4-0175-sm4s510m2c4\/#primaryimage"},"thumbnailUrl":"https:\/\/solar-motors.com\/wp-content\/uploads\/2023\/03\/A_CDCE9B29_SM4S510M2_C4.jpg","datePublished":"2023-03-06T12:50:45+00:00","breadcrumb":{"@id":"https:\/\/solar-motors.com\/de\/produkt\/solar-linear-actuator-motor-sm4s510m2c4-0175-sm4s510m2c4\/#breadcrumb"},"inLanguage":"de","potentialAction":[{"@type":"ReadAction","target":["https:\/\/solar-motors.com\/de\/produkt\/solar-linear-actuator-motor-sm4s510m2c4-0175-sm4s510m2c4\/"]}]},{"@type":"ImageObject","inLanguage":"de","@id":"https:\/\/solar-motors.com\/de\/produkt\/solar-linear-actuator-motor-sm4s510m2c4-0175-sm4s510m2c4\/#primaryimage","url":"https:\/\/solar-motors.com\/wp-content\/uploads\/2023\/03\/A_CDCE9B29_SM4S510M2_C4.jpg","contentUrl":"https:\/\/solar-motors.com\/wp-content\/uploads\/2023\/03\/A_CDCE9B29_SM4S510M2_C4.jpg","width":211,"height":800},{"@type":"BreadcrumbList","@id":"https:\/\/solar-motors.com\/de\/produkt\/solar-linear-actuator-motor-sm4s510m2c4-0175-sm4s510m2c4\/#breadcrumb","itemListElement":[{"@type":"ListItem","position":1,"name":"Home","item":"https:\/\/solar-motors.com\/de\/"},{"@type":"ListItem","position":2,"name":"Shop","item":"https:\/\/solar-motors.com\/shop\/"},{"@type":"ListItem","position":3,"name":"Solar-Linearaktuator &#8211; Motor SM4S510M2C4 \/ 0175 \/ SM4S510M2C4"}]},{"@type":"WebSite","@id":"https:\/\/solar-motors.com\/de\/#website","url":"https:\/\/solar-motors.com\/de\/","name":"Solar Motors","description":"Dependable Sun Tracking Systems Since 2005","potentialAction":[{"@type":"SearchAction","target":{"@type":"EntryPoint","urlTemplate":"https:\/\/solar-motors.com\/de\/?s={search_term_string}"},"query-input":{"@type":"PropertyValueSpecification","valueRequired":true,"valueName":"search_term_string"}}],"inLanguage":"de"}]}},"_links":{"self":[{"href":"https:\/\/solar-motors.com\/de\/wp-json\/wp\/v2\/product\/7428","targetHints":{"allow":["GET"]}}],"collection":[{"href":"https:\/\/solar-motors.com\/de\/wp-json\/wp\/v2\/product"}],"about":[{"href":"https:\/\/solar-motors.com\/de\/wp-json\/wp\/v2\/types\/product"}],"replies":[{"embeddable":true,"href":"https:\/\/solar-motors.com\/de\/wp-json\/wp\/v2\/comments?post=7428"}],"wp:featuredmedia":[{"embeddable":true,"href":"https:\/\/solar-motors.com\/de\/wp-json\/wp\/v2\/media\/5871"}],"wp:attachment":[{"href":"https:\/\/solar-motors.com\/de\/wp-json\/wp\/v2\/media?parent=7428"}],"wp:term":[{"taxonomy":"product_brand","embeddable":true,"href":"https:\/\/solar-motors.com\/de\/wp-json\/wp\/v2\/product_brand?post=7428"},{"taxonomy":"product_cat","embeddable":true,"href":"https:\/\/solar-motors.com\/de\/wp-json\/wp\/v2\/product_cat?post=7428"},{"taxonomy":"product_tag","embeddable":true,"href":"https:\/\/solar-motors.com\/de\/wp-json\/wp\/v2\/product_tag?post=7428"}],"curies":[{"name":"wp","href":"https:\/\/api.w.org\/{rel}","templated":true}]}}