{"id":7431,"date":"2023-03-06T13:50:44","date_gmt":"2023-03-06T12:50:44","guid":{"rendered":"https:\/\/solar-motors.com\/product\/solar-linearaktuator-motor-sm4s510m2nc-0077-sm4s510m2nc\/"},"modified":"2023-08-25T10:05:04","modified_gmt":"2023-08-25T08:05:04","slug":"solar-linear-actuator-motor-sm4s510m2nc-0077-sm4s510m2nc","status":"publish","type":"product","link":"https:\/\/solar-motors.com\/de\/produkt\/solar-linear-actuator-motor-sm4s510m2nc-0077-sm4s510m2nc\/","title":{"rendered":"Solar-Linearaktuator &#8211; Motor SM4S510M2NC \/ 0077 \/ SM4S510M2NC"},"content":{"rendered":"<p align=\"justify\">\n<p align=\"justify\"><img fetchpriority=\"high\" decoding=\"async\" style=\"HEIGHT: 212px; WIDTH: 603px\" border=\"0\" hspace=\"0\" alt=\"\" src=\"\/wp-content\/uploads\/files-old\/%24%24H_9C687CF8_komplet_NC.jpg\" width=\"656\" height=\"237\">       <img decoding=\"async\" style=\"HEIGHT: 187px; WIDTH: 423px\" border=\"0\" hspace=\"0\" alt=\"\" src=\"\/wp-content\/uploads\/files-old\/%24%24H_1CF567F4_b.jpg\" width=\"1914\" height=\"997\"><\/p>\n<p align=\"justify\">\n<p align=\"justify\">\n<p align=\"justify\"><strong><\/strong> <\/p>\n<p align=\"justify\"><strong>Professioneller Solar-Linearantrieb- Motor SM4S510M2NC<\/strong><\/p>\n<p align=\"justify\">Geeignet f\u00fcr PV-Module, Konzentratoren \u2013 CPV und Heliostaten. Verwendung: kleine und gro\u00dfe Kraftwerke, netzgekoppelt auf D\u00e4chern von H\u00e4usern oder Fabriken, H\u00fctten, Solarturmkraftwerke, bei denen Solarmodule in Reihe geschaltet sind und der Ausgang direkt an den Wechselrichter oder ein externes Ladeger\u00e4t angeschlossen ist. <\/p>\n<table style=\"HEIGHT: 333px; WIDTH: 1201px\" cellspacing=\"0\" cellpadding=\"0\" width=\"1201\" bgcolor=\"#ffffff\" border=\"1\">\n<tbody>\n<tr>\n<td bgcolor=\"#ed1c24\">\n<p><strong> Solar-Linearaktuator- Motor SM4S510M2NC \/ 0077<\/strong><\/p>\n<\/td>\n<td bgcolor=\"#ffffff\" align=\"center\">\n<p align=\"center\">\n<\/td>\n<\/tr>\n<tr>\n<td>\n<p><strong> Installations- und Gebrauchsanweisung im PDF-Format<\/strong><\/p>\n<\/td>\n<td>\n<p align=\"center\">\n<\/td>\n<\/tr>\n<tr>\n<td>&#8211; Anweisungen f\u00fcr die Installation und Verwendung <\/td>\n<td>\n<p align=\"center\">Herunterladen<\/p>\n<\/td>\n<\/tr>\n<tr>\n<td><\/td>\n<td>\n<p align=\"center\">\n<\/td>\n<\/tr>\n<tr>\n<td>\n<p><strong> Technisches Datenblatt <\/strong><\/p>\n<\/td>\n<td>\n<p align=\"center\">\n<\/td>\n<\/tr>\n<tr>\n<td>\n<p>&#8211; Allgemeine englische Prospektserie SM4 M2 im PDF-Format mittlerer Aufl\u00f6sung<\/p>\n<\/td>\n<td>\n<p align=\"center\"><a href=\"\/wp-content\/uploads\/files-old\/SM4S510M2%20_LR.pdf\" target=\"_blank\" rel=\"noopener\">Herunterladen<\/a><\/p>\n<\/td>\n<\/tr>\n<tr>\n<td>\n<p>&#8211; Allgemeine englische Prospektserie SM4 M2 im PDF-Format mit niedriger Aufl\u00f6sung<\/p>\n<\/td>\n<td>\n<p align=\"center\"><a href=\"\/wp-content\/uploads\/files-old\/SM4S510M2%20_LR.pdf\" target=\"_blank\" rel=\"noopener\">Herunterladen<\/a><\/p>\n<\/td>\n<\/tr>\n<tr>\n<td> <\/td>\n<td>\n<p align=\"center\">\n<\/td>\n<\/tr>\n<tr>\n<td>\n<p><strong> Technische Zeichnung<\/strong><\/p>\n<\/td>\n<td>\n<p align=\"center\">\n<\/td>\n<\/tr>\n<tr>\n<td>\n<p>&#8211; Technische Zeichnung<\/p>\n<\/td>\n<td>\n<p align=\"center\"><a href=\"\/wp-content\/uploads\/files-old\/SM4_S510_M2_C3.pdf\" target=\"_blank\" rel=\"noopener\">Herunterladen<\/a><\/p>\n<\/td>\n<\/tr>\n<tr>\n<td>\n<\/td>\n<td>\n<p align=\"center\">\n<\/td>\n<\/tr>\n<tr>\n<td>\n<p> <strong>Zertifikate <\/strong><\/p>\n<\/td>\n<td>\n<p align=\"center\">\n<\/td>\n<\/tr>\n<tr>\n<td>\n<p>&#8211; Konformit\u00e4tserkl\u00e4rung im PDF-Format<\/p>\n<\/td>\n<td>\n<p align=\"center\"><a href=\"\/wp-content\/uploads\/files-old\/Declaration%20of%20Conformity%20-%20Solar%20Linear%20Motor%20SM4S520M2%20family.pdf\" target=\"_blank\" rel=\"noopener\">Herunterladen<\/a><\/p>\n<\/td>\n<\/tr>\n<\/tbody>\n<\/table>\n","protected":false},"excerpt":{"rendered":"<p>Professioneller Solar-Linearantrieb &#8211; Motor SM4S510M2NC <\/p>\n","protected":false},"featured_media":5869,"comment_status":"open","ping_status":"closed","template":"","meta":{"inline_featured_image":false},"product_brand":[],"product_cat":[1150],"product_tag":[],"class_list":{"0":"post-7431","1":"product","2":"type-product","3":"status-publish","4":"has-post-thumbnail","6":"product_cat-linear-motoren","8":"first","9":"instock","10":"taxable","11":"shipping-taxable","12":"purchasable","13":"product-type-simple"},"yoast_head":"<!-- This site is optimized with the Yoast SEO plugin v26.5 - https:\/\/yoast.com\/wordpress\/plugins\/seo\/ -->\n<title>Solar-Linearaktuator - Motor SM4S510M2NC \/ 0077 \/ SM4S510M2NC - Solar Motors<\/title>\n<meta name=\"robots\" content=\"index, follow, max-snippet:-1, max-image-preview:large, max-video-preview:-1\" \/>\n<link rel=\"canonical\" href=\"https:\/\/solar-motors.com\/de\/produkt\/solar-linear-actuator-motor-sm4s510m2nc-0077-sm4s510m2nc\/\" \/>\n<meta property=\"og:locale\" content=\"de_DE\" \/>\n<meta property=\"og:type\" content=\"article\" \/>\n<meta property=\"og:title\" content=\"Solar-Linearaktuator - Motor SM4S510M2NC \/ 0077 \/ SM4S510M2NC - Solar Motors\" \/>\n<meta property=\"og:description\" content=\"Professioneller Solar-Linearantrieb - Motor SM4S510M2NC\" \/>\n<meta property=\"og:url\" content=\"https:\/\/solar-motors.com\/de\/produkt\/solar-linear-actuator-motor-sm4s510m2nc-0077-sm4s510m2nc\/\" \/>\n<meta property=\"og:site_name\" content=\"Solar Motors\" \/>\n<meta property=\"article:modified_time\" content=\"2023-08-25T08:05:04+00:00\" \/>\n<meta property=\"og:image\" content=\"https:\/\/solar-motors.com\/wp-content\/uploads\/2023\/03\/A_750563F1_SM4S510M2_NC.jpg\" \/>\n\t<meta property=\"og:image:width\" content=\"184\" \/>\n\t<meta property=\"og:image:height\" content=\"800\" \/>\n\t<meta property=\"og:image:type\" content=\"image\/jpeg\" \/>\n<meta name=\"twitter:card\" content=\"summary_large_image\" \/>\n<meta name=\"twitter:label1\" content=\"Gesch\u00e4tzte Lesezeit\" \/>\n\t<meta name=\"twitter:data1\" content=\"1\u00a0Minute\" \/>\n<script type=\"application\/ld+json\" class=\"yoast-schema-graph\">{\"@context\":\"https:\/\/schema.org\",\"@graph\":[{\"@type\":\"WebPage\",\"@id\":\"https:\/\/solar-motors.com\/de\/produkt\/solar-linear-actuator-motor-sm4s510m2nc-0077-sm4s510m2nc\/\",\"url\":\"https:\/\/solar-motors.com\/de\/produkt\/solar-linear-actuator-motor-sm4s510m2nc-0077-sm4s510m2nc\/\",\"name\":\"Solar-Linearaktuator - Motor SM4S510M2NC \/ 0077 \/ SM4S510M2NC - Solar Motors\",\"isPartOf\":{\"@id\":\"https:\/\/solar-motors.com\/de\/#website\"},\"primaryImageOfPage\":{\"@id\":\"https:\/\/solar-motors.com\/de\/produkt\/solar-linear-actuator-motor-sm4s510m2nc-0077-sm4s510m2nc\/#primaryimage\"},\"image\":{\"@id\":\"https:\/\/solar-motors.com\/de\/produkt\/solar-linear-actuator-motor-sm4s510m2nc-0077-sm4s510m2nc\/#primaryimage\"},\"thumbnailUrl\":\"https:\/\/solar-motors.com\/wp-content\/uploads\/2023\/03\/A_750563F1_SM4S510M2_NC.jpg\",\"datePublished\":\"2023-03-06T12:50:44+00:00\",\"dateModified\":\"2023-08-25T08:05:04+00:00\",\"breadcrumb\":{\"@id\":\"https:\/\/solar-motors.com\/de\/produkt\/solar-linear-actuator-motor-sm4s510m2nc-0077-sm4s510m2nc\/#breadcrumb\"},\"inLanguage\":\"de\",\"potentialAction\":[{\"@type\":\"ReadAction\",\"target\":[\"https:\/\/solar-motors.com\/de\/produkt\/solar-linear-actuator-motor-sm4s510m2nc-0077-sm4s510m2nc\/\"]}]},{\"@type\":\"ImageObject\",\"inLanguage\":\"de\",\"@id\":\"https:\/\/solar-motors.com\/de\/produkt\/solar-linear-actuator-motor-sm4s510m2nc-0077-sm4s510m2nc\/#primaryimage\",\"url\":\"https:\/\/solar-motors.com\/wp-content\/uploads\/2023\/03\/A_750563F1_SM4S510M2_NC.jpg\",\"contentUrl\":\"https:\/\/solar-motors.com\/wp-content\/uploads\/2023\/03\/A_750563F1_SM4S510M2_NC.jpg\",\"width\":184,\"height\":800},{\"@type\":\"BreadcrumbList\",\"@id\":\"https:\/\/solar-motors.com\/de\/produkt\/solar-linear-actuator-motor-sm4s510m2nc-0077-sm4s510m2nc\/#breadcrumb\",\"itemListElement\":[{\"@type\":\"ListItem\",\"position\":1,\"name\":\"Home\",\"item\":\"https:\/\/solar-motors.com\/de\/\"},{\"@type\":\"ListItem\",\"position\":2,\"name\":\"Shop\",\"item\":\"https:\/\/solar-motors.com\/shop\/\"},{\"@type\":\"ListItem\",\"position\":3,\"name\":\"Solar-Linearaktuator &#8211; Motor SM4S510M2NC \/ 0077 \/ SM4S510M2NC\"}]},{\"@type\":\"WebSite\",\"@id\":\"https:\/\/solar-motors.com\/de\/#website\",\"url\":\"https:\/\/solar-motors.com\/de\/\",\"name\":\"Solar Motors\",\"description\":\"Dependable Sun Tracking Systems Since 2005\",\"potentialAction\":[{\"@type\":\"SearchAction\",\"target\":{\"@type\":\"EntryPoint\",\"urlTemplate\":\"https:\/\/solar-motors.com\/de\/?s={search_term_string}\"},\"query-input\":{\"@type\":\"PropertyValueSpecification\",\"valueRequired\":true,\"valueName\":\"search_term_string\"}}],\"inLanguage\":\"de\"}]}<\/script>\n<!-- \/ Yoast SEO plugin. -->","yoast_head_json":{"title":"Solar-Linearaktuator - Motor SM4S510M2NC \/ 0077 \/ SM4S510M2NC - Solar Motors","robots":{"index":"index","follow":"follow","max-snippet":"max-snippet:-1","max-image-preview":"max-image-preview:large","max-video-preview":"max-video-preview:-1"},"canonical":"https:\/\/solar-motors.com\/de\/produkt\/solar-linear-actuator-motor-sm4s510m2nc-0077-sm4s510m2nc\/","og_locale":"de_DE","og_type":"article","og_title":"Solar-Linearaktuator - Motor SM4S510M2NC \/ 0077 \/ SM4S510M2NC - Solar Motors","og_description":"Professioneller Solar-Linearantrieb - Motor SM4S510M2NC","og_url":"https:\/\/solar-motors.com\/de\/produkt\/solar-linear-actuator-motor-sm4s510m2nc-0077-sm4s510m2nc\/","og_site_name":"Solar Motors","article_modified_time":"2023-08-25T08:05:04+00:00","og_image":[{"width":184,"height":800,"url":"https:\/\/solar-motors.com\/wp-content\/uploads\/2023\/03\/A_750563F1_SM4S510M2_NC.jpg","type":"image\/jpeg"}],"twitter_card":"summary_large_image","twitter_misc":{"Gesch\u00e4tzte Lesezeit":"1\u00a0Minute"},"schema":{"@context":"https:\/\/schema.org","@graph":[{"@type":"WebPage","@id":"https:\/\/solar-motors.com\/de\/produkt\/solar-linear-actuator-motor-sm4s510m2nc-0077-sm4s510m2nc\/","url":"https:\/\/solar-motors.com\/de\/produkt\/solar-linear-actuator-motor-sm4s510m2nc-0077-sm4s510m2nc\/","name":"Solar-Linearaktuator - Motor SM4S510M2NC \/ 0077 \/ SM4S510M2NC - Solar Motors","isPartOf":{"@id":"https:\/\/solar-motors.com\/de\/#website"},"primaryImageOfPage":{"@id":"https:\/\/solar-motors.com\/de\/produkt\/solar-linear-actuator-motor-sm4s510m2nc-0077-sm4s510m2nc\/#primaryimage"},"image":{"@id":"https:\/\/solar-motors.com\/de\/produkt\/solar-linear-actuator-motor-sm4s510m2nc-0077-sm4s510m2nc\/#primaryimage"},"thumbnailUrl":"https:\/\/solar-motors.com\/wp-content\/uploads\/2023\/03\/A_750563F1_SM4S510M2_NC.jpg","datePublished":"2023-03-06T12:50:44+00:00","dateModified":"2023-08-25T08:05:04+00:00","breadcrumb":{"@id":"https:\/\/solar-motors.com\/de\/produkt\/solar-linear-actuator-motor-sm4s510m2nc-0077-sm4s510m2nc\/#breadcrumb"},"inLanguage":"de","potentialAction":[{"@type":"ReadAction","target":["https:\/\/solar-motors.com\/de\/produkt\/solar-linear-actuator-motor-sm4s510m2nc-0077-sm4s510m2nc\/"]}]},{"@type":"ImageObject","inLanguage":"de","@id":"https:\/\/solar-motors.com\/de\/produkt\/solar-linear-actuator-motor-sm4s510m2nc-0077-sm4s510m2nc\/#primaryimage","url":"https:\/\/solar-motors.com\/wp-content\/uploads\/2023\/03\/A_750563F1_SM4S510M2_NC.jpg","contentUrl":"https:\/\/solar-motors.com\/wp-content\/uploads\/2023\/03\/A_750563F1_SM4S510M2_NC.jpg","width":184,"height":800},{"@type":"BreadcrumbList","@id":"https:\/\/solar-motors.com\/de\/produkt\/solar-linear-actuator-motor-sm4s510m2nc-0077-sm4s510m2nc\/#breadcrumb","itemListElement":[{"@type":"ListItem","position":1,"name":"Home","item":"https:\/\/solar-motors.com\/de\/"},{"@type":"ListItem","position":2,"name":"Shop","item":"https:\/\/solar-motors.com\/shop\/"},{"@type":"ListItem","position":3,"name":"Solar-Linearaktuator &#8211; Motor SM4S510M2NC \/ 0077 \/ SM4S510M2NC"}]},{"@type":"WebSite","@id":"https:\/\/solar-motors.com\/de\/#website","url":"https:\/\/solar-motors.com\/de\/","name":"Solar Motors","description":"Dependable Sun Tracking Systems Since 2005","potentialAction":[{"@type":"SearchAction","target":{"@type":"EntryPoint","urlTemplate":"https:\/\/solar-motors.com\/de\/?s={search_term_string}"},"query-input":{"@type":"PropertyValueSpecification","valueRequired":true,"valueName":"search_term_string"}}],"inLanguage":"de"}]}},"_links":{"self":[{"href":"https:\/\/solar-motors.com\/de\/wp-json\/wp\/v2\/product\/7431","targetHints":{"allow":["GET"]}}],"collection":[{"href":"https:\/\/solar-motors.com\/de\/wp-json\/wp\/v2\/product"}],"about":[{"href":"https:\/\/solar-motors.com\/de\/wp-json\/wp\/v2\/types\/product"}],"replies":[{"embeddable":true,"href":"https:\/\/solar-motors.com\/de\/wp-json\/wp\/v2\/comments?post=7431"}],"wp:featuredmedia":[{"embeddable":true,"href":"https:\/\/solar-motors.com\/de\/wp-json\/wp\/v2\/media\/5869"}],"wp:attachment":[{"href":"https:\/\/solar-motors.com\/de\/wp-json\/wp\/v2\/media?parent=7431"}],"wp:term":[{"taxonomy":"product_brand","embeddable":true,"href":"https:\/\/solar-motors.com\/de\/wp-json\/wp\/v2\/product_brand?post=7431"},{"taxonomy":"product_cat","embeddable":true,"href":"https:\/\/solar-motors.com\/de\/wp-json\/wp\/v2\/product_cat?post=7431"},{"taxonomy":"product_tag","embeddable":true,"href":"https:\/\/solar-motors.com\/de\/wp-json\/wp\/v2\/product_tag?post=7431"}],"curies":[{"name":"wp","href":"https:\/\/api.w.org\/{rel}","templated":true}]}}