{"id":7433,"date":"2023-03-06T13:50:41","date_gmt":"2023-03-06T12:50:41","guid":{"rendered":"https:\/\/solar-motors.com\/product\/solar-linearaktuator-motor-sm4s900m3c4-mit-klemme-c4-0095-sm4s900m3c4\/"},"modified":"2023-08-25T10:04:59","modified_gmt":"2023-08-25T08:04:59","slug":"solar-linear-actuator-motor-sm4s900m3c4-with-clamp-c4-0095-sm4s900m3c4","status":"publish","type":"product","link":"https:\/\/solar-motors.com\/de\/produkt\/solar-linear-actuator-motor-sm4s900m3c4-with-clamp-c4-0095-sm4s900m3c4\/","title":{"rendered":"Solar-Linearaktuator &#8211; Motor SM4S900M3C4 &#8211; mit Klemme C4 \/ 0095 \/ SM4S900M3C4"},"content":{"rendered":"<p align=\"justify\"><img fetchpriority=\"high\" decoding=\"async\" style=\"HEIGHT: 155px; WIDTH: 515px\" border=\"0\" hspace=\"0\" alt=\"\" src=\"\/wp-content\/uploads\/files-old\/%24%24H_45EA6954_trio.jpg\" width=\"339\" height=\"175\"><\/p>\n<p align=\"justify\"><img decoding=\"async\" style=\"HEIGHT: 173px; WIDTH: 865px\" border=\"0\" hspace=\"0\" alt=\"\" src=\"\/wp-content\/uploads\/files-old\/%24%24H_5E617381_profilna.jpg\" width=\"843\" height=\"232\"><\/p>\n<p align=\"justify\"><strong>Professioneller Solar-Linearaktuator &#8211; Motor SM4S900M3C4 &#8211; mit Klemme C4<\/strong><\/p>\n<p align=\"justify\">Geeignet f\u00fcr PV-Module, Konzentratoren \u2013 CPV und Heliostaten. Verwendung: kleine und gro\u00dfe Kraftwerke, netzgekoppelt auf D\u00e4chern von H\u00e4usern oder Fabriken, H\u00fctten, Solarturmkraftwerke, bei denen Solarmodule in Reihe geschaltet sind und der Ausgang direkt an den Wechselrichter oder ein externes Ladeger\u00e4t angeschlossen ist.<\/p>\n<p align=\"justify\">\n<p dir=\"ltr\"><strong><\/strong><\/p>\n<\/p>\n<table cellspacing=\"0\" cellpadding=\"0\" width=\"1188\" bgcolor=\"#ffffff\" border=\"1\">\n<tbody>\n<tr>\n<td bgcolor=\"#ed1c24\">\n<p><strong>Solar-Linearaktuator &#8211; Motor SM4S900M3C4 \/ 0095<\/strong><\/p>\n<\/td>\n<td bgcolor=\"#ffffff\" align=\"center\">\n<p align=\"center\"><strong><img decoding=\"async\" border=\"0\" hspace=\"0\" alt=\"\" src=\"\/wp-content\/uploads\/files-old\/%24%24H_4BF90B6D_PDF_icon.gif\"><\/strong><\/p>\n<\/td>\n<\/tr>\n<tr>\n<td>\n<p> <strong>Installations- und Gebrauchsanweisung im PDF-Format<\/strong><\/p>\n<\/td>\n<td>\n<p align=\"center\">\n<\/td>\n<\/tr>\n<tr>\n<td>\n<p align=\"left\">&#8211; Elektrische Verbindung <\/p>\n<\/td>\n<td>\n<p align=\"center\"><a href=\"\/wp-content\/uploads\/files-old\/783163FD-16DB-4AE0-9A48-C1CD71093105.pdf\" target=\"_blank\" rel=\"noopener\">Herunterladen<\/a><\/p>\n<\/td>\n<\/tr>\n<tr>\n<td>\n<\/td>\n<td>\n<p align=\"center\">\n<\/td>\n<\/tr>\n<tr>\n<td>\n<p><strong>       <\/p>\n<table cellspacing=\"2\" cols=\"2\" cellpadding=\"2\" width=\"100%\" border=\"1\">\n<tbody>\n<tr><\/tr>\n<\/tbody>\n<\/table>\n<table cellspacing=\"2\" cols=\"1\" cellpadding=\"2\" width=\"100%\" border=\"1\">\n<tbody>\n<tr><\/tr>\n<\/tbody>\n<\/table>\n<p> Technisches Datenblatt<\/strong><\/p>\n<\/td>\n<td>\n<p align=\"center\">\n<\/td>\n<\/tr>\n<tr>\n<td>\n<p>&#8211; Englisches Merkblatt im PDF-Format mittlerer Aufl\u00f6sung<\/p>\n<\/td>\n<td>\n<p align=\"center\"><a href=\"\/wp-content\/uploads\/files-old\/SM4SM3%20_MR.pdf\" target=\"_blank\" rel=\"noopener\">Herunterladen<\/a><\/p>\n<\/td>\n<\/tr>\n<tr>\n<td>&#8211; Englisches Merkblatt im PDF-Format mit niedriger Aufl\u00f6sung<\/td>\n<td>\n<p align=\"center\"><a href=\"\/wp-content\/uploads\/files-old\/SM4SM3%20_LR.pdf\" target=\"_blank\" rel=\"noopener\">Herunterladen<\/a><\/p>\n<\/td>\n<\/tr>\n<tr>\n<td>&#8211; Allgemeine englische Brosch\u00fcrenserie SM4 M3 im PDF-Format<\/td>\n<td>\n<p align=\"center\"><a href=\"\/wp-content\/uploads\/files-old\/SM4SM3%20_MR.pdf\" target=\"_blank\" rel=\"noopener\">Herunterladen<\/a><\/p>\n<\/td>\n<\/tr>\n<tr>\n<td>\n<table cellspacing=\"2\" cols=\"2\" cellpadding=\"2\" width=\"100%\" border=\"1\">\n<tbody>\n<tr><\/tr>\n<\/tbody>\n<\/table>\n<\/td>\n<td>\n<p align=\"center\">\n<\/td>\n<\/tr>\n<tr>\n<td> <strong>Wartung von Solar Tracker ST44M2VXP oder ST40M2VXP mit Linearmotoren SM4S520M2U8<\/strong><\/td>\n<td>\n<p align=\"center\"><a href=\"\/wp-content\/uploads\/files-old\/Maintenance%20of%20Solar%20Tracker.pdf\" target=\"_blank\" rel=\"noopener\">Herunterladen<\/a><\/p>\n<\/td>\n<\/tr>\n<tr>\n<td> <\/td>\n<td> <\/td>\n<\/tr>\n<tr>\n<td><strong> Technische Zeichnung<\/strong><\/td>\n<td>\n<p align=\"center\">\n<\/td>\n<\/tr>\n<tr>\n<td>\n<p>&#8211; Technische Zeichnung<\/p>\n<\/td>\n<td>\n<p align=\"center\"><a href=\"\/wp-content\/uploads\/files-old\/SM4_S900_M3_C4.pdf\" target=\"_blank\" rel=\"noopener\">Herunterladen<\/a><\/p>\n<\/td>\n<\/tr>\n<tr>\n<td><\/td>\n<td>\n<p align=\"center\">\n<\/td>\n<\/tr>\n<tr>\n<td>\n<p> <strong>Zertifikate<\/strong><\/p>\n<\/td>\n<td>\n<p align=\"center\">\n<\/td>\n<\/tr>\n<tr>\n<td>\n<p>&#8211; Konformit\u00e4tserkl\u00e4rung im PDF-Format<\/p>\n<\/td>\n<td>\n<p align=\"center\"><a href=\"\/wp-content\/uploads\/files-old\/5CABBA29-C21B-497D-B339-894E15991281.pdf\">Herunterladen<\/a><\/p>\n<\/td>\n<\/tr>\n<\/tbody>\n<\/table>\n","protected":false},"excerpt":{"rendered":"<p>Professioneller Solar-Linearaktuator &#8211; Motor SM4S900M3C4 &#8211; mit Klemme C4<\/p>\n","protected":false},"featured_media":5861,"comment_status":"open","ping_status":"closed","template":"","meta":{"inline_featured_image":false},"product_brand":[],"product_cat":[1150],"product_tag":[],"class_list":{"0":"post-7433","1":"product","2":"type-product","3":"status-publish","4":"has-post-thumbnail","6":"product_cat-linear-motoren","8":"first","9":"instock","10":"featured","11":"taxable","12":"shipping-taxable","13":"purchasable","14":"product-type-simple"},"yoast_head":"<!-- This site is optimized with the Yoast SEO plugin v26.5 - https:\/\/yoast.com\/wordpress\/plugins\/seo\/ -->\n<title>Solar-Linearaktuator - Motor SM4S900M3C4 - mit Klemme C4 \/ 0095 \/ SM4S900M3C4 - Solar Motors<\/title>\n<meta name=\"robots\" content=\"index, follow, max-snippet:-1, max-image-preview:large, max-video-preview:-1\" \/>\n<link rel=\"canonical\" href=\"https:\/\/solar-motors.com\/de\/produkt\/solar-linear-actuator-motor-sm4s900m3c4-with-clamp-c4-0095-sm4s900m3c4\/\" \/>\n<meta property=\"og:locale\" content=\"de_DE\" \/>\n<meta property=\"og:type\" content=\"article\" \/>\n<meta property=\"og:title\" content=\"Solar-Linearaktuator - Motor SM4S900M3C4 - mit Klemme C4 \/ 0095 \/ SM4S900M3C4 - Solar Motors\" \/>\n<meta property=\"og:description\" content=\"Professioneller Solar-Linearaktuator - Motor SM4S900M3C4 - mit Klemme C4\" \/>\n<meta property=\"og:url\" content=\"https:\/\/solar-motors.com\/de\/produkt\/solar-linear-actuator-motor-sm4s900m3c4-with-clamp-c4-0095-sm4s900m3c4\/\" \/>\n<meta property=\"og:site_name\" content=\"Solar Motors\" \/>\n<meta property=\"article:modified_time\" content=\"2023-08-25T08:04:59+00:00\" \/>\n<meta property=\"og:image\" content=\"https:\/\/solar-motors.com\/wp-content\/uploads\/2023\/03\/A_06D6A7E9_glavna-scaled.jpg\" \/>\n\t<meta property=\"og:image:width\" content=\"638\" \/>\n\t<meta property=\"og:image:height\" content=\"2560\" \/>\n\t<meta property=\"og:image:type\" content=\"image\/jpeg\" \/>\n<meta name=\"twitter:card\" content=\"summary_large_image\" \/>\n<meta name=\"twitter:label1\" content=\"Gesch\u00e4tzte Lesezeit\" \/>\n\t<meta name=\"twitter:data1\" content=\"1\u00a0Minute\" \/>\n<script type=\"application\/ld+json\" class=\"yoast-schema-graph\">{\"@context\":\"https:\/\/schema.org\",\"@graph\":[{\"@type\":\"WebPage\",\"@id\":\"https:\/\/solar-motors.com\/de\/produkt\/solar-linear-actuator-motor-sm4s900m3c4-with-clamp-c4-0095-sm4s900m3c4\/\",\"url\":\"https:\/\/solar-motors.com\/de\/produkt\/solar-linear-actuator-motor-sm4s900m3c4-with-clamp-c4-0095-sm4s900m3c4\/\",\"name\":\"Solar-Linearaktuator - Motor SM4S900M3C4 - mit Klemme C4 \/ 0095 \/ SM4S900M3C4 - Solar Motors\",\"isPartOf\":{\"@id\":\"https:\/\/solar-motors.com\/de\/#website\"},\"primaryImageOfPage\":{\"@id\":\"https:\/\/solar-motors.com\/de\/produkt\/solar-linear-actuator-motor-sm4s900m3c4-with-clamp-c4-0095-sm4s900m3c4\/#primaryimage\"},\"image\":{\"@id\":\"https:\/\/solar-motors.com\/de\/produkt\/solar-linear-actuator-motor-sm4s900m3c4-with-clamp-c4-0095-sm4s900m3c4\/#primaryimage\"},\"thumbnailUrl\":\"https:\/\/solar-motors.com\/wp-content\/uploads\/2023\/03\/A_06D6A7E9_glavna-scaled.jpg\",\"datePublished\":\"2023-03-06T12:50:41+00:00\",\"dateModified\":\"2023-08-25T08:04:59+00:00\",\"breadcrumb\":{\"@id\":\"https:\/\/solar-motors.com\/de\/produkt\/solar-linear-actuator-motor-sm4s900m3c4-with-clamp-c4-0095-sm4s900m3c4\/#breadcrumb\"},\"inLanguage\":\"de\",\"potentialAction\":[{\"@type\":\"ReadAction\",\"target\":[\"https:\/\/solar-motors.com\/de\/produkt\/solar-linear-actuator-motor-sm4s900m3c4-with-clamp-c4-0095-sm4s900m3c4\/\"]}]},{\"@type\":\"ImageObject\",\"inLanguage\":\"de\",\"@id\":\"https:\/\/solar-motors.com\/de\/produkt\/solar-linear-actuator-motor-sm4s900m3c4-with-clamp-c4-0095-sm4s900m3c4\/#primaryimage\",\"url\":\"https:\/\/solar-motors.com\/wp-content\/uploads\/2023\/03\/A_06D6A7E9_glavna-scaled.jpg\",\"contentUrl\":\"https:\/\/solar-motors.com\/wp-content\/uploads\/2023\/03\/A_06D6A7E9_glavna-scaled.jpg\",\"width\":638,\"height\":2560},{\"@type\":\"BreadcrumbList\",\"@id\":\"https:\/\/solar-motors.com\/de\/produkt\/solar-linear-actuator-motor-sm4s900m3c4-with-clamp-c4-0095-sm4s900m3c4\/#breadcrumb\",\"itemListElement\":[{\"@type\":\"ListItem\",\"position\":1,\"name\":\"Home\",\"item\":\"https:\/\/solar-motors.com\/de\/\"},{\"@type\":\"ListItem\",\"position\":2,\"name\":\"Shop\",\"item\":\"https:\/\/solar-motors.com\/shop\/\"},{\"@type\":\"ListItem\",\"position\":3,\"name\":\"Solar-Linearaktuator &#8211; Motor SM4S900M3C4 &#8211; mit Klemme C4 \/ 0095 \/ SM4S900M3C4\"}]},{\"@type\":\"WebSite\",\"@id\":\"https:\/\/solar-motors.com\/de\/#website\",\"url\":\"https:\/\/solar-motors.com\/de\/\",\"name\":\"Solar Motors\",\"description\":\"Dependable Sun Tracking Systems Since 2005\",\"potentialAction\":[{\"@type\":\"SearchAction\",\"target\":{\"@type\":\"EntryPoint\",\"urlTemplate\":\"https:\/\/solar-motors.com\/de\/?s={search_term_string}\"},\"query-input\":{\"@type\":\"PropertyValueSpecification\",\"valueRequired\":true,\"valueName\":\"search_term_string\"}}],\"inLanguage\":\"de\"}]}<\/script>\n<!-- \/ Yoast SEO plugin. -->","yoast_head_json":{"title":"Solar-Linearaktuator - Motor SM4S900M3C4 - mit Klemme C4 \/ 0095 \/ SM4S900M3C4 - Solar Motors","robots":{"index":"index","follow":"follow","max-snippet":"max-snippet:-1","max-image-preview":"max-image-preview:large","max-video-preview":"max-video-preview:-1"},"canonical":"https:\/\/solar-motors.com\/de\/produkt\/solar-linear-actuator-motor-sm4s900m3c4-with-clamp-c4-0095-sm4s900m3c4\/","og_locale":"de_DE","og_type":"article","og_title":"Solar-Linearaktuator - Motor SM4S900M3C4 - mit Klemme C4 \/ 0095 \/ SM4S900M3C4 - Solar Motors","og_description":"Professioneller Solar-Linearaktuator - Motor SM4S900M3C4 - mit Klemme C4","og_url":"https:\/\/solar-motors.com\/de\/produkt\/solar-linear-actuator-motor-sm4s900m3c4-with-clamp-c4-0095-sm4s900m3c4\/","og_site_name":"Solar Motors","article_modified_time":"2023-08-25T08:04:59+00:00","og_image":[{"width":638,"height":2560,"url":"https:\/\/solar-motors.com\/wp-content\/uploads\/2023\/03\/A_06D6A7E9_glavna-scaled.jpg","type":"image\/jpeg"}],"twitter_card":"summary_large_image","twitter_misc":{"Gesch\u00e4tzte Lesezeit":"1\u00a0Minute"},"schema":{"@context":"https:\/\/schema.org","@graph":[{"@type":"WebPage","@id":"https:\/\/solar-motors.com\/de\/produkt\/solar-linear-actuator-motor-sm4s900m3c4-with-clamp-c4-0095-sm4s900m3c4\/","url":"https:\/\/solar-motors.com\/de\/produkt\/solar-linear-actuator-motor-sm4s900m3c4-with-clamp-c4-0095-sm4s900m3c4\/","name":"Solar-Linearaktuator - Motor SM4S900M3C4 - mit Klemme C4 \/ 0095 \/ SM4S900M3C4 - Solar Motors","isPartOf":{"@id":"https:\/\/solar-motors.com\/de\/#website"},"primaryImageOfPage":{"@id":"https:\/\/solar-motors.com\/de\/produkt\/solar-linear-actuator-motor-sm4s900m3c4-with-clamp-c4-0095-sm4s900m3c4\/#primaryimage"},"image":{"@id":"https:\/\/solar-motors.com\/de\/produkt\/solar-linear-actuator-motor-sm4s900m3c4-with-clamp-c4-0095-sm4s900m3c4\/#primaryimage"},"thumbnailUrl":"https:\/\/solar-motors.com\/wp-content\/uploads\/2023\/03\/A_06D6A7E9_glavna-scaled.jpg","datePublished":"2023-03-06T12:50:41+00:00","dateModified":"2023-08-25T08:04:59+00:00","breadcrumb":{"@id":"https:\/\/solar-motors.com\/de\/produkt\/solar-linear-actuator-motor-sm4s900m3c4-with-clamp-c4-0095-sm4s900m3c4\/#breadcrumb"},"inLanguage":"de","potentialAction":[{"@type":"ReadAction","target":["https:\/\/solar-motors.com\/de\/produkt\/solar-linear-actuator-motor-sm4s900m3c4-with-clamp-c4-0095-sm4s900m3c4\/"]}]},{"@type":"ImageObject","inLanguage":"de","@id":"https:\/\/solar-motors.com\/de\/produkt\/solar-linear-actuator-motor-sm4s900m3c4-with-clamp-c4-0095-sm4s900m3c4\/#primaryimage","url":"https:\/\/solar-motors.com\/wp-content\/uploads\/2023\/03\/A_06D6A7E9_glavna-scaled.jpg","contentUrl":"https:\/\/solar-motors.com\/wp-content\/uploads\/2023\/03\/A_06D6A7E9_glavna-scaled.jpg","width":638,"height":2560},{"@type":"BreadcrumbList","@id":"https:\/\/solar-motors.com\/de\/produkt\/solar-linear-actuator-motor-sm4s900m3c4-with-clamp-c4-0095-sm4s900m3c4\/#breadcrumb","itemListElement":[{"@type":"ListItem","position":1,"name":"Home","item":"https:\/\/solar-motors.com\/de\/"},{"@type":"ListItem","position":2,"name":"Shop","item":"https:\/\/solar-motors.com\/shop\/"},{"@type":"ListItem","position":3,"name":"Solar-Linearaktuator &#8211; Motor SM4S900M3C4 &#8211; mit Klemme C4 \/ 0095 \/ SM4S900M3C4"}]},{"@type":"WebSite","@id":"https:\/\/solar-motors.com\/de\/#website","url":"https:\/\/solar-motors.com\/de\/","name":"Solar Motors","description":"Dependable Sun Tracking Systems Since 2005","potentialAction":[{"@type":"SearchAction","target":{"@type":"EntryPoint","urlTemplate":"https:\/\/solar-motors.com\/de\/?s={search_term_string}"},"query-input":{"@type":"PropertyValueSpecification","valueRequired":true,"valueName":"search_term_string"}}],"inLanguage":"de"}]}},"_links":{"self":[{"href":"https:\/\/solar-motors.com\/de\/wp-json\/wp\/v2\/product\/7433","targetHints":{"allow":["GET"]}}],"collection":[{"href":"https:\/\/solar-motors.com\/de\/wp-json\/wp\/v2\/product"}],"about":[{"href":"https:\/\/solar-motors.com\/de\/wp-json\/wp\/v2\/types\/product"}],"replies":[{"embeddable":true,"href":"https:\/\/solar-motors.com\/de\/wp-json\/wp\/v2\/comments?post=7433"}],"wp:featuredmedia":[{"embeddable":true,"href":"https:\/\/solar-motors.com\/de\/wp-json\/wp\/v2\/media\/5861"}],"wp:attachment":[{"href":"https:\/\/solar-motors.com\/de\/wp-json\/wp\/v2\/media?parent=7433"}],"wp:term":[{"taxonomy":"product_brand","embeddable":true,"href":"https:\/\/solar-motors.com\/de\/wp-json\/wp\/v2\/product_brand?post=7433"},{"taxonomy":"product_cat","embeddable":true,"href":"https:\/\/solar-motors.com\/de\/wp-json\/wp\/v2\/product_cat?post=7433"},{"taxonomy":"product_tag","embeddable":true,"href":"https:\/\/solar-motors.com\/de\/wp-json\/wp\/v2\/product_tag?post=7433"}],"curies":[{"name":"wp","href":"https:\/\/api.w.org\/{rel}","templated":true}]}}