{"id":7434,"date":"2023-03-06T13:50:33","date_gmt":"2023-03-06T12:50:33","guid":{"rendered":"https:\/\/solar-motors.com\/product\/sigma-web-server-fuer-solartracker-w-lan-rs485-din-rail\/"},"modified":"2023-08-25T10:05:01","modified_gmt":"2023-08-25T08:05:01","slug":"sigma-solar-tracker-server-sigma-solar-server-works-in-connection-with-solar-positioner-nano","status":"publish","type":"product","link":"https:\/\/solar-motors.com\/de\/produkt\/sigma-solar-tracker-server-sigma-solar-server-works-in-connection-with-solar-positioner-nano\/","title":{"rendered":"SIGMA &#8211; WEB-Server f\u00fcr Solartracker w LAN, RS485, DIN rail"},"content":{"rendered":"<p><strong>Sigma Solar Tracker Server funktioniert in Verbindung mit Solar Positioner NANO und Micro-F!!!<\/strong><\/p>\n<p><strong>Die standardisierte Datenschnittstelle f\u00fcr Gro\u00dfanlagen<\/p>\n<p><\/strong>Gro\u00dfanlagen und PV-Kraftwerke ben\u00f6tigen ma\u00dfgeschneiderte \u00dcberwachungsl\u00f6sungen und m\u00fcssen Systeme und Komponenten zu einem gemeinsamen Leitsystem verkn\u00fcpfen. Sigma Server setzt einen neuen Kommunikationsstandard im Bereich der Automatisierungstechnik, der einen einfachen und zuverl\u00e4ssigen Datenaustausch zwischen Produkten und Anwendungen erm\u00f6glicht. Mit dem Sigma Solar Server lassen sich Sat Control Ger\u00e4te sehr einfach in kompatible Systeme integrieren.<\/p>\n<p><strong>Professionell<\/p>\n<p><\/strong>\u2022 Visualisierung, Steuerung und \u00dcberwachung von Gro\u00dfanlagen<br \/>\n\u2022 Integration von Sat-Control-Ausr\u00fcstung in bestehende Regietechnik<\/p>\n<p><strong>Flexible<\/p>\n<p><\/strong>\u2022 Datenschnittstelle nach den Kommunikationsstandards der Automatisierungstechnik<br \/>\n\u2022 Einfache und schnelle Installation, hohe Zuverl\u00e4ssigkeit<\/p>\n<p><a href=\"http:\/\/www.solar-motors.com\/gb\/licence-to-add-positioner-devices-on-sigma-solar-server-383106394110-pozsolsig1-u1-i342.shtml\" target=\"_blank\" rel=\"noopener\">Lizenz zum Hinzuf\u00fcgen von Linearmotoren auf Sigma Solar Server<\/a><\/p>\n<p><strong>Sigma Solar Tracker Server POZSOLSIG1 \/ 4105<\/strong><\/p>\n<p>\u2022 Sigma-Server RS485-Bus und POWER-Schaltplan <a href=\"\/wp-content\/uploads\/files-old\/sigma-nano%20bus%20and%20power%20wiring%20diagram.pdf\" target=\"_blank\" rel=\"noopener\">Herunterladen<\/a><\/p>\n<p>\u2022 Englisches Merkblatt im PDF-Format mittlerer Aufl\u00f6sung <a href=\"\/wp-content\/uploads\/files-old\/Sigma_Solar_Server_MR.pdf\" target=\"_blank\" rel=\"noopener\">Herunterladen<\/a><\/p>\n<p>\u2022 Englisches Merkblatt im PDF-Format mit niedriger Aufl\u00f6sung <a href=\"\/wp-content\/uploads\/files-old\/Sigma_Solar_Server_LR.pdf\" target=\"_blank\" rel=\"noopener\">Herunterladen<\/a><\/p>\n<p>\u2022 Englische Pr\u00e4sentation des SIGMA ITS Positioning Systems im PDF-Format mittlerer Aufl\u00f6sung <a href=\"\/wp-content\/uploads\/files-old\/SIGMA%20ITS%20Positioning%20System%20presentation%20_MR.pdf\" target=\"_blank\" rel=\"noopener\">Herunterladen<\/a><\/p>\n<p>\u2022 Englische Pr\u00e4sentation des SIGMA ITS Positioning Systems im PDF-Format mit niedriger Aufl\u00f6sung <a href=\"\/wp-content\/uploads\/files-old\/SIGMA%20ITS%20Positioning%20System%20presentation%20_LR.pdf\" target=\"_blank\" rel=\"noopener\">Herunterladen<\/a><\/p>\n<p>&nbsp;<\/p>\n<p><strong>Zertifikate<\/strong><\/p>\n<p>\u2022 Konformit\u00e4tserkl\u00e4rung im PDF-Format <a href=\"\/wp-content\/uploads\/files-old\/Declaration%20of%20Conformity%20for%20SIGMA%20SOLAR%20SERVER.pdf\" target=\"_blank\" rel=\"noopener\">Herunterladen<\/a><\/p>\n","protected":false},"excerpt":{"rendered":"<p>Die standardisierte Datenschnittstelle f\u00fcr Gro\u00dfanlagen<\/p>\n","protected":false},"featured_media":5854,"comment_status":"open","ping_status":"closed","template":"","meta":{"inline_featured_image":false},"product_brand":[],"product_cat":[804,805],"product_tag":[],"class_list":{"0":"post-7434","1":"product","2":"type-product","3":"status-publish","4":"has-post-thumbnail","6":"product_cat-solar-plc-regler","7":"product_cat-solar-plc-regler-de","9":"first","10":"instock","11":"taxable","12":"shipping-taxable","13":"product-type-simple"},"yoast_head":"<!-- This site is optimized with the Yoast SEO plugin v26.5 - https:\/\/yoast.com\/wordpress\/plugins\/seo\/ -->\n<title>SIGMA - WEB-Server f\u00fcr Solartracker w LAN, RS485, DIN rail - Solar Motors<\/title>\n<meta name=\"robots\" content=\"index, follow, max-snippet:-1, max-image-preview:large, max-video-preview:-1\" \/>\n<link rel=\"canonical\" href=\"https:\/\/solar-motors.com\/de\/produkt\/sigma-solar-tracker-server-sigma-solar-server-works-in-connection-with-solar-positioner-nano\/\" \/>\n<meta property=\"og:locale\" content=\"de_DE\" \/>\n<meta property=\"og:type\" content=\"article\" \/>\n<meta property=\"og:title\" content=\"SIGMA - WEB-Server f\u00fcr Solartracker w LAN, RS485, DIN rail - Solar Motors\" \/>\n<meta property=\"og:description\" content=\"Die standardisierte Datenschnittstelle f\u00fcr Gro\u00dfanlagen\" \/>\n<meta property=\"og:url\" content=\"https:\/\/solar-motors.com\/de\/produkt\/sigma-solar-tracker-server-sigma-solar-server-works-in-connection-with-solar-positioner-nano\/\" \/>\n<meta property=\"og:site_name\" content=\"Solar Motors\" \/>\n<meta property=\"article:modified_time\" content=\"2023-08-25T08:05:01+00:00\" \/>\n<meta property=\"og:image\" content=\"https:\/\/solar-motors.com\/wp-content\/uploads\/2023\/03\/A_EED58F37_new_server_2.jpg\" \/>\n\t<meta property=\"og:image:width\" content=\"1428\" \/>\n\t<meta property=\"og:image:height\" content=\"1632\" \/>\n\t<meta property=\"og:image:type\" content=\"image\/jpeg\" \/>\n<meta name=\"twitter:card\" content=\"summary_large_image\" \/>\n<meta name=\"twitter:label1\" content=\"Gesch\u00e4tzte Lesezeit\" \/>\n\t<meta name=\"twitter:data1\" content=\"1\u00a0Minute\" \/>\n<script type=\"application\/ld+json\" class=\"yoast-schema-graph\">{\"@context\":\"https:\/\/schema.org\",\"@graph\":[{\"@type\":\"WebPage\",\"@id\":\"https:\/\/solar-motors.com\/de\/produkt\/sigma-solar-tracker-server-sigma-solar-server-works-in-connection-with-solar-positioner-nano\/\",\"url\":\"https:\/\/solar-motors.com\/de\/produkt\/sigma-solar-tracker-server-sigma-solar-server-works-in-connection-with-solar-positioner-nano\/\",\"name\":\"SIGMA - WEB-Server f\u00fcr Solartracker w LAN, RS485, DIN rail - Solar Motors\",\"isPartOf\":{\"@id\":\"https:\/\/solar-motors.com\/de\/#website\"},\"primaryImageOfPage\":{\"@id\":\"https:\/\/solar-motors.com\/de\/produkt\/sigma-solar-tracker-server-sigma-solar-server-works-in-connection-with-solar-positioner-nano\/#primaryimage\"},\"image\":{\"@id\":\"https:\/\/solar-motors.com\/de\/produkt\/sigma-solar-tracker-server-sigma-solar-server-works-in-connection-with-solar-positioner-nano\/#primaryimage\"},\"thumbnailUrl\":\"https:\/\/solar-motors.com\/wp-content\/uploads\/2023\/03\/A_EED58F37_new_server_2.jpg\",\"datePublished\":\"2023-03-06T12:50:33+00:00\",\"dateModified\":\"2023-08-25T08:05:01+00:00\",\"breadcrumb\":{\"@id\":\"https:\/\/solar-motors.com\/de\/produkt\/sigma-solar-tracker-server-sigma-solar-server-works-in-connection-with-solar-positioner-nano\/#breadcrumb\"},\"inLanguage\":\"de\",\"potentialAction\":[{\"@type\":\"ReadAction\",\"target\":[\"https:\/\/solar-motors.com\/de\/produkt\/sigma-solar-tracker-server-sigma-solar-server-works-in-connection-with-solar-positioner-nano\/\"]}]},{\"@type\":\"ImageObject\",\"inLanguage\":\"de\",\"@id\":\"https:\/\/solar-motors.com\/de\/produkt\/sigma-solar-tracker-server-sigma-solar-server-works-in-connection-with-solar-positioner-nano\/#primaryimage\",\"url\":\"https:\/\/solar-motors.com\/wp-content\/uploads\/2023\/03\/A_EED58F37_new_server_2.jpg\",\"contentUrl\":\"https:\/\/solar-motors.com\/wp-content\/uploads\/2023\/03\/A_EED58F37_new_server_2.jpg\",\"width\":1428,\"height\":1632},{\"@type\":\"BreadcrumbList\",\"@id\":\"https:\/\/solar-motors.com\/de\/produkt\/sigma-solar-tracker-server-sigma-solar-server-works-in-connection-with-solar-positioner-nano\/#breadcrumb\",\"itemListElement\":[{\"@type\":\"ListItem\",\"position\":1,\"name\":\"Home\",\"item\":\"https:\/\/solar-motors.com\/de\/\"},{\"@type\":\"ListItem\",\"position\":2,\"name\":\"Shop\",\"item\":\"https:\/\/solar-motors.com\/shop\/\"},{\"@type\":\"ListItem\",\"position\":3,\"name\":\"SIGMA &#8211; WEB-Server f\u00fcr Solartracker w LAN, RS485, DIN rail\"}]},{\"@type\":\"WebSite\",\"@id\":\"https:\/\/solar-motors.com\/de\/#website\",\"url\":\"https:\/\/solar-motors.com\/de\/\",\"name\":\"Solar Motors\",\"description\":\"Dependable Sun Tracking Systems Since 2005\",\"potentialAction\":[{\"@type\":\"SearchAction\",\"target\":{\"@type\":\"EntryPoint\",\"urlTemplate\":\"https:\/\/solar-motors.com\/de\/?s={search_term_string}\"},\"query-input\":{\"@type\":\"PropertyValueSpecification\",\"valueRequired\":true,\"valueName\":\"search_term_string\"}}],\"inLanguage\":\"de\"}]}<\/script>\n<!-- \/ Yoast SEO plugin. -->","yoast_head_json":{"title":"SIGMA - WEB-Server f\u00fcr Solartracker w LAN, RS485, DIN rail - Solar Motors","robots":{"index":"index","follow":"follow","max-snippet":"max-snippet:-1","max-image-preview":"max-image-preview:large","max-video-preview":"max-video-preview:-1"},"canonical":"https:\/\/solar-motors.com\/de\/produkt\/sigma-solar-tracker-server-sigma-solar-server-works-in-connection-with-solar-positioner-nano\/","og_locale":"de_DE","og_type":"article","og_title":"SIGMA - WEB-Server f\u00fcr Solartracker w LAN, RS485, DIN rail - Solar Motors","og_description":"Die standardisierte Datenschnittstelle f\u00fcr Gro\u00dfanlagen","og_url":"https:\/\/solar-motors.com\/de\/produkt\/sigma-solar-tracker-server-sigma-solar-server-works-in-connection-with-solar-positioner-nano\/","og_site_name":"Solar Motors","article_modified_time":"2023-08-25T08:05:01+00:00","og_image":[{"width":1428,"height":1632,"url":"https:\/\/solar-motors.com\/wp-content\/uploads\/2023\/03\/A_EED58F37_new_server_2.jpg","type":"image\/jpeg"}],"twitter_card":"summary_large_image","twitter_misc":{"Gesch\u00e4tzte Lesezeit":"1\u00a0Minute"},"schema":{"@context":"https:\/\/schema.org","@graph":[{"@type":"WebPage","@id":"https:\/\/solar-motors.com\/de\/produkt\/sigma-solar-tracker-server-sigma-solar-server-works-in-connection-with-solar-positioner-nano\/","url":"https:\/\/solar-motors.com\/de\/produkt\/sigma-solar-tracker-server-sigma-solar-server-works-in-connection-with-solar-positioner-nano\/","name":"SIGMA - WEB-Server f\u00fcr Solartracker w LAN, RS485, DIN rail - Solar Motors","isPartOf":{"@id":"https:\/\/solar-motors.com\/de\/#website"},"primaryImageOfPage":{"@id":"https:\/\/solar-motors.com\/de\/produkt\/sigma-solar-tracker-server-sigma-solar-server-works-in-connection-with-solar-positioner-nano\/#primaryimage"},"image":{"@id":"https:\/\/solar-motors.com\/de\/produkt\/sigma-solar-tracker-server-sigma-solar-server-works-in-connection-with-solar-positioner-nano\/#primaryimage"},"thumbnailUrl":"https:\/\/solar-motors.com\/wp-content\/uploads\/2023\/03\/A_EED58F37_new_server_2.jpg","datePublished":"2023-03-06T12:50:33+00:00","dateModified":"2023-08-25T08:05:01+00:00","breadcrumb":{"@id":"https:\/\/solar-motors.com\/de\/produkt\/sigma-solar-tracker-server-sigma-solar-server-works-in-connection-with-solar-positioner-nano\/#breadcrumb"},"inLanguage":"de","potentialAction":[{"@type":"ReadAction","target":["https:\/\/solar-motors.com\/de\/produkt\/sigma-solar-tracker-server-sigma-solar-server-works-in-connection-with-solar-positioner-nano\/"]}]},{"@type":"ImageObject","inLanguage":"de","@id":"https:\/\/solar-motors.com\/de\/produkt\/sigma-solar-tracker-server-sigma-solar-server-works-in-connection-with-solar-positioner-nano\/#primaryimage","url":"https:\/\/solar-motors.com\/wp-content\/uploads\/2023\/03\/A_EED58F37_new_server_2.jpg","contentUrl":"https:\/\/solar-motors.com\/wp-content\/uploads\/2023\/03\/A_EED58F37_new_server_2.jpg","width":1428,"height":1632},{"@type":"BreadcrumbList","@id":"https:\/\/solar-motors.com\/de\/produkt\/sigma-solar-tracker-server-sigma-solar-server-works-in-connection-with-solar-positioner-nano\/#breadcrumb","itemListElement":[{"@type":"ListItem","position":1,"name":"Home","item":"https:\/\/solar-motors.com\/de\/"},{"@type":"ListItem","position":2,"name":"Shop","item":"https:\/\/solar-motors.com\/shop\/"},{"@type":"ListItem","position":3,"name":"SIGMA &#8211; WEB-Server f\u00fcr Solartracker w LAN, RS485, DIN rail"}]},{"@type":"WebSite","@id":"https:\/\/solar-motors.com\/de\/#website","url":"https:\/\/solar-motors.com\/de\/","name":"Solar Motors","description":"Dependable Sun Tracking Systems Since 2005","potentialAction":[{"@type":"SearchAction","target":{"@type":"EntryPoint","urlTemplate":"https:\/\/solar-motors.com\/de\/?s={search_term_string}"},"query-input":{"@type":"PropertyValueSpecification","valueRequired":true,"valueName":"search_term_string"}}],"inLanguage":"de"}]}},"_links":{"self":[{"href":"https:\/\/solar-motors.com\/de\/wp-json\/wp\/v2\/product\/7434","targetHints":{"allow":["GET"]}}],"collection":[{"href":"https:\/\/solar-motors.com\/de\/wp-json\/wp\/v2\/product"}],"about":[{"href":"https:\/\/solar-motors.com\/de\/wp-json\/wp\/v2\/types\/product"}],"replies":[{"embeddable":true,"href":"https:\/\/solar-motors.com\/de\/wp-json\/wp\/v2\/comments?post=7434"}],"wp:featuredmedia":[{"embeddable":true,"href":"https:\/\/solar-motors.com\/de\/wp-json\/wp\/v2\/media\/5854"}],"wp:attachment":[{"href":"https:\/\/solar-motors.com\/de\/wp-json\/wp\/v2\/media?parent=7434"}],"wp:term":[{"taxonomy":"product_brand","embeddable":true,"href":"https:\/\/solar-motors.com\/de\/wp-json\/wp\/v2\/product_brand?post=7434"},{"taxonomy":"product_cat","embeddable":true,"href":"https:\/\/solar-motors.com\/de\/wp-json\/wp\/v2\/product_cat?post=7434"},{"taxonomy":"product_tag","embeddable":true,"href":"https:\/\/solar-motors.com\/de\/wp-json\/wp\/v2\/product_tag?post=7434"}],"curies":[{"name":"wp","href":"https:\/\/api.w.org\/{rel}","templated":true}]}}