{"id":7442,"date":"2023-03-06T13:50:27","date_gmt":"2023-03-06T12:50:27","guid":{"rendered":"https:\/\/solar-motors.com\/product\/solar-linearaktuator-motor-sm4s510m2u8-0078-sm4s510m2u8\/"},"modified":"2023-08-25T10:05:04","modified_gmt":"2023-08-25T08:05:04","slug":"solar-linear-actuator-motor-sm4s510m2u8-0078-sm4s510m2u8","status":"publish","type":"product","link":"https:\/\/solar-motors.com\/de\/produkt\/solar-linear-actuator-motor-sm4s510m2u8-0078-sm4s510m2u8\/","title":{"rendered":"Solar-Linearaktuator \u2013 Motor SM4S510M2U8 \/ 0078 \/ SM4S510M2U8"},"content":{"rendered":"<p align=\"justify\"><img fetchpriority=\"high\" decoding=\"async\" src=\"\/wp-content\/uploads\/files-old\/%24%24H_72494D38_skupaj.jpg\" alt=\"\" width=\"597\" height=\"220\" border=\"0\" hspace=\"0\">     <img decoding=\"async\" style=\"height: 188px; width: 400px;\" src=\"\/wp-content\/uploads\/files-old\/%24%24H_1CF567F4_b.jpg\" alt=\"\" width=\"1702\" height=\"1000\" border=\"0\" hspace=\"0\"><\/p>\n<p align=\"justify\">\n<p align=\"justify\"><strong>Professioneller Solar-Linearaktuator \u2013 Motor SM4S510M2U8 (fr\u00fcher<\/strong><strong>SM4S510M2U8)<\/strong><\/p>\n<p>Geeignet f\u00fcr PV-Module, Konzentratoren \u2013 CPV und Heliostaten. Verwendung: kleine und gro\u00dfe Kraftwerke, netzgekoppelt auf D\u00e4chern von H\u00e4usern oder Fabriken, H\u00fctten, Solarturmkraftwerke, bei denen Solarmodule in Reihe geschaltet sind und der Ausgang direkt an den Wechselrichter oder ein externes Ladeger\u00e4t angeschlossen ist.\n<\/p>\n<table style=\"height: 333px; width: 1201px;\" border=\"1\" width=\"1201\" cellspacing=\"0\" cellpadding=\"0\" bgcolor=\"#ffffff\">\n<tbody>\n<tr>\n<td bgcolor=\"#ed1c24\"><strong> Solar-Linearaktuator \u2013 Motor SM4S510M2U8 \/ 0078<\/strong><\/td>\n<td align=\"center\" bgcolor=\"#ffffff\">\n<p align=\"center\">\n<\/td>\n<\/tr>\n<tr>\n<td><strong> Installations- und Gebrauchsanweisung im PDF-Format<\/strong><\/td>\n<td>\n<p align=\"center\">\n<\/td>\n<\/tr>\n<tr>\n<td>&#8211; Anweisungen f\u00fcr die Installation und Verwendung<\/td>\n<td>\n<p align=\"center\">Herunterladen<\/p>\n<\/td>\n<\/tr>\n<tr>\n<td><\/td>\n<td>\n<p align=\"center\">\n<\/td>\n<\/tr>\n<tr>\n<td><strong> Technisches Datenblatt <\/strong><\/td>\n<td>\n<p align=\"center\">\n<\/td>\n<\/tr>\n<tr>\n<td>&#8211; Allgemeine englische Prospektserie SM4 M2 im PDF-Format mittlerer Aufl\u00f6sung<\/td>\n<td>\n<p align=\"center\"><a href=\"\/wp-content\/uploads\/files-old\/SM4S510M2%20_MR.pdf\" target=\"_blank\" rel=\"noopener\">Herunterladen<\/a><\/p>\n<\/td>\n<\/tr>\n<tr>\n<td>&#8211; Allgemeine englische Prospektserie SM4 M2 im PDF-Format mit niedriger Aufl\u00f6sung<\/td>\n<td>\n<p align=\"center\"><a href=\"\/wp-content\/uploads\/files-old\/SM4S510M2%20_LR.pdf\" target=\"_blank\" rel=\"noopener\">Herunterladen<\/a><\/p>\n<\/td>\n<\/tr>\n<tr>\n<td><\/td>\n<td>\n<p align=\"center\">\n<\/td>\n<\/tr>\n<tr>\n<td> <strong>Wartung von Solar Tracker ST44M2VXP oder ST40M2VXP mit Linearmotoren SM4S510M2U8<\/strong><\/td>\n<td>\n<p align=\"center\"><a href=\"\/wp-content\/uploads\/files-old\/Maintenance%20of%20Solar%20Tracker%20ST44M2VXP%20or%20ST40M2VXP%20with%20Linear%20motors%20SM4SX00M2XCX.pdf\" target=\"_blank\" rel=\"noopener\">Herunterladen<\/a><\/p>\n<\/td>\n<\/tr>\n<tr>\n<td><\/td>\n<td><\/td>\n<\/tr>\n<tr>\n<td><strong> Technische Zeichnung<\/strong><\/td>\n<td>\n<p align=\"center\">\n<\/td>\n<\/tr>\n<tr>\n<td>&#8211; Technische Zeichnung<\/td>\n<td>\n<p align=\"center\"><a href=\"\/wp-content\/uploads\/files-old\/SM4_S510_M2_C3.pdf\" target=\"_blank\" rel=\"noopener\">Herunterladen<\/a><\/p>\n<\/td>\n<\/tr>\n<tr>\n<td><\/td>\n<td>\n<p align=\"center\">\n<\/td>\n<\/tr>\n<tr>\n<td> <strong>Zertifikate <\/strong><\/td>\n<td>\n<p align=\"center\">\n<\/td>\n<\/tr>\n<tr>\n<td>&#8211; Konformit\u00e4tserkl\u00e4rung im PDF-Format<\/td>\n<td>\n<p align=\"center\"><a href=\"\/wp-content\/uploads\/files-old\/Declaration%20of%20Conformity%20-%20Solar%20Linear%20Motor%20SM4S520M2%20family.pdf\" target=\"_blank\" rel=\"noopener\">Herunterladen<\/a><\/p>\n<\/td>\n<\/tr>\n<\/tbody>\n<\/table>\n","protected":false},"excerpt":{"rendered":"<p>Professioneller Solar-Linearaktuator \u2013 Motor SM4S510M2U8 (fr\u00fcher SM4S520M2U8)<\/p>\n","protected":false},"featured_media":5845,"comment_status":"open","ping_status":"closed","template":"","meta":{"inline_featured_image":false},"product_brand":[],"product_cat":[1150],"product_tag":[],"class_list":{"0":"post-7442","1":"product","2":"type-product","3":"status-publish","4":"has-post-thumbnail","6":"product_cat-linear-motoren","8":"first","9":"outofstock","10":"taxable","11":"shipping-taxable","12":"purchasable","13":"product-type-simple"},"yoast_head":"<!-- This site is optimized with the Yoast SEO plugin v26.5 - https:\/\/yoast.com\/wordpress\/plugins\/seo\/ -->\n<title>Solar-Linearaktuator \u2013 Motor SM4S510M2U8 \/ 0078 \/ SM4S510M2U8 - Solar Motors<\/title>\n<meta name=\"robots\" content=\"index, follow, max-snippet:-1, max-image-preview:large, max-video-preview:-1\" \/>\n<link rel=\"canonical\" href=\"https:\/\/solar-motors.com\/de\/produkt\/solar-linear-actuator-motor-sm4s510m2u8-0078-sm4s510m2u8\/\" \/>\n<meta property=\"og:locale\" content=\"de_DE\" \/>\n<meta property=\"og:type\" content=\"article\" \/>\n<meta property=\"og:title\" content=\"Solar-Linearaktuator \u2013 Motor SM4S510M2U8 \/ 0078 \/ SM4S510M2U8 - Solar Motors\" \/>\n<meta property=\"og:description\" content=\"Professioneller Solar-Linearaktuator \u2013 Motor SM4S510M2U8 (fr\u00fcher SM4S520M2U8)\" \/>\n<meta property=\"og:url\" content=\"https:\/\/solar-motors.com\/de\/produkt\/solar-linear-actuator-motor-sm4s510m2u8-0078-sm4s510m2u8\/\" \/>\n<meta property=\"og:site_name\" content=\"Solar Motors\" \/>\n<meta property=\"article:modified_time\" content=\"2023-08-25T08:05:04+00:00\" \/>\n<meta property=\"og:image\" content=\"https:\/\/solar-motors.com\/wp-content\/uploads\/2023\/03\/A_DE03A751_SM4S510M2_U8.jpg\" \/>\n\t<meta property=\"og:image:width\" content=\"211\" \/>\n\t<meta property=\"og:image:height\" content=\"800\" \/>\n\t<meta property=\"og:image:type\" content=\"image\/jpeg\" \/>\n<meta name=\"twitter:card\" content=\"summary_large_image\" \/>\n<meta name=\"twitter:label1\" content=\"Gesch\u00e4tzte Lesezeit\" \/>\n\t<meta name=\"twitter:data1\" content=\"1\u00a0Minute\" \/>\n<script type=\"application\/ld+json\" class=\"yoast-schema-graph\">{\"@context\":\"https:\/\/schema.org\",\"@graph\":[{\"@type\":\"WebPage\",\"@id\":\"https:\/\/solar-motors.com\/de\/produkt\/solar-linear-actuator-motor-sm4s510m2u8-0078-sm4s510m2u8\/\",\"url\":\"https:\/\/solar-motors.com\/de\/produkt\/solar-linear-actuator-motor-sm4s510m2u8-0078-sm4s510m2u8\/\",\"name\":\"Solar-Linearaktuator \u2013 Motor SM4S510M2U8 \/ 0078 \/ SM4S510M2U8 - Solar Motors\",\"isPartOf\":{\"@id\":\"https:\/\/solar-motors.com\/de\/#website\"},\"primaryImageOfPage\":{\"@id\":\"https:\/\/solar-motors.com\/de\/produkt\/solar-linear-actuator-motor-sm4s510m2u8-0078-sm4s510m2u8\/#primaryimage\"},\"image\":{\"@id\":\"https:\/\/solar-motors.com\/de\/produkt\/solar-linear-actuator-motor-sm4s510m2u8-0078-sm4s510m2u8\/#primaryimage\"},\"thumbnailUrl\":\"https:\/\/solar-motors.com\/wp-content\/uploads\/2023\/03\/A_DE03A751_SM4S510M2_U8.jpg\",\"datePublished\":\"2023-03-06T12:50:27+00:00\",\"dateModified\":\"2023-08-25T08:05:04+00:00\",\"breadcrumb\":{\"@id\":\"https:\/\/solar-motors.com\/de\/produkt\/solar-linear-actuator-motor-sm4s510m2u8-0078-sm4s510m2u8\/#breadcrumb\"},\"inLanguage\":\"de\",\"potentialAction\":[{\"@type\":\"ReadAction\",\"target\":[\"https:\/\/solar-motors.com\/de\/produkt\/solar-linear-actuator-motor-sm4s510m2u8-0078-sm4s510m2u8\/\"]}]},{\"@type\":\"ImageObject\",\"inLanguage\":\"de\",\"@id\":\"https:\/\/solar-motors.com\/de\/produkt\/solar-linear-actuator-motor-sm4s510m2u8-0078-sm4s510m2u8\/#primaryimage\",\"url\":\"https:\/\/solar-motors.com\/wp-content\/uploads\/2023\/03\/A_DE03A751_SM4S510M2_U8.jpg\",\"contentUrl\":\"https:\/\/solar-motors.com\/wp-content\/uploads\/2023\/03\/A_DE03A751_SM4S510M2_U8.jpg\",\"width\":211,\"height\":800},{\"@type\":\"BreadcrumbList\",\"@id\":\"https:\/\/solar-motors.com\/de\/produkt\/solar-linear-actuator-motor-sm4s510m2u8-0078-sm4s510m2u8\/#breadcrumb\",\"itemListElement\":[{\"@type\":\"ListItem\",\"position\":1,\"name\":\"Home\",\"item\":\"https:\/\/solar-motors.com\/de\/\"},{\"@type\":\"ListItem\",\"position\":2,\"name\":\"Shop\",\"item\":\"https:\/\/solar-motors.com\/shop\/\"},{\"@type\":\"ListItem\",\"position\":3,\"name\":\"Solar-Linearaktuator \u2013 Motor SM4S510M2U8 \/ 0078 \/ SM4S510M2U8\"}]},{\"@type\":\"WebSite\",\"@id\":\"https:\/\/solar-motors.com\/de\/#website\",\"url\":\"https:\/\/solar-motors.com\/de\/\",\"name\":\"Solar Motors\",\"description\":\"Dependable Sun Tracking Systems Since 2005\",\"potentialAction\":[{\"@type\":\"SearchAction\",\"target\":{\"@type\":\"EntryPoint\",\"urlTemplate\":\"https:\/\/solar-motors.com\/de\/?s={search_term_string}\"},\"query-input\":{\"@type\":\"PropertyValueSpecification\",\"valueRequired\":true,\"valueName\":\"search_term_string\"}}],\"inLanguage\":\"de\"}]}<\/script>\n<!-- \/ Yoast SEO plugin. -->","yoast_head_json":{"title":"Solar-Linearaktuator \u2013 Motor SM4S510M2U8 \/ 0078 \/ SM4S510M2U8 - Solar Motors","robots":{"index":"index","follow":"follow","max-snippet":"max-snippet:-1","max-image-preview":"max-image-preview:large","max-video-preview":"max-video-preview:-1"},"canonical":"https:\/\/solar-motors.com\/de\/produkt\/solar-linear-actuator-motor-sm4s510m2u8-0078-sm4s510m2u8\/","og_locale":"de_DE","og_type":"article","og_title":"Solar-Linearaktuator \u2013 Motor SM4S510M2U8 \/ 0078 \/ SM4S510M2U8 - Solar Motors","og_description":"Professioneller Solar-Linearaktuator \u2013 Motor SM4S510M2U8 (fr\u00fcher SM4S520M2U8)","og_url":"https:\/\/solar-motors.com\/de\/produkt\/solar-linear-actuator-motor-sm4s510m2u8-0078-sm4s510m2u8\/","og_site_name":"Solar Motors","article_modified_time":"2023-08-25T08:05:04+00:00","og_image":[{"width":211,"height":800,"url":"https:\/\/solar-motors.com\/wp-content\/uploads\/2023\/03\/A_DE03A751_SM4S510M2_U8.jpg","type":"image\/jpeg"}],"twitter_card":"summary_large_image","twitter_misc":{"Gesch\u00e4tzte Lesezeit":"1\u00a0Minute"},"schema":{"@context":"https:\/\/schema.org","@graph":[{"@type":"WebPage","@id":"https:\/\/solar-motors.com\/de\/produkt\/solar-linear-actuator-motor-sm4s510m2u8-0078-sm4s510m2u8\/","url":"https:\/\/solar-motors.com\/de\/produkt\/solar-linear-actuator-motor-sm4s510m2u8-0078-sm4s510m2u8\/","name":"Solar-Linearaktuator \u2013 Motor SM4S510M2U8 \/ 0078 \/ SM4S510M2U8 - Solar Motors","isPartOf":{"@id":"https:\/\/solar-motors.com\/de\/#website"},"primaryImageOfPage":{"@id":"https:\/\/solar-motors.com\/de\/produkt\/solar-linear-actuator-motor-sm4s510m2u8-0078-sm4s510m2u8\/#primaryimage"},"image":{"@id":"https:\/\/solar-motors.com\/de\/produkt\/solar-linear-actuator-motor-sm4s510m2u8-0078-sm4s510m2u8\/#primaryimage"},"thumbnailUrl":"https:\/\/solar-motors.com\/wp-content\/uploads\/2023\/03\/A_DE03A751_SM4S510M2_U8.jpg","datePublished":"2023-03-06T12:50:27+00:00","dateModified":"2023-08-25T08:05:04+00:00","breadcrumb":{"@id":"https:\/\/solar-motors.com\/de\/produkt\/solar-linear-actuator-motor-sm4s510m2u8-0078-sm4s510m2u8\/#breadcrumb"},"inLanguage":"de","potentialAction":[{"@type":"ReadAction","target":["https:\/\/solar-motors.com\/de\/produkt\/solar-linear-actuator-motor-sm4s510m2u8-0078-sm4s510m2u8\/"]}]},{"@type":"ImageObject","inLanguage":"de","@id":"https:\/\/solar-motors.com\/de\/produkt\/solar-linear-actuator-motor-sm4s510m2u8-0078-sm4s510m2u8\/#primaryimage","url":"https:\/\/solar-motors.com\/wp-content\/uploads\/2023\/03\/A_DE03A751_SM4S510M2_U8.jpg","contentUrl":"https:\/\/solar-motors.com\/wp-content\/uploads\/2023\/03\/A_DE03A751_SM4S510M2_U8.jpg","width":211,"height":800},{"@type":"BreadcrumbList","@id":"https:\/\/solar-motors.com\/de\/produkt\/solar-linear-actuator-motor-sm4s510m2u8-0078-sm4s510m2u8\/#breadcrumb","itemListElement":[{"@type":"ListItem","position":1,"name":"Home","item":"https:\/\/solar-motors.com\/de\/"},{"@type":"ListItem","position":2,"name":"Shop","item":"https:\/\/solar-motors.com\/shop\/"},{"@type":"ListItem","position":3,"name":"Solar-Linearaktuator \u2013 Motor SM4S510M2U8 \/ 0078 \/ SM4S510M2U8"}]},{"@type":"WebSite","@id":"https:\/\/solar-motors.com\/de\/#website","url":"https:\/\/solar-motors.com\/de\/","name":"Solar Motors","description":"Dependable Sun Tracking Systems Since 2005","potentialAction":[{"@type":"SearchAction","target":{"@type":"EntryPoint","urlTemplate":"https:\/\/solar-motors.com\/de\/?s={search_term_string}"},"query-input":{"@type":"PropertyValueSpecification","valueRequired":true,"valueName":"search_term_string"}}],"inLanguage":"de"}]}},"_links":{"self":[{"href":"https:\/\/solar-motors.com\/de\/wp-json\/wp\/v2\/product\/7442","targetHints":{"allow":["GET"]}}],"collection":[{"href":"https:\/\/solar-motors.com\/de\/wp-json\/wp\/v2\/product"}],"about":[{"href":"https:\/\/solar-motors.com\/de\/wp-json\/wp\/v2\/types\/product"}],"replies":[{"embeddable":true,"href":"https:\/\/solar-motors.com\/de\/wp-json\/wp\/v2\/comments?post=7442"}],"wp:featuredmedia":[{"embeddable":true,"href":"https:\/\/solar-motors.com\/de\/wp-json\/wp\/v2\/media\/5845"}],"wp:attachment":[{"href":"https:\/\/solar-motors.com\/de\/wp-json\/wp\/v2\/media?parent=7442"}],"wp:term":[{"taxonomy":"product_brand","embeddable":true,"href":"https:\/\/solar-motors.com\/de\/wp-json\/wp\/v2\/product_brand?post=7442"},{"taxonomy":"product_cat","embeddable":true,"href":"https:\/\/solar-motors.com\/de\/wp-json\/wp\/v2\/product_cat?post=7442"},{"taxonomy":"product_tag","embeddable":true,"href":"https:\/\/solar-motors.com\/de\/wp-json\/wp\/v2\/product_tag?post=7442"}],"curies":[{"name":"wp","href":"https:\/\/api.w.org\/{rel}","templated":true}]}}