{"id":7443,"date":"2023-03-06T13:50:25","date_gmt":"2023-03-06T12:50:25","guid":{"rendered":"https:\/\/solar-motors.com\/product\/erdungsschraube-76x1400-l1400-d76-60\/"},"modified":"2023-03-06T13:50:25","modified_gmt":"2023-03-06T12:50:25","slug":"ground-screw-76x1400-l1400-d76-60","status":"publish","type":"product","link":"https:\/\/solar-motors.com\/de\/produkt\/ground-screw-76x1400-l1400-d76-60\/","title":{"rendered":"Erdungsschraube 76X1400 L=1400 d=76\/60"},"content":{"rendered":"<p><strong>Erdungsschraube<\/strong><\/p>\n<p>Bodenschrauben aus hochwertigem feuerverzinktem Stahl werden h\u00e4ufig als starke St\u00fctzen f\u00fcr viele Anwendungen verwendet: Fahnenmasten und Masten, Holzkonstruktionen, Zaunsysteme, Veranstaltungsstrukturen, Tafeln und Banner, G\u00e4rten und Parks, Stra\u00dfen und Verkehr, Schuppen und Container usw. F\u00fcr uns ist es wichtig, dass sie eine einfache und starke Unterst\u00fctzung f\u00fcr Solar-Tracker und PV-Systeme sein k\u00f6nnen.<\/p>\n<p><strong>Hauptmerkmale<\/strong><\/p>\n<p>\u2022 Fundamentschrauben f\u00fcr jede Bodenart<br \/>\u2022 Ideal f\u00fcr Photovoltaikanlagen<br \/>\u2022 Massiver, geschmiedeter und verzinkter Stahl mit verschwei\u00dften Gewinden<br \/>\u2022 Stabilit\u00e4t wird durch Kompression beim Einsetzen in den Boden erreicht. Es ist kein weiteres Graben erforderlich.<br \/>\u2022 Der Produktionsprozess ist nach ISO9001:2008 zertifiziert und gew\u00e4hrleistet h\u00f6chste Konstruktionsqualit\u00e4t, Zuverl\u00e4ssigkeit und Flexibilit\u00e4t. <\/p>\n<p><strong>Vorteile<\/strong><\/p>\n<p>\u2022 Kein Zementfundament oder andere Betonkonstruktionen erforderlich<br \/>\u2022 Optimale Erdung durch Verbindung der vertikalen Teile mit verzinntem Kupferdraht, Vermeidung zus\u00e4tzlicher Erdungskabel und Schaffung einer soliden Erdung mit geringem Widerstand. F\u00fcr Erdungsschrauben gilt eine 25-j\u00e4hrige Korrosionsschutzgarantie<br \/>\u2022 Keine Baugenehmigung erforderlich<br \/>\u2022 Alle Systeme sind an die Kundenanforderungen anpassbar. <br \/>\u2022 Alle Systeme werden mit spezialisiertem Personal und Maschinen montiert<br \/>\u2022 Zeitsparend und kosteneffizient<br \/>\u2022 Kann sofort Gewichtsbelastungen ausgesetzt werden<br \/>\u2022 Umweltfreundlich<\/p>\n<\/p>\n<table style=\"WIDTH: 974px; HEIGHT: 203px\" border=\"1\" cellspacing=\"0\" cellpadding=\"0\" width=\"974\">\n<tbody>\n<tr>\n<td bgcolor=\"#ed1c24\">\n<p> <strong> Erdungsschraube 76X1400 L=1400 d=76\/60<\/strong> <strong> \/ ZV76X60X1400 \/ 1300<\/strong><\/p>\n<\/td>\n<td>\n<p align=\"center\"><img decoding=\"async\" border=\"0\" hspace=\"0\" alt=\"\" src=\"\/wp-content\/uploads\/files-old\/%24%24H_4BF90B6D_PDF_icon.gif\"><\/p>\n<\/td>\n<\/tr>\n<tr>\n<td>\n<p> <strong>Flugbl\u00e4tter<\/strong><\/p>\n<\/td>\n<td>\n<p align=\"center\">\n<\/td>\n<\/tr>\n<tr>\n<td>\n<p> &#8211; Englisches technisches Datenblatt im PDF-Format mittlerer Aufl\u00f6sung<\/p>\n<\/td>\n<td>\n<p align=\"center\"><a href=\"\/wp-content\/uploads\/files-old\/Technical_datasheet_for_Ground_Screw_ZV76X60X1400_MR.pdf\" target=\"_blank\" rel=\"noopener\">Herunterladen<\/a><\/p>\n<\/td>\n<\/tr>\n<tr>\n<td>\n<p> &#8211; Englisches technisches Datenblatt im PDF-Format mit niedriger Aufl\u00f6sung<\/p>\n<\/td>\n<td>\n<p align=\"center\"><a href=\"\/wp-content\/uploads\/files-old\/Technical_datasheet_for_Ground_Screw_ZV76X60X1400_LR.pdf\" target=\"_blank\" rel=\"noopener\">Herunterladen<\/a><\/p>\n<\/td>\n<\/tr>\n<tr>\n<td> &#8211; Mechanische Zeichnung im PDF-Format<\/td>\n<td>\n<p align=\"center\">Herunterladen<\/p>\n<\/td>\n<\/tr>\n<tr>\n<td>\n<\/td>\n<td><\/td>\n<\/tr>\n<tr>\n<td>\n<p> <strong>Zertifikate<\/strong><\/p>\n<\/td>\n<td>\n<p align=\"center\">\n<\/td>\n<\/tr>\n<tr>\n<td>\n<p> &#8211; Konformit\u00e4tserkl\u00e4rung im PDF-Format<\/p>\n<\/td>\n<td>\n<p align=\"center\">Herunterladen<\/p>\n<\/td>\n<\/tr>\n<\/tbody>\n<\/table>\n","protected":false},"excerpt":{"rendered":"<p>Erdungsschraube 76X1400 L=1400 d=76\/60.<\/p>\n","protected":false},"featured_media":5843,"comment_status":"open","ping_status":"closed","template":"","meta":{"inline_featured_image":false},"product_brand":[],"product_cat":[1200,1203],"product_tag":[],"class_list":{"0":"post-7443","1":"product","2":"type-product","3":"status-publish","4":"has-post-thumbnail","6":"product_cat-unterstutzungsstrukturen","7":"product_cat-verkauf","9":"first","10":"instock","11":"sale","12":"taxable","13":"shipping-taxable","14":"purchasable","15":"product-type-simple"},"yoast_head":"<!-- This site is optimized with the Yoast SEO plugin v26.5 - https:\/\/yoast.com\/wordpress\/plugins\/seo\/ -->\n<title>Erdungsschraube 76X1400 L=1400 d=76\/60 - Solar Motors<\/title>\n<meta name=\"robots\" content=\"index, follow, max-snippet:-1, max-image-preview:large, max-video-preview:-1\" \/>\n<link rel=\"canonical\" href=\"https:\/\/solar-motors.com\/de\/produkt\/ground-screw-76x1400-l1400-d76-60\/\" \/>\n<meta property=\"og:locale\" content=\"de_DE\" \/>\n<meta property=\"og:type\" content=\"article\" \/>\n<meta property=\"og:title\" content=\"Erdungsschraube 76X1400 L=1400 d=76\/60 - Solar Motors\" \/>\n<meta property=\"og:description\" content=\"Erdungsschraube 76X1400 L=1400 d=76\/60.\" \/>\n<meta property=\"og:url\" content=\"https:\/\/solar-motors.com\/de\/produkt\/ground-screw-76x1400-l1400-d76-60\/\" \/>\n<meta property=\"og:site_name\" content=\"Solar Motors\" \/>\n<meta property=\"og:image\" content=\"https:\/\/solar-motors.com\/wp-content\/uploads\/2023\/03\/A_2F37249A_zemeljski_vijak.jpg\" \/>\n\t<meta property=\"og:image:width\" content=\"126\" \/>\n\t<meta property=\"og:image:height\" content=\"413\" \/>\n\t<meta property=\"og:image:type\" content=\"image\/jpeg\" \/>\n<meta name=\"twitter:card\" content=\"summary_large_image\" \/>\n<meta name=\"twitter:label1\" content=\"Gesch\u00e4tzte Lesezeit\" \/>\n\t<meta name=\"twitter:data1\" content=\"1\u00a0Minute\" \/>\n<script type=\"application\/ld+json\" class=\"yoast-schema-graph\">{\"@context\":\"https:\/\/schema.org\",\"@graph\":[{\"@type\":\"WebPage\",\"@id\":\"https:\/\/solar-motors.com\/de\/produkt\/ground-screw-76x1400-l1400-d76-60\/\",\"url\":\"https:\/\/solar-motors.com\/de\/produkt\/ground-screw-76x1400-l1400-d76-60\/\",\"name\":\"Erdungsschraube 76X1400 L=1400 d=76\/60 - Solar Motors\",\"isPartOf\":{\"@id\":\"https:\/\/solar-motors.com\/de\/#website\"},\"primaryImageOfPage\":{\"@id\":\"https:\/\/solar-motors.com\/de\/produkt\/ground-screw-76x1400-l1400-d76-60\/#primaryimage\"},\"image\":{\"@id\":\"https:\/\/solar-motors.com\/de\/produkt\/ground-screw-76x1400-l1400-d76-60\/#primaryimage\"},\"thumbnailUrl\":\"https:\/\/solar-motors.com\/wp-content\/uploads\/2023\/03\/A_2F37249A_zemeljski_vijak.jpg\",\"datePublished\":\"2023-03-06T12:50:25+00:00\",\"breadcrumb\":{\"@id\":\"https:\/\/solar-motors.com\/de\/produkt\/ground-screw-76x1400-l1400-d76-60\/#breadcrumb\"},\"inLanguage\":\"de\",\"potentialAction\":[{\"@type\":\"ReadAction\",\"target\":[\"https:\/\/solar-motors.com\/de\/produkt\/ground-screw-76x1400-l1400-d76-60\/\"]}]},{\"@type\":\"ImageObject\",\"inLanguage\":\"de\",\"@id\":\"https:\/\/solar-motors.com\/de\/produkt\/ground-screw-76x1400-l1400-d76-60\/#primaryimage\",\"url\":\"https:\/\/solar-motors.com\/wp-content\/uploads\/2023\/03\/A_2F37249A_zemeljski_vijak.jpg\",\"contentUrl\":\"https:\/\/solar-motors.com\/wp-content\/uploads\/2023\/03\/A_2F37249A_zemeljski_vijak.jpg\",\"width\":126,\"height\":413},{\"@type\":\"BreadcrumbList\",\"@id\":\"https:\/\/solar-motors.com\/de\/produkt\/ground-screw-76x1400-l1400-d76-60\/#breadcrumb\",\"itemListElement\":[{\"@type\":\"ListItem\",\"position\":1,\"name\":\"Home\",\"item\":\"https:\/\/solar-motors.com\/de\/\"},{\"@type\":\"ListItem\",\"position\":2,\"name\":\"Shop\",\"item\":\"https:\/\/solar-motors.com\/shop\/\"},{\"@type\":\"ListItem\",\"position\":3,\"name\":\"Erdungsschraube 76X1400 L=1400 d=76\/60\"}]},{\"@type\":\"WebSite\",\"@id\":\"https:\/\/solar-motors.com\/de\/#website\",\"url\":\"https:\/\/solar-motors.com\/de\/\",\"name\":\"Solar Motors\",\"description\":\"Dependable Sun Tracking Systems Since 2005\",\"potentialAction\":[{\"@type\":\"SearchAction\",\"target\":{\"@type\":\"EntryPoint\",\"urlTemplate\":\"https:\/\/solar-motors.com\/de\/?s={search_term_string}\"},\"query-input\":{\"@type\":\"PropertyValueSpecification\",\"valueRequired\":true,\"valueName\":\"search_term_string\"}}],\"inLanguage\":\"de\"}]}<\/script>\n<!-- \/ Yoast SEO plugin. -->","yoast_head_json":{"title":"Erdungsschraube 76X1400 L=1400 d=76\/60 - Solar Motors","robots":{"index":"index","follow":"follow","max-snippet":"max-snippet:-1","max-image-preview":"max-image-preview:large","max-video-preview":"max-video-preview:-1"},"canonical":"https:\/\/solar-motors.com\/de\/produkt\/ground-screw-76x1400-l1400-d76-60\/","og_locale":"de_DE","og_type":"article","og_title":"Erdungsschraube 76X1400 L=1400 d=76\/60 - Solar Motors","og_description":"Erdungsschraube 76X1400 L=1400 d=76\/60.","og_url":"https:\/\/solar-motors.com\/de\/produkt\/ground-screw-76x1400-l1400-d76-60\/","og_site_name":"Solar Motors","og_image":[{"width":126,"height":413,"url":"https:\/\/solar-motors.com\/wp-content\/uploads\/2023\/03\/A_2F37249A_zemeljski_vijak.jpg","type":"image\/jpeg"}],"twitter_card":"summary_large_image","twitter_misc":{"Gesch\u00e4tzte Lesezeit":"1\u00a0Minute"},"schema":{"@context":"https:\/\/schema.org","@graph":[{"@type":"WebPage","@id":"https:\/\/solar-motors.com\/de\/produkt\/ground-screw-76x1400-l1400-d76-60\/","url":"https:\/\/solar-motors.com\/de\/produkt\/ground-screw-76x1400-l1400-d76-60\/","name":"Erdungsschraube 76X1400 L=1400 d=76\/60 - Solar Motors","isPartOf":{"@id":"https:\/\/solar-motors.com\/de\/#website"},"primaryImageOfPage":{"@id":"https:\/\/solar-motors.com\/de\/produkt\/ground-screw-76x1400-l1400-d76-60\/#primaryimage"},"image":{"@id":"https:\/\/solar-motors.com\/de\/produkt\/ground-screw-76x1400-l1400-d76-60\/#primaryimage"},"thumbnailUrl":"https:\/\/solar-motors.com\/wp-content\/uploads\/2023\/03\/A_2F37249A_zemeljski_vijak.jpg","datePublished":"2023-03-06T12:50:25+00:00","breadcrumb":{"@id":"https:\/\/solar-motors.com\/de\/produkt\/ground-screw-76x1400-l1400-d76-60\/#breadcrumb"},"inLanguage":"de","potentialAction":[{"@type":"ReadAction","target":["https:\/\/solar-motors.com\/de\/produkt\/ground-screw-76x1400-l1400-d76-60\/"]}]},{"@type":"ImageObject","inLanguage":"de","@id":"https:\/\/solar-motors.com\/de\/produkt\/ground-screw-76x1400-l1400-d76-60\/#primaryimage","url":"https:\/\/solar-motors.com\/wp-content\/uploads\/2023\/03\/A_2F37249A_zemeljski_vijak.jpg","contentUrl":"https:\/\/solar-motors.com\/wp-content\/uploads\/2023\/03\/A_2F37249A_zemeljski_vijak.jpg","width":126,"height":413},{"@type":"BreadcrumbList","@id":"https:\/\/solar-motors.com\/de\/produkt\/ground-screw-76x1400-l1400-d76-60\/#breadcrumb","itemListElement":[{"@type":"ListItem","position":1,"name":"Home","item":"https:\/\/solar-motors.com\/de\/"},{"@type":"ListItem","position":2,"name":"Shop","item":"https:\/\/solar-motors.com\/shop\/"},{"@type":"ListItem","position":3,"name":"Erdungsschraube 76X1400 L=1400 d=76\/60"}]},{"@type":"WebSite","@id":"https:\/\/solar-motors.com\/de\/#website","url":"https:\/\/solar-motors.com\/de\/","name":"Solar Motors","description":"Dependable Sun Tracking Systems Since 2005","potentialAction":[{"@type":"SearchAction","target":{"@type":"EntryPoint","urlTemplate":"https:\/\/solar-motors.com\/de\/?s={search_term_string}"},"query-input":{"@type":"PropertyValueSpecification","valueRequired":true,"valueName":"search_term_string"}}],"inLanguage":"de"}]}},"_links":{"self":[{"href":"https:\/\/solar-motors.com\/de\/wp-json\/wp\/v2\/product\/7443","targetHints":{"allow":["GET"]}}],"collection":[{"href":"https:\/\/solar-motors.com\/de\/wp-json\/wp\/v2\/product"}],"about":[{"href":"https:\/\/solar-motors.com\/de\/wp-json\/wp\/v2\/types\/product"}],"replies":[{"embeddable":true,"href":"https:\/\/solar-motors.com\/de\/wp-json\/wp\/v2\/comments?post=7443"}],"wp:featuredmedia":[{"embeddable":true,"href":"https:\/\/solar-motors.com\/de\/wp-json\/wp\/v2\/media\/5843"}],"wp:attachment":[{"href":"https:\/\/solar-motors.com\/de\/wp-json\/wp\/v2\/media?parent=7443"}],"wp:term":[{"taxonomy":"product_brand","embeddable":true,"href":"https:\/\/solar-motors.com\/de\/wp-json\/wp\/v2\/product_brand?post=7443"},{"taxonomy":"product_cat","embeddable":true,"href":"https:\/\/solar-motors.com\/de\/wp-json\/wp\/v2\/product_cat?post=7443"},{"taxonomy":"product_tag","embeddable":true,"href":"https:\/\/solar-motors.com\/de\/wp-json\/wp\/v2\/product_tag?post=7443"}],"curies":[{"name":"wp","href":"https:\/\/api.w.org\/{rel}","templated":true}]}}