{"id":7445,"date":"2023-03-06T13:28:00","date_gmt":"2023-03-06T12:28:00","guid":{"rendered":"https:\/\/solar-motors.com\/product\/set-jun-box-60x40x20cm-mit-mppt-ladegeraet-15a-sla-batx2-sicherungen-einschalter-nano-f-wlm-lora-433mhz-1323-004\/"},"modified":"2023-08-25T10:04:59","modified_gmt":"2023-08-25T08:04:59","slug":"set-jun-box-60x40x20cm-w-mppt-charger-15a-sla-batx2-fuses-switch-on-nano-f-wlm-lora-433mhz-1323-004","status":"publish","type":"product","link":"https:\/\/solar-motors.com\/de\/produkt\/set-jun-box-60x40x20cm-w-mppt-charger-15a-sla-batx2-fuses-switch-on-nano-f-wlm-lora-433mhz-1323-004\/","title":{"rendered":"Set Jun. Box 60x40x20cm mit MPPT-Ladeger\u00e4t 15A \/ SLA BATx2 \/ SICHERUNGEN \/ EINSCHALTER \/ NANO-F \/ WLM LORA 433MHZ &#8211; 1323-004"},"content":{"rendered":"<p align=\"LEFT\" dir=\"LTR\"><strong>JBOXSET6-MPPTB-SIGWL \u2013 Intelligentes Serverl\u00f6sungsset zur Steuerung und \u00dcberwachung von PV-Parks mit Solartrackern in rauen Umgebungen und einem gro\u00dfen Betriebstemperaturbereich<\/strong><\/p>\n<p>Anschlusskasten-Set JBOXSET6-MPPTB-SIGWL \u2013 ist eine intelligente Serverl\u00f6sung, die f\u00fcr den Solarstrom-Tracker-Anlagenserver SIGMA mit LoRa-Funkmodul, 433-MHz-Funkkommunikations\u00fcbertragung und einem Stellungsregler NANO-F zum Antrieb von 2 Motoren oder 2 Solartrackern mit enthaltener Selbststeuerung entwickelt wurde. Stromversorgungsl\u00f6sung, die Batterien und einen MPPT-Solarladeregler mit Hochstromschaltern, Sicherungen und Klemmenbl\u00f6cken umfasst, die an das PV-Modul angeschlossen werden k\u00f6nnen. Der Sigma-Server kann bis zu 50 Solar-Stellungsregler steuern, also weitere 49 Anschlussk\u00e4sten JBOXSET6-MPPTB-NANOF, was 100 Motoren als Gesamtsystem entspricht. Wenn Sie unsere Motorkabel bestellen, schlie\u00dfen wir diese normalerweise an die Anschlussdose an. Auf diese Weise ist alles bis auf die PV-Module verkabelt. Hier ist die Installation einfach, Sie m\u00fcssen also lediglich das PV-Panel an einen PV-Anschluss im Inneren der Box anschlie\u00dfen, ein UTP-Kabel mit RJ45-Stecker mit Live-Ethernet-Signal installieren und die Box an einer vertikalen Konstruktionsfl\u00e4che in der N\u00e4he von Motoren montieren und nat\u00fcrlich die Kabel anschlie\u00dfen Motoren in Motoren. <\/p>\n<p>Der Temperaturbereich reicht von -20 \u00b0C bis +50 \u00b0C<\/p>\n<p>Die JBOX6 wurde professionell und unter Beachtung aller neuesten Standards f\u00fcr die Verkabelung dieser Art von Elektrok\u00e4sten hergestellt.<\/p>\n<\/p>\n<p><b>Benutzerfreundlich<\/b><\/p>\n<p> Separate mechanische und elektronische Komponenten. Vordert\u00fcren f\u00fcr einfache Wartung. Kann in bestehende und neue Solar-Tracker\/PV-Anlagen integriert werden <b> <\/b><\/p>\n<p>Einfach<\/p>\n<p> Leicht zug\u00e4nglicher Anschlussbereich. Komfortable Installation und Inbetriebnahme. Freie Wahl des Montageortes <\/p>\n<p><strong>Dauerhaft<\/strong><\/p>\n<p> Hohe Schutzart IP65. Erf\u00fcllt die Anforderungen f\u00fcr den Einsatz im Freien unter rauen Umgebungsbedingungen. 2 Jahre Sat Control-Garantie, optional 5 oder 10 Jahre <\/p>\n<p> <strong>Dokumentation<\/strong><br \/>\u2022 Englisches Merkblatt im PDF-Format mittlerer Aufl\u00f6sung <strong>Herunterladen<\/strong><br \/>\u2022 Englisches Merkblatt im PDF-Format mit niedriger Aufl\u00f6sung <strong>Herunterladen<\/strong>  <\/p><\/p>\n","protected":false},"excerpt":{"rendered":"<p>Junction Box (j-box) Set<\/p>\n","protected":false},"featured_media":5841,"comment_status":"open","ping_status":"closed","template":"","meta":{"inline_featured_image":false},"product_brand":[],"product_cat":[1201,778,884],"product_tag":[],"class_list":{"0":"post-7445","1":"product","2":"type-product","3":"status-publish","4":"has-post-thumbnail","6":"product_cat-zubehor-de","7":"product_cat-zubehor","8":"product_cat-zubehor-fur-solartracker","10":"first","11":"outofstock","12":"taxable","13":"shipping-taxable","14":"purchasable","15":"product-type-simple"},"yoast_head":"<!-- This site is optimized with the Yoast SEO plugin v26.5 - https:\/\/yoast.com\/wordpress\/plugins\/seo\/ -->\n<title>Set Jun. Box 60x40x20cm mit MPPT-Ladeger\u00e4t 15A \/ SLA BATx2 \/ SICHERUNGEN \/ EINSCHALTER \/ NANO-F \/ WLM LORA 433MHZ - 1323-004 - Solar Motors<\/title>\n<meta name=\"robots\" content=\"index, follow, max-snippet:-1, max-image-preview:large, max-video-preview:-1\" \/>\n<link rel=\"canonical\" href=\"https:\/\/solar-motors.com\/de\/produkt\/set-jun-box-60x40x20cm-w-mppt-charger-15a-sla-batx2-fuses-switch-on-nano-f-wlm-lora-433mhz-1323-004\/\" \/>\n<meta property=\"og:locale\" content=\"de_DE\" \/>\n<meta property=\"og:type\" content=\"article\" \/>\n<meta property=\"og:title\" content=\"Set Jun. Box 60x40x20cm mit MPPT-Ladeger\u00e4t 15A \/ SLA BATx2 \/ SICHERUNGEN \/ EINSCHALTER \/ NANO-F \/ WLM LORA 433MHZ - 1323-004 - Solar Motors\" \/>\n<meta property=\"og:description\" content=\"Junction Box (j-box) Set\" \/>\n<meta property=\"og:url\" content=\"https:\/\/solar-motors.com\/de\/produkt\/set-jun-box-60x40x20cm-w-mppt-charger-15a-sla-batx2-fuses-switch-on-nano-f-wlm-lora-433mhz-1323-004\/\" \/>\n<meta property=\"og:site_name\" content=\"Solar Motors\" \/>\n<meta property=\"article:modified_time\" content=\"2023-08-25T08:04:59+00:00\" \/>\n<meta property=\"og:image\" content=\"https:\/\/solar-motors.com\/wp-content\/uploads\/2023\/03\/A_AB290A52_JBOXSET62DMPPTB2DNFW.jpg\" \/>\n\t<meta property=\"og:image:width\" content=\"638\" \/>\n\t<meta property=\"og:image:height\" content=\"800\" \/>\n\t<meta property=\"og:image:type\" content=\"image\/jpeg\" \/>\n<meta name=\"twitter:card\" content=\"summary_large_image\" \/>\n<meta name=\"twitter:label1\" content=\"Gesch\u00e4tzte Lesezeit\" \/>\n\t<meta name=\"twitter:data1\" content=\"1\u00a0Minute\" \/>\n<script type=\"application\/ld+json\" class=\"yoast-schema-graph\">{\"@context\":\"https:\/\/schema.org\",\"@graph\":[{\"@type\":\"WebPage\",\"@id\":\"https:\/\/solar-motors.com\/de\/produkt\/set-jun-box-60x40x20cm-w-mppt-charger-15a-sla-batx2-fuses-switch-on-nano-f-wlm-lora-433mhz-1323-004\/\",\"url\":\"https:\/\/solar-motors.com\/de\/produkt\/set-jun-box-60x40x20cm-w-mppt-charger-15a-sla-batx2-fuses-switch-on-nano-f-wlm-lora-433mhz-1323-004\/\",\"name\":\"Set Jun. Box 60x40x20cm mit MPPT-Ladeger\u00e4t 15A \/ SLA BATx2 \/ SICHERUNGEN \/ EINSCHALTER \/ NANO-F \/ WLM LORA 433MHZ - 1323-004 - Solar Motors\",\"isPartOf\":{\"@id\":\"https:\/\/solar-motors.com\/de\/#website\"},\"primaryImageOfPage\":{\"@id\":\"https:\/\/solar-motors.com\/de\/produkt\/set-jun-box-60x40x20cm-w-mppt-charger-15a-sla-batx2-fuses-switch-on-nano-f-wlm-lora-433mhz-1323-004\/#primaryimage\"},\"image\":{\"@id\":\"https:\/\/solar-motors.com\/de\/produkt\/set-jun-box-60x40x20cm-w-mppt-charger-15a-sla-batx2-fuses-switch-on-nano-f-wlm-lora-433mhz-1323-004\/#primaryimage\"},\"thumbnailUrl\":\"https:\/\/solar-motors.com\/wp-content\/uploads\/2023\/03\/A_AB290A52_JBOXSET62DMPPTB2DNFW.jpg\",\"datePublished\":\"2023-03-06T12:28:00+00:00\",\"dateModified\":\"2023-08-25T08:04:59+00:00\",\"breadcrumb\":{\"@id\":\"https:\/\/solar-motors.com\/de\/produkt\/set-jun-box-60x40x20cm-w-mppt-charger-15a-sla-batx2-fuses-switch-on-nano-f-wlm-lora-433mhz-1323-004\/#breadcrumb\"},\"inLanguage\":\"de\",\"potentialAction\":[{\"@type\":\"ReadAction\",\"target\":[\"https:\/\/solar-motors.com\/de\/produkt\/set-jun-box-60x40x20cm-w-mppt-charger-15a-sla-batx2-fuses-switch-on-nano-f-wlm-lora-433mhz-1323-004\/\"]}]},{\"@type\":\"ImageObject\",\"inLanguage\":\"de\",\"@id\":\"https:\/\/solar-motors.com\/de\/produkt\/set-jun-box-60x40x20cm-w-mppt-charger-15a-sla-batx2-fuses-switch-on-nano-f-wlm-lora-433mhz-1323-004\/#primaryimage\",\"url\":\"https:\/\/solar-motors.com\/wp-content\/uploads\/2023\/03\/A_AB290A52_JBOXSET62DMPPTB2DNFW.jpg\",\"contentUrl\":\"https:\/\/solar-motors.com\/wp-content\/uploads\/2023\/03\/A_AB290A52_JBOXSET62DMPPTB2DNFW.jpg\",\"width\":638,\"height\":800},{\"@type\":\"BreadcrumbList\",\"@id\":\"https:\/\/solar-motors.com\/de\/produkt\/set-jun-box-60x40x20cm-w-mppt-charger-15a-sla-batx2-fuses-switch-on-nano-f-wlm-lora-433mhz-1323-004\/#breadcrumb\",\"itemListElement\":[{\"@type\":\"ListItem\",\"position\":1,\"name\":\"Home\",\"item\":\"https:\/\/solar-motors.com\/de\/\"},{\"@type\":\"ListItem\",\"position\":2,\"name\":\"Shop\",\"item\":\"https:\/\/solar-motors.com\/shop\/\"},{\"@type\":\"ListItem\",\"position\":3,\"name\":\"Set Jun. Box 60x40x20cm mit MPPT-Ladeger\u00e4t 15A \/ SLA BATx2 \/ SICHERUNGEN \/ EINSCHALTER \/ NANO-F \/ WLM LORA 433MHZ &#8211; 1323-004\"}]},{\"@type\":\"WebSite\",\"@id\":\"https:\/\/solar-motors.com\/de\/#website\",\"url\":\"https:\/\/solar-motors.com\/de\/\",\"name\":\"Solar Motors\",\"description\":\"Dependable Sun Tracking Systems Since 2005\",\"potentialAction\":[{\"@type\":\"SearchAction\",\"target\":{\"@type\":\"EntryPoint\",\"urlTemplate\":\"https:\/\/solar-motors.com\/de\/?s={search_term_string}\"},\"query-input\":{\"@type\":\"PropertyValueSpecification\",\"valueRequired\":true,\"valueName\":\"search_term_string\"}}],\"inLanguage\":\"de\"}]}<\/script>\n<!-- \/ Yoast SEO plugin. -->","yoast_head_json":{"title":"Set Jun. Box 60x40x20cm mit MPPT-Ladeger\u00e4t 15A \/ SLA BATx2 \/ SICHERUNGEN \/ EINSCHALTER \/ NANO-F \/ WLM LORA 433MHZ - 1323-004 - Solar Motors","robots":{"index":"index","follow":"follow","max-snippet":"max-snippet:-1","max-image-preview":"max-image-preview:large","max-video-preview":"max-video-preview:-1"},"canonical":"https:\/\/solar-motors.com\/de\/produkt\/set-jun-box-60x40x20cm-w-mppt-charger-15a-sla-batx2-fuses-switch-on-nano-f-wlm-lora-433mhz-1323-004\/","og_locale":"de_DE","og_type":"article","og_title":"Set Jun. Box 60x40x20cm mit MPPT-Ladeger\u00e4t 15A \/ SLA BATx2 \/ SICHERUNGEN \/ EINSCHALTER \/ NANO-F \/ WLM LORA 433MHZ - 1323-004 - Solar Motors","og_description":"Junction Box (j-box) Set","og_url":"https:\/\/solar-motors.com\/de\/produkt\/set-jun-box-60x40x20cm-w-mppt-charger-15a-sla-batx2-fuses-switch-on-nano-f-wlm-lora-433mhz-1323-004\/","og_site_name":"Solar Motors","article_modified_time":"2023-08-25T08:04:59+00:00","og_image":[{"width":638,"height":800,"url":"https:\/\/solar-motors.com\/wp-content\/uploads\/2023\/03\/A_AB290A52_JBOXSET62DMPPTB2DNFW.jpg","type":"image\/jpeg"}],"twitter_card":"summary_large_image","twitter_misc":{"Gesch\u00e4tzte Lesezeit":"1\u00a0Minute"},"schema":{"@context":"https:\/\/schema.org","@graph":[{"@type":"WebPage","@id":"https:\/\/solar-motors.com\/de\/produkt\/set-jun-box-60x40x20cm-w-mppt-charger-15a-sla-batx2-fuses-switch-on-nano-f-wlm-lora-433mhz-1323-004\/","url":"https:\/\/solar-motors.com\/de\/produkt\/set-jun-box-60x40x20cm-w-mppt-charger-15a-sla-batx2-fuses-switch-on-nano-f-wlm-lora-433mhz-1323-004\/","name":"Set Jun. Box 60x40x20cm mit MPPT-Ladeger\u00e4t 15A \/ SLA BATx2 \/ SICHERUNGEN \/ EINSCHALTER \/ NANO-F \/ WLM LORA 433MHZ - 1323-004 - Solar Motors","isPartOf":{"@id":"https:\/\/solar-motors.com\/de\/#website"},"primaryImageOfPage":{"@id":"https:\/\/solar-motors.com\/de\/produkt\/set-jun-box-60x40x20cm-w-mppt-charger-15a-sla-batx2-fuses-switch-on-nano-f-wlm-lora-433mhz-1323-004\/#primaryimage"},"image":{"@id":"https:\/\/solar-motors.com\/de\/produkt\/set-jun-box-60x40x20cm-w-mppt-charger-15a-sla-batx2-fuses-switch-on-nano-f-wlm-lora-433mhz-1323-004\/#primaryimage"},"thumbnailUrl":"https:\/\/solar-motors.com\/wp-content\/uploads\/2023\/03\/A_AB290A52_JBOXSET62DMPPTB2DNFW.jpg","datePublished":"2023-03-06T12:28:00+00:00","dateModified":"2023-08-25T08:04:59+00:00","breadcrumb":{"@id":"https:\/\/solar-motors.com\/de\/produkt\/set-jun-box-60x40x20cm-w-mppt-charger-15a-sla-batx2-fuses-switch-on-nano-f-wlm-lora-433mhz-1323-004\/#breadcrumb"},"inLanguage":"de","potentialAction":[{"@type":"ReadAction","target":["https:\/\/solar-motors.com\/de\/produkt\/set-jun-box-60x40x20cm-w-mppt-charger-15a-sla-batx2-fuses-switch-on-nano-f-wlm-lora-433mhz-1323-004\/"]}]},{"@type":"ImageObject","inLanguage":"de","@id":"https:\/\/solar-motors.com\/de\/produkt\/set-jun-box-60x40x20cm-w-mppt-charger-15a-sla-batx2-fuses-switch-on-nano-f-wlm-lora-433mhz-1323-004\/#primaryimage","url":"https:\/\/solar-motors.com\/wp-content\/uploads\/2023\/03\/A_AB290A52_JBOXSET62DMPPTB2DNFW.jpg","contentUrl":"https:\/\/solar-motors.com\/wp-content\/uploads\/2023\/03\/A_AB290A52_JBOXSET62DMPPTB2DNFW.jpg","width":638,"height":800},{"@type":"BreadcrumbList","@id":"https:\/\/solar-motors.com\/de\/produkt\/set-jun-box-60x40x20cm-w-mppt-charger-15a-sla-batx2-fuses-switch-on-nano-f-wlm-lora-433mhz-1323-004\/#breadcrumb","itemListElement":[{"@type":"ListItem","position":1,"name":"Home","item":"https:\/\/solar-motors.com\/de\/"},{"@type":"ListItem","position":2,"name":"Shop","item":"https:\/\/solar-motors.com\/shop\/"},{"@type":"ListItem","position":3,"name":"Set Jun. Box 60x40x20cm mit MPPT-Ladeger\u00e4t 15A \/ SLA BATx2 \/ SICHERUNGEN \/ EINSCHALTER \/ NANO-F \/ WLM LORA 433MHZ &#8211; 1323-004"}]},{"@type":"WebSite","@id":"https:\/\/solar-motors.com\/de\/#website","url":"https:\/\/solar-motors.com\/de\/","name":"Solar Motors","description":"Dependable Sun Tracking Systems Since 2005","potentialAction":[{"@type":"SearchAction","target":{"@type":"EntryPoint","urlTemplate":"https:\/\/solar-motors.com\/de\/?s={search_term_string}"},"query-input":{"@type":"PropertyValueSpecification","valueRequired":true,"valueName":"search_term_string"}}],"inLanguage":"de"}]}},"_links":{"self":[{"href":"https:\/\/solar-motors.com\/de\/wp-json\/wp\/v2\/product\/7445","targetHints":{"allow":["GET"]}}],"collection":[{"href":"https:\/\/solar-motors.com\/de\/wp-json\/wp\/v2\/product"}],"about":[{"href":"https:\/\/solar-motors.com\/de\/wp-json\/wp\/v2\/types\/product"}],"replies":[{"embeddable":true,"href":"https:\/\/solar-motors.com\/de\/wp-json\/wp\/v2\/comments?post=7445"}],"wp:featuredmedia":[{"embeddable":true,"href":"https:\/\/solar-motors.com\/de\/wp-json\/wp\/v2\/media\/5841"}],"wp:attachment":[{"href":"https:\/\/solar-motors.com\/de\/wp-json\/wp\/v2\/media?parent=7445"}],"wp:term":[{"taxonomy":"product_brand","embeddable":true,"href":"https:\/\/solar-motors.com\/de\/wp-json\/wp\/v2\/product_brand?post=7445"},{"taxonomy":"product_cat","embeddable":true,"href":"https:\/\/solar-motors.com\/de\/wp-json\/wp\/v2\/product_cat?post=7445"},{"taxonomy":"product_tag","embeddable":true,"href":"https:\/\/solar-motors.com\/de\/wp-json\/wp\/v2\/product_tag?post=7445"}],"curies":[{"name":"wp","href":"https:\/\/api.w.org\/{rel}","templated":true}]}}