{"id":7447,"date":"2023-03-06T13:27:58","date_gmt":"2023-03-06T12:27:58","guid":{"rendered":"https:\/\/solar-motors.com\/product\/erweiterungsfilterplatine-fuer-nano-d-micro-d-asm-tiv51a\/"},"modified":"2023-08-25T10:05:02","modified_gmt":"2023-08-25T08:05:02","slug":"extension-filter-board-for-nano-d-micro-d-asm-tiv51a","status":"publish","type":"product","link":"https:\/\/solar-motors.com\/de\/produkt\/extension-filter-board-for-nano-d-micro-d-asm-tiv51a\/","title":{"rendered":"Erweiterungsfilterplatine f\u00fcr NANO-D, MICRO-D, asm TIV51A"},"content":{"rendered":"<\/p>\n<table width=\"393\" bordercolor=\"#f5821f\" style=\"border: 1px dotted rgb(191, 191, 191);\" dir=\"LTR\" border=\"1\" cellspacing=\"0\">\n<tbody>\n<tr>\n<td height=\"4\" valign=\"TOP\" style=\"border: 1px dotted rgb(191, 191, 191);\" bgcolor=\"#f5821f\" colspan=\"2\"><b>Technische F\u00e4higkeiten<\/b><\/td>\n<\/tr>\n<tr>\n<td height=\"4\" valign=\"TOP\" style=\"border: 1px dotted rgb(191, 191, 191);\" bgcolor=\"#008bcd\" colspan=\"2\"> <b>Erweiterungsfilterplatine f\u00fcr MICRO-D, NANO-D, asm TIV51A<\/b><\/td>\n<\/tr>\n<tr>\n<td width=\"50%\" height=\"4\" valign=\"TOP\" style=\"border: 1px dotted rgb(191, 191, 191);\" bgcolor=\"#ffffff\"> Zum Gebrauch mit<\/td>\n<td width=\"50%\" height=\"4\" valign=\"TOP\" style=\"border: 1px dotted rgb(191, 191, 191);\" bgcolor=\"#ffffff\"> MICRO-D, NANO-D<\/td>\n<\/tr>\n<tr>\n<td width=\"50%\" height=\"4\" valign=\"TOP\" style=\"border: 1px dotted rgb(191, 191, 191);\" bgcolor=\"#a3a6aa\"> Stromspannung<\/td>\n<td width=\"50%\" height=\"4\" valign=\"TOP\" style=\"border: 1px dotted rgb(191, 191, 191);\" bgcolor=\"#a3a6aa\"> 24VDC<\/td>\n<\/tr>\n<tr>\n<td width=\"50%\" height=\"4\" valign=\"TOP\" style=\"border: 1px dotted rgb(191, 191, 191);\" bgcolor=\"#ffffff\"> Strom (Nennwert)<\/td>\n<td width=\"50%\" height=\"4\" valign=\"TOP\" style=\"border: 1px dotted rgb(191, 191, 191);\" bgcolor=\"#ffffff\"> 5A<\/td>\n<\/tr>\n<tr>\n<td width=\"50%\" height=\"4\" valign=\"TOP\" style=\"border: 1px dotted rgb(191, 191, 191);\" bgcolor=\"#a3a6aa\"> Verbinder<\/td>\n<td width=\"50%\" height=\"4\" valign=\"TOP\" style=\"border: 1px dotted rgb(191, 191, 191);\" bgcolor=\"#a3a6aa\"> 8 pins\/8 pins\/m\u00e4nnlich\/weiblich<\/td>\n<\/tr>\n<tr>\n<td width=\"50%\" height=\"4\" valign=\"TOP\" style=\"border: 1px dotted rgb(191, 191, 191);\" bgcolor=\"#ffffff\"> Nein. von Hallsignalen<\/td>\n<td width=\"50%\" height=\"4\" valign=\"TOP\" style=\"border: 1px dotted rgb(191, 191, 191);\" bgcolor=\"#ffffff\">  2<\/td>\n<\/tr>\n<tr>\n<td width=\"50%\" height=\"4\" valign=\"TOP\" style=\"border: 1px dotted rgb(191, 191, 191);\" bgcolor=\"#a3a6aa\"> Art der Konvertierung<\/td>\n<td width=\"50%\" height=\"4\" valign=\"TOP\" style=\"border: 1px dotted rgb(191, 191, 191);\" bgcolor=\"#a3a6aa\"> Schmidt trigger<\/td>\n<\/tr>\n<tr>\n<td width=\"50%\" height=\"4\" valign=\"TOP\" style=\"border: 1px dotted rgb(191, 191, 191);\" bgcolor=\"#ffffff\"> Trigger-Ein\/Aus-Hysteresespannung<\/td>\n<td width=\"50%\" height=\"4\" valign=\"TOP\" style=\"border: 1px dotted rgb(191, 191, 191);\" bgcolor=\"#ffffff\"> 12V\/8V<\/td>\n<\/tr>\n<tr>\n<td height=\"4\" valign=\"TOP\" style=\"border: 1px dotted rgb(191, 191, 191);\" bgcolor=\"#008bcd\" colspan=\"2\"> <b>Gr\u00f6\u00dfe<\/b><\/td>\n<\/tr>\n<tr>\n<td width=\"50%\" height=\"4\" valign=\"TOP\" style=\"border: 1px dotted rgb(191, 191, 191);\" bgcolor=\"#a3a6aa\"> Einzelpackungsgr\u00f6\u00dfe<\/td>\n<td width=\"50%\" height=\"4\" valign=\"TOP\" style=\"border: 1px dotted rgb(191, 191, 191);\" bgcolor=\"#a3a6aa\"> 35X29X11 mm<\/td>\n<\/tr>\n<tr>\n<td width=\"50%\" height=\"4\" valign=\"TOP\" style=\"border: 1px dotted rgb(191, 191, 191);\" bgcolor=\"#ffffff\"> Einzelnes Bruttogewicht<\/td>\n<td width=\"50%\" height=\"4\" valign=\"TOP\" style=\"border: 1px dotted rgb(191, 191, 191);\" bgcolor=\"#ffffff\"> 0.016 kg<\/td>\n<\/tr>\n<\/tbody>\n<\/table>\n<table width=\"472\" bordercolor=\"#f5821f\" style=\"border: 1px dotted rgb(191, 191, 191);\" dir=\"LTR\" border=\"1\" cellspacing=\"0\">\n<tbody>\n<tr>\n<td height=\"4\" valign=\"TOP\" style=\"border: 1px dotted rgb(191, 191, 191);\" bgcolor=\"#f5821f\" colspan=\"2\">\n<p align=\"LEFT\" dir=\"LTR\"><strong>Technische Datenbl\u00e4tter<\/strong><\/p>\n<\/td>\n<\/tr>\n<tr>\n<td width=\"73%\" height=\"4\" valign=\"TOP\" style=\"border: 1px dotted rgb(191, 191, 191);\" bgcolor=\"#ffffff\">Englische Brosch\u00fcre im PDF-Format mittlerer Aufl\u00f6sung<\/td>\n<td width=\"27%\" height=\"4\" valign=\"TOP\" style=\"border: 1px dotted rgb(191, 191, 191);\" bgcolor=\"#ffffff\"><a href=\"\/wp-content\/uploads\/files-old\/extension_filterr_board_MR.pdf\" target=\"_blank\" rel=\"noopener\">Herunterladen<\/a><\/td>\n<\/tr>\n<tr>\n<td width=\"73%\" height=\"4\" valign=\"TOP\" style=\"border: 1px dotted rgb(191, 191, 191);\" bgcolor=\"#a3a6aa\">Englische Brosch\u00fcre im PDF-Format mit niedriger Aufl\u00f6sung<\/td>\n<td width=\"27%\" height=\"4\" valign=\"TOP\" style=\"border: 1px dotted rgb(191, 191, 191);\" bgcolor=\"#a3a6aa\"><a href=\"\/wp-content\/uploads\/files-old\/extension_filterr_board_LR.pdf\" target=\"_blank\" rel=\"noopener\">Herunterladen<\/a><\/td>\n<\/tr>\n<\/tbody>\n<\/table>\n","protected":false},"excerpt":{"rendered":"<p>Die Erweiterungsfilterplatine ist eine Erweiterungsplatine f\u00fcr das NANO-D- oder MICRO-D-Positionierungsmodul, die dazu dient, die Hallsignale des Encoders zus\u00e4tzlich zu filtern und das Signal von chinesischen Motoren schlechter Qualit\u00e4t zu verst\u00e4rken, damit das schlechte Signal nicht wie falsch positive Signale eingeht hatte im Gegenzug die falsche Z\u00e4hlung. Mit dieser Platine ist die Z\u00e4hlung sehr, sehr zuverl\u00e4ssig und die Z\u00e4hlung des Stellungsreglers ist genau und 100 % sicher.<\/p>\n<p>Die Montage ist einfach: Ziehen Sie einfach den Kabelstecker vom Positionierermodul ab, stecken Sie diese Platine dazwischen und stecken Sie den Stecker dann wieder in diese Platine.<\/p>\n","protected":false},"featured_media":5835,"comment_status":"open","ping_status":"closed","template":"","meta":{"inline_featured_image":false},"product_brand":[],"product_cat":[804,805,778],"product_tag":[],"class_list":{"0":"post-7447","1":"product","2":"type-product","3":"status-publish","4":"has-post-thumbnail","6":"product_cat-solar-plc-regler","7":"product_cat-solar-plc-regler-de","8":"product_cat-zubehor","10":"first","11":"instock","12":"taxable","13":"shipping-taxable","14":"purchasable","15":"product-type-simple"},"yoast_head":"<!-- This site is optimized with the Yoast SEO plugin v26.5 - https:\/\/yoast.com\/wordpress\/plugins\/seo\/ -->\n<title>Erweiterungsfilterplatine f\u00fcr NANO-D, MICRO-D, asm TIV51A - Solar Motors<\/title>\n<meta name=\"robots\" content=\"index, follow, max-snippet:-1, max-image-preview:large, max-video-preview:-1\" \/>\n<link rel=\"canonical\" href=\"https:\/\/solar-motors.com\/de\/produkt\/extension-filter-board-for-nano-d-micro-d-asm-tiv51a\/\" \/>\n<meta property=\"og:locale\" content=\"de_DE\" \/>\n<meta property=\"og:type\" content=\"article\" \/>\n<meta property=\"og:title\" content=\"Erweiterungsfilterplatine f\u00fcr NANO-D, MICRO-D, asm TIV51A - Solar Motors\" \/>\n<meta property=\"og:description\" content=\"Die Erweiterungsfilterplatine ist eine Erweiterungsplatine f\u00fcr das NANO-D- oder MICRO-D-Positionierungsmodul, die dazu dient, die Hallsignale des Encoders zus\u00e4tzlich zu filtern und das Signal von chinesischen Motoren schlechter Qualit\u00e4t zu verst\u00e4rken, damit das schlechte Signal nicht wie falsch positive Signale eingeht hatte im Gegenzug die falsche Z\u00e4hlung. Mit dieser Platine ist die Z\u00e4hlung sehr, sehr zuverl\u00e4ssig und die Z\u00e4hlung des Stellungsreglers ist genau und 100 % sicher. Die Montage ist einfach: Ziehen Sie einfach den Kabelstecker vom Positionierermodul ab, stecken Sie diese Platine dazwischen und stecken Sie den Stecker dann wieder in diese Platine.\" \/>\n<meta property=\"og:url\" content=\"https:\/\/solar-motors.com\/de\/produkt\/extension-filter-board-for-nano-d-micro-d-asm-tiv51a\/\" \/>\n<meta property=\"og:site_name\" content=\"Solar Motors\" \/>\n<meta property=\"article:modified_time\" content=\"2023-08-25T08:05:02+00:00\" \/>\n<meta property=\"og:image\" content=\"https:\/\/solar-motors.com\/wp-content\/uploads\/2023\/03\/A_FC9671B1_extension20filter20board.jpg\" \/>\n\t<meta property=\"og:image:width\" content=\"663\" \/>\n\t<meta property=\"og:image:height\" content=\"800\" \/>\n\t<meta property=\"og:image:type\" content=\"image\/jpeg\" \/>\n<meta name=\"twitter:card\" content=\"summary_large_image\" \/>\n<script type=\"application\/ld+json\" class=\"yoast-schema-graph\">{\"@context\":\"https:\/\/schema.org\",\"@graph\":[{\"@type\":\"WebPage\",\"@id\":\"https:\/\/solar-motors.com\/de\/produkt\/extension-filter-board-for-nano-d-micro-d-asm-tiv51a\/\",\"url\":\"https:\/\/solar-motors.com\/de\/produkt\/extension-filter-board-for-nano-d-micro-d-asm-tiv51a\/\",\"name\":\"Erweiterungsfilterplatine f\u00fcr NANO-D, MICRO-D, asm TIV51A - Solar Motors\",\"isPartOf\":{\"@id\":\"https:\/\/solar-motors.com\/de\/#website\"},\"primaryImageOfPage\":{\"@id\":\"https:\/\/solar-motors.com\/de\/produkt\/extension-filter-board-for-nano-d-micro-d-asm-tiv51a\/#primaryimage\"},\"image\":{\"@id\":\"https:\/\/solar-motors.com\/de\/produkt\/extension-filter-board-for-nano-d-micro-d-asm-tiv51a\/#primaryimage\"},\"thumbnailUrl\":\"https:\/\/solar-motors.com\/wp-content\/uploads\/2023\/03\/A_FC9671B1_extension20filter20board.jpg\",\"datePublished\":\"2023-03-06T12:27:58+00:00\",\"dateModified\":\"2023-08-25T08:05:02+00:00\",\"breadcrumb\":{\"@id\":\"https:\/\/solar-motors.com\/de\/produkt\/extension-filter-board-for-nano-d-micro-d-asm-tiv51a\/#breadcrumb\"},\"inLanguage\":\"de\",\"potentialAction\":[{\"@type\":\"ReadAction\",\"target\":[\"https:\/\/solar-motors.com\/de\/produkt\/extension-filter-board-for-nano-d-micro-d-asm-tiv51a\/\"]}]},{\"@type\":\"ImageObject\",\"inLanguage\":\"de\",\"@id\":\"https:\/\/solar-motors.com\/de\/produkt\/extension-filter-board-for-nano-d-micro-d-asm-tiv51a\/#primaryimage\",\"url\":\"https:\/\/solar-motors.com\/wp-content\/uploads\/2023\/03\/A_FC9671B1_extension20filter20board.jpg\",\"contentUrl\":\"https:\/\/solar-motors.com\/wp-content\/uploads\/2023\/03\/A_FC9671B1_extension20filter20board.jpg\",\"width\":663,\"height\":800},{\"@type\":\"BreadcrumbList\",\"@id\":\"https:\/\/solar-motors.com\/de\/produkt\/extension-filter-board-for-nano-d-micro-d-asm-tiv51a\/#breadcrumb\",\"itemListElement\":[{\"@type\":\"ListItem\",\"position\":1,\"name\":\"Home\",\"item\":\"https:\/\/solar-motors.com\/de\/\"},{\"@type\":\"ListItem\",\"position\":2,\"name\":\"Shop\",\"item\":\"https:\/\/solar-motors.com\/shop\/\"},{\"@type\":\"ListItem\",\"position\":3,\"name\":\"Erweiterungsfilterplatine f\u00fcr NANO-D, MICRO-D, asm TIV51A\"}]},{\"@type\":\"WebSite\",\"@id\":\"https:\/\/solar-motors.com\/de\/#website\",\"url\":\"https:\/\/solar-motors.com\/de\/\",\"name\":\"Solar Motors\",\"description\":\"Dependable Sun Tracking Systems Since 2005\",\"potentialAction\":[{\"@type\":\"SearchAction\",\"target\":{\"@type\":\"EntryPoint\",\"urlTemplate\":\"https:\/\/solar-motors.com\/de\/?s={search_term_string}\"},\"query-input\":{\"@type\":\"PropertyValueSpecification\",\"valueRequired\":true,\"valueName\":\"search_term_string\"}}],\"inLanguage\":\"de\"}]}<\/script>\n<!-- \/ Yoast SEO plugin. -->","yoast_head_json":{"title":"Erweiterungsfilterplatine f\u00fcr NANO-D, MICRO-D, asm TIV51A - Solar Motors","robots":{"index":"index","follow":"follow","max-snippet":"max-snippet:-1","max-image-preview":"max-image-preview:large","max-video-preview":"max-video-preview:-1"},"canonical":"https:\/\/solar-motors.com\/de\/produkt\/extension-filter-board-for-nano-d-micro-d-asm-tiv51a\/","og_locale":"de_DE","og_type":"article","og_title":"Erweiterungsfilterplatine f\u00fcr NANO-D, MICRO-D, asm TIV51A - Solar Motors","og_description":"Die Erweiterungsfilterplatine ist eine Erweiterungsplatine f\u00fcr das NANO-D- oder MICRO-D-Positionierungsmodul, die dazu dient, die Hallsignale des Encoders zus\u00e4tzlich zu filtern und das Signal von chinesischen Motoren schlechter Qualit\u00e4t zu verst\u00e4rken, damit das schlechte Signal nicht wie falsch positive Signale eingeht hatte im Gegenzug die falsche Z\u00e4hlung. Mit dieser Platine ist die Z\u00e4hlung sehr, sehr zuverl\u00e4ssig und die Z\u00e4hlung des Stellungsreglers ist genau und 100 % sicher. Die Montage ist einfach: Ziehen Sie einfach den Kabelstecker vom Positionierermodul ab, stecken Sie diese Platine dazwischen und stecken Sie den Stecker dann wieder in diese Platine.","og_url":"https:\/\/solar-motors.com\/de\/produkt\/extension-filter-board-for-nano-d-micro-d-asm-tiv51a\/","og_site_name":"Solar Motors","article_modified_time":"2023-08-25T08:05:02+00:00","og_image":[{"width":663,"height":800,"url":"https:\/\/solar-motors.com\/wp-content\/uploads\/2023\/03\/A_FC9671B1_extension20filter20board.jpg","type":"image\/jpeg"}],"twitter_card":"summary_large_image","schema":{"@context":"https:\/\/schema.org","@graph":[{"@type":"WebPage","@id":"https:\/\/solar-motors.com\/de\/produkt\/extension-filter-board-for-nano-d-micro-d-asm-tiv51a\/","url":"https:\/\/solar-motors.com\/de\/produkt\/extension-filter-board-for-nano-d-micro-d-asm-tiv51a\/","name":"Erweiterungsfilterplatine f\u00fcr NANO-D, MICRO-D, asm TIV51A - Solar Motors","isPartOf":{"@id":"https:\/\/solar-motors.com\/de\/#website"},"primaryImageOfPage":{"@id":"https:\/\/solar-motors.com\/de\/produkt\/extension-filter-board-for-nano-d-micro-d-asm-tiv51a\/#primaryimage"},"image":{"@id":"https:\/\/solar-motors.com\/de\/produkt\/extension-filter-board-for-nano-d-micro-d-asm-tiv51a\/#primaryimage"},"thumbnailUrl":"https:\/\/solar-motors.com\/wp-content\/uploads\/2023\/03\/A_FC9671B1_extension20filter20board.jpg","datePublished":"2023-03-06T12:27:58+00:00","dateModified":"2023-08-25T08:05:02+00:00","breadcrumb":{"@id":"https:\/\/solar-motors.com\/de\/produkt\/extension-filter-board-for-nano-d-micro-d-asm-tiv51a\/#breadcrumb"},"inLanguage":"de","potentialAction":[{"@type":"ReadAction","target":["https:\/\/solar-motors.com\/de\/produkt\/extension-filter-board-for-nano-d-micro-d-asm-tiv51a\/"]}]},{"@type":"ImageObject","inLanguage":"de","@id":"https:\/\/solar-motors.com\/de\/produkt\/extension-filter-board-for-nano-d-micro-d-asm-tiv51a\/#primaryimage","url":"https:\/\/solar-motors.com\/wp-content\/uploads\/2023\/03\/A_FC9671B1_extension20filter20board.jpg","contentUrl":"https:\/\/solar-motors.com\/wp-content\/uploads\/2023\/03\/A_FC9671B1_extension20filter20board.jpg","width":663,"height":800},{"@type":"BreadcrumbList","@id":"https:\/\/solar-motors.com\/de\/produkt\/extension-filter-board-for-nano-d-micro-d-asm-tiv51a\/#breadcrumb","itemListElement":[{"@type":"ListItem","position":1,"name":"Home","item":"https:\/\/solar-motors.com\/de\/"},{"@type":"ListItem","position":2,"name":"Shop","item":"https:\/\/solar-motors.com\/shop\/"},{"@type":"ListItem","position":3,"name":"Erweiterungsfilterplatine f\u00fcr NANO-D, MICRO-D, asm TIV51A"}]},{"@type":"WebSite","@id":"https:\/\/solar-motors.com\/de\/#website","url":"https:\/\/solar-motors.com\/de\/","name":"Solar Motors","description":"Dependable Sun Tracking Systems Since 2005","potentialAction":[{"@type":"SearchAction","target":{"@type":"EntryPoint","urlTemplate":"https:\/\/solar-motors.com\/de\/?s={search_term_string}"},"query-input":{"@type":"PropertyValueSpecification","valueRequired":true,"valueName":"search_term_string"}}],"inLanguage":"de"}]}},"_links":{"self":[{"href":"https:\/\/solar-motors.com\/de\/wp-json\/wp\/v2\/product\/7447","targetHints":{"allow":["GET"]}}],"collection":[{"href":"https:\/\/solar-motors.com\/de\/wp-json\/wp\/v2\/product"}],"about":[{"href":"https:\/\/solar-motors.com\/de\/wp-json\/wp\/v2\/types\/product"}],"replies":[{"embeddable":true,"href":"https:\/\/solar-motors.com\/de\/wp-json\/wp\/v2\/comments?post=7447"}],"wp:featuredmedia":[{"embeddable":true,"href":"https:\/\/solar-motors.com\/de\/wp-json\/wp\/v2\/media\/5835"}],"wp:attachment":[{"href":"https:\/\/solar-motors.com\/de\/wp-json\/wp\/v2\/media?parent=7447"}],"wp:term":[{"taxonomy":"product_brand","embeddable":true,"href":"https:\/\/solar-motors.com\/de\/wp-json\/wp\/v2\/product_brand?post=7447"},{"taxonomy":"product_cat","embeddable":true,"href":"https:\/\/solar-motors.com\/de\/wp-json\/wp\/v2\/product_cat?post=7447"},{"taxonomy":"product_tag","embeddable":true,"href":"https:\/\/solar-motors.com\/de\/wp-json\/wp\/v2\/product_tag?post=7447"}],"curies":[{"name":"wp","href":"https:\/\/api.w.org\/{rel}","templated":true}]}}