{"id":7455,"date":"2023-03-06T13:27:55","date_gmt":"2023-03-06T12:27:55","guid":{"rendered":"https:\/\/solar-motors.com\/product\/lora-rf-txrx-modul-433mhz-20dbm-lora-01-tiv50\/"},"modified":"2023-03-06T13:27:55","modified_gmt":"2023-03-06T12:27:55","slug":"lora-rf-txrx-modul-433mhz-20dbm-lora-01-tiv50","status":"publish","type":"product","link":"https:\/\/solar-motors.com\/de\/produkt\/lora-rf-txrx-modul-433mhz-20dbm-lora-01-tiv50\/","title":{"rendered":"Lora RF TXRX MODUL 433MHz 20dBm LoRa-01, TIV50,"},"content":{"rendered":"<p align=\"LEFT\" dir=\"LTR\"><strong>\u00dcberblick<\/strong><\/p>\n<p align=\"JUSTIFY\" dir=\"LTR\">Professionell<br \/>? Antrieb und Positionierung von ein- oder zweiachsigen Solartrackern<br \/>? Verwendbar mit ein- bis vierachsigen Trackern<br \/>? Integration von Sat-Control-Ger\u00e4ten in bestehende Kontrollraumtechnik mit RS485-, LoRa- oder ZigBee-Kommunikation<\/p>\n<p><b> <\/b><\/p>\n<p align=\"LEFT\" dir=\"LTR\">Flexibel<\/p>\n<p align=\"LEFT\" dir=\"LTR\">? Datenschnittstelle gem\u00e4\u00df den Kommunikationsstandards im Bereich der Automatisierungstechnik mit der M\u00f6glichkeit zur \u00c4nderung der Kommunikation<br \/>? Einfache und schnelle Installation, hohe Zuverl\u00e4ssigkeit<\/p>\n<p><b> <\/b><\/p>\n<p align=\"LEFT\" dir=\"LTR\">Zuverl\u00e4ssig<\/p>\n<p align=\"LEFT\" dir=\"LTR\">? Erf\u00fcllt die Anforderungen der EU-Niederspannungsrichtlinie f\u00fcr das Netzsicherheitsmanagement<\/p>\n<table width=\"680\" bordercolor=\"#f5821f\" style=\"border: 1px dotted rgb(191, 191, 191);\" dir=\"LTR\" border=\"1\" cellspacing=\"0\">\n<tbody>\n<tr>\n<td height=\"4\" valign=\"TOP\" style=\"border: 1px dotted rgb(191, 191, 191);\" bgcolor=\"#f5821f\" colspan=\"2\">\n<p align=\"LEFT\" dir=\"LTR\"><b>Technische F\u00e4higkeiten<\/b><\/p>\n<\/td>\n<\/tr>\n<tr>\n<td width=\"38%\" height=\"4\" valign=\"TOP\" style=\"border: 1px dotted rgb(191, 191, 191);\" bgcolor=\"#a3a6aa\">Kompatibel mit Boards<\/td>\n<td width=\"62%\" height=\"4\" valign=\"TOP\" style=\"border: 1px dotted rgb(191, 191, 191);\" bgcolor=\"#a3a6aa\">NANO-D pozitioner TIV34D-rev.5, LoRa2RS485 Konverter TIV49A, KVARK-F TIV30F<\/td>\n<\/tr>\n<tr>\n<td width=\"38%\" height=\"4\" valign=\"TOP\" style=\"border: 1px dotted rgb(191, 191, 191);\" bgcolor=\"#ffffff\">Frequenz<\/td>\n<td width=\"62%\" height=\"4\" valign=\"TOP\" style=\"border: 1px dotted rgb(191, 191, 191);\" bgcolor=\"#ffffff\">BAND1: 410-525 MHz, BAND2: 862-1020 MHz (optional) Bis zu 100 programmierbare Kan\u00e4le<\/td>\n<\/tr>\n<tr>\n<td width=\"38%\" height=\"4\" valign=\"TOP\" style=\"border: 1px dotted rgb(191, 191, 191);\" bgcolor=\"#a3a6aa\">Ausgangsleistung<\/td>\n<td width=\"62%\" height=\"4\" valign=\"TOP\" style=\"border: 1px dotted rgb(191, 191, 191);\" bgcolor=\"#a3a6aa\">w\u00e4hlbar: 11\u201320 dBm, maximale Ausgangsleistung: 100 mW elektrisch<\/td>\n<\/tr>\n<tr>\n<td width=\"38%\" height=\"4\" valign=\"TOP\" style=\"border: 1px dotted rgb(191, 191, 191);\" bgcolor=\"#ffffff\">Charakteristik <\/td>\n<td width=\"62%\" height=\"4\" valign=\"TOP\" style=\"border: 1px dotted rgb(191, 191, 191);\" bgcolor=\"#ffffff\">Betriebsspannung: 3,3V<\/td>\n<\/tr>\n<tr>\n<td width=\"38%\" height=\"4\" valign=\"TOP\" style=\"border: 1px dotted rgb(191, 191, 191);\" bgcolor=\"#a3a6aa\">Betriebsstrom<\/td>\n<td width=\"62%\" height=\"4\" valign=\"TOP\" style=\"border: 1px dotted rgb(191, 191, 191);\" bgcolor=\"#a3a6aa\">Typisch: 10mA, MAx: 120mA<\/td>\n<\/tr>\n<tr>\n<td width=\"38%\" height=\"4\" valign=\"TOP\" style=\"border: 1px dotted rgb(191, 191, 191);\" bgcolor=\"#ffffff\">Chipset<\/td>\n<td width=\"62%\" height=\"4\" valign=\"TOP\" style=\"border: 1px dotted rgb(191, 191, 191);\" bgcolor=\"#ffffff\">LoRa RA-01 BAND1 SX1278, BAND2 (optional)<\/td>\n<\/tr>\n<tr>\n<td width=\"38%\" height=\"4\" valign=\"TOP\" style=\"border: 1px dotted rgb(191, 191, 191);\" bgcolor=\"#a3a6aa\">Antenna Konnector<\/td>\n<td width=\"62%\" height=\"4\" valign=\"TOP\" style=\"border: 1px dotted rgb(191, 191, 191);\" bgcolor=\"#a3a6aa\">RP-SMA (umgekehrte Polarit\u00e4t \u2013 mittlerer Stift) oder U.FL-Verl\u00e4ngerungskabelanschluss (optional) (optional)<\/td>\n<\/tr>\n<\/tbody>\n<\/table>\n<p align=\"LEFT\" dir=\"LTR\">\n<table width=\"680\" bordercolor=\"#f5821f\" style=\"border: 1px dotted rgb(191, 191, 191);\" dir=\"LTR\" border=\"1\" cellspacing=\"0\">\n<tbody>\n<tr>\n<td height=\"4\" valign=\"TOP\" style=\"border: 1px dotted rgb(191, 191, 191);\" bgcolor=\"#f5821f\" colspan=\"2\"><b><\/b>                                 <\/p>\n<p align=\"LEFT\" dir=\"LTR\"><b>Bestellinformationen f\u00fcr HF-Antennenverl\u00e4ngerungskabel<\/b><\/p>\n<\/td>\n<\/tr>\n<tr>\n<td height=\"4\" valign=\"TOP\" style=\"border: 1px dotted rgb(191, 191, 191);\" bgcolor=\"#a3a6aa\" colspan=\"2\">Koaxkabel LMR 195 mit Anschl. RP-SMA-F\/RP-SMA-M L=0,5M, wassergesch\u00fctzt, UV-stabil<\/td>\n<\/tr>\n<tr>\n<td width=\"38%\" height=\"4\" valign=\"TOP\" style=\"border: 1px dotted rgb(191, 191, 191);\" bgcolor=\"#ffffff\">Code<\/td>\n<td width=\"62%\" height=\"4\" valign=\"TOP\" style=\"border: 1px dotted rgb(191, 191, 191);\" bgcolor=\"#ffffff\">6108<\/td>\n<\/tr>\n<tr>\n<td width=\"38%\" height=\"4\" valign=\"TOP\" style=\"border: 1px dotted rgb(191, 191, 191);\" bgcolor=\"#a3a6aa\">Code 2<\/td>\n<td width=\"62%\" height=\"4\" valign=\"TOP\" style=\"border: 1px dotted rgb(191, 191, 191);\" bgcolor=\"#a3a6aa\">KABLMR195L0.5M<\/td>\n<\/tr>\n<\/tbody>\n<\/table>\n<p align=\"LEFT\" dir=\"LTR\">\n<table width=\"680\" bordercolor=\"#000000\" style=\"border: 1px dotted rgb(191, 191, 191);\" dir=\"LTR\" border=\"1\" cellspacing=\"0\">\n<tbody>\n<tr>\n<td height=\"4\" valign=\"TOP\" style=\"border: 1px dotted rgb(191, 191, 191);\" bgcolor=\"#a3a6aa\" colspan=\"2\">Koaxkabel LMR 195 mit Anschl. RP-SMA-F\/RP-SMA-M L=2,0M, wassergesch\u00fctzt, UV-stabil<\/td>\n<\/tr>\n<tr>\n<td width=\"38%\" height=\"4\" valign=\"TOP\" style=\"border: 1px dotted rgb(191, 191, 191);\" bgcolor=\"#ffffff\">Code<\/td>\n<td width=\"62%\" height=\"4\" valign=\"TOP\" style=\"border: 1px dotted rgb(191, 191, 191);\" bgcolor=\"#ffffff\">6109<\/td>\n<\/tr>\n<tr>\n<td width=\"38%\" height=\"4\" valign=\"TOP\" style=\"border: 1px dotted rgb(191, 191, 191);\" bgcolor=\"#a3a6aa\">Code 2<\/td>\n<td width=\"62%\" height=\"4\" valign=\"TOP\" style=\"border: 1px dotted rgb(191, 191, 191);\" bgcolor=\"#a3a6aa\">KABLMR195L2.0M<\/td>\n<\/tr>\n<\/tbody>\n<\/table>\n<p align=\"LEFT\" dir=\"LTR\"> <a href=\"\/wp-content\/uploads\/files-old\/rf_kabel_05m_LR.pdf\" target=\"_blank\" rel=\"noopener\"> <\/a>    <\/p>\n<table width=\"472\" bordercolor=\"#f5821f\" style=\"border: 1px dotted rgb(191, 191, 191);\" dir=\"LTR\" border=\"1\" cellspacing=\"0\">\n<tbody>\n<tr>\n<td height=\"4\" valign=\"TOP\" style=\"border: 1px dotted rgb(191, 191, 191);\" bgcolor=\"#f5821f\" colspan=\"2\">\n<p align=\"LEFT\" dir=\"LTR\"><strong>Technische Datenbl\u00e4tter<\/strong><\/p>\n<\/td>\n<\/tr>\n<tr>\n<td width=\"73%\" height=\"4\" valign=\"TOP\" style=\"border: 1px dotted rgb(191, 191, 191);\" bgcolor=\"#ffffff\">Englische Brosch\u00fcre im PDF-Format mittlerer Aufl\u00f6sung<\/td>\n<td width=\"27%\" height=\"4\" valign=\"TOP\" style=\"border: 1px dotted rgb(191, 191, 191);\" bgcolor=\"#ffffff\"><a href=\"\/wp-content\/uploads\/files-old\/lora_wirless_modul_MR.pdf\" target=\"_blank\" rel=\"noopener\">Herunterladen<\/a><\/td>\n<\/tr>\n<tr>\n<td width=\"73%\" height=\"4\" valign=\"TOP\" style=\"border: 1px dotted rgb(191, 191, 191);\" bgcolor=\"#a3a6aa\">Englische Brosch\u00fcre im PDF-Format mit niedriger Aufl\u00f6sung<\/td>\n<td width=\"27%\" height=\"4\" valign=\"TOP\" style=\"border: 1px dotted rgb(191, 191, 191);\" bgcolor=\"#a3a6aa\"><a href=\"\/wp-content\/uploads\/files-old\/lora_wirless_modul_LR.pdf\" target=\"_blank\" rel=\"noopener\">Herunterladen<\/a><\/td>\n<\/tr>\n<\/tbody>\n<\/table>\n","protected":false},"excerpt":{"rendered":"<p>Merkmale<br \/>\n\u2022 LoRa\u2122 Spread-Spectrum-Modulationstechnologie<br \/>\n\u2022 Empfangsempfindlichkeit bis zu -141 dBm<br \/>\n\u2022 Hervorragende Blockfestigkeit<br \/>\n\u2022 Unterst\u00fctzt die Pr\u00e4ambelerkennung<br \/>\n\u2022 Unterst\u00fctzt Halbduplex-SPI-Kommunikation<br \/>\n\u2022 Programmierbare Bitrate bis zu 300 Kbit\/s<br \/>\n\u2022 Unterst\u00fctzt die Modulationsmodi FSK, GFSK, MSK, GMSK, LoRa\u2122 und OOK<br \/>\n\u2022 Unterst\u00fctzt automatische HF-Signalerkennung, CAD-Modus und Ultrahochgeschwindigkeits-AFC<br \/>\n\u2022 Pakete mit CRC, bis zu 256 Byte<br \/>\n\u2022 Kleines Paket mit Briefmarken im doppelten Volumen<\/p>\n","protected":false},"featured_media":5829,"comment_status":"open","ping_status":"closed","template":"","meta":{"inline_featured_image":false},"product_brand":[],"product_cat":[1202],"product_tag":[],"class_list":{"0":"post-7455","1":"product","2":"type-product","3":"status-publish","4":"has-post-thumbnail","6":"product_cat-zubehor-fur-solar-sps-steuerungen","8":"first","9":"instock","10":"taxable","11":"shipping-taxable","12":"purchasable","13":"product-type-simple"},"yoast_head":"<!-- This site is optimized with the Yoast SEO plugin v26.5 - https:\/\/yoast.com\/wordpress\/plugins\/seo\/ -->\n<title>Lora RF TXRX MODUL 433MHz 20dBm LoRa-01, TIV50, - Solar Motors<\/title>\n<meta name=\"robots\" content=\"index, follow, max-snippet:-1, max-image-preview:large, max-video-preview:-1\" \/>\n<link rel=\"canonical\" href=\"https:\/\/solar-motors.com\/de\/produkt\/lora-rf-txrx-modul-433mhz-20dbm-lora-01-tiv50\/\" \/>\n<meta property=\"og:locale\" content=\"de_DE\" \/>\n<meta property=\"og:type\" content=\"article\" \/>\n<meta property=\"og:title\" content=\"Lora RF TXRX MODUL 433MHz 20dBm LoRa-01, TIV50, - Solar Motors\" \/>\n<meta property=\"og:description\" content=\"Merkmale \u2022 LoRa\u2122 Spread-Spectrum-Modulationstechnologie \u2022 Empfangsempfindlichkeit bis zu -141 dBm \u2022 Hervorragende Blockfestigkeit \u2022 Unterst\u00fctzt die Pr\u00e4ambelerkennung \u2022 Unterst\u00fctzt Halbduplex-SPI-Kommunikation \u2022 Programmierbare Bitrate bis zu 300 Kbit\/s \u2022 Unterst\u00fctzt die Modulationsmodi FSK, GFSK, MSK, GMSK, LoRa\u2122 und OOK \u2022 Unterst\u00fctzt automatische HF-Signalerkennung, CAD-Modus und Ultrahochgeschwindigkeits-AFC \u2022 Pakete mit CRC, bis zu 256 Byte \u2022 Kleines Paket mit Briefmarken im doppelten Volumen\" \/>\n<meta property=\"og:url\" content=\"https:\/\/solar-motors.com\/de\/produkt\/lora-rf-txrx-modul-433mhz-20dbm-lora-01-tiv50\/\" \/>\n<meta property=\"og:site_name\" content=\"Solar Motors\" \/>\n<meta property=\"og:image\" content=\"https:\/\/solar-motors.com\/wp-content\/uploads\/2023\/03\/A_64DF2135_lora20rf20modul201a.jpg\" \/>\n\t<meta property=\"og:image:width\" content=\"208\" \/>\n\t<meta property=\"og:image:height\" content=\"800\" \/>\n\t<meta property=\"og:image:type\" content=\"image\/jpeg\" \/>\n<meta name=\"twitter:card\" content=\"summary_large_image\" \/>\n<meta name=\"twitter:label1\" content=\"Gesch\u00e4tzte Lesezeit\" \/>\n\t<meta name=\"twitter:data1\" content=\"1\u00a0Minute\" \/>\n<script type=\"application\/ld+json\" class=\"yoast-schema-graph\">{\"@context\":\"https:\/\/schema.org\",\"@graph\":[{\"@type\":\"WebPage\",\"@id\":\"https:\/\/solar-motors.com\/de\/produkt\/lora-rf-txrx-modul-433mhz-20dbm-lora-01-tiv50\/\",\"url\":\"https:\/\/solar-motors.com\/de\/produkt\/lora-rf-txrx-modul-433mhz-20dbm-lora-01-tiv50\/\",\"name\":\"Lora RF TXRX MODUL 433MHz 20dBm LoRa-01, TIV50, - Solar Motors\",\"isPartOf\":{\"@id\":\"https:\/\/solar-motors.com\/de\/#website\"},\"primaryImageOfPage\":{\"@id\":\"https:\/\/solar-motors.com\/de\/produkt\/lora-rf-txrx-modul-433mhz-20dbm-lora-01-tiv50\/#primaryimage\"},\"image\":{\"@id\":\"https:\/\/solar-motors.com\/de\/produkt\/lora-rf-txrx-modul-433mhz-20dbm-lora-01-tiv50\/#primaryimage\"},\"thumbnailUrl\":\"https:\/\/solar-motors.com\/wp-content\/uploads\/2023\/03\/A_64DF2135_lora20rf20modul201a.jpg\",\"datePublished\":\"2023-03-06T12:27:55+00:00\",\"breadcrumb\":{\"@id\":\"https:\/\/solar-motors.com\/de\/produkt\/lora-rf-txrx-modul-433mhz-20dbm-lora-01-tiv50\/#breadcrumb\"},\"inLanguage\":\"de\",\"potentialAction\":[{\"@type\":\"ReadAction\",\"target\":[\"https:\/\/solar-motors.com\/de\/produkt\/lora-rf-txrx-modul-433mhz-20dbm-lora-01-tiv50\/\"]}]},{\"@type\":\"ImageObject\",\"inLanguage\":\"de\",\"@id\":\"https:\/\/solar-motors.com\/de\/produkt\/lora-rf-txrx-modul-433mhz-20dbm-lora-01-tiv50\/#primaryimage\",\"url\":\"https:\/\/solar-motors.com\/wp-content\/uploads\/2023\/03\/A_64DF2135_lora20rf20modul201a.jpg\",\"contentUrl\":\"https:\/\/solar-motors.com\/wp-content\/uploads\/2023\/03\/A_64DF2135_lora20rf20modul201a.jpg\",\"width\":208,\"height\":800},{\"@type\":\"BreadcrumbList\",\"@id\":\"https:\/\/solar-motors.com\/de\/produkt\/lora-rf-txrx-modul-433mhz-20dbm-lora-01-tiv50\/#breadcrumb\",\"itemListElement\":[{\"@type\":\"ListItem\",\"position\":1,\"name\":\"Home\",\"item\":\"https:\/\/solar-motors.com\/de\/\"},{\"@type\":\"ListItem\",\"position\":2,\"name\":\"Shop\",\"item\":\"https:\/\/solar-motors.com\/shop\/\"},{\"@type\":\"ListItem\",\"position\":3,\"name\":\"Lora RF TXRX MODUL 433MHz 20dBm LoRa-01, TIV50,\"}]},{\"@type\":\"WebSite\",\"@id\":\"https:\/\/solar-motors.com\/de\/#website\",\"url\":\"https:\/\/solar-motors.com\/de\/\",\"name\":\"Solar Motors\",\"description\":\"Dependable Sun Tracking Systems Since 2005\",\"potentialAction\":[{\"@type\":\"SearchAction\",\"target\":{\"@type\":\"EntryPoint\",\"urlTemplate\":\"https:\/\/solar-motors.com\/de\/?s={search_term_string}\"},\"query-input\":{\"@type\":\"PropertyValueSpecification\",\"valueRequired\":true,\"valueName\":\"search_term_string\"}}],\"inLanguage\":\"de\"}]}<\/script>\n<!-- \/ Yoast SEO plugin. -->","yoast_head_json":{"title":"Lora RF TXRX MODUL 433MHz 20dBm LoRa-01, TIV50, - Solar Motors","robots":{"index":"index","follow":"follow","max-snippet":"max-snippet:-1","max-image-preview":"max-image-preview:large","max-video-preview":"max-video-preview:-1"},"canonical":"https:\/\/solar-motors.com\/de\/produkt\/lora-rf-txrx-modul-433mhz-20dbm-lora-01-tiv50\/","og_locale":"de_DE","og_type":"article","og_title":"Lora RF TXRX MODUL 433MHz 20dBm LoRa-01, TIV50, - Solar Motors","og_description":"Merkmale \u2022 LoRa\u2122 Spread-Spectrum-Modulationstechnologie \u2022 Empfangsempfindlichkeit bis zu -141 dBm \u2022 Hervorragende Blockfestigkeit \u2022 Unterst\u00fctzt die Pr\u00e4ambelerkennung \u2022 Unterst\u00fctzt Halbduplex-SPI-Kommunikation \u2022 Programmierbare Bitrate bis zu 300 Kbit\/s \u2022 Unterst\u00fctzt die Modulationsmodi FSK, GFSK, MSK, GMSK, LoRa\u2122 und OOK \u2022 Unterst\u00fctzt automatische HF-Signalerkennung, CAD-Modus und Ultrahochgeschwindigkeits-AFC \u2022 Pakete mit CRC, bis zu 256 Byte \u2022 Kleines Paket mit Briefmarken im doppelten Volumen","og_url":"https:\/\/solar-motors.com\/de\/produkt\/lora-rf-txrx-modul-433mhz-20dbm-lora-01-tiv50\/","og_site_name":"Solar Motors","og_image":[{"width":208,"height":800,"url":"https:\/\/solar-motors.com\/wp-content\/uploads\/2023\/03\/A_64DF2135_lora20rf20modul201a.jpg","type":"image\/jpeg"}],"twitter_card":"summary_large_image","twitter_misc":{"Gesch\u00e4tzte Lesezeit":"1\u00a0Minute"},"schema":{"@context":"https:\/\/schema.org","@graph":[{"@type":"WebPage","@id":"https:\/\/solar-motors.com\/de\/produkt\/lora-rf-txrx-modul-433mhz-20dbm-lora-01-tiv50\/","url":"https:\/\/solar-motors.com\/de\/produkt\/lora-rf-txrx-modul-433mhz-20dbm-lora-01-tiv50\/","name":"Lora RF TXRX MODUL 433MHz 20dBm LoRa-01, TIV50, - Solar Motors","isPartOf":{"@id":"https:\/\/solar-motors.com\/de\/#website"},"primaryImageOfPage":{"@id":"https:\/\/solar-motors.com\/de\/produkt\/lora-rf-txrx-modul-433mhz-20dbm-lora-01-tiv50\/#primaryimage"},"image":{"@id":"https:\/\/solar-motors.com\/de\/produkt\/lora-rf-txrx-modul-433mhz-20dbm-lora-01-tiv50\/#primaryimage"},"thumbnailUrl":"https:\/\/solar-motors.com\/wp-content\/uploads\/2023\/03\/A_64DF2135_lora20rf20modul201a.jpg","datePublished":"2023-03-06T12:27:55+00:00","breadcrumb":{"@id":"https:\/\/solar-motors.com\/de\/produkt\/lora-rf-txrx-modul-433mhz-20dbm-lora-01-tiv50\/#breadcrumb"},"inLanguage":"de","potentialAction":[{"@type":"ReadAction","target":["https:\/\/solar-motors.com\/de\/produkt\/lora-rf-txrx-modul-433mhz-20dbm-lora-01-tiv50\/"]}]},{"@type":"ImageObject","inLanguage":"de","@id":"https:\/\/solar-motors.com\/de\/produkt\/lora-rf-txrx-modul-433mhz-20dbm-lora-01-tiv50\/#primaryimage","url":"https:\/\/solar-motors.com\/wp-content\/uploads\/2023\/03\/A_64DF2135_lora20rf20modul201a.jpg","contentUrl":"https:\/\/solar-motors.com\/wp-content\/uploads\/2023\/03\/A_64DF2135_lora20rf20modul201a.jpg","width":208,"height":800},{"@type":"BreadcrumbList","@id":"https:\/\/solar-motors.com\/de\/produkt\/lora-rf-txrx-modul-433mhz-20dbm-lora-01-tiv50\/#breadcrumb","itemListElement":[{"@type":"ListItem","position":1,"name":"Home","item":"https:\/\/solar-motors.com\/de\/"},{"@type":"ListItem","position":2,"name":"Shop","item":"https:\/\/solar-motors.com\/shop\/"},{"@type":"ListItem","position":3,"name":"Lora RF TXRX MODUL 433MHz 20dBm LoRa-01, TIV50,"}]},{"@type":"WebSite","@id":"https:\/\/solar-motors.com\/de\/#website","url":"https:\/\/solar-motors.com\/de\/","name":"Solar Motors","description":"Dependable Sun Tracking Systems Since 2005","potentialAction":[{"@type":"SearchAction","target":{"@type":"EntryPoint","urlTemplate":"https:\/\/solar-motors.com\/de\/?s={search_term_string}"},"query-input":{"@type":"PropertyValueSpecification","valueRequired":true,"valueName":"search_term_string"}}],"inLanguage":"de"}]}},"_links":{"self":[{"href":"https:\/\/solar-motors.com\/de\/wp-json\/wp\/v2\/product\/7455","targetHints":{"allow":["GET"]}}],"collection":[{"href":"https:\/\/solar-motors.com\/de\/wp-json\/wp\/v2\/product"}],"about":[{"href":"https:\/\/solar-motors.com\/de\/wp-json\/wp\/v2\/types\/product"}],"replies":[{"embeddable":true,"href":"https:\/\/solar-motors.com\/de\/wp-json\/wp\/v2\/comments?post=7455"}],"wp:featuredmedia":[{"embeddable":true,"href":"https:\/\/solar-motors.com\/de\/wp-json\/wp\/v2\/media\/5829"}],"wp:attachment":[{"href":"https:\/\/solar-motors.com\/de\/wp-json\/wp\/v2\/media?parent=7455"}],"wp:term":[{"taxonomy":"product_brand","embeddable":true,"href":"https:\/\/solar-motors.com\/de\/wp-json\/wp\/v2\/product_brand?post=7455"},{"taxonomy":"product_cat","embeddable":true,"href":"https:\/\/solar-motors.com\/de\/wp-json\/wp\/v2\/product_cat?post=7455"},{"taxonomy":"product_tag","embeddable":true,"href":"https:\/\/solar-motors.com\/de\/wp-json\/wp\/v2\/product_tag?post=7455"}],"curies":[{"name":"wp","href":"https:\/\/api.w.org\/{rel}","templated":true}]}}