{"id":7456,"date":"2023-03-06T13:27:54","date_gmt":"2023-03-06T12:27:54","guid":{"rendered":"https:\/\/solar-motors.com\/product\/antenna-433mhz-rp-sma-mit-maennlicher-anschluss-11-cm-mit-scharnier-drehbarer-typ-ant-433-sma-rp-m\/"},"modified":"2023-08-25T10:05:03","modified_gmt":"2023-08-25T08:05:03","slug":"antenna-433mhz-rp-sma-w-male-conn-11cm-with-hinge-swivel-type-ant-433-sma-rp-m","status":"publish","type":"product","link":"https:\/\/solar-motors.com\/de\/produkt\/antenna-433mhz-rp-sma-w-male-conn-11cm-with-hinge-swivel-type-ant-433-sma-rp-m\/","title":{"rendered":"Antenna 433MHz RP-SMA mit m\u00e4nnlicher Anschluss 11 cm mit Scharnier, drehbarer Typ \/ ANT-433-SMA-RP-M"},"content":{"rendered":"<\/p>\n<table width=\"466\" bordercolor=\"#f5821f\" style=\"border: 1px dotted rgb(191, 191, 191);\" dir=\"LTR\" border=\"1\" cellspacing=\"0\">\n<tbody>\n<tr>\n<td height=\"4\" valign=\"TOP\" style=\"border: 1px dotted rgb(191, 191, 191);\" bgcolor=\"#f5821f\" colspan=\"2\">\n<p align=\"LEFT\" dir=\"LTR\"><b>Technische F\u00e4higkeiten<\/b><\/p>\n<\/td>\n<\/tr>\n<tr>\n<td height=\"4\" valign=\"TOP\" style=\"border: 1px dotted rgb(191, 191, 191);\" bgcolor=\"#008bcd\" colspan=\"2\"><b>Antenne 433 MHz RP-SMA mit m\u00e4nnlicher Anschluss 11cm mit Scharnier<\/b><\/td>\n<\/tr>\n<tr>\n<td width=\"42%\" height=\"4\" valign=\"TOP\" style=\"border: 1px dotted rgb(191, 191, 191);\" bgcolor=\"#ffffff\">Modell-Nr<\/td>\n<td width=\"58%\" height=\"4\" valign=\"TOP\" style=\"border: 1px dotted rgb(191, 191, 191);\" bgcolor=\"#ffffff\">ANT-433-SMA-RP-M<\/td>\n<\/tr>\n<tr>\n<td width=\"42%\" height=\"4\" valign=\"TOP\" style=\"border: 1px dotted rgb(191, 191, 191);\" bgcolor=\"#a3a6aa\">Erlangen<\/td>\n<td width=\"58%\" height=\"4\" valign=\"TOP\" style=\"border: 1px dotted rgb(191, 191, 191);\" bgcolor=\"#a3a6aa\">3 dbi<\/td>\n<\/tr>\n<tr>\n<td width=\"42%\" height=\"4\" valign=\"TOP\" style=\"border: 1px dotted rgb(191, 191, 191);\" bgcolor=\"#ffffff\">Konnector<\/td>\n<td width=\"58%\" height=\"4\" valign=\"TOP\" style=\"border: 1px dotted rgb(191, 191, 191);\" bgcolor=\"#ffffff\">SMA RP SMA<\/td>\n<\/tr>\n<tr>\n<td width=\"42%\" height=\"16\" valign=\"TOP\" style=\"border: 1px dotted rgb(191, 191, 191);\" bgcolor=\"#a3a6aa\">Material<\/td>\n<td width=\"58%\" height=\"16\" valign=\"TOP\" style=\"border: 1px dotted rgb(191, 191, 191);\" bgcolor=\"#a3a6aa\">ABS<\/td>\n<\/tr>\n<tr>\n<td width=\"42%\" height=\"4\" valign=\"TOP\" style=\"border: 1px dotted rgb(191, 191, 191);\" bgcolor=\"#ffffff\">Anwendung<\/td>\n<td width=\"58%\" height=\"4\" valign=\"TOP\" style=\"border: 1px dotted rgb(191, 191, 191);\" bgcolor=\"#ffffff\">Elektronisches Ger\u00e4t<\/td>\n<\/tr>\n<tr>\n<td width=\"42%\" height=\"4\" valign=\"TOP\" style=\"border: 1px dotted rgb(191, 191, 191);\" bgcolor=\"#a3a6aa\">Polarisation<\/td>\n<td width=\"58%\" height=\"4\" valign=\"TOP\" style=\"border: 1px dotted rgb(191, 191, 191);\" bgcolor=\"#a3a6aa\">Vertikal<\/td>\n<\/tr>\n<tr>\n<td width=\"42%\" height=\"4\" valign=\"TOP\" style=\"border: 1px dotted rgb(191, 191, 191);\" bgcolor=\"#ffffff\">Markierung<\/td>\n<td width=\"58%\" height=\"4\" valign=\"TOP\" style=\"border: 1px dotted rgb(191, 191, 191);\" bgcolor=\"#ffffff\">433<\/td>\n<\/tr>\n<tr>\n<td width=\"42%\" height=\"4\" valign=\"TOP\" style=\"border: 1px dotted rgb(191, 191, 191);\" bgcolor=\"#a3a6aa\">Typ<\/td>\n<td width=\"58%\" height=\"4\" valign=\"TOP\" style=\"border: 1px dotted rgb(191, 191, 191);\" bgcolor=\"#a3a6aa\">Schwenkbare Monopolantenne aus Kunststoff<\/td>\n<\/tr>\n<tr>\n<td width=\"42%\" height=\"4\" valign=\"TOP\" style=\"border: 1px dotted rgb(191, 191, 191);\" bgcolor=\"#ffffff\">L\u00e4nge<\/td>\n<td width=\"58%\" height=\"4\" valign=\"TOP\" style=\"border: 1px dotted rgb(191, 191, 191);\" bgcolor=\"#ffffff\">11 cm<\/td>\n<\/tr>\n<tr>\n<td width=\"42%\" height=\"4\" valign=\"TOP\" style=\"border: 1px dotted rgb(191, 191, 191);\" bgcolor=\"#a3a6aa\">Farbe<\/td>\n<td width=\"58%\" height=\"4\" valign=\"TOP\" style=\"border: 1px dotted rgb(191, 191, 191);\" bgcolor=\"#a3a6aa\">SCHWARZ<\/td>\n<\/tr>\n<tr>\n<td width=\"42%\" height=\"4\" valign=\"TOP\" style=\"border: 1px dotted rgb(191, 191, 191);\" bgcolor=\"#ffffff\">Frequenzbereich<\/td>\n<td width=\"58%\" height=\"4\" valign=\"TOP\" style=\"border: 1px dotted rgb(191, 191, 191);\" bgcolor=\"#ffffff\">433 MHz<\/td>\n<\/tr>\n<tr>\n<td width=\"42%\" height=\"4\" valign=\"TOP\" style=\"border: 1px dotted rgb(191, 191, 191);\" bgcolor=\"#a3a6aa\">VSWR<\/td>\n<td width=\"58%\" height=\"4\" valign=\"TOP\" style=\"border: 1px dotted rgb(191, 191, 191);\" bgcolor=\"#a3a6aa\">1:1.5<\/td>\n<\/tr>\n<tr>\n<td width=\"42%\" height=\"4\" valign=\"TOP\" style=\"border: 1px dotted rgb(191, 191, 191);\" bgcolor=\"#ffffff\">Impedanz<\/td>\n<td width=\"58%\" height=\"4\" valign=\"TOP\" style=\"border: 1px dotted rgb(191, 191, 191);\" bgcolor=\"#ffffff\">50 OHM<\/td>\n<\/tr>\n<tr>\n<td width=\"42%\" height=\"4\" valign=\"TOP\" style=\"border: 1px dotted rgb(191, 191, 191);\" bgcolor=\"#a3a6aa\">Radiation<\/td>\n<td width=\"58%\" height=\"4\" valign=\"TOP\" style=\"border: 1px dotted rgb(191, 191, 191);\" bgcolor=\"#a3a6aa\">Rundstrahl<\/td>\n<\/tr>\n<tr>\n<td width=\"42%\" height=\"4\" valign=\"TOP\" style=\"border: 1px dotted rgb(191, 191, 191);\" bgcolor=\"#ffffff\">Gr\u00f6\u00dfe <\/td>\n<td width=\"58%\" height=\"4\" valign=\"TOP\" style=\"border: 1px dotted rgb(191, 191, 191);\" bgcolor=\"#ffffff\">10&#215;108 mm<\/td>\n<\/tr>\n<tr>\n<td width=\"42%\" height=\"4\" valign=\"TOP\" style=\"border: 1px dotted rgb(191, 191, 191);\" bgcolor=\"#a3a6aa\">Max. Leistung<\/td>\n<td width=\"58%\" height=\"4\" valign=\"TOP\" style=\"border: 1px dotted rgb(191, 191, 191);\" bgcolor=\"#a3a6aa\">20 W<\/td>\n<\/tr>\n<tr>\n<td width=\"42%\" height=\"4\" valign=\"TOP\" style=\"border: 1px dotted rgb(191, 191, 191);\" bgcolor=\"#ffffff\">Temperatur<\/td>\n<td width=\"58%\" height=\"4\" valign=\"TOP\" style=\"border: 1px dotted rgb(191, 191, 191);\" bgcolor=\"#ffffff\">30\u00ba 70\u00ba<\/td>\n<\/tr>\n<tr>\n<td height=\"4\" valign=\"TOP\" style=\"border: 1px dotted rgb(191, 191, 191);\" bgcolor=\"#008bcd\" colspan=\"2\"><b>Verpackung <\/b><\/td>\n<\/tr>\n<tr>\n<td width=\"42%\" height=\"4\" valign=\"TOP\" style=\"border: 1px dotted rgb(191, 191, 191);\" bgcolor=\"#ffffff\">Einheiten verkauen<\/td>\n<td width=\"58%\" height=\"4\" valign=\"TOP\" style=\"border: 1px dotted rgb(191, 191, 191);\" bgcolor=\"#ffffff\">Einzelexemplar<\/td>\n<\/tr>\n<tr>\n<td width=\"42%\" height=\"4\" valign=\"TOP\" style=\"border: 1px dotted rgb(191, 191, 191);\" bgcolor=\"#a3a6aa\">Einzelpackungsgr\u00f6\u00dfe<\/td>\n<td width=\"58%\" height=\"4\" valign=\"TOP\" style=\"border: 1px dotted rgb(191, 191, 191);\" bgcolor=\"#a3a6aa\">18X15X18 cm<\/td>\n<\/tr>\n<tr>\n<td width=\"42%\" height=\"4\" valign=\"TOP\" style=\"border: 1px dotted rgb(191, 191, 191);\" bgcolor=\"#ffffff\">Einzelnes Bruttogewicht<\/td>\n<td width=\"58%\" height=\"4\" valign=\"TOP\" style=\"border: 1px dotted rgb(191, 191, 191);\" bgcolor=\"#ffffff\">0.01 kg<\/td>\n<\/tr>\n<\/tbody>\n<\/table>\n<\/p>\n<table width=\"472\" bordercolor=\"#f5821f\" style=\"border: 1px dotted rgb(191, 191, 191);\" dir=\"LTR\" border=\"1\" cellspacing=\"0\">\n<tbody>\n<tr>\n<td height=\"4\" valign=\"TOP\" style=\"border: 1px dotted rgb(191, 191, 191);\" bgcolor=\"#f5821f\" colspan=\"2\"><strong>Technische Datenbl\u00e4tter<\/strong><\/td>\n<\/tr>\n<tr>\n<td width=\"73%\" height=\"4\" valign=\"TOP\" style=\"border: 1px dotted rgb(191, 191, 191);\" bgcolor=\"#ffffff\">Englische Brosch\u00fcre im PDF-Format mittlerer Aufl\u00f6sung<\/td>\n<td width=\"27%\" height=\"4\" valign=\"TOP\" style=\"border: 1px dotted rgb(191, 191, 191);\" bgcolor=\"#ffffff\"><a href=\"\/wp-content\/uploads\/files-old\/rf_antenna_MR.pdf\" target=\"_blank\" rel=\"noopener\">Herunterladen<\/a><\/td>\n<\/tr>\n<tr>\n<td width=\"73%\" height=\"4\" valign=\"TOP\" style=\"border: 1px dotted rgb(191, 191, 191);\" bgcolor=\"#a3a6aa\">Englische Brosch\u00fcre im PDF-Format mit niedriger Aufl\u00f6sung<\/td>\n<td width=\"27%\" height=\"4\" valign=\"TOP\" style=\"border: 1px dotted rgb(191, 191, 191);\" bgcolor=\"#a3a6aa\"><a href=\"\/wp-content\/uploads\/files-old\/rf_antenna_LR.pdf\" target=\"_blank\" rel=\"noopener\">Herunterladen<\/a><\/td>\n<\/tr>\n<\/tbody>\n<\/table>\n","protected":false},"excerpt":{"rendered":"<p>Technische F\u00e4higkeiten Antenne 433 MHz RP-SMA mit m\u00e4nnlicher Anschluss 11cm mit Scharnier Modell-Nr ANT-433-SMA-RP-M Erlangen 3 dbi Konnector SMA RP SMA Material ABS Anwendung Elektronisches Ger\u00e4t Polarisation Vertikal Markierung 433 Typ Schwenkbare Monopolantenne aus Kunststoff L\u00e4nge 11 cm Farbe SCHWARZ Frequenzbereich 433 MHz VSWR 1:1.5 Impedanz 50 OHM Radiation Rundstrahl Gr\u00f6\u00dfe 10&#215;108 mm Max. Leistung [&hellip;]<\/p>\n","protected":false},"featured_media":5826,"comment_status":"open","ping_status":"closed","template":"","meta":{"inline_featured_image":false},"product_brand":[],"product_cat":[1202],"product_tag":[],"class_list":{"0":"post-7456","1":"product","2":"type-product","3":"status-publish","4":"has-post-thumbnail","6":"product_cat-zubehor-fur-solar-sps-steuerungen","8":"first","9":"instock","10":"taxable","11":"shipping-taxable","12":"purchasable","13":"product-type-simple"},"yoast_head":"<!-- This site is optimized with the Yoast SEO plugin v26.5 - https:\/\/yoast.com\/wordpress\/plugins\/seo\/ -->\n<title>Antenna 433MHz RP-SMA mit m\u00e4nnlicher Anschluss 11 cm mit Scharnier, drehbarer Typ \/ ANT-433-SMA-RP-M - Solar Motors<\/title>\n<meta name=\"robots\" content=\"index, follow, max-snippet:-1, max-image-preview:large, max-video-preview:-1\" \/>\n<link rel=\"canonical\" href=\"https:\/\/solar-motors.com\/de\/produkt\/antenna-433mhz-rp-sma-w-male-conn-11cm-with-hinge-swivel-type-ant-433-sma-rp-m\/\" \/>\n<meta property=\"og:locale\" content=\"de_DE\" \/>\n<meta property=\"og:type\" content=\"article\" \/>\n<meta property=\"og:title\" content=\"Antenna 433MHz RP-SMA mit m\u00e4nnlicher Anschluss 11 cm mit Scharnier, drehbarer Typ \/ ANT-433-SMA-RP-M - Solar Motors\" \/>\n<meta property=\"og:description\" content=\"Technische F\u00e4higkeiten Antenne 433 MHz RP-SMA mit m\u00e4nnlicher Anschluss 11cm mit Scharnier Modell-Nr ANT-433-SMA-RP-M Erlangen 3 dbi Konnector SMA RP SMA Material ABS Anwendung Elektronisches Ger\u00e4t Polarisation Vertikal Markierung 433 Typ Schwenkbare Monopolantenne aus Kunststoff L\u00e4nge 11 cm Farbe SCHWARZ Frequenzbereich 433 MHz VSWR 1:1.5 Impedanz 50 OHM Radiation Rundstrahl Gr\u00f6\u00dfe 10&#215;108 mm Max. Leistung [&hellip;]\" \/>\n<meta property=\"og:url\" content=\"https:\/\/solar-motors.com\/de\/produkt\/antenna-433mhz-rp-sma-w-male-conn-11cm-with-hinge-swivel-type-ant-433-sma-rp-m\/\" \/>\n<meta property=\"og:site_name\" content=\"Solar Motors\" \/>\n<meta property=\"article:modified_time\" content=\"2023-08-25T08:05:03+00:00\" \/>\n<meta property=\"og:image\" content=\"https:\/\/solar-motors.com\/wp-content\/uploads\/2023\/03\/A_B7DD7250_rf20antena.jpg\" \/>\n\t<meta property=\"og:image:width\" content=\"800\" \/>\n\t<meta property=\"og:image:height\" content=\"426\" \/>\n\t<meta property=\"og:image:type\" content=\"image\/jpeg\" \/>\n<meta name=\"twitter:card\" content=\"summary_large_image\" \/>\n<script type=\"application\/ld+json\" class=\"yoast-schema-graph\">{\"@context\":\"https:\/\/schema.org\",\"@graph\":[{\"@type\":\"WebPage\",\"@id\":\"https:\/\/solar-motors.com\/de\/produkt\/antenna-433mhz-rp-sma-w-male-conn-11cm-with-hinge-swivel-type-ant-433-sma-rp-m\/\",\"url\":\"https:\/\/solar-motors.com\/de\/produkt\/antenna-433mhz-rp-sma-w-male-conn-11cm-with-hinge-swivel-type-ant-433-sma-rp-m\/\",\"name\":\"Antenna 433MHz RP-SMA mit m\u00e4nnlicher Anschluss 11 cm mit Scharnier, drehbarer Typ \/ ANT-433-SMA-RP-M - Solar Motors\",\"isPartOf\":{\"@id\":\"https:\/\/solar-motors.com\/de\/#website\"},\"primaryImageOfPage\":{\"@id\":\"https:\/\/solar-motors.com\/de\/produkt\/antenna-433mhz-rp-sma-w-male-conn-11cm-with-hinge-swivel-type-ant-433-sma-rp-m\/#primaryimage\"},\"image\":{\"@id\":\"https:\/\/solar-motors.com\/de\/produkt\/antenna-433mhz-rp-sma-w-male-conn-11cm-with-hinge-swivel-type-ant-433-sma-rp-m\/#primaryimage\"},\"thumbnailUrl\":\"https:\/\/solar-motors.com\/wp-content\/uploads\/2023\/03\/A_B7DD7250_rf20antena.jpg\",\"datePublished\":\"2023-03-06T12:27:54+00:00\",\"dateModified\":\"2023-08-25T08:05:03+00:00\",\"breadcrumb\":{\"@id\":\"https:\/\/solar-motors.com\/de\/produkt\/antenna-433mhz-rp-sma-w-male-conn-11cm-with-hinge-swivel-type-ant-433-sma-rp-m\/#breadcrumb\"},\"inLanguage\":\"de\",\"potentialAction\":[{\"@type\":\"ReadAction\",\"target\":[\"https:\/\/solar-motors.com\/de\/produkt\/antenna-433mhz-rp-sma-w-male-conn-11cm-with-hinge-swivel-type-ant-433-sma-rp-m\/\"]}]},{\"@type\":\"ImageObject\",\"inLanguage\":\"de\",\"@id\":\"https:\/\/solar-motors.com\/de\/produkt\/antenna-433mhz-rp-sma-w-male-conn-11cm-with-hinge-swivel-type-ant-433-sma-rp-m\/#primaryimage\",\"url\":\"https:\/\/solar-motors.com\/wp-content\/uploads\/2023\/03\/A_B7DD7250_rf20antena.jpg\",\"contentUrl\":\"https:\/\/solar-motors.com\/wp-content\/uploads\/2023\/03\/A_B7DD7250_rf20antena.jpg\",\"width\":800,\"height\":426},{\"@type\":\"BreadcrumbList\",\"@id\":\"https:\/\/solar-motors.com\/de\/produkt\/antenna-433mhz-rp-sma-w-male-conn-11cm-with-hinge-swivel-type-ant-433-sma-rp-m\/#breadcrumb\",\"itemListElement\":[{\"@type\":\"ListItem\",\"position\":1,\"name\":\"Home\",\"item\":\"https:\/\/solar-motors.com\/de\/\"},{\"@type\":\"ListItem\",\"position\":2,\"name\":\"Shop\",\"item\":\"https:\/\/solar-motors.com\/shop\/\"},{\"@type\":\"ListItem\",\"position\":3,\"name\":\"Antenna 433MHz RP-SMA mit m\u00e4nnlicher Anschluss 11 cm mit Scharnier, drehbarer Typ \/ ANT-433-SMA-RP-M\"}]},{\"@type\":\"WebSite\",\"@id\":\"https:\/\/solar-motors.com\/de\/#website\",\"url\":\"https:\/\/solar-motors.com\/de\/\",\"name\":\"Solar Motors\",\"description\":\"Dependable Sun Tracking Systems Since 2005\",\"potentialAction\":[{\"@type\":\"SearchAction\",\"target\":{\"@type\":\"EntryPoint\",\"urlTemplate\":\"https:\/\/solar-motors.com\/de\/?s={search_term_string}\"},\"query-input\":{\"@type\":\"PropertyValueSpecification\",\"valueRequired\":true,\"valueName\":\"search_term_string\"}}],\"inLanguage\":\"de\"}]}<\/script>\n<!-- \/ Yoast SEO plugin. -->","yoast_head_json":{"title":"Antenna 433MHz RP-SMA mit m\u00e4nnlicher Anschluss 11 cm mit Scharnier, drehbarer Typ \/ ANT-433-SMA-RP-M - Solar Motors","robots":{"index":"index","follow":"follow","max-snippet":"max-snippet:-1","max-image-preview":"max-image-preview:large","max-video-preview":"max-video-preview:-1"},"canonical":"https:\/\/solar-motors.com\/de\/produkt\/antenna-433mhz-rp-sma-w-male-conn-11cm-with-hinge-swivel-type-ant-433-sma-rp-m\/","og_locale":"de_DE","og_type":"article","og_title":"Antenna 433MHz RP-SMA mit m\u00e4nnlicher Anschluss 11 cm mit Scharnier, drehbarer Typ \/ ANT-433-SMA-RP-M - Solar Motors","og_description":"Technische F\u00e4higkeiten Antenne 433 MHz RP-SMA mit m\u00e4nnlicher Anschluss 11cm mit Scharnier Modell-Nr ANT-433-SMA-RP-M Erlangen 3 dbi Konnector SMA RP SMA Material ABS Anwendung Elektronisches Ger\u00e4t Polarisation Vertikal Markierung 433 Typ Schwenkbare Monopolantenne aus Kunststoff L\u00e4nge 11 cm Farbe SCHWARZ Frequenzbereich 433 MHz VSWR 1:1.5 Impedanz 50 OHM Radiation Rundstrahl Gr\u00f6\u00dfe 10&#215;108 mm Max. Leistung [&hellip;]","og_url":"https:\/\/solar-motors.com\/de\/produkt\/antenna-433mhz-rp-sma-w-male-conn-11cm-with-hinge-swivel-type-ant-433-sma-rp-m\/","og_site_name":"Solar Motors","article_modified_time":"2023-08-25T08:05:03+00:00","og_image":[{"width":800,"height":426,"url":"https:\/\/solar-motors.com\/wp-content\/uploads\/2023\/03\/A_B7DD7250_rf20antena.jpg","type":"image\/jpeg"}],"twitter_card":"summary_large_image","schema":{"@context":"https:\/\/schema.org","@graph":[{"@type":"WebPage","@id":"https:\/\/solar-motors.com\/de\/produkt\/antenna-433mhz-rp-sma-w-male-conn-11cm-with-hinge-swivel-type-ant-433-sma-rp-m\/","url":"https:\/\/solar-motors.com\/de\/produkt\/antenna-433mhz-rp-sma-w-male-conn-11cm-with-hinge-swivel-type-ant-433-sma-rp-m\/","name":"Antenna 433MHz RP-SMA mit m\u00e4nnlicher Anschluss 11 cm mit Scharnier, drehbarer Typ \/ ANT-433-SMA-RP-M - Solar Motors","isPartOf":{"@id":"https:\/\/solar-motors.com\/de\/#website"},"primaryImageOfPage":{"@id":"https:\/\/solar-motors.com\/de\/produkt\/antenna-433mhz-rp-sma-w-male-conn-11cm-with-hinge-swivel-type-ant-433-sma-rp-m\/#primaryimage"},"image":{"@id":"https:\/\/solar-motors.com\/de\/produkt\/antenna-433mhz-rp-sma-w-male-conn-11cm-with-hinge-swivel-type-ant-433-sma-rp-m\/#primaryimage"},"thumbnailUrl":"https:\/\/solar-motors.com\/wp-content\/uploads\/2023\/03\/A_B7DD7250_rf20antena.jpg","datePublished":"2023-03-06T12:27:54+00:00","dateModified":"2023-08-25T08:05:03+00:00","breadcrumb":{"@id":"https:\/\/solar-motors.com\/de\/produkt\/antenna-433mhz-rp-sma-w-male-conn-11cm-with-hinge-swivel-type-ant-433-sma-rp-m\/#breadcrumb"},"inLanguage":"de","potentialAction":[{"@type":"ReadAction","target":["https:\/\/solar-motors.com\/de\/produkt\/antenna-433mhz-rp-sma-w-male-conn-11cm-with-hinge-swivel-type-ant-433-sma-rp-m\/"]}]},{"@type":"ImageObject","inLanguage":"de","@id":"https:\/\/solar-motors.com\/de\/produkt\/antenna-433mhz-rp-sma-w-male-conn-11cm-with-hinge-swivel-type-ant-433-sma-rp-m\/#primaryimage","url":"https:\/\/solar-motors.com\/wp-content\/uploads\/2023\/03\/A_B7DD7250_rf20antena.jpg","contentUrl":"https:\/\/solar-motors.com\/wp-content\/uploads\/2023\/03\/A_B7DD7250_rf20antena.jpg","width":800,"height":426},{"@type":"BreadcrumbList","@id":"https:\/\/solar-motors.com\/de\/produkt\/antenna-433mhz-rp-sma-w-male-conn-11cm-with-hinge-swivel-type-ant-433-sma-rp-m\/#breadcrumb","itemListElement":[{"@type":"ListItem","position":1,"name":"Home","item":"https:\/\/solar-motors.com\/de\/"},{"@type":"ListItem","position":2,"name":"Shop","item":"https:\/\/solar-motors.com\/shop\/"},{"@type":"ListItem","position":3,"name":"Antenna 433MHz RP-SMA mit m\u00e4nnlicher Anschluss 11 cm mit Scharnier, drehbarer Typ \/ ANT-433-SMA-RP-M"}]},{"@type":"WebSite","@id":"https:\/\/solar-motors.com\/de\/#website","url":"https:\/\/solar-motors.com\/de\/","name":"Solar Motors","description":"Dependable Sun Tracking Systems Since 2005","potentialAction":[{"@type":"SearchAction","target":{"@type":"EntryPoint","urlTemplate":"https:\/\/solar-motors.com\/de\/?s={search_term_string}"},"query-input":{"@type":"PropertyValueSpecification","valueRequired":true,"valueName":"search_term_string"}}],"inLanguage":"de"}]}},"_links":{"self":[{"href":"https:\/\/solar-motors.com\/de\/wp-json\/wp\/v2\/product\/7456","targetHints":{"allow":["GET"]}}],"collection":[{"href":"https:\/\/solar-motors.com\/de\/wp-json\/wp\/v2\/product"}],"about":[{"href":"https:\/\/solar-motors.com\/de\/wp-json\/wp\/v2\/types\/product"}],"replies":[{"embeddable":true,"href":"https:\/\/solar-motors.com\/de\/wp-json\/wp\/v2\/comments?post=7456"}],"wp:featuredmedia":[{"embeddable":true,"href":"https:\/\/solar-motors.com\/de\/wp-json\/wp\/v2\/media\/5826"}],"wp:attachment":[{"href":"https:\/\/solar-motors.com\/de\/wp-json\/wp\/v2\/media?parent=7456"}],"wp:term":[{"taxonomy":"product_brand","embeddable":true,"href":"https:\/\/solar-motors.com\/de\/wp-json\/wp\/v2\/product_brand?post=7456"},{"taxonomy":"product_cat","embeddable":true,"href":"https:\/\/solar-motors.com\/de\/wp-json\/wp\/v2\/product_cat?post=7456"},{"taxonomy":"product_tag","embeddable":true,"href":"https:\/\/solar-motors.com\/de\/wp-json\/wp\/v2\/product_tag?post=7456"}],"curies":[{"name":"wp","href":"https:\/\/api.w.org\/{rel}","templated":true}]}}