{"id":7460,"date":"2023-03-06T13:27:45","date_gmt":"2023-03-06T12:27:45","guid":{"rendered":"https:\/\/solar-motors.com\/product\/konverter-rs485-zu-lora-s-lr01-wl-com-modul-din-rail-tiv49a_r3-w-ant-sklave\/"},"modified":"2023-08-25T10:05:01","modified_gmt":"2023-08-25T08:05:01","slug":"converter-rs485-to-lora-lr01-wl-com-module-din-rail-tiv49a_r3-w-antenna-conv-rs4852lora","status":"publish","type":"product","link":"https:\/\/solar-motors.com\/de\/produkt\/converter-rs485-to-lora-lr01-wl-com-module-din-rail-tiv49a_r3-w-antenna-conv-rs4852lora\/","title":{"rendered":"Konverter RS485 zu LoRa S LR01 WL. com. Modul, DIN rail TIV49A_R3 w ant.-Sklave"},"content":{"rendered":"<p>The Konverter RS485 zu LoRa wireless, DIN rail, TIV49A_R3, mit Antenna 433MHz wird f\u00fcr den Ersatz der drahtgebundenen Kommunikation durch eine drahtlose Funkkommunikation verwendet. Dieser Konverter fungiert als Kommunikationsschnittstelle und wandelt die RS485-Kommunikation in ein LoRa-Funknetzwerk um. Andererseits wandelt dieses Modul drahtlose LoRa-Funksignale wieder in kabelgebundene Signale um. Es kann als Master-Koordinator auf der Sigma-Seite sowie als Slave-Router und Endpunkt auf der Nano-\/Quark-\/Micro-\/Pico-Seite arbeiten. Die Installation ist einfach, das Montage- und Anschlusskonzept ist nicht kompliziert. Das Modul ist ideal geeignet, um die drahtgebundene Kommunikation in mittelgro\u00dfen und gro\u00dfen netzgebundenen Solarkraftwerken in eine drahtlose umzuwandeln. Der Vorteil besteht darin, dass es aufgrund von Blitzeinschl\u00e4gen, aufgrund zu gro\u00dfer potenzieller Spannungsunterschiede zwischen den Sektoren des Solarkraftwerks und aufgrund zu langer Kabelentfernungen eingesetzt werden kann. Folglich auch wegen der Kosten f\u00fcr die Verlegung der Kabel im Erdreich und die Kabel selbst.<\/p>\n<p>\u00dcberblick<\/p>\n<p>Professioneller Einsatz<br \/>\n\u2022 Antrieb und Positionierung von ein- oder zweiachsigen Solartrackern<br \/>\n\u2022 Integration von Sat-Control-Ausr\u00fcstung in bestehende Regietechnik<br \/>\n\u2022 Automatische Aktualisierung der Firmware von Sigma \u00fcber (OTA)<\/p>\n<p>Flexibel<br \/>\n\u2022 Datenschnittstelle gem\u00e4\u00df den MODBUS-Kommunikationsstandards im Bereich der Automatisierungstechnik<br \/>\n\u2022 Einfache und schnelle Installation, hohe Zuverl\u00e4ssigkeit<br \/>\n\u2022 M\u00f6glichkeit zum Austausch der LoRa- und ZigBee-Schnittstelle ohne Austausch des Konverters<br \/>\n\u2022 M\u00f6glichkeit der Verwendung von Konvertern f\u00fcr die Weiterleitung an Positionierer au\u00dferhalb der Sichtlinie<\/p>\n<p>Zuverl\u00e4ssig<br \/>\n\u2022 Direkte Kommunikation mit dem Sigma Solar Server \u00fcber die RS485-Serviceschnittstelle<br \/>\n\u2022 Erf\u00fcllt die Anforderungen der EU-Niederspannungsrichtlinie f\u00fcr das Netzsicherheitsmanagement<br \/>\n\u2022 Drahtloses LoRa-Netzwerk, einfache Installation, d. h. keine Kommunikationskabel f\u00fcr die Installation am Boden<br \/>\n\u2022 Geringeres Risiko einer Schadensausbreitung durch Blitzeinschlag<\/p>\n<p>Betrieb<br \/>\nf\u00fcr Ein-\/Zweiachs-Positionierer bis zu 8 Ger\u00e4te an einem Konverter<br \/>\nTyp \/ Sigma-Seite als Master, Stellungsregler-Seite als Slave<br \/>\nKommunikation<br \/>\nStellungsreglerkommunikation Serielles MODBUS Drahtloses Netzwerk mit LoRa-Modul<br \/>\nDrahtloses Kommunikationsprotokoll \u2013 LoRa 433 MHz Physical Layer Protocol<br \/>\nSchnittstellen<br \/>\nMax. Anzahl der gesteuerten Ger\u00e4te bis zu 8 verschiedene Stellungsregler<br \/>\nMax. Kommunikationsreichweite<br \/>\nDrahtlose Reichweite \u2013 1 km auf freiem Feld, bis zu 5 Spr\u00fcnge \u00fcber andere Lora-Konverter betr\u00e4gt 5 km<br \/>\nNetzteil \u2013 Externer SMPS-Typ erforderlich (nicht im Lieferumfang enthalten)<br \/>\nEingangsspannung &#8211; 24 VDC +5% \/ \u201315%<br \/>\nStromverbrauch im Leerlauf &#8211; 1 W<br \/>\nUmgebungsbedingungen im Betrieb \u2013 Umgebungstemperatur \u201330\u00b0C &#8230; +80\u00b0C<br \/>\nRelative Luftfeuchtigkeit &#8211; 0 % &#8230; 85 %, nicht kondensierend<br \/>\nAllgemeine Daten<br \/>\nMa\u00dfe (L \/ W \/ H) in mm &#8211; 92 \/ 45 \/ 25<br \/>\nGewicht &#8211; 55 g<br \/>\nMontageort \u2013 Innenbereich<br \/>\nMontagem\u00f6glichkeiten \u2013 DIN-Schienenmontage 35\/7,5 mm<br \/>\nStatusanzeige<br \/>\nLEDs f\u00fcr; Strom (1), RS485 TX\/RX (2) + LoRa RX\/TX (2)<br \/>\nSignalleistung programmierbar \u2013 bis zu 0,1 W (20 dBm)<br \/>\nManuelle Tasten \u2013 2, eine zum Binden und eine f\u00fcr die Reserve<br \/>\nAufr\u00fcstung \u2013 Vor Ort \u00fcber Sigma \u00fcber Wireless Mash Network (OTA) mit LoRa-Modul<br \/>\nSprachversionen \u2013 Handbuch Englisch<br \/>\nGarantie \u2013 2 Jahre*<br \/>\nZertifikate und Zulassungen &#8211; CE<br \/>\nLebenszeit \u2013 Min. 10 Jahre; typisch 20 Jahre<br \/>\n*Optional mehr gegen Aufpreis<\/p>\n<p>DOKUMENTATION:<br \/>\nTechnisches Datenblatt ENG Mittlere Aufl\u00f6sung: <a href=\"\/wp-content\/uploads\/files-old\/konverter_RS4852_Lora_MR.pdf\" target=\"_blank\" rel=\"noopener\">Konverter RS4852 Lora_MR.pdf<\/a><br \/>\nTechnisches Datenblatt ENG Niedrige Aufl\u00f6sung: <a href=\"\/wp-content\/uploads\/files-old\/konverter_RS4852_Lora_LR.pdf\" target=\"_blank\" rel=\"noopener\">Konverter RS4852 Lora_LR.pdf<\/a><\/p>\n","protected":false},"excerpt":{"rendered":"<p>The Konverter RS485 zu LoRa wireless, DIN rail, TIV49A_R3, mit Antenna 433MHz wird f\u00fcr den Ersatz der drahtgebundenen Kommunikation durch eine drahtlose Funkkommunikation verwendet. Dieser Konverter fungiert als Kommunikationsschnittstelle und wandelt die RS485-Kommunikation in ein LoRa-Funknetzwerk um. Andererseits wandelt dieses Modul drahtlose LoRa-Funksignale wieder in kabelgebundene Signale um. Es kann als Master-Koordinator auf der Sigma-Seite sowie als Slave-Router und Endpunkt auf der Nano-\/Quark-\/Micro-\/Pico-Seite arbeiten. Die Installation ist einfach, das Montage- und Anschlusskonzept ist nicht kompliziert.<\/p>\n","protected":false},"featured_media":9306,"comment_status":"open","ping_status":"closed","template":"","meta":{"inline_featured_image":false},"product_brand":[],"product_cat":[1202],"product_tag":[],"class_list":{"0":"post-7460","1":"product","2":"type-product","3":"status-publish","4":"has-post-thumbnail","6":"product_cat-zubehor-fur-solar-sps-steuerungen","8":"first","9":"outofstock","10":"taxable","11":"shipping-taxable","12":"purchasable","13":"product-type-simple"},"yoast_head":"<!-- This site is optimized with the Yoast SEO plugin v26.5 - https:\/\/yoast.com\/wordpress\/plugins\/seo\/ -->\n<title>Konverter RS485 zu LoRa S LR01 WL. com. Modul, DIN rail TIV49A_R3 w ant.-Sklave - Solar Motors<\/title>\n<meta name=\"robots\" content=\"index, follow, max-snippet:-1, max-image-preview:large, max-video-preview:-1\" \/>\n<link rel=\"canonical\" href=\"https:\/\/solar-motors.com\/de\/produkt\/converter-rs485-to-lora-lr01-wl-com-module-din-rail-tiv49a_r3-w-antenna-conv-rs4852lora\/\" \/>\n<meta property=\"og:locale\" content=\"de_DE\" \/>\n<meta property=\"og:type\" content=\"article\" \/>\n<meta property=\"og:title\" content=\"Konverter RS485 zu LoRa S LR01 WL. com. Modul, DIN rail TIV49A_R3 w ant.-Sklave - Solar Motors\" \/>\n<meta property=\"og:description\" content=\"The Konverter RS485 zu LoRa wireless, DIN rail, TIV49A_R3, mit Antenna 433MHz wird f\u00fcr den Ersatz der drahtgebundenen Kommunikation durch eine drahtlose Funkkommunikation verwendet. Dieser Konverter fungiert als Kommunikationsschnittstelle und wandelt die RS485-Kommunikation in ein LoRa-Funknetzwerk um. Andererseits wandelt dieses Modul drahtlose LoRa-Funksignale wieder in kabelgebundene Signale um. Es kann als Master-Koordinator auf der Sigma-Seite sowie als Slave-Router und Endpunkt auf der Nano-\/Quark-\/Micro-\/Pico-Seite arbeiten. Die Installation ist einfach, das Montage- und Anschlusskonzept ist nicht kompliziert.\" \/>\n<meta property=\"og:url\" content=\"https:\/\/solar-motors.com\/de\/produkt\/converter-rs485-to-lora-lr01-wl-com-module-din-rail-tiv49a_r3-w-antenna-conv-rs4852lora\/\" \/>\n<meta property=\"og:site_name\" content=\"Solar Motors\" \/>\n<meta property=\"article:modified_time\" content=\"2023-08-25T08:05:01+00:00\" \/>\n<meta property=\"og:image\" content=\"https:\/\/solar-motors.com\/wp-content\/uploads\/2023\/10\/IMG_20240827_140743-Photoroom.jpg\" \/>\n\t<meta property=\"og:image:width\" content=\"1331\" \/>\n\t<meta property=\"og:image:height\" content=\"964\" \/>\n\t<meta property=\"og:image:type\" content=\"image\/jpeg\" \/>\n<meta name=\"twitter:card\" content=\"summary_large_image\" \/>\n<meta name=\"twitter:label1\" content=\"Gesch\u00e4tzte Lesezeit\" \/>\n\t<meta name=\"twitter:data1\" content=\"2\u00a0Minuten\" \/>\n<script type=\"application\/ld+json\" class=\"yoast-schema-graph\">{\"@context\":\"https:\/\/schema.org\",\"@graph\":[{\"@type\":\"WebPage\",\"@id\":\"https:\/\/solar-motors.com\/de\/produkt\/converter-rs485-to-lora-lr01-wl-com-module-din-rail-tiv49a_r3-w-antenna-conv-rs4852lora\/\",\"url\":\"https:\/\/solar-motors.com\/de\/produkt\/converter-rs485-to-lora-lr01-wl-com-module-din-rail-tiv49a_r3-w-antenna-conv-rs4852lora\/\",\"name\":\"Konverter RS485 zu LoRa S LR01 WL. com. Modul, DIN rail TIV49A_R3 w ant.-Sklave - Solar Motors\",\"isPartOf\":{\"@id\":\"https:\/\/solar-motors.com\/de\/#website\"},\"primaryImageOfPage\":{\"@id\":\"https:\/\/solar-motors.com\/de\/produkt\/converter-rs485-to-lora-lr01-wl-com-module-din-rail-tiv49a_r3-w-antenna-conv-rs4852lora\/#primaryimage\"},\"image\":{\"@id\":\"https:\/\/solar-motors.com\/de\/produkt\/converter-rs485-to-lora-lr01-wl-com-module-din-rail-tiv49a_r3-w-antenna-conv-rs4852lora\/#primaryimage\"},\"thumbnailUrl\":\"https:\/\/solar-motors.com\/wp-content\/uploads\/2023\/10\/IMG_20240827_140743-Photoroom.jpg\",\"datePublished\":\"2023-03-06T12:27:45+00:00\",\"dateModified\":\"2023-08-25T08:05:01+00:00\",\"breadcrumb\":{\"@id\":\"https:\/\/solar-motors.com\/de\/produkt\/converter-rs485-to-lora-lr01-wl-com-module-din-rail-tiv49a_r3-w-antenna-conv-rs4852lora\/#breadcrumb\"},\"inLanguage\":\"de\",\"potentialAction\":[{\"@type\":\"ReadAction\",\"target\":[\"https:\/\/solar-motors.com\/de\/produkt\/converter-rs485-to-lora-lr01-wl-com-module-din-rail-tiv49a_r3-w-antenna-conv-rs4852lora\/\"]}]},{\"@type\":\"ImageObject\",\"inLanguage\":\"de\",\"@id\":\"https:\/\/solar-motors.com\/de\/produkt\/converter-rs485-to-lora-lr01-wl-com-module-din-rail-tiv49a_r3-w-antenna-conv-rs4852lora\/#primaryimage\",\"url\":\"https:\/\/solar-motors.com\/wp-content\/uploads\/2023\/10\/IMG_20240827_140743-Photoroom.jpg\",\"contentUrl\":\"https:\/\/solar-motors.com\/wp-content\/uploads\/2023\/10\/IMG_20240827_140743-Photoroom.jpg\",\"width\":1331,\"height\":964},{\"@type\":\"BreadcrumbList\",\"@id\":\"https:\/\/solar-motors.com\/de\/produkt\/converter-rs485-to-lora-lr01-wl-com-module-din-rail-tiv49a_r3-w-antenna-conv-rs4852lora\/#breadcrumb\",\"itemListElement\":[{\"@type\":\"ListItem\",\"position\":1,\"name\":\"Home\",\"item\":\"https:\/\/solar-motors.com\/de\/\"},{\"@type\":\"ListItem\",\"position\":2,\"name\":\"Shop\",\"item\":\"https:\/\/solar-motors.com\/shop\/\"},{\"@type\":\"ListItem\",\"position\":3,\"name\":\"Konverter RS485 zu LoRa S LR01 WL. com. Modul, DIN rail TIV49A_R3 w ant.-Sklave\"}]},{\"@type\":\"WebSite\",\"@id\":\"https:\/\/solar-motors.com\/de\/#website\",\"url\":\"https:\/\/solar-motors.com\/de\/\",\"name\":\"Solar Motors\",\"description\":\"Dependable Sun Tracking Systems Since 2005\",\"potentialAction\":[{\"@type\":\"SearchAction\",\"target\":{\"@type\":\"EntryPoint\",\"urlTemplate\":\"https:\/\/solar-motors.com\/de\/?s={search_term_string}\"},\"query-input\":{\"@type\":\"PropertyValueSpecification\",\"valueRequired\":true,\"valueName\":\"search_term_string\"}}],\"inLanguage\":\"de\"}]}<\/script>\n<!-- \/ Yoast SEO plugin. -->","yoast_head_json":{"title":"Konverter RS485 zu LoRa S LR01 WL. com. Modul, DIN rail TIV49A_R3 w ant.-Sklave - Solar Motors","robots":{"index":"index","follow":"follow","max-snippet":"max-snippet:-1","max-image-preview":"max-image-preview:large","max-video-preview":"max-video-preview:-1"},"canonical":"https:\/\/solar-motors.com\/de\/produkt\/converter-rs485-to-lora-lr01-wl-com-module-din-rail-tiv49a_r3-w-antenna-conv-rs4852lora\/","og_locale":"de_DE","og_type":"article","og_title":"Konverter RS485 zu LoRa S LR01 WL. com. Modul, DIN rail TIV49A_R3 w ant.-Sklave - Solar Motors","og_description":"The Konverter RS485 zu LoRa wireless, DIN rail, TIV49A_R3, mit Antenna 433MHz wird f\u00fcr den Ersatz der drahtgebundenen Kommunikation durch eine drahtlose Funkkommunikation verwendet. Dieser Konverter fungiert als Kommunikationsschnittstelle und wandelt die RS485-Kommunikation in ein LoRa-Funknetzwerk um. Andererseits wandelt dieses Modul drahtlose LoRa-Funksignale wieder in kabelgebundene Signale um. Es kann als Master-Koordinator auf der Sigma-Seite sowie als Slave-Router und Endpunkt auf der Nano-\/Quark-\/Micro-\/Pico-Seite arbeiten. Die Installation ist einfach, das Montage- und Anschlusskonzept ist nicht kompliziert.","og_url":"https:\/\/solar-motors.com\/de\/produkt\/converter-rs485-to-lora-lr01-wl-com-module-din-rail-tiv49a_r3-w-antenna-conv-rs4852lora\/","og_site_name":"Solar Motors","article_modified_time":"2023-08-25T08:05:01+00:00","og_image":[{"width":1331,"height":964,"url":"https:\/\/solar-motors.com\/wp-content\/uploads\/2023\/10\/IMG_20240827_140743-Photoroom.jpg","type":"image\/jpeg"}],"twitter_card":"summary_large_image","twitter_misc":{"Gesch\u00e4tzte Lesezeit":"2\u00a0Minuten"},"schema":{"@context":"https:\/\/schema.org","@graph":[{"@type":"WebPage","@id":"https:\/\/solar-motors.com\/de\/produkt\/converter-rs485-to-lora-lr01-wl-com-module-din-rail-tiv49a_r3-w-antenna-conv-rs4852lora\/","url":"https:\/\/solar-motors.com\/de\/produkt\/converter-rs485-to-lora-lr01-wl-com-module-din-rail-tiv49a_r3-w-antenna-conv-rs4852lora\/","name":"Konverter RS485 zu LoRa S LR01 WL. com. Modul, DIN rail TIV49A_R3 w ant.-Sklave - Solar Motors","isPartOf":{"@id":"https:\/\/solar-motors.com\/de\/#website"},"primaryImageOfPage":{"@id":"https:\/\/solar-motors.com\/de\/produkt\/converter-rs485-to-lora-lr01-wl-com-module-din-rail-tiv49a_r3-w-antenna-conv-rs4852lora\/#primaryimage"},"image":{"@id":"https:\/\/solar-motors.com\/de\/produkt\/converter-rs485-to-lora-lr01-wl-com-module-din-rail-tiv49a_r3-w-antenna-conv-rs4852lora\/#primaryimage"},"thumbnailUrl":"https:\/\/solar-motors.com\/wp-content\/uploads\/2023\/10\/IMG_20240827_140743-Photoroom.jpg","datePublished":"2023-03-06T12:27:45+00:00","dateModified":"2023-08-25T08:05:01+00:00","breadcrumb":{"@id":"https:\/\/solar-motors.com\/de\/produkt\/converter-rs485-to-lora-lr01-wl-com-module-din-rail-tiv49a_r3-w-antenna-conv-rs4852lora\/#breadcrumb"},"inLanguage":"de","potentialAction":[{"@type":"ReadAction","target":["https:\/\/solar-motors.com\/de\/produkt\/converter-rs485-to-lora-lr01-wl-com-module-din-rail-tiv49a_r3-w-antenna-conv-rs4852lora\/"]}]},{"@type":"ImageObject","inLanguage":"de","@id":"https:\/\/solar-motors.com\/de\/produkt\/converter-rs485-to-lora-lr01-wl-com-module-din-rail-tiv49a_r3-w-antenna-conv-rs4852lora\/#primaryimage","url":"https:\/\/solar-motors.com\/wp-content\/uploads\/2023\/10\/IMG_20240827_140743-Photoroom.jpg","contentUrl":"https:\/\/solar-motors.com\/wp-content\/uploads\/2023\/10\/IMG_20240827_140743-Photoroom.jpg","width":1331,"height":964},{"@type":"BreadcrumbList","@id":"https:\/\/solar-motors.com\/de\/produkt\/converter-rs485-to-lora-lr01-wl-com-module-din-rail-tiv49a_r3-w-antenna-conv-rs4852lora\/#breadcrumb","itemListElement":[{"@type":"ListItem","position":1,"name":"Home","item":"https:\/\/solar-motors.com\/de\/"},{"@type":"ListItem","position":2,"name":"Shop","item":"https:\/\/solar-motors.com\/shop\/"},{"@type":"ListItem","position":3,"name":"Konverter RS485 zu LoRa S LR01 WL. com. Modul, DIN rail TIV49A_R3 w ant.-Sklave"}]},{"@type":"WebSite","@id":"https:\/\/solar-motors.com\/de\/#website","url":"https:\/\/solar-motors.com\/de\/","name":"Solar Motors","description":"Dependable Sun Tracking Systems Since 2005","potentialAction":[{"@type":"SearchAction","target":{"@type":"EntryPoint","urlTemplate":"https:\/\/solar-motors.com\/de\/?s={search_term_string}"},"query-input":{"@type":"PropertyValueSpecification","valueRequired":true,"valueName":"search_term_string"}}],"inLanguage":"de"}]}},"_links":{"self":[{"href":"https:\/\/solar-motors.com\/de\/wp-json\/wp\/v2\/product\/7460","targetHints":{"allow":["GET"]}}],"collection":[{"href":"https:\/\/solar-motors.com\/de\/wp-json\/wp\/v2\/product"}],"about":[{"href":"https:\/\/solar-motors.com\/de\/wp-json\/wp\/v2\/types\/product"}],"replies":[{"embeddable":true,"href":"https:\/\/solar-motors.com\/de\/wp-json\/wp\/v2\/comments?post=7460"}],"wp:featuredmedia":[{"embeddable":true,"href":"https:\/\/solar-motors.com\/de\/wp-json\/wp\/v2\/media\/9306"}],"wp:attachment":[{"href":"https:\/\/solar-motors.com\/de\/wp-json\/wp\/v2\/media?parent=7460"}],"wp:term":[{"taxonomy":"product_brand","embeddable":true,"href":"https:\/\/solar-motors.com\/de\/wp-json\/wp\/v2\/product_brand?post=7460"},{"taxonomy":"product_cat","embeddable":true,"href":"https:\/\/solar-motors.com\/de\/wp-json\/wp\/v2\/product_cat?post=7460"},{"taxonomy":"product_tag","embeddable":true,"href":"https:\/\/solar-motors.com\/de\/wp-json\/wp\/v2\/product_tag?post=7460"}],"curies":[{"name":"wp","href":"https:\/\/api.w.org\/{rel}","templated":true}]}}