{"id":7461,"date":"2023-03-06T13:27:41","date_gmt":"2023-03-06T12:27:41","guid":{"rendered":"https:\/\/solar-motors.com\/product\/set-jun-box-60x40x20cm-mit-inst-din-schiene-mit-sicherung-und-ueberspannungsschutz-verschraubungen-verschraubungen-int-verkabelung-jboxset6-pla-1323\/"},"modified":"2023-08-25T10:05:02","modified_gmt":"2023-08-25T08:05:02","slug":"set-jun-box-60x40x20cm-w-inst-din-rail-w-fuse-overvoltage-prot-glands-glands-int-wiring-jboxset6-pla-1323","status":"publish","type":"product","link":"https:\/\/solar-motors.com\/de\/produkt\/set-jun-box-60x40x20cm-w-inst-din-rail-w-fuse-overvoltage-prot-glands-glands-int-wiring-jboxset6-pla-1323\/","title":{"rendered":"Set Jun. Box 60x40x20cm mit Inst. DIN-Schiene, mit Sicherung und \u00dcberspannungsschutz, Verschraubungen, Verschraubungen, int. Verkabelung JBOXSET6-PLA &#8211; 1323"},"content":{"rendered":"<p>SMPS-Netzteil und Sigma sind nicht im Preis der Anschlussbox enthalten. Wenn Sie SMPS und Sigma bestellen, werden diese angeschlossen und getestet. Das Anschlussdosen-Set (J-Box) von Sat Control ist kompakt und vielseitig konzipiert, ohne Kompromisse bei den Sicherheits- und Zuverl\u00e4ssigkeitsstandards einzugehen: Es baut auf der bew\u00e4hrten Technologie der Positionierungsger\u00e4te von Sat Control auf und trennt sowohl mechanische als auch elektronische Komponenten von Solartrackern und ersetzt den integrierten Positionierer von Sat Control durch externe DIN-Schienen-Positionierer. Spezielle untere F\u00fchrungen f\u00fcr DIN-Schiene, Klemmenblock und Platten erm\u00f6glichen eine einfache Installation und machen die Einstellungen des Stellungsreglers absolut narrensicher. \u00dcberlastung \u2013 Blitzschutz, Stromschutz, verkabelt ohne SMPS.<b><\/b><\/p>\n<ul>\n<li>Benutzerfreundlich<\/li>\n<li>Getrennt von mechanischen und elektronischen Komponenten<\/li>\n<li>Kann in bestehende und neue Solar-Tracker\/PV-Anlagen integriert werden <b> <\/b><\/li>\n<li>Einfach<\/li>\n<li> Leicht zug\u00e4nglicher Anschlussbereich<\/li>\n<li>Komfortable Installation und Inbetriebnahme<\/li>\n<li>Freie Wahl des Montageortes<\/li>\n<li>Dauerhaft<\/li>\n<li>Hohe Schutzart IP65. Erf\u00fcllt die Anforderungen f\u00fcr den Einsatz im Freien unter rauen Umgebungsbedingungen<\/li>\n<li>2 Jahre Garantie von Sat Control<\/li>\n<\/ul>\n<table dir=\"LTR\" style=\"border: 1px dotted #bfbfbf;\" border=\"1\" width=\"684\" cellspacing=\"0\">\n<tbody>\n<tr>\n<td style=\"border: 1px dotted #bfbfbf;\" colspan=\"2\" valign=\"MIDDLE\" bgcolor=\"#f5821f\" height=\"4\">\n<p dir=\"LTR\" align=\"LEFT\"><b>Technische F\u00e4higkeiten<\/b><\/p>\n<\/td>\n<\/tr>\n<tr>\n<td style=\"border: 1px dotted #bfbfbf;\" colspan=\"2\" valign=\"MIDDLE\" bgcolor=\"#008bcd\" height=\"4\"><b>Allgemeine Daten<\/b><\/td>\n<\/tr>\n<tr>\n<td style=\"border: 1px dotted #bfbfbf;\" valign=\"MIDDLE\" bgcolor=\"#a3a6aa\" width=\"55%\" height=\"4\">Interne Abm. (H \/ W \/ D) in mm<\/td>\n<td style=\"border: 1px dotted #bfbfbf;\" valign=\"MIDDLE\" bgcolor=\"#a3a6aa\" width=\"45%\" height=\"4\">600 \/ 400 \/ 200<\/td>\n<\/tr>\n<tr>\n<td style=\"border: 1px dotted #bfbfbf;\" valign=\"MIDDLE\" bgcolor=\"#ffffff\" width=\"55%\" height=\"4\">Gewicht (ohne Kabel)<\/td>\n<td style=\"border: 1px dotted #bfbfbf;\" valign=\"MIDDLE\" bgcolor=\"#ffffff\" width=\"45%\" height=\"4\">8000 g<\/td>\n<\/tr>\n<tr>\n<td style=\"border: 1px dotted #bfbfbf;\" valign=\"TOP\" bgcolor=\"#a3a6aa\" width=\"55%\" height=\"4\">Farbe<\/td>\n<td style=\"border: 1px dotted #bfbfbf;\" valign=\"MIDDLE\" bgcolor=\"#a3a6aa\" width=\"45%\" height=\"4\">grau<\/td>\n<\/tr>\n<tr>\n<td style=\"border: 1px dotted #bfbfbf;\" valign=\"TOP\" bgcolor=\"#ffffff\" width=\"55%\" height=\"4\">Eigenschaften &amp; Material &amp; Nennstrom<\/td>\n<td style=\"border: 1px dotted #bfbfbf;\" valign=\"MIDDLE\" bgcolor=\"#ffffff\" width=\"45%\" height=\"4\">Halogenfrei, Stahl, max. 800A<\/td>\n<\/tr>\n<tr>\n<td style=\"border: 1px dotted #bfbfbf;\" valign=\"MIDDLE\" bgcolor=\"#a3a6aa\" width=\"55%\" height=\"4\">Montageort<\/td>\n<td style=\"border: 1px dotted #bfbfbf;\" valign=\"MIDDLE\" bgcolor=\"#a3a6aa\" width=\"45%\" height=\"4\">drau\u00dfen<\/td>\n<\/tr>\n<tr>\n<td style=\"border: 1px dotted #bfbfbf;\" valign=\"MIDDLE\" bgcolor=\"#ffffff\" width=\"55%\" height=\"4\">Montagem\u00f6glichkeiten<\/td>\n<td style=\"border: 1px dotted #bfbfbf;\" valign=\"MIDDLE\" bgcolor=\"#ffffff\" width=\"45%\" height=\"4\">Schnittstellen zur DIN-Schienenmontage<\/td>\n<\/tr>\n<tr>\n<td style=\"border: 1px dotted #bfbfbf;\" valign=\"MIDDLE\" bgcolor=\"#a3a6aa\" width=\"55%\" height=\"4\">Kunststoffverschraubung PG11<\/td>\n<td style=\"border: 1px dotted #bfbfbf;\" valign=\"MIDDLE\" bgcolor=\"#a3a6aa\" width=\"45%\" height=\"4\">4-6 Stcke<\/td>\n<\/tr>\n<tr>\n<td style=\"border: 1px dotted #bfbfbf;\" colspan=\"2\" valign=\"MIDDLE\" bgcolor=\"#008bcd\" height=\"4\"><b>Umgebungsbedingungen<\/b><\/td>\n<\/tr>\n<tr>\n<td style=\"border: 1px dotted #bfbfbf;\" valign=\"MIDDLE\" bgcolor=\"#ffffff\" width=\"55%\" height=\"20\">Umgebungstemperatur<\/td>\n<td style=\"border: 1px dotted #bfbfbf;\" valign=\"MIDDLE\" bgcolor=\"#ffffff\" width=\"45%\" height=\"20\">-40 \u00b0C &#8230; +85 \u00b0C<\/td>\n<\/tr>\n<tr>\n<td style=\"border: 1px dotted #bfbfbf;\" valign=\"MIDDLE\" bgcolor=\"#a3a6aa\" width=\"55%\" height=\"4\">Relative Luftfeuchtigkeit<\/td>\n<td style=\"border: 1px dotted #bfbfbf;\" valign=\"MIDDLE\" bgcolor=\"#a3a6aa\" width=\"45%\" height=\"4\">100 % relative Luftfeuchtigkeit (nicht kondensierend)<\/td>\n<\/tr>\n<tr>\n<td style=\"border: 1px dotted #bfbfbf;\" valign=\"MIDDLE\" bgcolor=\"#ffffff\" width=\"55%\" height=\"4\">Schutzart (nach IEC 60529)<\/td>\n<td style=\"border: 1px dotted #bfbfbf;\" valign=\"MIDDLE\" bgcolor=\"#ffffff\" width=\"45%\" height=\"4\">IP65<\/td>\n<\/tr>\n<tr>\n<td style=\"border: 1px dotted #bfbfbf;\" colspan=\"2\" valign=\"MIDDLE\" bgcolor=\"#008bcd\" height=\"4\"><b>Merkmale<\/b><\/td>\n<\/tr>\n<tr>\n<td style=\"border: 1px dotted #bfbfbf;\" valign=\"MIDDLE\" bgcolor=\"#ffffff\" width=\"55%\" height=\"4\">Haust\u00fcr<\/td>\n<td style=\"border: 1px dotted #bfbfbf;\" valign=\"MIDDLE\" bgcolor=\"#ffffff\" width=\"45%\" height=\"4\">Ja<\/td>\n<\/tr>\n<tr>\n<td style=\"border: 1px dotted #bfbfbf;\" valign=\"MIDDLE\" bgcolor=\"#a3a6aa\" width=\"55%\" height=\"4\">DIN-Montageschiene aus Metall<\/td>\n<td style=\"border: 1px dotted #bfbfbf;\" valign=\"MIDDLE\" bgcolor=\"#a3a6aa\" width=\"45%\" height=\"4\">4<\/td>\n<\/tr>\n<tr>\n<td style=\"border: 1px dotted #bfbfbf;\" valign=\"MIDDLE\" bgcolor=\"#ffffff\" width=\"55%\" height=\"4\">Kabelverschraubungen mit metrischem Gewinde Pg 16<\/td>\n<td style=\"border: 1px dotted #bfbfbf;\" valign=\"MIDDLE\" bgcolor=\"#ffffff\" width=\"45%\" height=\"4\">4-6<\/td>\n<\/tr>\n<tr>\n<td style=\"border: 1px dotted #bfbfbf;\" valign=\"MIDDLE\" bgcolor=\"#a3a6aa\" width=\"55%\" height=\"4\">DIN-Schienen-Sicherungshalter VSV 4 4 mm2 440 V<\/td>\n<td style=\"border: 1px dotted #bfbfbf;\" valign=\"MIDDLE\" bgcolor=\"#a3a6aa\" width=\"45%\" height=\"4\">1<\/td>\n<\/tr>\n<tr>\n<td style=\"border: 1px dotted #bfbfbf;\" valign=\"MIDDLE\" bgcolor=\"#ffffff\" width=\"55%\" height=\"19\">DIN-Schienenklemmenblock VS 4-PE 4 mm<\/td>\n<td style=\"border: 1px dotted #bfbfbf;\" valign=\"MIDDLE\" bgcolor=\"#ffffff\" width=\"45%\" height=\"19\">1<\/td>\n<\/tr>\n<tr>\n<td style=\"border: 1px dotted #bfbfbf;\" valign=\"MIDDLE\" bgcolor=\"#a3a6aa\" width=\"55%\" height=\"4\">DIN-Schienen-Sammelschienenklemmenblock 6&#215;9 -\u201310P<\/td>\n<td style=\"border: 1px dotted #bfbfbf;\" valign=\"MIDDLE\" bgcolor=\"#a3a6aa\" width=\"45%\" height=\"4\">1<\/td>\n<\/tr>\n<tr>\n<td style=\"border: 1px dotted #bfbfbf;\" valign=\"MIDDLE\" bgcolor=\"#ffffff\" width=\"55%\" height=\"4\">Garantie: 2 \/ 5 \/ 10 Jahre<\/td>\n<td style=\"border: 1px dotted #bfbfbf;\" valign=\"MIDDLE\" bgcolor=\"#ffffff\" width=\"45%\" height=\"4\">Ja \/ opt. \/ opt.<\/td>\n<\/tr>\n<tr>\n<td style=\"border: 1px dotted #bfbfbf;\" valign=\"MIDDLE\" bgcolor=\"#a3a6aa\" width=\"55%\" height=\"4\">Zertifikate und Zulassungen<\/td>\n<td style=\"border: 1px dotted #bfbfbf;\" valign=\"MIDDLE\" bgcolor=\"#a3a6aa\" width=\"45%\" height=\"4\"><a href=\"\/wp-content\/uploads\/files-old\/www.solar-motors.com\">www.solar-motors.com<\/a><\/td>\n<\/tr>\n<tr>\n<td style=\"border: 1px dotted #bfbfbf;\" colspan=\"2\" valign=\"MIDDLE\" bgcolor=\"#008bcd\" height=\"4\">\n<p dir=\"LTR\" align=\"LEFT\"><strong>Zubeh\u00f6r<\/strong><\/p>\n<\/td>\n<\/tr>\n<tr>\n<td style=\"border: 1px dotted #bfbfbf;\" valign=\"MIDDLE\" bgcolor=\"#ffffff\" width=\"55%\" height=\"4\">Solar Positionierer 2-achse mod. NANO, RS485, DIN rail<\/td>\n<td style=\"border: 1px dotted #bfbfbf;\" valign=\"MIDDLE\" bgcolor=\"#ffffff\" width=\"45%\" height=\"4\">Nicht enthalten (optional)<\/td>\n<\/tr>\n<tr>\n<td style=\"border: 1px dotted #bfbfbf;\" valign=\"MIDDLE\" bgcolor=\"#a3a6aa\" width=\"55%\" height=\"4\">Interne Verkabelung<\/td>\n<td style=\"border: 1px dotted #bfbfbf;\" valign=\"MIDDLE\" bgcolor=\"#a3a6aa\" width=\"45%\" height=\"4\">Ja<\/td>\n<\/tr>\n<tr>\n<td style=\"border: 1px dotted #bfbfbf;\" valign=\"MIDDLE\" bgcolor=\"#ffffff\" width=\"55%\" height=\"4\">Backup-Batterien<\/td>\n<td style=\"border: 1px dotted #bfbfbf;\" valign=\"MIDDLE\" bgcolor=\"#ffffff\" width=\"45%\" height=\"4\">Nicht enthalten (optional)<\/td>\n<\/tr>\n<\/tbody>\n<\/table>\n<table style=\"border: 1px dotted #bfbfbf;\" border=\"1\" width=\"921\" cellspacing=\"0\" cellpadding=\"0\">\n<tbody>\n<tr>\n<td style=\"border: 1px dotted #bfbfbf;\" bgcolor=\"#ed1c24\"><strong> Set Jun. Box 60x40x20cm mit Inst. DIN-Schiene, mit Sicherung und \u00dcberspannungsschutz, Verschraubungen, Verschraubungen, int. Verkabelung JBOXSET6-PLA<\/strong><\/td>\n<td style=\"border: 1px dotted #bfbfbf;\">\n<p align=\"center\"><img decoding=\"async\" src=\"\/wp-content\/uploads\/files-old\/%24%24H_4BF90B6D_PDF_icon.gif\" alt=\"\" border=\"0\" hspace=\"0\"><\/p>\n<\/td>\n<\/tr>\n<tr>\n<td style=\"border: 1px dotted #bfbfbf;\"><\/td>\n<td style=\"border: 1px dotted #bfbfbf;\">\n<p align=\"center\">\n<\/td>\n<\/tr>\n<tr>\n<td style=\"border: 1px dotted #bfbfbf;\"> <strong>Flugbl\u00e4tter<\/strong><\/td>\n<td style=\"border: 1px dotted #bfbfbf;\">\n<p align=\"center\">\n<\/td>\n<\/tr>\n<tr>\n<td style=\"border: 1px dotted #bfbfbf;\"> &#8211; Englische Flugbl\u00e4tter in PDF format mittlere Aufl\u00f6sung<\/td>\n<td style=\"border: 1px dotted #bfbfbf;\">\n<p align=\"center\"><a href=\"\/wp-content\/uploads\/files-old\/jbox_set6_MR.pdf\" target=\"_blank\" rel=\"noopener\">Herunterladen<\/a><\/p>\n<\/td>\n<\/tr>\n<tr>\n<td style=\"border: 1px dotted #bfbfbf;\"> &#8211; Englische Flugbl\u00e4tter in PDF format niedrige Aufl\u00f6sung<\/td>\n<td style=\"border: 1px dotted #bfbfbf;\">\n<p align=\"center\"><a href=\"\/wp-content\/uploads\/files-old\/jbox_set6_LR.pdf\" target=\"_blank\" rel=\"noopener\">Herunterladen<\/a><\/p>\n<\/td>\n<\/tr>\n<tr>\n<td style=\"border: 1px dotted #bfbfbf;\"> <strong>Neuste Firmware<\/strong><\/td>\n<td style=\"border: 1px dotted #bfbfbf;\">\n<p align=\"center\">\n<\/td>\n<\/tr>\n<tr>\n<td style=\"border: 1px dotted #bfbfbf;\"> <u>Bitte durchsuchen Sie die Support-Seite<\/u><\/td>\n<td style=\"border: 1px dotted #bfbfbf;\">\n<p align=\"center\">\n<\/td>\n<\/tr>\n<tr>\n<td style=\"border: 1px dotted #bfbfbf;\"> <strong>Zertifikate<\/strong><\/td>\n<td style=\"border: 1px dotted #bfbfbf;\">\n<p align=\"center\">\n<\/td>\n<\/tr>\n<tr>\n<td style=\"border: 1px dotted #bfbfbf;\"> &#8211; Konformit\u00e4tserkl\u00e4rung im PDF-Format<\/td>\n<td style=\"border: 1px dotted #bfbfbf;\">\n<p align=\"center\">Herunterladen<\/p>\n<\/td>\n<\/tr>\n<\/tbody>\n<\/table>\n","protected":false},"excerpt":{"rendered":"<p>Set Jun. Box 60x40x20cm mit Inst. DIN-Schiene, mit Sicherung und \u00dcberspannungsschutz, Verschraubungen, Verschraubungen, int. Verkabelung JBOXSET6-PLA &#8211; 1323<\/p>\n","protected":false},"featured_media":5808,"comment_status":"open","ping_status":"closed","template":"","meta":{"inline_featured_image":false},"product_brand":[],"product_cat":[884],"product_tag":[],"class_list":{"0":"post-7461","1":"product","2":"type-product","3":"status-publish","4":"has-post-thumbnail","6":"product_cat-zubehor-fur-solartracker","8":"first","9":"outofstock","10":"taxable","11":"shipping-taxable","12":"purchasable","13":"product-type-simple"},"yoast_head":"<!-- This site is optimized with the Yoast SEO plugin v26.5 - https:\/\/yoast.com\/wordpress\/plugins\/seo\/ -->\n<title>Set Jun. Box 60x40x20cm mit Inst. DIN-Schiene, mit Sicherung und \u00dcberspannungsschutz, Verschraubungen, Verschraubungen, int. Verkabelung JBOXSET6-PLA - 1323 - Solar Motors<\/title>\n<meta name=\"robots\" content=\"index, follow, max-snippet:-1, max-image-preview:large, max-video-preview:-1\" \/>\n<link rel=\"canonical\" href=\"https:\/\/solar-motors.com\/de\/produkt\/set-jun-box-60x40x20cm-w-inst-din-rail-w-fuse-overvoltage-prot-glands-glands-int-wiring-jboxset6-pla-1323\/\" \/>\n<meta property=\"og:locale\" content=\"de_DE\" \/>\n<meta property=\"og:type\" content=\"article\" \/>\n<meta property=\"og:title\" content=\"Set Jun. Box 60x40x20cm mit Inst. DIN-Schiene, mit Sicherung und \u00dcberspannungsschutz, Verschraubungen, Verschraubungen, int. Verkabelung JBOXSET6-PLA - 1323 - Solar Motors\" \/>\n<meta property=\"og:description\" content=\"Set Jun. Box 60x40x20cm mit Inst. DIN-Schiene, mit Sicherung und \u00dcberspannungsschutz, Verschraubungen, Verschraubungen, int. Verkabelung JBOXSET6-PLA - 1323\" \/>\n<meta property=\"og:url\" content=\"https:\/\/solar-motors.com\/de\/produkt\/set-jun-box-60x40x20cm-w-inst-din-rail-w-fuse-overvoltage-prot-glands-glands-int-wiring-jboxset6-pla-1323\/\" \/>\n<meta property=\"og:site_name\" content=\"Solar Motors\" \/>\n<meta property=\"article:modified_time\" content=\"2023-08-25T08:05:02+00:00\" \/>\n<meta property=\"og:image\" content=\"https:\/\/solar-motors.com\/wp-content\/uploads\/2023\/03\/A_E2D2FB84_jbox20set6.jpg\" \/>\n\t<meta property=\"og:image:width\" content=\"618\" \/>\n\t<meta property=\"og:image:height\" content=\"800\" \/>\n\t<meta property=\"og:image:type\" content=\"image\/jpeg\" \/>\n<meta name=\"twitter:card\" content=\"summary_large_image\" \/>\n<meta name=\"twitter:label1\" content=\"Gesch\u00e4tzte Lesezeit\" \/>\n\t<meta name=\"twitter:data1\" content=\"2\u00a0Minuten\" \/>\n<script type=\"application\/ld+json\" class=\"yoast-schema-graph\">{\"@context\":\"https:\/\/schema.org\",\"@graph\":[{\"@type\":\"WebPage\",\"@id\":\"https:\/\/solar-motors.com\/de\/produkt\/set-jun-box-60x40x20cm-w-inst-din-rail-w-fuse-overvoltage-prot-glands-glands-int-wiring-jboxset6-pla-1323\/\",\"url\":\"https:\/\/solar-motors.com\/de\/produkt\/set-jun-box-60x40x20cm-w-inst-din-rail-w-fuse-overvoltage-prot-glands-glands-int-wiring-jboxset6-pla-1323\/\",\"name\":\"Set Jun. Box 60x40x20cm mit Inst. DIN-Schiene, mit Sicherung und \u00dcberspannungsschutz, Verschraubungen, Verschraubungen, int. Verkabelung JBOXSET6-PLA - 1323 - Solar Motors\",\"isPartOf\":{\"@id\":\"https:\/\/solar-motors.com\/de\/#website\"},\"primaryImageOfPage\":{\"@id\":\"https:\/\/solar-motors.com\/de\/produkt\/set-jun-box-60x40x20cm-w-inst-din-rail-w-fuse-overvoltage-prot-glands-glands-int-wiring-jboxset6-pla-1323\/#primaryimage\"},\"image\":{\"@id\":\"https:\/\/solar-motors.com\/de\/produkt\/set-jun-box-60x40x20cm-w-inst-din-rail-w-fuse-overvoltage-prot-glands-glands-int-wiring-jboxset6-pla-1323\/#primaryimage\"},\"thumbnailUrl\":\"https:\/\/solar-motors.com\/wp-content\/uploads\/2023\/03\/A_E2D2FB84_jbox20set6.jpg\",\"datePublished\":\"2023-03-06T12:27:41+00:00\",\"dateModified\":\"2023-08-25T08:05:02+00:00\",\"breadcrumb\":{\"@id\":\"https:\/\/solar-motors.com\/de\/produkt\/set-jun-box-60x40x20cm-w-inst-din-rail-w-fuse-overvoltage-prot-glands-glands-int-wiring-jboxset6-pla-1323\/#breadcrumb\"},\"inLanguage\":\"de\",\"potentialAction\":[{\"@type\":\"ReadAction\",\"target\":[\"https:\/\/solar-motors.com\/de\/produkt\/set-jun-box-60x40x20cm-w-inst-din-rail-w-fuse-overvoltage-prot-glands-glands-int-wiring-jboxset6-pla-1323\/\"]}]},{\"@type\":\"ImageObject\",\"inLanguage\":\"de\",\"@id\":\"https:\/\/solar-motors.com\/de\/produkt\/set-jun-box-60x40x20cm-w-inst-din-rail-w-fuse-overvoltage-prot-glands-glands-int-wiring-jboxset6-pla-1323\/#primaryimage\",\"url\":\"https:\/\/solar-motors.com\/wp-content\/uploads\/2023\/03\/A_E2D2FB84_jbox20set6.jpg\",\"contentUrl\":\"https:\/\/solar-motors.com\/wp-content\/uploads\/2023\/03\/A_E2D2FB84_jbox20set6.jpg\",\"width\":618,\"height\":800},{\"@type\":\"BreadcrumbList\",\"@id\":\"https:\/\/solar-motors.com\/de\/produkt\/set-jun-box-60x40x20cm-w-inst-din-rail-w-fuse-overvoltage-prot-glands-glands-int-wiring-jboxset6-pla-1323\/#breadcrumb\",\"itemListElement\":[{\"@type\":\"ListItem\",\"position\":1,\"name\":\"Home\",\"item\":\"https:\/\/solar-motors.com\/de\/\"},{\"@type\":\"ListItem\",\"position\":2,\"name\":\"Shop\",\"item\":\"https:\/\/solar-motors.com\/shop\/\"},{\"@type\":\"ListItem\",\"position\":3,\"name\":\"Set Jun. Box 60x40x20cm mit Inst. DIN-Schiene, mit Sicherung und \u00dcberspannungsschutz, Verschraubungen, Verschraubungen, int. Verkabelung JBOXSET6-PLA &#8211; 1323\"}]},{\"@type\":\"WebSite\",\"@id\":\"https:\/\/solar-motors.com\/de\/#website\",\"url\":\"https:\/\/solar-motors.com\/de\/\",\"name\":\"Solar Motors\",\"description\":\"Dependable Sun Tracking Systems Since 2005\",\"potentialAction\":[{\"@type\":\"SearchAction\",\"target\":{\"@type\":\"EntryPoint\",\"urlTemplate\":\"https:\/\/solar-motors.com\/de\/?s={search_term_string}\"},\"query-input\":{\"@type\":\"PropertyValueSpecification\",\"valueRequired\":true,\"valueName\":\"search_term_string\"}}],\"inLanguage\":\"de\"}]}<\/script>\n<!-- \/ Yoast SEO plugin. -->","yoast_head_json":{"title":"Set Jun. Box 60x40x20cm mit Inst. DIN-Schiene, mit Sicherung und \u00dcberspannungsschutz, Verschraubungen, Verschraubungen, int. Verkabelung JBOXSET6-PLA - 1323 - Solar Motors","robots":{"index":"index","follow":"follow","max-snippet":"max-snippet:-1","max-image-preview":"max-image-preview:large","max-video-preview":"max-video-preview:-1"},"canonical":"https:\/\/solar-motors.com\/de\/produkt\/set-jun-box-60x40x20cm-w-inst-din-rail-w-fuse-overvoltage-prot-glands-glands-int-wiring-jboxset6-pla-1323\/","og_locale":"de_DE","og_type":"article","og_title":"Set Jun. Box 60x40x20cm mit Inst. DIN-Schiene, mit Sicherung und \u00dcberspannungsschutz, Verschraubungen, Verschraubungen, int. Verkabelung JBOXSET6-PLA - 1323 - Solar Motors","og_description":"Set Jun. Box 60x40x20cm mit Inst. DIN-Schiene, mit Sicherung und \u00dcberspannungsschutz, Verschraubungen, Verschraubungen, int. Verkabelung JBOXSET6-PLA - 1323","og_url":"https:\/\/solar-motors.com\/de\/produkt\/set-jun-box-60x40x20cm-w-inst-din-rail-w-fuse-overvoltage-prot-glands-glands-int-wiring-jboxset6-pla-1323\/","og_site_name":"Solar Motors","article_modified_time":"2023-08-25T08:05:02+00:00","og_image":[{"width":618,"height":800,"url":"https:\/\/solar-motors.com\/wp-content\/uploads\/2023\/03\/A_E2D2FB84_jbox20set6.jpg","type":"image\/jpeg"}],"twitter_card":"summary_large_image","twitter_misc":{"Gesch\u00e4tzte Lesezeit":"2\u00a0Minuten"},"schema":{"@context":"https:\/\/schema.org","@graph":[{"@type":"WebPage","@id":"https:\/\/solar-motors.com\/de\/produkt\/set-jun-box-60x40x20cm-w-inst-din-rail-w-fuse-overvoltage-prot-glands-glands-int-wiring-jboxset6-pla-1323\/","url":"https:\/\/solar-motors.com\/de\/produkt\/set-jun-box-60x40x20cm-w-inst-din-rail-w-fuse-overvoltage-prot-glands-glands-int-wiring-jboxset6-pla-1323\/","name":"Set Jun. Box 60x40x20cm mit Inst. DIN-Schiene, mit Sicherung und \u00dcberspannungsschutz, Verschraubungen, Verschraubungen, int. Verkabelung JBOXSET6-PLA - 1323 - Solar Motors","isPartOf":{"@id":"https:\/\/solar-motors.com\/de\/#website"},"primaryImageOfPage":{"@id":"https:\/\/solar-motors.com\/de\/produkt\/set-jun-box-60x40x20cm-w-inst-din-rail-w-fuse-overvoltage-prot-glands-glands-int-wiring-jboxset6-pla-1323\/#primaryimage"},"image":{"@id":"https:\/\/solar-motors.com\/de\/produkt\/set-jun-box-60x40x20cm-w-inst-din-rail-w-fuse-overvoltage-prot-glands-glands-int-wiring-jboxset6-pla-1323\/#primaryimage"},"thumbnailUrl":"https:\/\/solar-motors.com\/wp-content\/uploads\/2023\/03\/A_E2D2FB84_jbox20set6.jpg","datePublished":"2023-03-06T12:27:41+00:00","dateModified":"2023-08-25T08:05:02+00:00","breadcrumb":{"@id":"https:\/\/solar-motors.com\/de\/produkt\/set-jun-box-60x40x20cm-w-inst-din-rail-w-fuse-overvoltage-prot-glands-glands-int-wiring-jboxset6-pla-1323\/#breadcrumb"},"inLanguage":"de","potentialAction":[{"@type":"ReadAction","target":["https:\/\/solar-motors.com\/de\/produkt\/set-jun-box-60x40x20cm-w-inst-din-rail-w-fuse-overvoltage-prot-glands-glands-int-wiring-jboxset6-pla-1323\/"]}]},{"@type":"ImageObject","inLanguage":"de","@id":"https:\/\/solar-motors.com\/de\/produkt\/set-jun-box-60x40x20cm-w-inst-din-rail-w-fuse-overvoltage-prot-glands-glands-int-wiring-jboxset6-pla-1323\/#primaryimage","url":"https:\/\/solar-motors.com\/wp-content\/uploads\/2023\/03\/A_E2D2FB84_jbox20set6.jpg","contentUrl":"https:\/\/solar-motors.com\/wp-content\/uploads\/2023\/03\/A_E2D2FB84_jbox20set6.jpg","width":618,"height":800},{"@type":"BreadcrumbList","@id":"https:\/\/solar-motors.com\/de\/produkt\/set-jun-box-60x40x20cm-w-inst-din-rail-w-fuse-overvoltage-prot-glands-glands-int-wiring-jboxset6-pla-1323\/#breadcrumb","itemListElement":[{"@type":"ListItem","position":1,"name":"Home","item":"https:\/\/solar-motors.com\/de\/"},{"@type":"ListItem","position":2,"name":"Shop","item":"https:\/\/solar-motors.com\/shop\/"},{"@type":"ListItem","position":3,"name":"Set Jun. Box 60x40x20cm mit Inst. DIN-Schiene, mit Sicherung und \u00dcberspannungsschutz, Verschraubungen, Verschraubungen, int. Verkabelung JBOXSET6-PLA &#8211; 1323"}]},{"@type":"WebSite","@id":"https:\/\/solar-motors.com\/de\/#website","url":"https:\/\/solar-motors.com\/de\/","name":"Solar Motors","description":"Dependable Sun Tracking Systems Since 2005","potentialAction":[{"@type":"SearchAction","target":{"@type":"EntryPoint","urlTemplate":"https:\/\/solar-motors.com\/de\/?s={search_term_string}"},"query-input":{"@type":"PropertyValueSpecification","valueRequired":true,"valueName":"search_term_string"}}],"inLanguage":"de"}]}},"_links":{"self":[{"href":"https:\/\/solar-motors.com\/de\/wp-json\/wp\/v2\/product\/7461","targetHints":{"allow":["GET"]}}],"collection":[{"href":"https:\/\/solar-motors.com\/de\/wp-json\/wp\/v2\/product"}],"about":[{"href":"https:\/\/solar-motors.com\/de\/wp-json\/wp\/v2\/types\/product"}],"replies":[{"embeddable":true,"href":"https:\/\/solar-motors.com\/de\/wp-json\/wp\/v2\/comments?post=7461"}],"wp:featuredmedia":[{"embeddable":true,"href":"https:\/\/solar-motors.com\/de\/wp-json\/wp\/v2\/media\/5808"}],"wp:attachment":[{"href":"https:\/\/solar-motors.com\/de\/wp-json\/wp\/v2\/media?parent=7461"}],"wp:term":[{"taxonomy":"product_brand","embeddable":true,"href":"https:\/\/solar-motors.com\/de\/wp-json\/wp\/v2\/product_brand?post=7461"},{"taxonomy":"product_cat","embeddable":true,"href":"https:\/\/solar-motors.com\/de\/wp-json\/wp\/v2\/product_cat?post=7461"},{"taxonomy":"product_tag","embeddable":true,"href":"https:\/\/solar-motors.com\/de\/wp-json\/wp\/v2\/product_tag?post=7461"}],"curies":[{"name":"wp","href":"https:\/\/api.w.org\/{rel}","templated":true}]}}