{"id":7466,"date":"2023-03-06T13:27:35","date_gmt":"2023-03-06T12:27:35","guid":{"rendered":"https:\/\/solar-motors.com\/product\/stuetzstange-fuer-st44m2v4p-opocevste-v4p\/"},"modified":"2023-08-25T10:05:10","modified_gmt":"2023-08-25T08:05:10","slug":"support-of-pole-for-st44m2v4p-opocevste-v4p","status":"publish","type":"product","link":"https:\/\/solar-motors.com\/de\/produkt\/support-of-pole-for-st44m2v4p-opocevste-v4p\/","title":{"rendered":"St\u00fctzstange f\u00fcr ST44M2V4P, OPOCEVSTE-V4P"},"content":{"rendered":"<\/p>\n<table border=\"1\" cellspacing=\"0\" cellpadding=\"0\" width=\"100%\">\n<tbody>\n<tr>\n<td bgcolor=\"#ed1c24\">\n<p> <strong> Unterst\u00fctzung der Stange f\u00fcr ST44M2V4P, OPOCEVSTE-V4P<\/strong><strong>\/ 7506<\/strong><\/p>\n<\/td>\n<td>\n<p align=\"center\"><img decoding=\"async\" border=\"0\" hspace=\"0\" alt=\"\" src=\"\/wp-content\/uploads\/files-old\/%24%24H_4BF90B6D_PDF_icon.gif\"><\/p>\n<\/td>\n<\/tr>\n<tr>\n<td>  <\/td>\n<td>\n<p align=\"center\">\n<\/td>\n<\/tr>\n<tr>\n<td>\n<p> <strong>Flugbl\u00e4tter<\/strong><\/p>\n<\/td>\n<td>\n<p align=\"center\">\n<\/td>\n<\/tr>\n<tr>\n<td>\n<p> &#8211; Englisches technisches Datenblatt im PDF-Format mittlerer Aufl\u00f6sung<\/p>\n<\/td>\n<td>\n<p align=\"center\"><a href=\"\/wp-content\/uploads\/files-old\/Support%20of%20pole%20for%20ST44M2V4P_data_sheet_MR.pdf\" target=\"_blank\" rel=\"noopener\">Herunterladen<\/a><\/p>\n<\/td>\n<\/tr>\n<tr>\n<td>\n<p> &#8211; Englisches technisches Datenblatt im PDF-Format mit niedriger Aufl\u00f6sung<\/p>\n<\/td>\n<td>\n<p align=\"center\"><a href=\"\/wp-content\/uploads\/files-old\/Support%20of%20pole%20for%20ST44M2V4P_data_sheet_MR.pdf\" target=\"_blank\" rel=\"noopener\">Herunterladen<\/a><\/p>\n<\/td>\n<\/tr>\n<tr>\n<td>\n<p> &#8211; Englisches technisches Datenblatt im PDF-Format mit hoher Aufl\u00f6sung zum Drucken<\/p>\n<\/td>\n<td>\n<p align=\"center\">Herunterladen<\/p>\n<\/td>\n<\/tr>\n<tr>\n<td> &#8211; Mechanische Zeichnung im PDF-Format<\/td>\n<td>\n<p align=\"center\">Herunterladen<\/p>\n<\/td>\n<\/tr>\n<tr>\n<td>\n<\/td>\n<td><\/td>\n<\/tr>\n<tr>\n<td>\n<p> <strong>Zertifikate<\/strong><\/p>\n<\/td>\n<td>\n<p align=\"center\">\n<\/td>\n<\/tr>\n<tr>\n<td>\n<p> &#8211; Konformit\u00e4tserkl\u00e4rung im PDF-Format<\/p>\n<\/td>\n<td>\n<p align=\"center\">Herunterladen<\/p>\n<\/td>\n<\/tr>\n<\/tbody>\n<\/table>\n","protected":false},"excerpt":{"rendered":"<p>St\u00fctzstange f\u00fcr ST44M2V4P, OPOCEVSTE-V4P<\/p>\n","protected":false},"featured_media":5796,"comment_status":"open","ping_status":"closed","template":"","meta":{"inline_featured_image":false},"product_brand":[],"product_cat":[851,774,1200,778],"product_tag":[],"class_list":{"0":"post-7466","1":"product","2":"type-product","3":"status-publish","4":"has-post-thumbnail","6":"product_cat-doppelachsige-suntracker","7":"product_cat-einachsige-suntracker","8":"product_cat-unterstutzungsstrukturen","9":"product_cat-zubehor","11":"first","12":"outofstock","13":"taxable","14":"shipping-taxable","15":"purchasable","16":"product-type-simple"},"yoast_head":"<!-- This site is optimized with the Yoast SEO plugin v26.5 - https:\/\/yoast.com\/wordpress\/plugins\/seo\/ -->\n<title>St\u00fctzstange f\u00fcr ST44M2V4P, OPOCEVSTE-V4P - Solar Motors<\/title>\n<meta name=\"robots\" content=\"index, follow, max-snippet:-1, max-image-preview:large, max-video-preview:-1\" \/>\n<link rel=\"canonical\" href=\"https:\/\/solar-motors.com\/de\/produkt\/support-of-pole-for-st44m2v4p-opocevste-v4p\/\" \/>\n<meta property=\"og:locale\" content=\"de_DE\" \/>\n<meta property=\"og:type\" content=\"article\" \/>\n<meta property=\"og:title\" content=\"St\u00fctzstange f\u00fcr ST44M2V4P, OPOCEVSTE-V4P - Solar Motors\" \/>\n<meta property=\"og:description\" content=\"St\u00fctzstange f\u00fcr ST44M2V4P, OPOCEVSTE-V4P\" \/>\n<meta property=\"og:url\" content=\"https:\/\/solar-motors.com\/de\/produkt\/support-of-pole-for-st44m2v4p-opocevste-v4p\/\" \/>\n<meta property=\"og:site_name\" content=\"Solar Motors\" \/>\n<meta property=\"article:modified_time\" content=\"2023-08-25T08:05:10+00:00\" \/>\n<meta property=\"og:image\" content=\"https:\/\/solar-motors.com\/wp-content\/uploads\/2023\/03\/A_4A801DCB_komplet_3.jpg\" \/>\n\t<meta property=\"og:image:width\" content=\"800\" \/>\n\t<meta property=\"og:image:height\" content=\"199\" \/>\n\t<meta property=\"og:image:type\" content=\"image\/jpeg\" \/>\n<meta name=\"twitter:card\" content=\"summary_large_image\" \/>\n<script type=\"application\/ld+json\" class=\"yoast-schema-graph\">{\"@context\":\"https:\/\/schema.org\",\"@graph\":[{\"@type\":\"WebPage\",\"@id\":\"https:\/\/solar-motors.com\/de\/produkt\/support-of-pole-for-st44m2v4p-opocevste-v4p\/\",\"url\":\"https:\/\/solar-motors.com\/de\/produkt\/support-of-pole-for-st44m2v4p-opocevste-v4p\/\",\"name\":\"St\u00fctzstange f\u00fcr ST44M2V4P, OPOCEVSTE-V4P - Solar Motors\",\"isPartOf\":{\"@id\":\"https:\/\/solar-motors.com\/de\/#website\"},\"primaryImageOfPage\":{\"@id\":\"https:\/\/solar-motors.com\/de\/produkt\/support-of-pole-for-st44m2v4p-opocevste-v4p\/#primaryimage\"},\"image\":{\"@id\":\"https:\/\/solar-motors.com\/de\/produkt\/support-of-pole-for-st44m2v4p-opocevste-v4p\/#primaryimage\"},\"thumbnailUrl\":\"https:\/\/solar-motors.com\/wp-content\/uploads\/2023\/03\/A_4A801DCB_komplet_3.jpg\",\"datePublished\":\"2023-03-06T12:27:35+00:00\",\"dateModified\":\"2023-08-25T08:05:10+00:00\",\"breadcrumb\":{\"@id\":\"https:\/\/solar-motors.com\/de\/produkt\/support-of-pole-for-st44m2v4p-opocevste-v4p\/#breadcrumb\"},\"inLanguage\":\"de\",\"potentialAction\":[{\"@type\":\"ReadAction\",\"target\":[\"https:\/\/solar-motors.com\/de\/produkt\/support-of-pole-for-st44m2v4p-opocevste-v4p\/\"]}]},{\"@type\":\"ImageObject\",\"inLanguage\":\"de\",\"@id\":\"https:\/\/solar-motors.com\/de\/produkt\/support-of-pole-for-st44m2v4p-opocevste-v4p\/#primaryimage\",\"url\":\"https:\/\/solar-motors.com\/wp-content\/uploads\/2023\/03\/A_4A801DCB_komplet_3.jpg\",\"contentUrl\":\"https:\/\/solar-motors.com\/wp-content\/uploads\/2023\/03\/A_4A801DCB_komplet_3.jpg\",\"width\":800,\"height\":199},{\"@type\":\"BreadcrumbList\",\"@id\":\"https:\/\/solar-motors.com\/de\/produkt\/support-of-pole-for-st44m2v4p-opocevste-v4p\/#breadcrumb\",\"itemListElement\":[{\"@type\":\"ListItem\",\"position\":1,\"name\":\"Home\",\"item\":\"https:\/\/solar-motors.com\/de\/\"},{\"@type\":\"ListItem\",\"position\":2,\"name\":\"Shop\",\"item\":\"https:\/\/solar-motors.com\/shop\/\"},{\"@type\":\"ListItem\",\"position\":3,\"name\":\"St\u00fctzstange f\u00fcr ST44M2V4P, OPOCEVSTE-V4P\"}]},{\"@type\":\"WebSite\",\"@id\":\"https:\/\/solar-motors.com\/de\/#website\",\"url\":\"https:\/\/solar-motors.com\/de\/\",\"name\":\"Solar Motors\",\"description\":\"Dependable Sun Tracking Systems Since 2005\",\"potentialAction\":[{\"@type\":\"SearchAction\",\"target\":{\"@type\":\"EntryPoint\",\"urlTemplate\":\"https:\/\/solar-motors.com\/de\/?s={search_term_string}\"},\"query-input\":{\"@type\":\"PropertyValueSpecification\",\"valueRequired\":true,\"valueName\":\"search_term_string\"}}],\"inLanguage\":\"de\"}]}<\/script>\n<!-- \/ Yoast SEO plugin. -->","yoast_head_json":{"title":"St\u00fctzstange f\u00fcr ST44M2V4P, OPOCEVSTE-V4P - Solar Motors","robots":{"index":"index","follow":"follow","max-snippet":"max-snippet:-1","max-image-preview":"max-image-preview:large","max-video-preview":"max-video-preview:-1"},"canonical":"https:\/\/solar-motors.com\/de\/produkt\/support-of-pole-for-st44m2v4p-opocevste-v4p\/","og_locale":"de_DE","og_type":"article","og_title":"St\u00fctzstange f\u00fcr ST44M2V4P, OPOCEVSTE-V4P - Solar Motors","og_description":"St\u00fctzstange f\u00fcr ST44M2V4P, OPOCEVSTE-V4P","og_url":"https:\/\/solar-motors.com\/de\/produkt\/support-of-pole-for-st44m2v4p-opocevste-v4p\/","og_site_name":"Solar Motors","article_modified_time":"2023-08-25T08:05:10+00:00","og_image":[{"width":800,"height":199,"url":"https:\/\/solar-motors.com\/wp-content\/uploads\/2023\/03\/A_4A801DCB_komplet_3.jpg","type":"image\/jpeg"}],"twitter_card":"summary_large_image","schema":{"@context":"https:\/\/schema.org","@graph":[{"@type":"WebPage","@id":"https:\/\/solar-motors.com\/de\/produkt\/support-of-pole-for-st44m2v4p-opocevste-v4p\/","url":"https:\/\/solar-motors.com\/de\/produkt\/support-of-pole-for-st44m2v4p-opocevste-v4p\/","name":"St\u00fctzstange f\u00fcr ST44M2V4P, OPOCEVSTE-V4P - Solar Motors","isPartOf":{"@id":"https:\/\/solar-motors.com\/de\/#website"},"primaryImageOfPage":{"@id":"https:\/\/solar-motors.com\/de\/produkt\/support-of-pole-for-st44m2v4p-opocevste-v4p\/#primaryimage"},"image":{"@id":"https:\/\/solar-motors.com\/de\/produkt\/support-of-pole-for-st44m2v4p-opocevste-v4p\/#primaryimage"},"thumbnailUrl":"https:\/\/solar-motors.com\/wp-content\/uploads\/2023\/03\/A_4A801DCB_komplet_3.jpg","datePublished":"2023-03-06T12:27:35+00:00","dateModified":"2023-08-25T08:05:10+00:00","breadcrumb":{"@id":"https:\/\/solar-motors.com\/de\/produkt\/support-of-pole-for-st44m2v4p-opocevste-v4p\/#breadcrumb"},"inLanguage":"de","potentialAction":[{"@type":"ReadAction","target":["https:\/\/solar-motors.com\/de\/produkt\/support-of-pole-for-st44m2v4p-opocevste-v4p\/"]}]},{"@type":"ImageObject","inLanguage":"de","@id":"https:\/\/solar-motors.com\/de\/produkt\/support-of-pole-for-st44m2v4p-opocevste-v4p\/#primaryimage","url":"https:\/\/solar-motors.com\/wp-content\/uploads\/2023\/03\/A_4A801DCB_komplet_3.jpg","contentUrl":"https:\/\/solar-motors.com\/wp-content\/uploads\/2023\/03\/A_4A801DCB_komplet_3.jpg","width":800,"height":199},{"@type":"BreadcrumbList","@id":"https:\/\/solar-motors.com\/de\/produkt\/support-of-pole-for-st44m2v4p-opocevste-v4p\/#breadcrumb","itemListElement":[{"@type":"ListItem","position":1,"name":"Home","item":"https:\/\/solar-motors.com\/de\/"},{"@type":"ListItem","position":2,"name":"Shop","item":"https:\/\/solar-motors.com\/shop\/"},{"@type":"ListItem","position":3,"name":"St\u00fctzstange f\u00fcr ST44M2V4P, OPOCEVSTE-V4P"}]},{"@type":"WebSite","@id":"https:\/\/solar-motors.com\/de\/#website","url":"https:\/\/solar-motors.com\/de\/","name":"Solar Motors","description":"Dependable Sun Tracking Systems Since 2005","potentialAction":[{"@type":"SearchAction","target":{"@type":"EntryPoint","urlTemplate":"https:\/\/solar-motors.com\/de\/?s={search_term_string}"},"query-input":{"@type":"PropertyValueSpecification","valueRequired":true,"valueName":"search_term_string"}}],"inLanguage":"de"}]}},"_links":{"self":[{"href":"https:\/\/solar-motors.com\/de\/wp-json\/wp\/v2\/product\/7466","targetHints":{"allow":["GET"]}}],"collection":[{"href":"https:\/\/solar-motors.com\/de\/wp-json\/wp\/v2\/product"}],"about":[{"href":"https:\/\/solar-motors.com\/de\/wp-json\/wp\/v2\/types\/product"}],"replies":[{"embeddable":true,"href":"https:\/\/solar-motors.com\/de\/wp-json\/wp\/v2\/comments?post=7466"}],"wp:featuredmedia":[{"embeddable":true,"href":"https:\/\/solar-motors.com\/de\/wp-json\/wp\/v2\/media\/5796"}],"wp:attachment":[{"href":"https:\/\/solar-motors.com\/de\/wp-json\/wp\/v2\/media?parent=7466"}],"wp:term":[{"taxonomy":"product_brand","embeddable":true,"href":"https:\/\/solar-motors.com\/de\/wp-json\/wp\/v2\/product_brand?post=7466"},{"taxonomy":"product_cat","embeddable":true,"href":"https:\/\/solar-motors.com\/de\/wp-json\/wp\/v2\/product_cat?post=7466"},{"taxonomy":"product_tag","embeddable":true,"href":"https:\/\/solar-motors.com\/de\/wp-json\/wp\/v2\/product_tag?post=7466"}],"curies":[{"name":"wp","href":"https:\/\/api.w.org\/{rel}","templated":true}]}}