{"id":7493,"date":"2023-03-06T13:25:32","date_gmt":"2023-03-06T12:25:32","guid":{"rendered":"https:\/\/solar-motors.com\/product\/int-kabel-sm4m3-w-mit-7pins-offen-l3m-2x16x0-22-6067-kabintsm4m3l3op\/"},"modified":"2023-08-25T10:05:13","modified_gmt":"2023-08-25T08:05:13","slug":"int-cable-sm4m3-w-con-7pins-open-l3m-2x16x0-22-6067-kabintsm4m3l3op","status":"publish","type":"product","link":"https:\/\/solar-motors.com\/de\/produkt\/int-cable-sm4m3-w-con-7pins-open-l3m-2x16x0-22-6067-kabintsm4m3l3op\/","title":{"rendered":"Int. Kabel SM4M3 w mit. 7pins-&gt;OFFEN, L=3m 2&#215;1+6&#215;0.22 \/ 6067 \/ KABINTSM4M3L3OP"},"content":{"rendered":"<p>Au\u00dfenmotorkabel LIY(ST)Y 6X0,22+2X1 blau UV, -25\/+70*C, CU-Adern, IEC 60332,3A 1kV ist UV-best\u00e4ndig, hergestellt nach folgenden Normen, EN 60228 Cl. 5, EN 50363-3, IEC 60332-3A, EN 50363-4-1; HD 605\/A1 (UV-Best\u00e4ndigkeit) und eine mechanische und elektrische Lebensdauer von 25 Jahren. Diese Kabel sind nur f\u00fcr motorisierte Systeme von Sat Control in Solarprojekten geeignet, bei denen die Kabel in Rohren f\u00fcr Elektrokabel verlegt werden. Hergestellt in EU.<\/p>\n<table style=\"HEIGHT: 162px; WIDTH: 443px\" cellspacing=\"0\" cellpadding=\"0\" width=\"443\" border=\"1\">\n<tbody>\n<tr>\n<td bgcolor=\"#ed1c24\">\n<p>Technische Datenbl\u00e4tter<\/p>\n<\/td>\n<td>\n<p align=\"center\">\n<\/td>\n<\/tr>\n<tr>\n<td>\n<p> <strong>Flugbl\u00e4tter<\/strong><\/p>\n<\/td>\n<td>\n<p align=\"center\">\n<\/td>\n<\/tr>\n<tr>\n<td>\n<p> &#8211; Englische Flugbl\u00e4tter in PDF format mittlere Aufl\u00f6sung<\/p>\n<\/td>\n<td>\n<p align=\"center\"><a href=\"\/wp-content\/uploads\/files-old\/KABINTSM4M3L_MR.pdf\" target=\"_blank\" rel=\"noopener\">Herunterladen<\/a><\/p>\n<\/td>\n<\/tr>\n<tr>\n<td>\n<p> &#8211; Englische Flugbl\u00e4tter in PDF format niedrige Aufl\u00f6sung<\/p>\n<\/td>\n<td>\n<p align=\"center\"><a href=\"\/wp-content\/uploads\/files-old\/KABINTSM4M3L_LR.pdf\" target=\"_blank\" rel=\"noopener\">Herunterladen<\/a><\/p>\n<\/td>\n<\/tr>\n<tr>\n<td>\n<p> <strong>Neuste Firmware<\/strong><\/p>\n<\/td>\n<td>\n<p align=\"center\">\n<\/td>\n<\/tr>\n<tr>\n<td>\n<p> <u>Bitte durchsuchen Sie die Support-Seite<\/u><\/p>\n<\/td>\n<td>\n<p align=\"center\">\n<\/td>\n<\/tr>\n<tr>\n<td>\n<p> <strong>Zertifikate<\/strong><\/p>\n<\/td>\n<td>\n<p align=\"center\">\n<\/td>\n<\/tr>\n<tr>\n<td>\n<p> &#8211; Konformit\u00e4tserkl\u00e4rung im PDF-Format<\/p>\n<\/td>\n<td>\n<p align=\"center\">Herunterladen<\/p>\n<\/td>\n<\/tr>\n<\/tbody>\n<\/table>\n","protected":false},"excerpt":{"rendered":"<p>Int. Kabel SM4M3 w con. 7pins-&gt;OFFEN, L=3m 2&#215;1+6&#215;0.22 <\/p>\n","protected":false},"featured_media":5553,"comment_status":"open","ping_status":"closed","template":"","meta":{"inline_featured_image":false},"product_brand":[],"product_cat":[806,1214],"product_tag":[],"class_list":{"0":"post-7493","1":"product","2":"type-product","3":"status-publish","4":"has-post-thumbnail","6":"product_cat-kabel","7":"product_cat-motorkabel","9":"first","10":"instock","11":"taxable","12":"shipping-taxable","13":"purchasable","14":"product-type-simple"},"yoast_head":"<!-- This site is optimized with the Yoast SEO plugin v26.5 - https:\/\/yoast.com\/wordpress\/plugins\/seo\/ -->\n<title>Int. Kabel SM4M3 w mit. 7pins-&gt;OFFEN, L=3m 2x1+6x0.22 \/ 6067 \/ KABINTSM4M3L3OP - Solar Motors<\/title>\n<meta name=\"robots\" content=\"index, follow, max-snippet:-1, max-image-preview:large, max-video-preview:-1\" \/>\n<link rel=\"canonical\" href=\"https:\/\/solar-motors.com\/de\/produkt\/int-cable-sm4m3-w-con-7pins-open-l3m-2x16x0-22-6067-kabintsm4m3l3op\/\" \/>\n<meta property=\"og:locale\" content=\"de_DE\" \/>\n<meta property=\"og:type\" content=\"article\" \/>\n<meta property=\"og:title\" content=\"Int. Kabel SM4M3 w mit. 7pins-&gt;OFFEN, L=3m 2x1+6x0.22 \/ 6067 \/ KABINTSM4M3L3OP - Solar Motors\" \/>\n<meta property=\"og:description\" content=\"Int. Kabel SM4M3 w con. 7pins-&gt;OFFEN, L=3m 2x1+6x0.22\" \/>\n<meta property=\"og:url\" content=\"https:\/\/solar-motors.com\/de\/produkt\/int-cable-sm4m3-w-con-7pins-open-l3m-2x16x0-22-6067-kabintsm4m3l3op\/\" \/>\n<meta property=\"og:site_name\" content=\"Solar Motors\" \/>\n<meta property=\"article:modified_time\" content=\"2023-08-25T08:05:13+00:00\" \/>\n<meta property=\"og:image\" content=\"https:\/\/solar-motors.com\/wp-content\/uploads\/2023\/03\/A_90C2685E_KABINTSM4M3L.jpg\" \/>\n\t<meta property=\"og:image:width\" content=\"600\" \/>\n\t<meta property=\"og:image:height\" content=\"485\" \/>\n\t<meta property=\"og:image:type\" content=\"image\/jpeg\" \/>\n<meta name=\"twitter:card\" content=\"summary_large_image\" \/>\n<meta name=\"twitter:label1\" content=\"Gesch\u00e4tzte Lesezeit\" \/>\n\t<meta name=\"twitter:data1\" content=\"1\u00a0Minute\" \/>\n<script type=\"application\/ld+json\" class=\"yoast-schema-graph\">{\"@context\":\"https:\/\/schema.org\",\"@graph\":[{\"@type\":\"WebPage\",\"@id\":\"https:\/\/solar-motors.com\/de\/produkt\/int-cable-sm4m3-w-con-7pins-open-l3m-2x16x0-22-6067-kabintsm4m3l3op\/\",\"url\":\"https:\/\/solar-motors.com\/de\/produkt\/int-cable-sm4m3-w-con-7pins-open-l3m-2x16x0-22-6067-kabintsm4m3l3op\/\",\"name\":\"Int. Kabel SM4M3 w mit. 7pins-&gt;OFFEN, L=3m 2x1+6x0.22 \/ 6067 \/ KABINTSM4M3L3OP - Solar Motors\",\"isPartOf\":{\"@id\":\"https:\/\/solar-motors.com\/de\/#website\"},\"primaryImageOfPage\":{\"@id\":\"https:\/\/solar-motors.com\/de\/produkt\/int-cable-sm4m3-w-con-7pins-open-l3m-2x16x0-22-6067-kabintsm4m3l3op\/#primaryimage\"},\"image\":{\"@id\":\"https:\/\/solar-motors.com\/de\/produkt\/int-cable-sm4m3-w-con-7pins-open-l3m-2x16x0-22-6067-kabintsm4m3l3op\/#primaryimage\"},\"thumbnailUrl\":\"https:\/\/solar-motors.com\/wp-content\/uploads\/2023\/03\/A_90C2685E_KABINTSM4M3L.jpg\",\"datePublished\":\"2023-03-06T12:25:32+00:00\",\"dateModified\":\"2023-08-25T08:05:13+00:00\",\"breadcrumb\":{\"@id\":\"https:\/\/solar-motors.com\/de\/produkt\/int-cable-sm4m3-w-con-7pins-open-l3m-2x16x0-22-6067-kabintsm4m3l3op\/#breadcrumb\"},\"inLanguage\":\"de\",\"potentialAction\":[{\"@type\":\"ReadAction\",\"target\":[\"https:\/\/solar-motors.com\/de\/produkt\/int-cable-sm4m3-w-con-7pins-open-l3m-2x16x0-22-6067-kabintsm4m3l3op\/\"]}]},{\"@type\":\"ImageObject\",\"inLanguage\":\"de\",\"@id\":\"https:\/\/solar-motors.com\/de\/produkt\/int-cable-sm4m3-w-con-7pins-open-l3m-2x16x0-22-6067-kabintsm4m3l3op\/#primaryimage\",\"url\":\"https:\/\/solar-motors.com\/wp-content\/uploads\/2023\/03\/A_90C2685E_KABINTSM4M3L.jpg\",\"contentUrl\":\"https:\/\/solar-motors.com\/wp-content\/uploads\/2023\/03\/A_90C2685E_KABINTSM4M3L.jpg\",\"width\":600,\"height\":485},{\"@type\":\"BreadcrumbList\",\"@id\":\"https:\/\/solar-motors.com\/de\/produkt\/int-cable-sm4m3-w-con-7pins-open-l3m-2x16x0-22-6067-kabintsm4m3l3op\/#breadcrumb\",\"itemListElement\":[{\"@type\":\"ListItem\",\"position\":1,\"name\":\"Home\",\"item\":\"https:\/\/solar-motors.com\/de\/\"},{\"@type\":\"ListItem\",\"position\":2,\"name\":\"Shop\",\"item\":\"https:\/\/solar-motors.com\/shop\/\"},{\"@type\":\"ListItem\",\"position\":3,\"name\":\"Int. Kabel SM4M3 w mit. 7pins-&gt;OFFEN, L=3m 2&#215;1+6&#215;0.22 \/ 6067 \/ KABINTSM4M3L3OP\"}]},{\"@type\":\"WebSite\",\"@id\":\"https:\/\/solar-motors.com\/de\/#website\",\"url\":\"https:\/\/solar-motors.com\/de\/\",\"name\":\"Solar Motors\",\"description\":\"Dependable Sun Tracking Systems Since 2005\",\"potentialAction\":[{\"@type\":\"SearchAction\",\"target\":{\"@type\":\"EntryPoint\",\"urlTemplate\":\"https:\/\/solar-motors.com\/de\/?s={search_term_string}\"},\"query-input\":{\"@type\":\"PropertyValueSpecification\",\"valueRequired\":true,\"valueName\":\"search_term_string\"}}],\"inLanguage\":\"de\"}]}<\/script>\n<!-- \/ Yoast SEO plugin. -->","yoast_head_json":{"title":"Int. Kabel SM4M3 w mit. 7pins-&gt;OFFEN, L=3m 2x1+6x0.22 \/ 6067 \/ KABINTSM4M3L3OP - Solar Motors","robots":{"index":"index","follow":"follow","max-snippet":"max-snippet:-1","max-image-preview":"max-image-preview:large","max-video-preview":"max-video-preview:-1"},"canonical":"https:\/\/solar-motors.com\/de\/produkt\/int-cable-sm4m3-w-con-7pins-open-l3m-2x16x0-22-6067-kabintsm4m3l3op\/","og_locale":"de_DE","og_type":"article","og_title":"Int. Kabel SM4M3 w mit. 7pins-&gt;OFFEN, L=3m 2x1+6x0.22 \/ 6067 \/ KABINTSM4M3L3OP - Solar Motors","og_description":"Int. Kabel SM4M3 w con. 7pins-&gt;OFFEN, L=3m 2x1+6x0.22","og_url":"https:\/\/solar-motors.com\/de\/produkt\/int-cable-sm4m3-w-con-7pins-open-l3m-2x16x0-22-6067-kabintsm4m3l3op\/","og_site_name":"Solar Motors","article_modified_time":"2023-08-25T08:05:13+00:00","og_image":[{"width":600,"height":485,"url":"https:\/\/solar-motors.com\/wp-content\/uploads\/2023\/03\/A_90C2685E_KABINTSM4M3L.jpg","type":"image\/jpeg"}],"twitter_card":"summary_large_image","twitter_misc":{"Gesch\u00e4tzte Lesezeit":"1\u00a0Minute"},"schema":{"@context":"https:\/\/schema.org","@graph":[{"@type":"WebPage","@id":"https:\/\/solar-motors.com\/de\/produkt\/int-cable-sm4m3-w-con-7pins-open-l3m-2x16x0-22-6067-kabintsm4m3l3op\/","url":"https:\/\/solar-motors.com\/de\/produkt\/int-cable-sm4m3-w-con-7pins-open-l3m-2x16x0-22-6067-kabintsm4m3l3op\/","name":"Int. Kabel SM4M3 w mit. 7pins-&gt;OFFEN, L=3m 2x1+6x0.22 \/ 6067 \/ KABINTSM4M3L3OP - Solar Motors","isPartOf":{"@id":"https:\/\/solar-motors.com\/de\/#website"},"primaryImageOfPage":{"@id":"https:\/\/solar-motors.com\/de\/produkt\/int-cable-sm4m3-w-con-7pins-open-l3m-2x16x0-22-6067-kabintsm4m3l3op\/#primaryimage"},"image":{"@id":"https:\/\/solar-motors.com\/de\/produkt\/int-cable-sm4m3-w-con-7pins-open-l3m-2x16x0-22-6067-kabintsm4m3l3op\/#primaryimage"},"thumbnailUrl":"https:\/\/solar-motors.com\/wp-content\/uploads\/2023\/03\/A_90C2685E_KABINTSM4M3L.jpg","datePublished":"2023-03-06T12:25:32+00:00","dateModified":"2023-08-25T08:05:13+00:00","breadcrumb":{"@id":"https:\/\/solar-motors.com\/de\/produkt\/int-cable-sm4m3-w-con-7pins-open-l3m-2x16x0-22-6067-kabintsm4m3l3op\/#breadcrumb"},"inLanguage":"de","potentialAction":[{"@type":"ReadAction","target":["https:\/\/solar-motors.com\/de\/produkt\/int-cable-sm4m3-w-con-7pins-open-l3m-2x16x0-22-6067-kabintsm4m3l3op\/"]}]},{"@type":"ImageObject","inLanguage":"de","@id":"https:\/\/solar-motors.com\/de\/produkt\/int-cable-sm4m3-w-con-7pins-open-l3m-2x16x0-22-6067-kabintsm4m3l3op\/#primaryimage","url":"https:\/\/solar-motors.com\/wp-content\/uploads\/2023\/03\/A_90C2685E_KABINTSM4M3L.jpg","contentUrl":"https:\/\/solar-motors.com\/wp-content\/uploads\/2023\/03\/A_90C2685E_KABINTSM4M3L.jpg","width":600,"height":485},{"@type":"BreadcrumbList","@id":"https:\/\/solar-motors.com\/de\/produkt\/int-cable-sm4m3-w-con-7pins-open-l3m-2x16x0-22-6067-kabintsm4m3l3op\/#breadcrumb","itemListElement":[{"@type":"ListItem","position":1,"name":"Home","item":"https:\/\/solar-motors.com\/de\/"},{"@type":"ListItem","position":2,"name":"Shop","item":"https:\/\/solar-motors.com\/shop\/"},{"@type":"ListItem","position":3,"name":"Int. Kabel SM4M3 w mit. 7pins-&gt;OFFEN, L=3m 2&#215;1+6&#215;0.22 \/ 6067 \/ KABINTSM4M3L3OP"}]},{"@type":"WebSite","@id":"https:\/\/solar-motors.com\/de\/#website","url":"https:\/\/solar-motors.com\/de\/","name":"Solar Motors","description":"Dependable Sun Tracking Systems Since 2005","potentialAction":[{"@type":"SearchAction","target":{"@type":"EntryPoint","urlTemplate":"https:\/\/solar-motors.com\/de\/?s={search_term_string}"},"query-input":{"@type":"PropertyValueSpecification","valueRequired":true,"valueName":"search_term_string"}}],"inLanguage":"de"}]}},"_links":{"self":[{"href":"https:\/\/solar-motors.com\/de\/wp-json\/wp\/v2\/product\/7493","targetHints":{"allow":["GET"]}}],"collection":[{"href":"https:\/\/solar-motors.com\/de\/wp-json\/wp\/v2\/product"}],"about":[{"href":"https:\/\/solar-motors.com\/de\/wp-json\/wp\/v2\/types\/product"}],"replies":[{"embeddable":true,"href":"https:\/\/solar-motors.com\/de\/wp-json\/wp\/v2\/comments?post=7493"}],"wp:featuredmedia":[{"embeddable":true,"href":"https:\/\/solar-motors.com\/de\/wp-json\/wp\/v2\/media\/5553"}],"wp:attachment":[{"href":"https:\/\/solar-motors.com\/de\/wp-json\/wp\/v2\/media?parent=7493"}],"wp:term":[{"taxonomy":"product_brand","embeddable":true,"href":"https:\/\/solar-motors.com\/de\/wp-json\/wp\/v2\/product_brand?post=7493"},{"taxonomy":"product_cat","embeddable":true,"href":"https:\/\/solar-motors.com\/de\/wp-json\/wp\/v2\/product_cat?post=7493"},{"taxonomy":"product_tag","embeddable":true,"href":"https:\/\/solar-motors.com\/de\/wp-json\/wp\/v2\/product_tag?post=7493"}],"curies":[{"name":"wp","href":"https:\/\/api.w.org\/{rel}","templated":true}]}}