{"id":7498,"date":"2023-03-06T13:25:28","date_gmt":"2023-03-06T12:25:28","guid":{"rendered":"https:\/\/solar-motors.com\/product\/junction-box-set-jboxset1-tc-set-jun-box-19x14x7cm-w-din-rail-6-x-pg11transparente-abdeckung\/"},"modified":"2023-08-25T10:05:13","modified_gmt":"2023-08-25T08:05:13","slug":"junction-box-set-jboxset1-tc-set-jun-box-19x14x7cm-w-din-rail-6-x-pg11-transparent-cover","status":"publish","type":"product","link":"https:\/\/solar-motors.com\/de\/produkt\/junction-box-set-jboxset1-tc-set-jun-box-19x14x7cm-w-din-rail-6-x-pg11-transparent-cover\/","title":{"rendered":"Junction Box Set JBOXSET1-TC, Set Jun. Box 19x14x7cm w DIN rail, 6 x PG11,transparente Abdeckung"},"content":{"rendered":"<p>Das Junction Box (J-Box)-Set von Sat Control ist kompakt und vielseitig konzipiert, ohne Kompromisse bei seinen Sicherheits- und Zuverl\u00e4ssigkeitsstandards einzugehen: Es erweitert die bew\u00e4hrte Technologie der Positionierungsger\u00e4te von Sat Control und trennt sowohl mechanische als auch elektronische Komponenten von Solartrackern und ersetzt sie Der integrierte Positionierer von Sat Control mit externen DIN-Schienen-Positionierern. Material der Wandmontagedosen: Hergestellt aus ABS-Technopolymer mit hoher Best\u00e4ndigkeit gegen UV-Strahlen und einem breiten Temperaturbereich, der den Einsatz auch unter extremen klimatischen Bedingungen erm\u00f6glicht. Spezielle F\u00fchrungen an der Unterseite f\u00fcr DIN-Schienen, Verschraubungen und Platten erm\u00f6glichen eine einfache Installation und machen Stellungsreglereinstellungen absolut sicher. Die obere Abdeckung besteht aus transparentem Polycarbonat. Benutzerfreundlich<br \/>\n\u2022 Getrennt von mechanischen und elektronischen Komponenten<br \/>\n\u2022 Einfache Statusberichte und Visualisierung \u00fcber den transparenten Deckel (obere Abdeckung)<br \/>\n\u2022 Kann in bestehende und neue Solar-Tracker\/PV-Anlagen integriert werden<br \/>\nEinfach<br \/>\n\u2022 Leicht zug\u00e4nglicher Anschlussbereich<br \/>\n\u2022 Komfortable Installation und Inbetriebnahme<br \/>\n\u2022 Freie Wahl des Montageortes<br \/>\nDauerhaft<br \/>\n\u2022 Hohe Schutzart IP56<br \/>\n\u2022 Beachten Sie die nachstehenden Hinweise zur Verwendung im Freien<br \/>\nAnforderungen an raue Umgebungen<br \/>\n\u2022 2 Jahre Garantie von Sat Control<\/p>\n<p>Technische F\u00e4higkeiten<br \/>\nAllgemeine Daten<br \/>\nInterne Abm. (W \/ H \/ D) in mm 190 \/ 140 \/ 70<br \/>\nGewicht (ohne Kabel) 0,37 kg<br \/>\nFarbe grau, klare Abdeckung (transparent)<br \/>\nEigenschaften &amp; Material und Nennstrom UND Halogenfreie DIN-Schiene aus Stahl<br \/>\nMontageort im Freien, im Innenbereich<br \/>\nMontagem\u00f6glichkeiten: DIN-Schienenmontage<br \/>\nSchnittstellen<br \/>\nKunststoffverschraubung PG11 4\u20136St<br \/>\nUmgebungsbedingungen<br \/>\nUmgebungstemperatur -40 \u00b0C &#8230; +85 \u00b0C<br \/>\nRelative Luftfeuchtigkeit 100 % relative Luftfeuchtigkeit (nicht kondensierend)<br \/>\nSchutzart (gem\u00e4\u00df IEC 60529) IP56<br \/>\nMerkmale<br \/>\nVordere Abdeckung ja<br \/>\nDIN-Metallmontageschiene 1<br \/>\nKabelverschraubungen mit metrischem Gewinde Pg 11 4-6<br \/>\nGarantie: 2 Jahre<br \/>\nZertifikate und Zulassungen <a href=\"\/wp-content\/uploads\/files-old\/www.solar-motors.com\">www.solar-motors.com<\/a><\/p>\n<p>Optionen: *installierte Motorkabel beim Kauf mit J-Box,<br \/>\n** Installierte Positionierer und Konverter, wenn Sie es mit J-Box kaufen.<\/p>\n<p>DOKUMENTATION:<br \/>\nTechnisches Datenblatt ENG Mittlere Aufl\u00f6sung: <a href=\"\/wp-content\/uploads\/files-old\/jbox_set1_MR.pdf\" target=\"_blank\" rel=\"noopener\">jbox_set1_MR.pdf<\/a><br \/>\nTechnisches Datenblatt ENG Niedrige Aufl\u00f6sung: <a href=\"\/wp-content\/uploads\/files-old\/jbox_set1_LR.pdf\" target=\"_blank\" rel=\"noopener\">jbox_set1_LR.pdf<\/a><\/p>\n","protected":false},"excerpt":{"rendered":"<p>Anschlusskasten (J-Box) Set mit 6 Kunststoffverschraubungen PG11 und DIN-Schiene<\/p>\n","protected":false},"featured_media":5543,"comment_status":"open","ping_status":"closed","template":"","meta":{"inline_featured_image":false},"product_brand":[],"product_cat":[719,1203],"product_tag":[],"class_list":{"0":"post-7498","1":"product","2":"type-product","3":"status-publish","4":"has-post-thumbnail","6":"product_cat-ersatzteile","7":"product_cat-verkauf","9":"first","10":"instock","11":"taxable","12":"shipping-taxable","13":"purchasable","14":"product-type-simple"},"yoast_head":"<!-- This site is optimized with the Yoast SEO plugin v26.5 - https:\/\/yoast.com\/wordpress\/plugins\/seo\/ -->\n<title>Junction Box Set JBOXSET1-TC, Set Jun. Box 19x14x7cm w DIN rail, 6 x PG11,transparente Abdeckung - Solar Motors<\/title>\n<meta name=\"robots\" content=\"index, follow, max-snippet:-1, max-image-preview:large, max-video-preview:-1\" \/>\n<link rel=\"canonical\" href=\"https:\/\/solar-motors.com\/de\/produkt\/junction-box-set-jboxset1-tc-set-jun-box-19x14x7cm-w-din-rail-6-x-pg11-transparent-cover\/\" \/>\n<meta property=\"og:locale\" content=\"de_DE\" \/>\n<meta property=\"og:type\" content=\"article\" \/>\n<meta property=\"og:title\" content=\"Junction Box Set JBOXSET1-TC, Set Jun. Box 19x14x7cm w DIN rail, 6 x PG11,transparente Abdeckung - Solar Motors\" \/>\n<meta property=\"og:description\" content=\"Anschlusskasten (J-Box) Set mit 6 Kunststoffverschraubungen PG11 und DIN-Schiene\" \/>\n<meta property=\"og:url\" content=\"https:\/\/solar-motors.com\/de\/produkt\/junction-box-set-jboxset1-tc-set-jun-box-19x14x7cm-w-din-rail-6-x-pg11-transparent-cover\/\" \/>\n<meta property=\"og:site_name\" content=\"Solar Motors\" \/>\n<meta property=\"article:modified_time\" content=\"2023-08-25T08:05:13+00:00\" \/>\n<meta property=\"og:image\" content=\"https:\/\/solar-motors.com\/wp-content\/uploads\/2023\/03\/A_A92DEAC5_jbox20set1.jpg\" \/>\n\t<meta property=\"og:image:width\" content=\"800\" \/>\n\t<meta property=\"og:image:height\" content=\"790\" \/>\n\t<meta property=\"og:image:type\" content=\"image\/jpeg\" \/>\n<meta name=\"twitter:card\" content=\"summary_large_image\" \/>\n<meta name=\"twitter:label1\" content=\"Gesch\u00e4tzte Lesezeit\" \/>\n\t<meta name=\"twitter:data1\" content=\"1\u00a0Minute\" \/>\n<script type=\"application\/ld+json\" class=\"yoast-schema-graph\">{\"@context\":\"https:\/\/schema.org\",\"@graph\":[{\"@type\":\"WebPage\",\"@id\":\"https:\/\/solar-motors.com\/de\/produkt\/junction-box-set-jboxset1-tc-set-jun-box-19x14x7cm-w-din-rail-6-x-pg11-transparent-cover\/\",\"url\":\"https:\/\/solar-motors.com\/de\/produkt\/junction-box-set-jboxset1-tc-set-jun-box-19x14x7cm-w-din-rail-6-x-pg11-transparent-cover\/\",\"name\":\"Junction Box Set JBOXSET1-TC, Set Jun. Box 19x14x7cm w DIN rail, 6 x PG11,transparente Abdeckung - Solar Motors\",\"isPartOf\":{\"@id\":\"https:\/\/solar-motors.com\/de\/#website\"},\"primaryImageOfPage\":{\"@id\":\"https:\/\/solar-motors.com\/de\/produkt\/junction-box-set-jboxset1-tc-set-jun-box-19x14x7cm-w-din-rail-6-x-pg11-transparent-cover\/#primaryimage\"},\"image\":{\"@id\":\"https:\/\/solar-motors.com\/de\/produkt\/junction-box-set-jboxset1-tc-set-jun-box-19x14x7cm-w-din-rail-6-x-pg11-transparent-cover\/#primaryimage\"},\"thumbnailUrl\":\"https:\/\/solar-motors.com\/wp-content\/uploads\/2023\/03\/A_A92DEAC5_jbox20set1.jpg\",\"datePublished\":\"2023-03-06T12:25:28+00:00\",\"dateModified\":\"2023-08-25T08:05:13+00:00\",\"breadcrumb\":{\"@id\":\"https:\/\/solar-motors.com\/de\/produkt\/junction-box-set-jboxset1-tc-set-jun-box-19x14x7cm-w-din-rail-6-x-pg11-transparent-cover\/#breadcrumb\"},\"inLanguage\":\"de\",\"potentialAction\":[{\"@type\":\"ReadAction\",\"target\":[\"https:\/\/solar-motors.com\/de\/produkt\/junction-box-set-jboxset1-tc-set-jun-box-19x14x7cm-w-din-rail-6-x-pg11-transparent-cover\/\"]}]},{\"@type\":\"ImageObject\",\"inLanguage\":\"de\",\"@id\":\"https:\/\/solar-motors.com\/de\/produkt\/junction-box-set-jboxset1-tc-set-jun-box-19x14x7cm-w-din-rail-6-x-pg11-transparent-cover\/#primaryimage\",\"url\":\"https:\/\/solar-motors.com\/wp-content\/uploads\/2023\/03\/A_A92DEAC5_jbox20set1.jpg\",\"contentUrl\":\"https:\/\/solar-motors.com\/wp-content\/uploads\/2023\/03\/A_A92DEAC5_jbox20set1.jpg\",\"width\":800,\"height\":790},{\"@type\":\"BreadcrumbList\",\"@id\":\"https:\/\/solar-motors.com\/de\/produkt\/junction-box-set-jboxset1-tc-set-jun-box-19x14x7cm-w-din-rail-6-x-pg11-transparent-cover\/#breadcrumb\",\"itemListElement\":[{\"@type\":\"ListItem\",\"position\":1,\"name\":\"Home\",\"item\":\"https:\/\/solar-motors.com\/de\/\"},{\"@type\":\"ListItem\",\"position\":2,\"name\":\"Shop\",\"item\":\"https:\/\/solar-motors.com\/shop\/\"},{\"@type\":\"ListItem\",\"position\":3,\"name\":\"Junction Box Set JBOXSET1-TC, Set Jun. Box 19x14x7cm w DIN rail, 6 x PG11,transparente Abdeckung\"}]},{\"@type\":\"WebSite\",\"@id\":\"https:\/\/solar-motors.com\/de\/#website\",\"url\":\"https:\/\/solar-motors.com\/de\/\",\"name\":\"Solar Motors\",\"description\":\"Dependable Sun Tracking Systems Since 2005\",\"potentialAction\":[{\"@type\":\"SearchAction\",\"target\":{\"@type\":\"EntryPoint\",\"urlTemplate\":\"https:\/\/solar-motors.com\/de\/?s={search_term_string}\"},\"query-input\":{\"@type\":\"PropertyValueSpecification\",\"valueRequired\":true,\"valueName\":\"search_term_string\"}}],\"inLanguage\":\"de\"}]}<\/script>\n<!-- \/ Yoast SEO plugin. -->","yoast_head_json":{"title":"Junction Box Set JBOXSET1-TC, Set Jun. Box 19x14x7cm w DIN rail, 6 x PG11,transparente Abdeckung - Solar Motors","robots":{"index":"index","follow":"follow","max-snippet":"max-snippet:-1","max-image-preview":"max-image-preview:large","max-video-preview":"max-video-preview:-1"},"canonical":"https:\/\/solar-motors.com\/de\/produkt\/junction-box-set-jboxset1-tc-set-jun-box-19x14x7cm-w-din-rail-6-x-pg11-transparent-cover\/","og_locale":"de_DE","og_type":"article","og_title":"Junction Box Set JBOXSET1-TC, Set Jun. Box 19x14x7cm w DIN rail, 6 x PG11,transparente Abdeckung - Solar Motors","og_description":"Anschlusskasten (J-Box) Set mit 6 Kunststoffverschraubungen PG11 und DIN-Schiene","og_url":"https:\/\/solar-motors.com\/de\/produkt\/junction-box-set-jboxset1-tc-set-jun-box-19x14x7cm-w-din-rail-6-x-pg11-transparent-cover\/","og_site_name":"Solar Motors","article_modified_time":"2023-08-25T08:05:13+00:00","og_image":[{"width":800,"height":790,"url":"https:\/\/solar-motors.com\/wp-content\/uploads\/2023\/03\/A_A92DEAC5_jbox20set1.jpg","type":"image\/jpeg"}],"twitter_card":"summary_large_image","twitter_misc":{"Gesch\u00e4tzte Lesezeit":"1\u00a0Minute"},"schema":{"@context":"https:\/\/schema.org","@graph":[{"@type":"WebPage","@id":"https:\/\/solar-motors.com\/de\/produkt\/junction-box-set-jboxset1-tc-set-jun-box-19x14x7cm-w-din-rail-6-x-pg11-transparent-cover\/","url":"https:\/\/solar-motors.com\/de\/produkt\/junction-box-set-jboxset1-tc-set-jun-box-19x14x7cm-w-din-rail-6-x-pg11-transparent-cover\/","name":"Junction Box Set JBOXSET1-TC, Set Jun. Box 19x14x7cm w DIN rail, 6 x PG11,transparente Abdeckung - Solar Motors","isPartOf":{"@id":"https:\/\/solar-motors.com\/de\/#website"},"primaryImageOfPage":{"@id":"https:\/\/solar-motors.com\/de\/produkt\/junction-box-set-jboxset1-tc-set-jun-box-19x14x7cm-w-din-rail-6-x-pg11-transparent-cover\/#primaryimage"},"image":{"@id":"https:\/\/solar-motors.com\/de\/produkt\/junction-box-set-jboxset1-tc-set-jun-box-19x14x7cm-w-din-rail-6-x-pg11-transparent-cover\/#primaryimage"},"thumbnailUrl":"https:\/\/solar-motors.com\/wp-content\/uploads\/2023\/03\/A_A92DEAC5_jbox20set1.jpg","datePublished":"2023-03-06T12:25:28+00:00","dateModified":"2023-08-25T08:05:13+00:00","breadcrumb":{"@id":"https:\/\/solar-motors.com\/de\/produkt\/junction-box-set-jboxset1-tc-set-jun-box-19x14x7cm-w-din-rail-6-x-pg11-transparent-cover\/#breadcrumb"},"inLanguage":"de","potentialAction":[{"@type":"ReadAction","target":["https:\/\/solar-motors.com\/de\/produkt\/junction-box-set-jboxset1-tc-set-jun-box-19x14x7cm-w-din-rail-6-x-pg11-transparent-cover\/"]}]},{"@type":"ImageObject","inLanguage":"de","@id":"https:\/\/solar-motors.com\/de\/produkt\/junction-box-set-jboxset1-tc-set-jun-box-19x14x7cm-w-din-rail-6-x-pg11-transparent-cover\/#primaryimage","url":"https:\/\/solar-motors.com\/wp-content\/uploads\/2023\/03\/A_A92DEAC5_jbox20set1.jpg","contentUrl":"https:\/\/solar-motors.com\/wp-content\/uploads\/2023\/03\/A_A92DEAC5_jbox20set1.jpg","width":800,"height":790},{"@type":"BreadcrumbList","@id":"https:\/\/solar-motors.com\/de\/produkt\/junction-box-set-jboxset1-tc-set-jun-box-19x14x7cm-w-din-rail-6-x-pg11-transparent-cover\/#breadcrumb","itemListElement":[{"@type":"ListItem","position":1,"name":"Home","item":"https:\/\/solar-motors.com\/de\/"},{"@type":"ListItem","position":2,"name":"Shop","item":"https:\/\/solar-motors.com\/shop\/"},{"@type":"ListItem","position":3,"name":"Junction Box Set JBOXSET1-TC, Set Jun. Box 19x14x7cm w DIN rail, 6 x PG11,transparente Abdeckung"}]},{"@type":"WebSite","@id":"https:\/\/solar-motors.com\/de\/#website","url":"https:\/\/solar-motors.com\/de\/","name":"Solar Motors","description":"Dependable Sun Tracking Systems Since 2005","potentialAction":[{"@type":"SearchAction","target":{"@type":"EntryPoint","urlTemplate":"https:\/\/solar-motors.com\/de\/?s={search_term_string}"},"query-input":{"@type":"PropertyValueSpecification","valueRequired":true,"valueName":"search_term_string"}}],"inLanguage":"de"}]}},"_links":{"self":[{"href":"https:\/\/solar-motors.com\/de\/wp-json\/wp\/v2\/product\/7498","targetHints":{"allow":["GET"]}}],"collection":[{"href":"https:\/\/solar-motors.com\/de\/wp-json\/wp\/v2\/product"}],"about":[{"href":"https:\/\/solar-motors.com\/de\/wp-json\/wp\/v2\/types\/product"}],"replies":[{"embeddable":true,"href":"https:\/\/solar-motors.com\/de\/wp-json\/wp\/v2\/comments?post=7498"}],"wp:featuredmedia":[{"embeddable":true,"href":"https:\/\/solar-motors.com\/de\/wp-json\/wp\/v2\/media\/5543"}],"wp:attachment":[{"href":"https:\/\/solar-motors.com\/de\/wp-json\/wp\/v2\/media?parent=7498"}],"wp:term":[{"taxonomy":"product_brand","embeddable":true,"href":"https:\/\/solar-motors.com\/de\/wp-json\/wp\/v2\/product_brand?post=7498"},{"taxonomy":"product_cat","embeddable":true,"href":"https:\/\/solar-motors.com\/de\/wp-json\/wp\/v2\/product_cat?post=7498"},{"taxonomy":"product_tag","embeddable":true,"href":"https:\/\/solar-motors.com\/de\/wp-json\/wp\/v2\/product_tag?post=7498"}],"curies":[{"name":"wp","href":"https:\/\/api.w.org\/{rel}","templated":true}]}}